{"id":12666,"date":"2022-11-01T21:19:11","date_gmt":"2022-11-01T21:19:11","guid":{"rendered":"http:\/\/www.nicdarkthemes.com\/themes\/charity-foundation\/wp\/demo\/charity-foundation\/?page_id=12666"},"modified":"2026-03-28T13:11:14","modified_gmt":"2026-03-28T13:11:14","slug":"bahais-of-switzerland-2","status":"publish","type":"page","link":"https:\/\/bahai.ch\/en\/","title":{"rendered":"Bah\u00e1&#8217;\u00eds Of Switzerland"},"content":{"rendered":"\t\t<div data-elementor-type=\"wp-page\" data-elementor-id=\"12666\" class=\"elementor elementor-12666\" data-elementor-post-type=\"page\">\n\t\t\t\t\t\t<section class=\"elementor-section elementor-top-section elementor-element elementor-element-4227bea5 elementor-section-stretched elementor-section-height-full elementor-section-items-top elementor-section-content-top elementor-section-boxed elementor-section-height-default\" data-id=\"4227bea5\" data-element_type=\"section\" data-e-type=\"section\" data-settings=\"{&quot;stretch_section&quot;:&quot;section-stretched&quot;,&quot;background_background&quot;:&quot;classic&quot;,&quot;background_motion_fx_motion_fx_scrolling&quot;:&quot;yes&quot;,&quot;background_motion_fx_scale_effect&quot;:&quot;yes&quot;,&quot;background_motion_fx_scale_direction&quot;:&quot;in-out&quot;,&quot;background_motion_fx_scale_speed&quot;:{&quot;unit&quot;:&quot;px&quot;,&quot;size&quot;:4,&quot;sizes&quot;:[]},&quot;background_motion_fx_scale_range&quot;:{&quot;unit&quot;:&quot;%&quot;,&quot;size&quot;:&quot;&quot;,&quot;sizes&quot;:{&quot;start&quot;:20,&quot;end&quot;:80}},&quot;background_motion_fx_devices&quot;:[&quot;desktop&quot;,&quot;tablet&quot;,&quot;mobile&quot;]}\">\n\t\t\t\t\t\t\t<div class=\"elementor-background-overlay\"><\/div>\n\t\t\t\t\t\t\t<div class=\"elementor-container elementor-column-gap-default\">\n\t\t\t\t\t<div class=\"elementor-column elementor-col-100 elementor-top-column elementor-element elementor-element-6b06c438\" data-id=\"6b06c438\" data-element_type=\"column\" data-e-type=\"column\">\n\t\t\t<div class=\"elementor-widget-wrap elementor-element-populated\">\n\t\t\t\t\t\t<div class=\"elementor-element elementor-element-5432c3f3 elementor--h-position-center elementor--v-position-middle elementor-arrows-position-inside elementor-pagination-position-inside elementor-widget elementor-widget-slides\" data-id=\"5432c3f3\" data-element_type=\"widget\" data-e-type=\"widget\" data-settings=\"{&quot;motion_fx_motion_fx_scrolling&quot;:&quot;yes&quot;,&quot;motion_fx_translateY_effect&quot;:&quot;yes&quot;,&quot;motion_fx_translateY_direction&quot;:&quot;negative&quot;,&quot;navigation&quot;:&quot;both&quot;,&quot;transition&quot;:&quot;slide&quot;,&quot;transition_speed&quot;:500,&quot;motion_fx_translateY_speed&quot;:{&quot;unit&quot;:&quot;px&quot;,&quot;size&quot;:4,&quot;sizes&quot;:[]},&quot;motion_fx_translateY_affectedRange&quot;:{&quot;unit&quot;:&quot;%&quot;,&quot;size&quot;:&quot;&quot;,&quot;sizes&quot;:{&quot;start&quot;:0,&quot;end&quot;:100}},&quot;motion_fx_devices&quot;:[&quot;desktop&quot;,&quot;tablet&quot;,&quot;mobile&quot;]}\" data-widget_type=\"slides.default\">\n\t\t\t\t<div class=\"elementor-widget-container\">\n\t\t\t\t\t\t\t\t\t<div class=\"elementor-swiper\">\n\t\t\t\t\t<div class=\"elementor-slides-wrapper elementor-main-swiper swiper\" role=\"region\" aria-roledescription=\"carousel\" aria-label=\"Slides\" dir=\"ltr\" data-animation=\"fadeInUp\">\n\t\t\t\t<div class=\"swiper-wrapper elementor-slides\">\n\t\t\t\t\t\t\t\t\t\t<div class=\"elementor-repeater-item-d951854 swiper-slide\" role=\"group\" aria-roledescription=\"slide\"><div class=\"swiper-slide-bg\"><\/div><div class=\"swiper-slide-inner\" ><div class=\"swiper-slide-contents\"><div class=\"elementor-slide-heading\">\"The Earth Is But One Country, And Mankind Its Citizens.\"<\/div><div class=\"elementor-slide-description\">Bah\u00e1'u'll\u00e1h<\/div><\/div><\/div><\/div>\t\t\t\t<\/div>\n\t\t\t\t\t\t\t<\/div>\n\t\t\t\t<\/div>\n\t\t\t\t\t\t\t\t<\/div>\n\t\t\t\t<\/div>\n\t\t\t\t\t<\/div>\n\t\t<\/div>\n\t\t\t\t\t<\/div>\n\t\t<\/section>\n\t\t\t\t<section class=\"elementor-section elementor-top-section elementor-element elementor-element-7fb05edb elementor-section-content-middle elementor-section-stretched section-spacing elementor-section-boxed elementor-section-height-default elementor-section-height-default\" data-id=\"7fb05edb\" data-element_type=\"section\" data-e-type=\"section\" data-settings=\"{&quot;background_background&quot;:&quot;classic&quot;,&quot;stretch_section&quot;:&quot;section-stretched&quot;}\">\n\t\t\t\t\t\t\t<div class=\"elementor-background-overlay\"><\/div>\n\t\t\t\t\t\t\t<div class=\"elementor-container elementor-column-gap-default\">\n\t\t\t\t\t<div class=\"elementor-column elementor-col-50 elementor-top-column elementor-element elementor-element-bce55f9\" data-id=\"bce55f9\" data-element_type=\"column\" data-e-type=\"column\">\n\t\t\t<div class=\"elementor-widget-wrap elementor-element-populated\">\n\t\t\t\t\t\t<div class=\"elementor-element elementor-element-5acbc9cb elementor-widget elementor-widget-heading\" data-id=\"5acbc9cb\" data-element_type=\"widget\" data-e-type=\"widget\" data-widget_type=\"heading.default\">\n\t\t\t\t<div class=\"elementor-widget-container\">\n\t\t\t\t\t<h5 class=\"elementor-heading-title elementor-size-default\">The Teachings of Bah\u00e1'u'll\u00e1h inspire us to build a better world.<\/h5>\t\t\t\t<\/div>\n\t\t\t\t<\/div>\n\t\t\t\t<div class=\"elementor-element elementor-element-3304798e elementor-widget elementor-widget-heading\" data-id=\"3304798e\" data-element_type=\"widget\" data-e-type=\"widget\" data-widget_type=\"heading.default\">\n\t\t\t\t<div class=\"elementor-widget-container\">\n\t\t\t\t\t<h2 class=\"elementor-heading-title elementor-size-default\">Engaged in building vibrant communities<\/h2>\t\t\t\t<\/div>\n\t\t\t\t<\/div>\n\t\t\t\t<div class=\"elementor-element elementor-element-1ba07b1 elementor-widget elementor-widget-text-editor\" data-id=\"1ba07b1\" data-element_type=\"widget\" data-e-type=\"widget\" data-widget_type=\"text-editor.default\">\n\t\t\t\t<div class=\"elementor-widget-container\">\n\t\t\t\t\t\t\t\t\t<p>Throughout Switzerland, the teachings of the Bah\u00e1\u2019\u00ed Faith inspire individuals and communities as they work to improve their own lives and contribute to the advancement of civilization, towards spiritual and material progress. <a href=\"https:\/\/bahai.ch\/en\/what-bahais-in-switzerland-do\/\">This is put into action in various activities, open to all<\/a>.<\/p><p>Bah\u00e1\u2019\u00ed beliefs address essential themes such as: the oneness of God and religion, the oneness of humanity and freedom from prejudice, the inherent nobility of the human being, the progressive revelation of religious truth, the development of spiritual qualities, the integration of worship and service, the fundamental equality of the sexes, the harmony between religion and science, the centrality of justice to all human endeavours, the importance of education, and the dynamics of the relationships that are to bind together individuals, communities, and institutions as humanity advances towards its collective maturity.<\/p>\t\t\t\t\t\t\t\t<\/div>\n\t\t\t\t<\/div>\n\t\t\t\t\t<\/div>\n\t\t<\/div>\n\t\t\t\t<div class=\"elementor-column elementor-col-50 elementor-top-column elementor-element elementor-element-322b62a\" data-id=\"322b62a\" data-element_type=\"column\" data-e-type=\"column\" data-settings=\"{&quot;background_background&quot;:&quot;classic&quot;}\">\n\t\t\t<div class=\"elementor-widget-wrap elementor-element-populated\">\n\t\t\t\t\t\t<div class=\"elementor-element elementor-element-7e2bd5a elementor-widget elementor-widget-image\" data-id=\"7e2bd5a\" data-element_type=\"widget\" data-e-type=\"widget\" data-widget_type=\"image.default\">\n\t\t\t\t<div class=\"elementor-widget-container\">\n\t\t\t\t\t\t\t\t\t\t\t\t<figure class=\"wp-caption\">\n\t\t\t\t\t\t\t\t\t\t<img fetchpriority=\"high\" decoding=\"async\" width=\"1024\" height=\"889\" src=\"https:\/\/bahai.ch\/en\/wp-content\/uploads\/sites\/4\/2024\/11\/IMG_6353-scaled-e1732875450831-1024x889.jpg\" class=\"attachment-large size-large wp-image-14890\" alt=\"\" srcset=\"https:\/\/bahai.ch\/en\/wp-content\/uploads\/sites\/4\/2024\/11\/IMG_6353-scaled-e1732875450831-1024x889.jpg 1024w, https:\/\/bahai.ch\/en\/wp-content\/uploads\/sites\/4\/2024\/11\/IMG_6353-scaled-e1732875450831-300x260.jpg 300w, https:\/\/bahai.ch\/en\/wp-content\/uploads\/sites\/4\/2024\/11\/IMG_6353-scaled-e1732875450831-768x666.jpg 768w, https:\/\/bahai.ch\/en\/wp-content\/uploads\/sites\/4\/2024\/11\/IMG_6353-scaled-e1732875450831-1536x1333.jpg 1536w, https:\/\/bahai.ch\/en\/wp-content\/uploads\/sites\/4\/2024\/11\/IMG_6353-scaled-e1732875450831.jpg 1966w\" sizes=\"(max-width: 1024px) 100vw, 1024px\" \/>\t\t\t\t\t\t\t\t\t\t\t<figcaption class=\"widget-image-caption wp-caption-text\">Mural created by a Bah\u00e1'\u00ed children's class, Schaffhausen <\/figcaption>\n\t\t\t\t\t\t\t\t\t\t<\/figure>\n\t\t\t\t\t\t\t\t\t<\/div>\n\t\t\t\t<\/div>\n\t\t\t\t\t<\/div>\n\t\t<\/div>\n\t\t\t\t\t<\/div>\n\t\t<\/section>\n\t\t\t\t<section class=\"elementor-section elementor-top-section elementor-element elementor-element-29f92163 elementor-section-content-middle elementor-section-stretched elementor-section-boxed elementor-section-height-default elementor-section-height-default\" data-id=\"29f92163\" data-element_type=\"section\" data-e-type=\"section\" data-settings=\"{&quot;stretch_section&quot;:&quot;section-stretched&quot;,&quot;background_background&quot;:&quot;classic&quot;}\">\n\t\t\t\t\t\t\t<div class=\"elementor-background-overlay\"><\/div>\n\t\t\t\t\t\t\t<div class=\"elementor-container elementor-column-gap-default\">\n\t\t\t\t\t<div class=\"elementor-column elementor-col-100 elementor-top-column elementor-element elementor-element-f15c5c7\" data-id=\"f15c5c7\" data-element_type=\"column\" data-e-type=\"column\">\n\t\t\t<div class=\"elementor-widget-wrap elementor-element-populated\">\n\t\t\t\t\t\t<div class=\"elementor-element elementor-element-7c19ec21 elementor-widget elementor-widget-heading\" data-id=\"7c19ec21\" data-element_type=\"widget\" data-e-type=\"widget\" data-widget_type=\"heading.default\">\n\t\t\t\t<div class=\"elementor-widget-container\">\n\t\t\t\t\t<span class=\"elementor-heading-title elementor-size-default\">Bah\u00e1'\u00ed Faith in Switzerland:<br>\na century-old community<\/span>\t\t\t\t<\/div>\n\t\t\t\t<\/div>\n\t\t\t\t<div class=\"elementor-element elementor-element-d7da0b3 elementor-widget elementor-widget-heading\" data-id=\"d7da0b3\" data-element_type=\"widget\" data-e-type=\"widget\" data-widget_type=\"heading.default\">\n\t\t\t\t<div class=\"elementor-widget-container\">\n\t\t\t\t\t<span class=\"elementor-heading-title elementor-size-default\">The Bah\u00e1'\u00ed Faith has been present in Switzerland since the beginning of the 20th century.<\/span>\t\t\t\t<\/div>\n\t\t\t\t<\/div>\n\t\t\t\t<div class=\"elementor-element elementor-element-92c909d elementor-align-center elementor-widget elementor-widget-button\" data-id=\"92c909d\" data-element_type=\"widget\" data-e-type=\"widget\" data-widget_type=\"button.default\">\n\t\t\t\t<div class=\"elementor-widget-container\">\n\t\t\t\t\t\t\t\t\t<div class=\"elementor-button-wrapper\">\n\t\t\t\t\t<a class=\"elementor-button elementor-button-link elementor-size-sm\" href=\"https:\/\/bahai.ch\/en\/the-bahai-faith-in-switzerland\/\">\n\t\t\t\t\t\t<span class=\"elementor-button-content-wrapper\">\n\t\t\t\t\t\t\t\t\t<span class=\"elementor-button-text\">Discover the history of the first Swiss who became Bah\u00e1'\u00ed<\/span>\n\t\t\t\t\t<\/span>\n\t\t\t\t\t<\/a>\n\t\t\t\t<\/div>\n\t\t\t\t\t\t\t\t<\/div>\n\t\t\t\t<\/div>\n\t\t\t\t\t<\/div>\n\t\t<\/div>\n\t\t\t\t\t<\/div>\n\t\t<\/section>\n\t\t\t\t<\/div>\n\t\t","protected":false},"excerpt":{"rendered":"<p>&#8220;The Earth Is But One Country, And Mankind Its Citizens.&#8221;Bah\u00e1&#8217;u&#8217;ll\u00e1h The Teachings of Bah\u00e1&#8217;u&#8217;ll\u00e1h inspire us to build a better world. Engaged in building vibrant communities Throughout Switzerland, the teachings of the Bah\u00e1\u2019\u00ed Faith inspire individuals and communities as they work to improve their own lives and contribute to the advancement of civilization, towards spiritual [&hellip;]<\/p>\n","protected":false},"author":3,"featured_media":0,"parent":0,"menu_order":0,"comment_status":"closed","ping_status":"closed","template":"elementor_header_footer","meta":{"inline_featured_image":false,"footnotes":""},"class_list":["post-12666","page","type-page","status-publish","hentry"],"yoast_head":"<!-- This site is optimized with the Yoast SEO plugin v27.4 - https:\/\/yoast.com\/product\/yoast-seo-wordpress\/ -->\n<title>Bah\u00e1&#039;\u00eds Of Switzerland - Bah\u00e1&#039;\u00ed Switzerland<\/title>\n<meta name=\"robots\" content=\"index, follow, max-snippet:-1, max-image-preview:large, max-video-preview:-1\" \/>\n<link rel=\"canonical\" href=\"https:\/\/bahai.ch\/en\/\" \/>\n<meta property=\"og:locale\" content=\"en_US\" \/>\n<meta property=\"og:type\" content=\"article\" \/>\n<meta property=\"og:title\" content=\"Bah\u00e1&#039;\u00eds Of Switzerland - Bah\u00e1&#039;\u00ed Switzerland\" \/>\n<meta property=\"og:description\" content=\"&#8220;The Earth Is But One Country, And Mankind Its Citizens.&#8221;Bah\u00e1&#8217;u&#8217;ll\u00e1h The Teachings of Bah\u00e1&#8217;u&#8217;ll\u00e1h inspire us to build a better world. Engaged in building vibrant communities Throughout Switzerland, the teachings of the Bah\u00e1\u2019\u00ed Faith inspire individuals and communities as they work to improve their own lives and contribute to the advancement of civilization, towards spiritual [&hellip;]\" \/>\n<meta property=\"og:url\" content=\"https:\/\/bahai.ch\/en\/\" \/>\n<meta property=\"og:site_name\" content=\"Bah\u00e1&#039;\u00ed Switzerland\" \/>\n<meta property=\"article:modified_time\" content=\"2026-03-28T13:11:14+00:00\" \/>\n<meta property=\"og:image\" content=\"https:\/\/bahai.ch\/en\/wp-content\/uploads\/sites\/4\/2024\/11\/IMG_6353-scaled-e1732875450831.jpg\" \/>\n\t<meta property=\"og:image:width\" content=\"1966\" \/>\n\t<meta property=\"og:image:height\" content=\"1706\" \/>\n\t<meta property=\"og:image:type\" content=\"image\/jpeg\" \/>\n<meta name=\"twitter:card\" content=\"summary_large_image\" \/>\n<meta name=\"twitter:label1\" content=\"Est. reading time\" \/>\n\t<meta name=\"twitter:data1\" content=\"2 minutes\" \/>\n<script type=\"application\/ld+json\" class=\"yoast-schema-graph\">{\"@context\":\"https:\\\/\\\/schema.org\",\"@graph\":[{\"@type\":\"WebPage\",\"@id\":\"https:\\\/\\\/bahai.ch\\\/en\\\/\",\"url\":\"https:\\\/\\\/bahai.ch\\\/en\\\/\",\"name\":\"Bah\u00e1'\u00eds Of Switzerland - Bah\u00e1&#039;\u00ed Switzerland\",\"isPartOf\":{\"@id\":\"https:\\\/\\\/bahai.ch\\\/en\\\/#website\"},\"primaryImageOfPage\":{\"@id\":\"https:\\\/\\\/bahai.ch\\\/en\\\/#primaryimage\"},\"image\":{\"@id\":\"https:\\\/\\\/bahai.ch\\\/en\\\/#primaryimage\"},\"thumbnailUrl\":\"https:\\\/\\\/bahai.ch\\\/en\\\/wp-content\\\/uploads\\\/sites\\\/4\\\/2024\\\/11\\\/IMG_6353-scaled-e1732875450831-1024x889.jpg\",\"datePublished\":\"2022-11-01T21:19:11+00:00\",\"dateModified\":\"2026-03-28T13:11:14+00:00\",\"breadcrumb\":{\"@id\":\"https:\\\/\\\/bahai.ch\\\/en\\\/#breadcrumb\"},\"inLanguage\":\"en-US\",\"potentialAction\":[{\"@type\":\"ReadAction\",\"target\":[\"https:\\\/\\\/bahai.ch\\\/en\\\/\"]}]},{\"@type\":\"ImageObject\",\"inLanguage\":\"en-US\",\"@id\":\"https:\\\/\\\/bahai.ch\\\/en\\\/#primaryimage\",\"url\":\"https:\\\/\\\/bahai.ch\\\/en\\\/wp-content\\\/uploads\\\/sites\\\/4\\\/2024\\\/11\\\/IMG_6353-scaled-e1732875450831.jpg\",\"contentUrl\":\"https:\\\/\\\/bahai.ch\\\/en\\\/wp-content\\\/uploads\\\/sites\\\/4\\\/2024\\\/11\\\/IMG_6353-scaled-e1732875450831.jpg\",\"width\":1966,\"height\":1706},{\"@type\":\"BreadcrumbList\",\"@id\":\"https:\\\/\\\/bahai.ch\\\/en\\\/#breadcrumb\",\"itemListElement\":[{\"@type\":\"ListItem\",\"position\":1,\"name\":\"Home\",\"item\":\"https:\\\/\\\/bahai.ch\\\/en\\\/\"},{\"@type\":\"ListItem\",\"position\":2,\"name\":\"Bah\u00e1&#8217;\u00eds Of Switzerland\"}]},{\"@type\":\"WebSite\",\"@id\":\"https:\\\/\\\/bahai.ch\\\/en\\\/#website\",\"url\":\"https:\\\/\\\/bahai.ch\\\/en\\\/\",\"name\":\"Bah\u00e1&#039;\u00ed Switzerland\",\"description\":\"OFFICIAL WEBSITE OF THE SWISS BAHA&#039;I-COMMUNITY\",\"potentialAction\":[{\"@type\":\"SearchAction\",\"target\":{\"@type\":\"EntryPoint\",\"urlTemplate\":\"https:\\\/\\\/bahai.ch\\\/en\\\/?s={search_term_string}\"},\"query-input\":{\"@type\":\"PropertyValueSpecification\",\"valueRequired\":true,\"valueName\":\"search_term_string\"}}],\"inLanguage\":\"en-US\"}]}<\/script>\n<!-- \/ Yoast SEO plugin. -->","yoast_head_json":{"title":"Bah\u00e1'\u00eds Of Switzerland - Bah\u00e1&#039;\u00ed Switzerland","robots":{"index":"index","follow":"follow","max-snippet":"max-snippet:-1","max-image-preview":"max-image-preview:large","max-video-preview":"max-video-preview:-1"},"canonical":"https:\/\/bahai.ch\/en\/","og_locale":"en_US","og_type":"article","og_title":"Bah\u00e1'\u00eds Of Switzerland - Bah\u00e1&#039;\u00ed Switzerland","og_description":"&#8220;The Earth Is But One Country, And Mankind Its Citizens.&#8221;Bah\u00e1&#8217;u&#8217;ll\u00e1h The Teachings of Bah\u00e1&#8217;u&#8217;ll\u00e1h inspire us to build a better world. Engaged in building vibrant communities Throughout Switzerland, the teachings of the Bah\u00e1\u2019\u00ed Faith inspire individuals and communities as they work to improve their own lives and contribute to the advancement of civilization, towards spiritual [&hellip;]","og_url":"https:\/\/bahai.ch\/en\/","og_site_name":"Bah\u00e1&#039;\u00ed Switzerland","article_modified_time":"2026-03-28T13:11:14+00:00","og_image":[{"width":1966,"height":1706,"url":"https:\/\/bahai.ch\/en\/wp-content\/uploads\/sites\/4\/2024\/11\/IMG_6353-scaled-e1732875450831.jpg","type":"image\/jpeg"}],"twitter_card":"summary_large_image","twitter_misc":{"Est. reading time":"2 minutes"},"schema":{"@context":"https:\/\/schema.org","@graph":[{"@type":"WebPage","@id":"https:\/\/bahai.ch\/en\/","url":"https:\/\/bahai.ch\/en\/","name":"Bah\u00e1'\u00eds Of Switzerland - Bah\u00e1&#039;\u00ed Switzerland","isPartOf":{"@id":"https:\/\/bahai.ch\/en\/#website"},"primaryImageOfPage":{"@id":"https:\/\/bahai.ch\/en\/#primaryimage"},"image":{"@id":"https:\/\/bahai.ch\/en\/#primaryimage"},"thumbnailUrl":"https:\/\/bahai.ch\/en\/wp-content\/uploads\/sites\/4\/2024\/11\/IMG_6353-scaled-e1732875450831-1024x889.jpg","datePublished":"2022-11-01T21:19:11+00:00","dateModified":"2026-03-28T13:11:14+00:00","breadcrumb":{"@id":"https:\/\/bahai.ch\/en\/#breadcrumb"},"inLanguage":"en-US","potentialAction":[{"@type":"ReadAction","target":["https:\/\/bahai.ch\/en\/"]}]},{"@type":"ImageObject","inLanguage":"en-US","@id":"https:\/\/bahai.ch\/en\/#primaryimage","url":"https:\/\/bahai.ch\/en\/wp-content\/uploads\/sites\/4\/2024\/11\/IMG_6353-scaled-e1732875450831.jpg","contentUrl":"https:\/\/bahai.ch\/en\/wp-content\/uploads\/sites\/4\/2024\/11\/IMG_6353-scaled-e1732875450831.jpg","width":1966,"height":1706},{"@type":"BreadcrumbList","@id":"https:\/\/bahai.ch\/en\/#breadcrumb","itemListElement":[{"@type":"ListItem","position":1,"name":"Home","item":"https:\/\/bahai.ch\/en\/"},{"@type":"ListItem","position":2,"name":"Bah\u00e1&#8217;\u00eds Of Switzerland"}]},{"@type":"WebSite","@id":"https:\/\/bahai.ch\/en\/#website","url":"https:\/\/bahai.ch\/en\/","name":"Bah\u00e1&#039;\u00ed Switzerland","description":"OFFICIAL WEBSITE OF THE SWISS BAHA&#039;I-COMMUNITY","potentialAction":[{"@type":"SearchAction","target":{"@type":"EntryPoint","urlTemplate":"https:\/\/bahai.ch\/en\/?s={search_term_string}"},"query-input":{"@type":"PropertyValueSpecification","valueRequired":true,"valueName":"search_term_string"}}],"inLanguage":"en-US"}]}},"_links":{"self":[{"href":"https:\/\/bahai.ch\/en\/wp-json\/wp\/v2\/pages\/12666","targetHints":{"allow":["GET"]}}],"collection":[{"href":"https:\/\/bahai.ch\/en\/wp-json\/wp\/v2\/pages"}],"about":[{"href":"https:\/\/bahai.ch\/en\/wp-json\/wp\/v2\/types\/page"}],"author":[{"embeddable":true,"href":"https:\/\/bahai.ch\/en\/wp-json\/wp\/v2\/users\/3"}],"replies":[{"embeddable":true,"href":"https:\/\/bahai.ch\/en\/wp-json\/wp\/v2\/comments?post=12666"}],"version-history":[{"count":61,"href":"https:\/\/bahai.ch\/en\/wp-json\/wp\/v2\/pages\/12666\/revisions"}],"predecessor-version":[{"id":15377,"href":"https:\/\/bahai.ch\/en\/wp-json\/wp\/v2\/pages\/12666\/revisions\/15377"}],"wp:attachment":[{"href":"https:\/\/bahai.ch\/en\/wp-json\/wp\/v2\/media?parent=12666"}],"curies":[{"name":"wp","href":"https:\/\/api.w.org\/{rel}","templated":true}]}}