{"id":14204,"date":"2024-11-07T08:45:06","date_gmt":"2024-11-07T08:45:06","guid":{"rendered":"https:\/\/bahai.steincastle.com\/?p=14204"},"modified":"2025-05-01T06:41:30","modified_gmt":"2025-05-01T06:41:30","slug":"bahaullahs-vision-for-humanity","status":"publish","type":"page","link":"https:\/\/bahai.ch\/en\/what-bahais-believe\/bahaullahs-vision-for-humanity\/","title":{"rendered":"Bah\u00e1\u2019u\u2019ll\u00e1h\u2019s vision for humanity"},"content":{"rendered":"\t\t<div data-elementor-type=\"wp-post\" data-elementor-id=\"14204\" class=\"elementor elementor-14204\" data-elementor-post-type=\"page\">\n\t\t\t\t\t\t<section class=\"elementor-section elementor-top-section elementor-element elementor-element-3ebdc86e elementor-section-content-middle elementor-section-stretched section-spacing elementor-reverse-tablet elementor-reverse-mobile elementor-section-boxed elementor-section-height-default elementor-section-height-default\" data-id=\"3ebdc86e\" data-element_type=\"section\" data-e-type=\"section\" data-settings=\"{&quot;background_background&quot;:&quot;classic&quot;,&quot;stretch_section&quot;:&quot;section-stretched&quot;}\">\n\t\t\t\t\t\t\t<div class=\"elementor-background-overlay\"><\/div>\n\t\t\t\t\t\t\t<div class=\"elementor-container elementor-column-gap-default\">\n\t\t\t\t\t<div class=\"elementor-column elementor-col-50 elementor-top-column elementor-element elementor-element-57ca6dd0\" data-id=\"57ca6dd0\" data-element_type=\"column\" data-e-type=\"column\">\n\t\t\t<div class=\"elementor-widget-wrap elementor-element-populated\">\n\t\t\t\t\t\t<div class=\"elementor-element elementor-element-32edd9ba elementor-widget elementor-widget-image\" data-id=\"32edd9ba\" data-element_type=\"widget\" data-e-type=\"widget\" data-widget_type=\"image.default\">\n\t\t\t\t<div class=\"elementor-widget-container\">\n\t\t\t\t\t\t\t\t\t\t\t\t<figure class=\"wp-caption\">\n\t\t\t\t\t\t\t\t\t\t<img fetchpriority=\"high\" decoding=\"async\" width=\"1000\" height=\"667\" src=\"https:\/\/bahai.ch\/en\/wp-content\/uploads\/sites\/4\/2024\/11\/educators.jpg\" class=\"attachment-large size-large wp-image-14901\" alt=\"\" srcset=\"https:\/\/bahai.ch\/en\/wp-content\/uploads\/sites\/4\/2024\/11\/educators.jpg 1000w, https:\/\/bahai.ch\/en\/wp-content\/uploads\/sites\/4\/2024\/11\/educators-300x200.jpg 300w, https:\/\/bahai.ch\/en\/wp-content\/uploads\/sites\/4\/2024\/11\/educators-768x512.jpg 768w\" sizes=\"(max-width: 1000px) 100vw, 1000px\" \/>\t\t\t\t\t\t\t\t\t\t\t<figcaption class=\"widget-image-caption wp-caption-text\">Dome of the Santiago Bah\u00e1'\u00ed House of Worship, Chile <\/figcaption>\n\t\t\t\t\t\t\t\t\t\t<\/figure>\n\t\t\t\t\t\t\t\t\t<\/div>\n\t\t\t\t<\/div>\n\t\t\t\t\t<\/div>\n\t\t<\/div>\n\t\t\t\t<div class=\"elementor-column elementor-col-50 elementor-top-column elementor-element elementor-element-1723018b\" data-id=\"1723018b\" data-element_type=\"column\" data-e-type=\"column\" data-settings=\"{&quot;background_background&quot;:&quot;classic&quot;}\">\n\t\t\t<div class=\"elementor-widget-wrap elementor-element-populated\">\n\t\t\t\t\t\t<div class=\"elementor-element elementor-element-40553ded elementor-widget elementor-widget-heading\" data-id=\"40553ded\" data-element_type=\"widget\" data-e-type=\"widget\" data-widget_type=\"heading.default\">\n\t\t\t\t<div class=\"elementor-widget-container\">\n\t\t\t\t\t<h2 class=\"elementor-heading-title elementor-size-default\">Manifestations of God: God\u2019s divine Educators<\/h2>\t\t\t\t<\/div>\n\t\t\t\t<\/div>\n\t\t\t\t<div class=\"elementor-element elementor-element-2664fe61 elementor-widget elementor-widget-text-editor\" data-id=\"2664fe61\" data-element_type=\"widget\" data-e-type=\"widget\" data-widget_type=\"text-editor.default\">\n\t\t\t\t<div class=\"elementor-widget-container\">\n\t\t\t\t\t\t\t\t\t<p>Throughout history, God has sent divine Educators&#8211;known as Manifestations of God&#8211;to cultivate humanity\u2019s spiritual, intellectual and moral capacities. Abraham, Krishna, Zoroaster, Moses, Buddha, Jesus Christ, Muhammad, and, more recently, the B\u00e1b and Bah\u00e1\u2019u\u2019ll\u00e1h, are a few of these divine Educators. Bah\u00e1\u2019u\u2019ll\u00e1h, the latest of these Messengers, explained that the religions of the world come from the same Source and are in essence successive chapters of one religion from God.<\/p>\t\t\t\t\t\t\t\t<\/div>\n\t\t\t\t<\/div>\n\t\t\t\t\t<\/div>\n\t\t<\/div>\n\t\t\t\t\t<\/div>\n\t\t<\/section>\n\t\t\t\t<section class=\"elementor-section elementor-top-section elementor-element elementor-element-25c25e36 elementor-section-content-middle elementor-section-stretched section-spacing elementor-section-boxed elementor-section-height-default elementor-section-height-default\" data-id=\"25c25e36\" data-element_type=\"section\" data-e-type=\"section\" data-settings=\"{&quot;background_background&quot;:&quot;classic&quot;,&quot;stretch_section&quot;:&quot;section-stretched&quot;}\">\n\t\t\t\t\t\t\t<div class=\"elementor-background-overlay\"><\/div>\n\t\t\t\t\t\t\t<div class=\"elementor-container elementor-column-gap-default\">\n\t\t\t\t\t<div class=\"elementor-column elementor-col-50 elementor-top-column elementor-element elementor-element-2e07c3ec\" data-id=\"2e07c3ec\" data-element_type=\"column\" data-e-type=\"column\">\n\t\t\t<div class=\"elementor-widget-wrap elementor-element-populated\">\n\t\t\t\t\t\t<div class=\"elementor-element elementor-element-1ee03bff elementor-widget elementor-widget-heading\" data-id=\"1ee03bff\" data-element_type=\"widget\" data-e-type=\"widget\" data-widget_type=\"heading.default\">\n\t\t\t\t<div class=\"elementor-widget-container\">\n\t\t\t\t\t<h2 class=\"elementor-heading-title elementor-size-default\">Vision of Bah\u00e1\u2019u\u2019ll\u00e1h <\/h2>\t\t\t\t<\/div>\n\t\t\t\t<\/div>\n\t\t\t\t<div class=\"elementor-element elementor-element-361463d8 elementor-widget elementor-widget-text-editor\" data-id=\"361463d8\" data-element_type=\"widget\" data-e-type=\"widget\" data-widget_type=\"text-editor.default\">\n\t\t\t\t<div class=\"elementor-widget-container\">\n\t\t\t\t\t\t\t\t\t<p>Bah\u00e1\u2019\u00eds believe that humanity faces a two-fold challenge: to develop a unifying vision for the future of society and to understand the nature and purpose of life. The writings of Bah\u00e1\u2019u\u2019ll\u00e1h demonstrate how to meet this challenge, by delving into the core of human motivation. Bah\u00e1\u2019u\u2019ll\u00e1h\u2019s teachings awaken new capacities in individuals, enabling them to contribute to the betterment of the world like never before.<\/p>\t\t\t\t\t\t\t\t<\/div>\n\t\t\t\t<\/div>\n\t\t\t\t\t<\/div>\n\t\t<\/div>\n\t\t\t\t<div class=\"elementor-column elementor-col-50 elementor-top-column elementor-element elementor-element-396d95ba\" data-id=\"396d95ba\" data-element_type=\"column\" data-e-type=\"column\" data-settings=\"{&quot;background_background&quot;:&quot;classic&quot;}\">\n\t\t\t<div class=\"elementor-widget-wrap elementor-element-populated\">\n\t\t\t\t\t\t<div class=\"elementor-element elementor-element-5e13aff6 elementor-widget elementor-widget-image\" data-id=\"5e13aff6\" data-element_type=\"widget\" data-e-type=\"widget\" data-widget_type=\"image.default\">\n\t\t\t\t<div class=\"elementor-widget-container\">\n\t\t\t\t\t\t\t\t\t\t\t\t<figure class=\"wp-caption\">\n\t\t\t\t\t\t\t\t\t\t<img decoding=\"async\" width=\"485\" height=\"310\" src=\"https:\/\/bahai.ch\/en\/wp-content\/uploads\/sites\/4\/2024\/11\/local-spiritual-assemblies.jpg\" class=\"attachment-large size-large wp-image-13973\" alt=\"\" srcset=\"https:\/\/bahai.ch\/en\/wp-content\/uploads\/sites\/4\/2024\/11\/local-spiritual-assemblies.jpg 485w, https:\/\/bahai.ch\/en\/wp-content\/uploads\/sites\/4\/2024\/11\/local-spiritual-assemblies-300x192.jpg 300w\" sizes=\"(max-width: 485px) 100vw, 485px\" \/>\t\t\t\t\t\t\t\t\t\t\t<figcaption class=\"widget-image-caption wp-caption-text\">A nine-pointed star by a junior youth group<\/figcaption>\n\t\t\t\t\t\t\t\t\t\t<\/figure>\n\t\t\t\t\t\t\t\t\t<\/div>\n\t\t\t\t<\/div>\n\t\t\t\t\t<\/div>\n\t\t<\/div>\n\t\t\t\t\t<\/div>\n\t\t<\/section>\n\t\t\t\t<section class=\"elementor-section elementor-top-section elementor-element elementor-element-642fd9c9 elementor-section-content-middle elementor-section-stretched section-spacing elementor-reverse-tablet elementor-reverse-mobile elementor-section-boxed elementor-section-height-default elementor-section-height-default\" data-id=\"642fd9c9\" data-element_type=\"section\" data-e-type=\"section\" data-settings=\"{&quot;background_background&quot;:&quot;classic&quot;,&quot;stretch_section&quot;:&quot;section-stretched&quot;}\">\n\t\t\t\t\t\t\t<div class=\"elementor-background-overlay\"><\/div>\n\t\t\t\t\t\t\t<div class=\"elementor-container elementor-column-gap-default\">\n\t\t\t\t\t<div class=\"elementor-column elementor-col-50 elementor-top-column elementor-element elementor-element-1474e2a\" data-id=\"1474e2a\" data-element_type=\"column\" data-e-type=\"column\">\n\t\t\t<div class=\"elementor-widget-wrap elementor-element-populated\">\n\t\t\t\t\t\t<div class=\"elementor-element elementor-element-10ed0c02 elementor-widget elementor-widget-image\" data-id=\"10ed0c02\" data-element_type=\"widget\" data-e-type=\"widget\" data-widget_type=\"image.default\">\n\t\t\t\t<div class=\"elementor-widget-container\">\n\t\t\t\t\t\t\t\t\t\t\t\t\t\t\t<img decoding=\"async\" width=\"513\" height=\"646\" src=\"https:\/\/bahai.ch\/en\/wp-content\/uploads\/sites\/4\/2024\/11\/universal-peace-one-of-the-teachings-of-baha-u-llah.jpg\" class=\"attachment-large size-large wp-image-13987\" alt=\"\" srcset=\"https:\/\/bahai.ch\/en\/wp-content\/uploads\/sites\/4\/2024\/11\/universal-peace-one-of-the-teachings-of-baha-u-llah.jpg 513w, https:\/\/bahai.ch\/en\/wp-content\/uploads\/sites\/4\/2024\/11\/universal-peace-one-of-the-teachings-of-baha-u-llah-238x300.jpg 238w\" sizes=\"(max-width: 513px) 100vw, 513px\" \/>\t\t\t\t\t\t\t\t\t\t\t\t\t\t\t<\/div>\n\t\t\t\t<\/div>\n\t\t\t\t\t<\/div>\n\t\t<\/div>\n\t\t\t\t<div class=\"elementor-column elementor-col-50 elementor-top-column elementor-element elementor-element-54fea2fb\" data-id=\"54fea2fb\" data-element_type=\"column\" data-e-type=\"column\" data-settings=\"{&quot;background_background&quot;:&quot;classic&quot;}\">\n\t\t\t<div class=\"elementor-widget-wrap elementor-element-populated\">\n\t\t\t\t\t\t<div class=\"elementor-element elementor-element-2021f8bf elementor-widget elementor-widget-heading\" data-id=\"2021f8bf\" data-element_type=\"widget\" data-e-type=\"widget\" data-widget_type=\"heading.default\">\n\t\t\t\t<div class=\"elementor-widget-container\">\n\t\t\t\t\t<h2 class=\"elementor-heading-title elementor-size-default\">Universal peace: one of the teachings of Bah\u00e1\u2019u\u2019ll\u00e1h<\/h2>\t\t\t\t<\/div>\n\t\t\t\t<\/div>\n\t\t\t\t<div class=\"elementor-element elementor-element-7a378944 elementor-widget elementor-widget-text-editor\" data-id=\"7a378944\" data-element_type=\"widget\" data-e-type=\"widget\" data-widget_type=\"text-editor.default\">\n\t\t\t\t<div class=\"elementor-widget-container\">\n\t\t\t\t\t\t\t\t\t<p>The teachings of Bah\u00e1\u2019u\u2019ll\u00e1h are vast in their scope, exploring such themes as the nature and purpose of Revelation, the inherent nobility of human beings, the cultivation of spiritual qualities, and humanity\u2019s interactions with the natural world. The Bah\u00e1\u2019\u00ed Writings are also replete with references and explanations of the social principles of universal peace\u2014\u201cthe supreme goal of all mankind\u201d.<\/p><p>Some of these principles are:<\/p><ul><li>the independent search for truth<\/li><li>the oneness of the entire human race<\/li><li>the abolition of all forms of prejudice<\/li><li>the harmony between religion and science<\/li><li>the equality of men and women<\/li><li>the introduction of compulsory education<\/li><li>the adoption of a universal auxiliary language<\/li><li>the abolition of the extremes of wealth and poverty<\/li><li>the establishment of a world tribunal for the adjudication of disputes between nations<\/li><li>the confirmation of justice as the ruling principle in human affairs<\/li><\/ul><p>Bah\u00e1\u2019\u00eds view these principles as matters of immediate and practical concern for individuals, communities, and institutions alike.<\/p>\t\t\t\t\t\t\t\t<\/div>\n\t\t\t\t<\/div>\n\t\t\t\t\t<\/div>\n\t\t<\/div>\n\t\t\t\t\t<\/div>\n\t\t<\/section>\n\t\t\t\t<section class=\"elementor-section elementor-top-section elementor-element elementor-element-da116c8 elementor-section-content-middle elementor-section-stretched elementor-section-boxed elementor-section-height-default elementor-section-height-default\" data-id=\"da116c8\" data-element_type=\"section\" data-e-type=\"section\" data-settings=\"{&quot;stretch_section&quot;:&quot;section-stretched&quot;,&quot;background_background&quot;:&quot;classic&quot;}\">\n\t\t\t\t\t\t\t<div class=\"elementor-background-overlay\"><\/div>\n\t\t\t\t\t\t\t<div class=\"elementor-container elementor-column-gap-default\">\n\t\t\t\t\t<div class=\"elementor-column elementor-col-100 elementor-top-column elementor-element elementor-element-e6658ab\" data-id=\"e6658ab\" data-element_type=\"column\" data-e-type=\"column\">\n\t\t\t<div class=\"elementor-widget-wrap elementor-element-populated\">\n\t\t\t\t\t\t<div class=\"elementor-element elementor-element-a73fbb3 elementor-widget elementor-widget-heading\" data-id=\"a73fbb3\" data-element_type=\"widget\" data-e-type=\"widget\" data-widget_type=\"heading.default\">\n\t\t\t\t<div class=\"elementor-widget-container\">\n\t\t\t\t\t<span class=\"elementor-heading-title elementor-size-default\">\"Possess a pure, kindly and radiant heart.\"<\/span>\t\t\t\t<\/div>\n\t\t\t\t<\/div>\n\t\t\t\t<div class=\"elementor-element elementor-element-91e55da elementor-widget elementor-widget-heading\" data-id=\"91e55da\" data-element_type=\"widget\" data-e-type=\"widget\" data-widget_type=\"heading.default\">\n\t\t\t\t<div class=\"elementor-widget-container\">\n\t\t\t\t\t<span class=\"elementor-heading-title elementor-size-default\">Bah\u00e1'u'll\u00e1h<\/span>\t\t\t\t<\/div>\n\t\t\t\t<\/div>\n\t\t\t\t\t<\/div>\n\t\t<\/div>\n\t\t\t\t\t<\/div>\n\t\t<\/section>\n\t\t\t\t<\/div>\n\t\t","protected":false},"excerpt":{"rendered":"<p>Dome of the Santiago Bah\u00e1&#8217;\u00ed House of Worship, Chile Manifestations of God: God\u2019s divine Educators Throughout history, God has sent divine Educators&#8211;known as Manifestations of God&#8211;to cultivate humanity\u2019s spiritual, intellectual and moral capacities. Abraham, Krishna, Zoroaster, Moses, Buddha, Jesus Christ, Muhammad, and, more recently, the B\u00e1b and Bah\u00e1\u2019u\u2019ll\u00e1h, are a few of these divine Educators. [&hellip;]<\/p>\n","protected":false},"author":3,"featured_media":14900,"parent":14505,"menu_order":0,"comment_status":"open","ping_status":"closed","template":"","meta":{"inline_featured_image":false,"footnotes":""},"class_list":["post-14204","page","type-page","status-publish","has-post-thumbnail","hentry"],"yoast_head":"<!-- This site is optimized with the Yoast SEO plugin v27.4 - https:\/\/yoast.com\/product\/yoast-seo-wordpress\/ -->\n<title>Bah\u00e1\u2019u\u2019ll\u00e1h\u2019s vision for humanity - Bah\u00e1&#039;\u00ed Switzerland<\/title>\n<meta name=\"robots\" content=\"index, follow, max-snippet:-1, max-image-preview:large, max-video-preview:-1\" \/>\n<link rel=\"canonical\" href=\"https:\/\/bahai.ch\/en\/what-bahais-believe\/bahaullahs-vision-for-humanity\/\" \/>\n<meta property=\"og:locale\" content=\"en_US\" \/>\n<meta property=\"og:type\" content=\"article\" \/>\n<meta property=\"og:title\" content=\"Bah\u00e1\u2019u\u2019ll\u00e1h\u2019s vision for humanity - Bah\u00e1&#039;\u00ed Switzerland\" \/>\n<meta property=\"og:description\" content=\"Dome of the Santiago Bah\u00e1&#8217;\u00ed House of Worship, Chile Manifestations of God: God\u2019s divine Educators Throughout history, God has sent divine Educators&#8211;known as Manifestations of God&#8211;to cultivate humanity\u2019s spiritual, intellectual and moral capacities. Abraham, Krishna, Zoroaster, Moses, Buddha, Jesus Christ, Muhammad, and, more recently, the B\u00e1b and Bah\u00e1\u2019u\u2019ll\u00e1h, are a few of these divine Educators. [&hellip;]\" \/>\n<meta property=\"og:url\" content=\"https:\/\/bahai.ch\/en\/what-bahais-believe\/bahaullahs-vision-for-humanity\/\" \/>\n<meta property=\"og:site_name\" content=\"Bah\u00e1&#039;\u00ed Switzerland\" \/>\n<meta property=\"article:modified_time\" content=\"2025-05-01T06:41:30+00:00\" \/>\n<meta property=\"og:image\" content=\"https:\/\/bahai.ch\/en\/wp-content\/uploads\/sites\/4\/2024\/11\/vision-e1732881045847.jpg\" \/>\n\t<meta property=\"og:image:width\" content=\"1767\" \/>\n\t<meta property=\"og:image:height\" content=\"599\" \/>\n\t<meta property=\"og:image:type\" content=\"image\/jpeg\" \/>\n<meta name=\"twitter:card\" content=\"summary_large_image\" \/>\n<meta name=\"twitter:label1\" content=\"Est. reading time\" \/>\n\t<meta name=\"twitter:data1\" content=\"2 minutes\" \/>\n<script type=\"application\/ld+json\" class=\"yoast-schema-graph\">{\"@context\":\"https:\\\/\\\/schema.org\",\"@graph\":[{\"@type\":\"WebPage\",\"@id\":\"https:\\\/\\\/bahai.ch\\\/en\\\/what-bahais-believe\\\/bahaullahs-vision-for-humanity\\\/\",\"url\":\"https:\\\/\\\/bahai.ch\\\/en\\\/what-bahais-believe\\\/bahaullahs-vision-for-humanity\\\/\",\"name\":\"Bah\u00e1\u2019u\u2019ll\u00e1h\u2019s vision for humanity - Bah\u00e1&#039;\u00ed Switzerland\",\"isPartOf\":{\"@id\":\"https:\\\/\\\/bahai.ch\\\/en\\\/#website\"},\"primaryImageOfPage\":{\"@id\":\"https:\\\/\\\/bahai.ch\\\/en\\\/what-bahais-believe\\\/bahaullahs-vision-for-humanity\\\/#primaryimage\"},\"image\":{\"@id\":\"https:\\\/\\\/bahai.ch\\\/en\\\/what-bahais-believe\\\/bahaullahs-vision-for-humanity\\\/#primaryimage\"},\"thumbnailUrl\":\"https:\\\/\\\/bahai.ch\\\/en\\\/wp-content\\\/uploads\\\/sites\\\/4\\\/2024\\\/11\\\/vision-e1732881045847.jpg\",\"datePublished\":\"2024-11-07T08:45:06+00:00\",\"dateModified\":\"2025-05-01T06:41:30+00:00\",\"breadcrumb\":{\"@id\":\"https:\\\/\\\/bahai.ch\\\/en\\\/what-bahais-believe\\\/bahaullahs-vision-for-humanity\\\/#breadcrumb\"},\"inLanguage\":\"en-US\",\"potentialAction\":[{\"@type\":\"ReadAction\",\"target\":[\"https:\\\/\\\/bahai.ch\\\/en\\\/what-bahais-believe\\\/bahaullahs-vision-for-humanity\\\/\"]}]},{\"@type\":\"ImageObject\",\"inLanguage\":\"en-US\",\"@id\":\"https:\\\/\\\/bahai.ch\\\/en\\\/what-bahais-believe\\\/bahaullahs-vision-for-humanity\\\/#primaryimage\",\"url\":\"https:\\\/\\\/bahai.ch\\\/en\\\/wp-content\\\/uploads\\\/sites\\\/4\\\/2024\\\/11\\\/vision-e1732881045847.jpg\",\"contentUrl\":\"https:\\\/\\\/bahai.ch\\\/en\\\/wp-content\\\/uploads\\\/sites\\\/4\\\/2024\\\/11\\\/vision-e1732881045847.jpg\",\"width\":1767,\"height\":599},{\"@type\":\"BreadcrumbList\",\"@id\":\"https:\\\/\\\/bahai.ch\\\/en\\\/what-bahais-believe\\\/bahaullahs-vision-for-humanity\\\/#breadcrumb\",\"itemListElement\":[{\"@type\":\"ListItem\",\"position\":1,\"name\":\"Home\",\"item\":\"https:\\\/\\\/bahai.ch\\\/en\\\/\"},{\"@type\":\"ListItem\",\"position\":2,\"name\":\"What Bah\u00e1&#8217;is Believe\",\"item\":\"https:\\\/\\\/bahai.ch\\\/en\\\/what-bahais-believe\\\/\"},{\"@type\":\"ListItem\",\"position\":3,\"name\":\"Bah\u00e1\u2019u\u2019ll\u00e1h\u2019s vision for humanity\"}]},{\"@type\":\"WebSite\",\"@id\":\"https:\\\/\\\/bahai.ch\\\/en\\\/#website\",\"url\":\"https:\\\/\\\/bahai.ch\\\/en\\\/\",\"name\":\"Bah\u00e1&#039;\u00ed Switzerland\",\"description\":\"OFFICIAL WEBSITE OF THE SWISS BAHA&#039;I-COMMUNITY\",\"potentialAction\":[{\"@type\":\"SearchAction\",\"target\":{\"@type\":\"EntryPoint\",\"urlTemplate\":\"https:\\\/\\\/bahai.ch\\\/en\\\/?s={search_term_string}\"},\"query-input\":{\"@type\":\"PropertyValueSpecification\",\"valueRequired\":true,\"valueName\":\"search_term_string\"}}],\"inLanguage\":\"en-US\"}]}<\/script>\n<!-- \/ Yoast SEO plugin. -->","yoast_head_json":{"title":"Bah\u00e1\u2019u\u2019ll\u00e1h\u2019s vision for humanity - Bah\u00e1&#039;\u00ed Switzerland","robots":{"index":"index","follow":"follow","max-snippet":"max-snippet:-1","max-image-preview":"max-image-preview:large","max-video-preview":"max-video-preview:-1"},"canonical":"https:\/\/bahai.ch\/en\/what-bahais-believe\/bahaullahs-vision-for-humanity\/","og_locale":"en_US","og_type":"article","og_title":"Bah\u00e1\u2019u\u2019ll\u00e1h\u2019s vision for humanity - Bah\u00e1&#039;\u00ed Switzerland","og_description":"Dome of the Santiago Bah\u00e1&#8217;\u00ed House of Worship, Chile Manifestations of God: God\u2019s divine Educators Throughout history, God has sent divine Educators&#8211;known as Manifestations of God&#8211;to cultivate humanity\u2019s spiritual, intellectual and moral capacities. Abraham, Krishna, Zoroaster, Moses, Buddha, Jesus Christ, Muhammad, and, more recently, the B\u00e1b and Bah\u00e1\u2019u\u2019ll\u00e1h, are a few of these divine Educators. [&hellip;]","og_url":"https:\/\/bahai.ch\/en\/what-bahais-believe\/bahaullahs-vision-for-humanity\/","og_site_name":"Bah\u00e1&#039;\u00ed Switzerland","article_modified_time":"2025-05-01T06:41:30+00:00","og_image":[{"width":1767,"height":599,"url":"https:\/\/bahai.ch\/en\/wp-content\/uploads\/sites\/4\/2024\/11\/vision-e1732881045847.jpg","type":"image\/jpeg"}],"twitter_card":"summary_large_image","twitter_misc":{"Est. reading time":"2 minutes"},"schema":{"@context":"https:\/\/schema.org","@graph":[{"@type":"WebPage","@id":"https:\/\/bahai.ch\/en\/what-bahais-believe\/bahaullahs-vision-for-humanity\/","url":"https:\/\/bahai.ch\/en\/what-bahais-believe\/bahaullahs-vision-for-humanity\/","name":"Bah\u00e1\u2019u\u2019ll\u00e1h\u2019s vision for humanity - Bah\u00e1&#039;\u00ed Switzerland","isPartOf":{"@id":"https:\/\/bahai.ch\/en\/#website"},"primaryImageOfPage":{"@id":"https:\/\/bahai.ch\/en\/what-bahais-believe\/bahaullahs-vision-for-humanity\/#primaryimage"},"image":{"@id":"https:\/\/bahai.ch\/en\/what-bahais-believe\/bahaullahs-vision-for-humanity\/#primaryimage"},"thumbnailUrl":"https:\/\/bahai.ch\/en\/wp-content\/uploads\/sites\/4\/2024\/11\/vision-e1732881045847.jpg","datePublished":"2024-11-07T08:45:06+00:00","dateModified":"2025-05-01T06:41:30+00:00","breadcrumb":{"@id":"https:\/\/bahai.ch\/en\/what-bahais-believe\/bahaullahs-vision-for-humanity\/#breadcrumb"},"inLanguage":"en-US","potentialAction":[{"@type":"ReadAction","target":["https:\/\/bahai.ch\/en\/what-bahais-believe\/bahaullahs-vision-for-humanity\/"]}]},{"@type":"ImageObject","inLanguage":"en-US","@id":"https:\/\/bahai.ch\/en\/what-bahais-believe\/bahaullahs-vision-for-humanity\/#primaryimage","url":"https:\/\/bahai.ch\/en\/wp-content\/uploads\/sites\/4\/2024\/11\/vision-e1732881045847.jpg","contentUrl":"https:\/\/bahai.ch\/en\/wp-content\/uploads\/sites\/4\/2024\/11\/vision-e1732881045847.jpg","width":1767,"height":599},{"@type":"BreadcrumbList","@id":"https:\/\/bahai.ch\/en\/what-bahais-believe\/bahaullahs-vision-for-humanity\/#breadcrumb","itemListElement":[{"@type":"ListItem","position":1,"name":"Home","item":"https:\/\/bahai.ch\/en\/"},{"@type":"ListItem","position":2,"name":"What Bah\u00e1&#8217;is Believe","item":"https:\/\/bahai.ch\/en\/what-bahais-believe\/"},{"@type":"ListItem","position":3,"name":"Bah\u00e1\u2019u\u2019ll\u00e1h\u2019s vision for humanity"}]},{"@type":"WebSite","@id":"https:\/\/bahai.ch\/en\/#website","url":"https:\/\/bahai.ch\/en\/","name":"Bah\u00e1&#039;\u00ed Switzerland","description":"OFFICIAL WEBSITE OF THE SWISS BAHA&#039;I-COMMUNITY","potentialAction":[{"@type":"SearchAction","target":{"@type":"EntryPoint","urlTemplate":"https:\/\/bahai.ch\/en\/?s={search_term_string}"},"query-input":{"@type":"PropertyValueSpecification","valueRequired":true,"valueName":"search_term_string"}}],"inLanguage":"en-US"}]}},"_links":{"self":[{"href":"https:\/\/bahai.ch\/en\/wp-json\/wp\/v2\/pages\/14204","targetHints":{"allow":["GET"]}}],"collection":[{"href":"https:\/\/bahai.ch\/en\/wp-json\/wp\/v2\/pages"}],"about":[{"href":"https:\/\/bahai.ch\/en\/wp-json\/wp\/v2\/types\/page"}],"author":[{"embeddable":true,"href":"https:\/\/bahai.ch\/en\/wp-json\/wp\/v2\/users\/3"}],"replies":[{"embeddable":true,"href":"https:\/\/bahai.ch\/en\/wp-json\/wp\/v2\/comments?post=14204"}],"version-history":[{"count":68,"href":"https:\/\/bahai.ch\/en\/wp-json\/wp\/v2\/pages\/14204\/revisions"}],"predecessor-version":[{"id":15313,"href":"https:\/\/bahai.ch\/en\/wp-json\/wp\/v2\/pages\/14204\/revisions\/15313"}],"up":[{"embeddable":true,"href":"https:\/\/bahai.ch\/en\/wp-json\/wp\/v2\/pages\/14505"}],"wp:featuredmedia":[{"embeddable":true,"href":"https:\/\/bahai.ch\/en\/wp-json\/wp\/v2\/media\/14900"}],"wp:attachment":[{"href":"https:\/\/bahai.ch\/en\/wp-json\/wp\/v2\/media?parent=14204"}],"curies":[{"name":"wp","href":"https:\/\/api.w.org\/{rel}","templated":true}]}}