{"id":14206,"date":"2024-11-07T08:46:13","date_gmt":"2024-11-07T08:46:13","guid":{"rendered":"https:\/\/bahai.steincastle.com\/?p=14206"},"modified":"2025-05-04T08:49:22","modified_gmt":"2025-05-04T08:49:22","slug":"institutions-and-organization","status":"publish","type":"page","link":"https:\/\/bahai.ch\/en\/what-bahais-believe\/institutions-and-organization\/","title":{"rendered":"Institutions and Organization"},"content":{"rendered":"\t\t<div data-elementor-type=\"wp-post\" data-elementor-id=\"14206\" class=\"elementor elementor-14206\" data-elementor-post-type=\"page\">\n\t\t\t\t\t\t<section class=\"elementor-section elementor-top-section elementor-element elementor-element-5b81539d elementor-section-content-middle elementor-section-stretched section-spacing elementor-section-boxed elementor-section-height-default elementor-section-height-default\" data-id=\"5b81539d\" data-element_type=\"section\" data-e-type=\"section\" data-settings=\"{&quot;background_background&quot;:&quot;classic&quot;,&quot;stretch_section&quot;:&quot;section-stretched&quot;}\">\n\t\t\t\t\t\t\t<div class=\"elementor-background-overlay\"><\/div>\n\t\t\t\t\t\t\t<div class=\"elementor-container elementor-column-gap-default\">\n\t\t\t\t\t<div class=\"elementor-column elementor-col-50 elementor-top-column elementor-element elementor-element-3fe0370d\" data-id=\"3fe0370d\" data-element_type=\"column\" data-e-type=\"column\">\n\t\t\t<div class=\"elementor-widget-wrap elementor-element-populated\">\n\t\t\t\t\t\t<div class=\"elementor-element elementor-element-5fcb291c elementor-widget elementor-widget-heading\" data-id=\"5fcb291c\" data-element_type=\"widget\" data-e-type=\"widget\" data-widget_type=\"heading.default\">\n\t\t\t\t<div class=\"elementor-widget-container\">\n\t\t\t\t\t<h2 class=\"elementor-heading-title elementor-size-default\">The Bah\u00e1\u2019\u00ed Administrative Order established by Bah\u00e1\u2019u\u2019ll\u00e1h<\/h2>\t\t\t\t<\/div>\n\t\t\t\t<\/div>\n\t\t\t\t<div class=\"elementor-element elementor-element-63d8e78a elementor-widget elementor-widget-text-editor\" data-id=\"63d8e78a\" data-element_type=\"widget\" data-e-type=\"widget\" data-widget_type=\"text-editor.default\">\n\t\t\t\t<div class=\"elementor-widget-container\">\n\t\t\t\t\t\t\t\t\t<p>The affairs of the Bah\u00e1\u2019\u00ed community are administered through a system of institutions, each with a defined sphere of action. The origins of this system are found in the Writings of Bah\u00e1\u2019u\u2019ll\u00e1h and is known as the Bah\u00e1\u2019\u00ed Administrative Order.<\/p><p>Today <a href=\"https:\/\/www.bahai.org\/the-universal-house-of-justice\" target=\"_blank\" rel=\"noopener\">the Universal House of Justice<\/a> is the central governing body of the Administrative Order. Under its guidance, elected bodies, known as Spiritual Assemblies, tend to the affairs of the Bah\u00e1\u2019\u00ed community at their respective levels.<\/p>\t\t\t\t\t\t\t\t<\/div>\n\t\t\t\t<\/div>\n\t\t\t\t\t<\/div>\n\t\t<\/div>\n\t\t\t\t<div class=\"elementor-column elementor-col-50 elementor-top-column elementor-element elementor-element-1f08d44f\" data-id=\"1f08d44f\" data-element_type=\"column\" data-e-type=\"column\" data-settings=\"{&quot;background_background&quot;:&quot;classic&quot;}\">\n\t\t\t<div class=\"elementor-widget-wrap elementor-element-populated\">\n\t\t\t\t\t\t<div class=\"elementor-element elementor-element-572b486b elementor-widget elementor-widget-image\" data-id=\"572b486b\" data-element_type=\"widget\" data-e-type=\"widget\" data-widget_type=\"image.default\">\n\t\t\t\t<div class=\"elementor-widget-container\">\n\t\t\t\t\t\t\t\t\t\t\t\t<figure class=\"wp-caption\">\n\t\t\t\t\t\t\t\t\t\t<img fetchpriority=\"high\" decoding=\"async\" width=\"1024\" height=\"683\" src=\"https:\/\/bahai.ch\/en\/wp-content\/uploads\/sites\/4\/2025\/01\/DSC03125-1024x683.jpg\" class=\"attachment-large size-large wp-image-15116\" alt=\"\" srcset=\"https:\/\/bahai.ch\/en\/wp-content\/uploads\/sites\/4\/2025\/01\/DSC03125-1024x683.jpg 1024w, https:\/\/bahai.ch\/en\/wp-content\/uploads\/sites\/4\/2025\/01\/DSC03125-300x200.jpg 300w, https:\/\/bahai.ch\/en\/wp-content\/uploads\/sites\/4\/2025\/01\/DSC03125-768x512.jpg 768w, https:\/\/bahai.ch\/en\/wp-content\/uploads\/sites\/4\/2025\/01\/DSC03125.jpg 1500w\" sizes=\"(max-width: 1024px) 100vw, 1024px\" \/>\t\t\t\t\t\t\t\t\t\t\t<figcaption class=\"widget-image-caption wp-caption-text\">The International Archives at the Bah\u00e1'\u00ed World Center, Haifa, Israel<\/figcaption>\n\t\t\t\t\t\t\t\t\t\t<\/figure>\n\t\t\t\t\t\t\t\t\t<\/div>\n\t\t\t\t<\/div>\n\t\t\t\t\t<\/div>\n\t\t<\/div>\n\t\t\t\t\t<\/div>\n\t\t<\/section>\n\t\t\t\t<section class=\"elementor-section elementor-top-section elementor-element elementor-element-1a228977 elementor-section-content-middle elementor-section-stretched elementor-reverse-tablet elementor-reverse-mobile section-spacing elementor-section-boxed elementor-section-height-default elementor-section-height-default\" data-id=\"1a228977\" data-element_type=\"section\" data-e-type=\"section\" data-settings=\"{&quot;background_background&quot;:&quot;classic&quot;,&quot;stretch_section&quot;:&quot;section-stretched&quot;}\">\n\t\t\t\t\t\t\t<div class=\"elementor-background-overlay\"><\/div>\n\t\t\t\t\t\t\t<div class=\"elementor-container elementor-column-gap-default\">\n\t\t\t\t\t<div class=\"elementor-column elementor-col-50 elementor-top-column elementor-element elementor-element-5501a592\" data-id=\"5501a592\" data-element_type=\"column\" data-e-type=\"column\">\n\t\t\t<div class=\"elementor-widget-wrap elementor-element-populated\">\n\t\t\t\t\t\t<div class=\"elementor-element elementor-element-77dcde74 elementor-widget elementor-widget-image\" data-id=\"77dcde74\" data-element_type=\"widget\" data-e-type=\"widget\" data-widget_type=\"image.default\">\n\t\t\t\t<div class=\"elementor-widget-container\">\n\t\t\t\t\t\t\t\t\t\t\t\t<figure class=\"wp-caption\">\n\t\t\t\t\t\t\t\t\t\t<img decoding=\"async\" width=\"1024\" height=\"698\" src=\"https:\/\/bahai.ch\/en\/wp-content\/uploads\/sites\/4\/2025\/03\/LSA_Luzern-1024x698.jpeg\" class=\"attachment-large size-large wp-image-15238\" alt=\"\" srcset=\"https:\/\/bahai.ch\/en\/wp-content\/uploads\/sites\/4\/2025\/03\/LSA_Luzern-1024x698.jpeg 1024w, https:\/\/bahai.ch\/en\/wp-content\/uploads\/sites\/4\/2025\/03\/LSA_Luzern-300x204.jpeg 300w, https:\/\/bahai.ch\/en\/wp-content\/uploads\/sites\/4\/2025\/03\/LSA_Luzern-768x523.jpeg 768w, https:\/\/bahai.ch\/en\/wp-content\/uploads\/sites\/4\/2025\/03\/LSA_Luzern-1536x1046.jpeg 1536w, https:\/\/bahai.ch\/en\/wp-content\/uploads\/sites\/4\/2025\/03\/LSA_Luzern.jpeg 1600w\" sizes=\"(max-width: 1024px) 100vw, 1024px\" \/>\t\t\t\t\t\t\t\t\t\t\t<figcaption class=\"widget-image-caption wp-caption-text\">The first Local Spiritual Assembly of Lucerne, 1962<\/figcaption>\n\t\t\t\t\t\t\t\t\t\t<\/figure>\n\t\t\t\t\t\t\t\t\t<\/div>\n\t\t\t\t<\/div>\n\t\t\t\t\t<\/div>\n\t\t<\/div>\n\t\t\t\t<div class=\"elementor-column elementor-col-50 elementor-top-column elementor-element elementor-element-4be6556d\" data-id=\"4be6556d\" data-element_type=\"column\" data-e-type=\"column\" data-settings=\"{&quot;background_background&quot;:&quot;classic&quot;}\">\n\t\t\t<div class=\"elementor-widget-wrap elementor-element-populated\">\n\t\t\t\t\t\t<div class=\"elementor-element elementor-element-73e22f01 elementor-widget elementor-widget-heading\" data-id=\"73e22f01\" data-element_type=\"widget\" data-e-type=\"widget\" data-widget_type=\"heading.default\">\n\t\t\t\t<div class=\"elementor-widget-container\">\n\t\t\t\t\t<h2 class=\"elementor-heading-title elementor-size-default\">Local Spiritual Assemblies<\/h2>\t\t\t\t<\/div>\n\t\t\t\t<\/div>\n\t\t\t\t<div class=\"elementor-element elementor-element-7260bf02 elementor-widget elementor-widget-text-editor\" data-id=\"7260bf02\" data-element_type=\"widget\" data-e-type=\"widget\" data-widget_type=\"text-editor.default\">\n\t\t\t\t<div class=\"elementor-widget-container\">\n\t\t\t\t\t\t\t\t\t<p>At the local level, the affairs of the Bah\u00e1\u2019\u00ed community are administered by the Local Spiritual Assembly. Each Local Assembly consists of nine members who are elected annually by members of the local community.<\/p>\t\t\t\t\t\t\t\t<\/div>\n\t\t\t\t<\/div>\n\t\t\t\t<div class=\"elementor-element elementor-element-d70af8e elementor-tablet-align-center elementor-widget elementor-widget-button\" data-id=\"d70af8e\" data-element_type=\"widget\" data-e-type=\"widget\" data-widget_type=\"button.default\">\n\t\t\t\t<div class=\"elementor-widget-container\">\n\t\t\t\t\t\t\t\t\t<div class=\"elementor-button-wrapper\">\n\t\t\t\t\t<a class=\"elementor-button elementor-button-link elementor-size-sm\" href=\"#contact\">\n\t\t\t\t\t\t<span class=\"elementor-button-content-wrapper\">\n\t\t\t\t\t\t\t\t\t<span class=\"elementor-button-text\">Get in touch with Bah\u00e1\u2019\u00eds in your locality<\/span>\n\t\t\t\t\t<\/span>\n\t\t\t\t\t<\/a>\n\t\t\t\t<\/div>\n\t\t\t\t\t\t\t\t<\/div>\n\t\t\t\t<\/div>\n\t\t\t\t\t<\/div>\n\t\t<\/div>\n\t\t\t\t\t<\/div>\n\t\t<\/section>\n\t\t\t\t<section class=\"elementor-section elementor-top-section elementor-element elementor-element-34eb2dde elementor-section-content-middle elementor-section-stretched section-spacing elementor-section-boxed elementor-section-height-default elementor-section-height-default\" data-id=\"34eb2dde\" data-element_type=\"section\" data-e-type=\"section\" data-settings=\"{&quot;background_background&quot;:&quot;classic&quot;,&quot;stretch_section&quot;:&quot;section-stretched&quot;}\">\n\t\t\t\t\t\t\t<div class=\"elementor-background-overlay\"><\/div>\n\t\t\t\t\t\t\t<div class=\"elementor-container elementor-column-gap-default\">\n\t\t\t\t\t<div class=\"elementor-column elementor-col-50 elementor-top-column elementor-element elementor-element-6c2d520c\" data-id=\"6c2d520c\" data-element_type=\"column\" data-e-type=\"column\">\n\t\t\t<div class=\"elementor-widget-wrap elementor-element-populated\">\n\t\t\t\t\t\t<div class=\"elementor-element elementor-element-906e88e elementor-widget elementor-widget-heading\" data-id=\"906e88e\" data-element_type=\"widget\" data-e-type=\"widget\" data-widget_type=\"heading.default\">\n\t\t\t\t<div class=\"elementor-widget-container\">\n\t\t\t\t\t<h2 class=\"elementor-heading-title elementor-size-default\">National Spiritual Assembly<\/h2>\t\t\t\t<\/div>\n\t\t\t\t<\/div>\n\t\t\t\t<div class=\"elementor-element elementor-element-16c17a27 elementor-widget elementor-widget-text-editor\" data-id=\"16c17a27\" data-element_type=\"widget\" data-e-type=\"widget\" data-widget_type=\"text-editor.default\">\n\t\t\t\t<div class=\"elementor-widget-container\">\n\t\t\t\t\t\t\t\t\t<p>At the national level, the affairs of the Bah\u00e1\u2019\u00ed community are administered by the National Spiritual Assembly, a nine-member council elected annually. Its overall mandate is to guide, coordinate, and stimulate the activities of Local Spiritual Assemblies and individual members of the Bah\u00e1\u2019\u00ed community within a given country. The National Assembly also oversees relations with government.<\/p><p>Every nineteen days, Bah\u00e1&#8217;\u00eds gather locally for the Nineteen Day Feast. This is a joyful occasion when local communities meet to pray, read Baha&#8217;i Writings and consult about the affairs of the local community. In addition to the Nineteen Day Feast, other spaces are organised at the local and regional levels to reflect on activities aimed at building vibrant communities.<\/p>\t\t\t\t\t\t\t\t<\/div>\n\t\t\t\t<\/div>\n\t\t\t\t\t<\/div>\n\t\t<\/div>\n\t\t\t\t<div class=\"elementor-column elementor-col-50 elementor-top-column elementor-element elementor-element-3042e0a3\" data-id=\"3042e0a3\" data-element_type=\"column\" data-e-type=\"column\" data-settings=\"{&quot;background_background&quot;:&quot;classic&quot;}\">\n\t\t\t<div class=\"elementor-widget-wrap elementor-element-populated\">\n\t\t\t\t\t\t<div class=\"elementor-element elementor-element-b118fd0 elementor-widget elementor-widget-image\" data-id=\"b118fd0\" data-element_type=\"widget\" data-e-type=\"widget\" data-widget_type=\"image.default\">\n\t\t\t\t<div class=\"elementor-widget-container\">\n\t\t\t\t\t\t\t\t\t\t\t\t<figure class=\"wp-caption\">\n\t\t\t\t\t\t\t\t\t\t<img decoding=\"async\" width=\"1024\" height=\"768\" src=\"https:\/\/bahai.ch\/en\/wp-content\/uploads\/sites\/4\/2025\/01\/1704036318-1502366-master-1024x768.jpg\" class=\"attachment-large size-large wp-image-15102\" alt=\"\" srcset=\"https:\/\/bahai.ch\/en\/wp-content\/uploads\/sites\/4\/2025\/01\/1704036318-1502366-master-1024x768.jpg 1024w, https:\/\/bahai.ch\/en\/wp-content\/uploads\/sites\/4\/2025\/01\/1704036318-1502366-master-300x225.jpg 300w, https:\/\/bahai.ch\/en\/wp-content\/uploads\/sites\/4\/2025\/01\/1704036318-1502366-master-768x576.jpg 768w, https:\/\/bahai.ch\/en\/wp-content\/uploads\/sites\/4\/2025\/01\/1704036318-1502366-master.jpg 1440w\" sizes=\"(max-width: 1024px) 100vw, 1024px\" \/>\t\t\t\t\t\t\t\t\t\t\t<figcaption class=\"widget-image-caption wp-caption-text\">National Spiritual Assembly of the Bah\u00e1\u2019\u00eds of Switzerland, 2007<\/figcaption>\n\t\t\t\t\t\t\t\t\t\t<\/figure>\n\t\t\t\t\t\t\t\t\t<\/div>\n\t\t\t\t<\/div>\n\t\t\t\t\t<\/div>\n\t\t<\/div>\n\t\t\t\t\t<\/div>\n\t\t<\/section>\n\t\t\t\t<section class=\"elementor-section elementor-top-section elementor-element elementor-element-61405daa elementor-section-content-middle elementor-section-stretched elementor-section-boxed elementor-section-height-default elementor-section-height-default\" data-id=\"61405daa\" data-element_type=\"section\" data-e-type=\"section\" data-settings=\"{&quot;stretch_section&quot;:&quot;section-stretched&quot;,&quot;background_background&quot;:&quot;classic&quot;}\">\n\t\t\t\t\t\t\t<div class=\"elementor-background-overlay\"><\/div>\n\t\t\t\t\t\t\t<div class=\"elementor-container elementor-column-gap-default\">\n\t\t\t\t\t<div class=\"elementor-column elementor-col-100 elementor-top-column elementor-element elementor-element-39a1147d\" data-id=\"39a1147d\" data-element_type=\"column\" data-e-type=\"column\">\n\t\t\t<div class=\"elementor-widget-wrap elementor-element-populated\">\n\t\t\t\t\t\t<div class=\"elementor-element elementor-element-164c59c7 elementor-widget elementor-widget-heading\" data-id=\"164c59c7\" data-element_type=\"widget\" data-e-type=\"widget\" data-widget_type=\"heading.default\">\n\t\t\t\t<div class=\"elementor-widget-container\">\n\t\t\t\t\t<span class=\"elementor-heading-title elementor-size-default\">\"Let deeds, not words, be your adorning.\"<\/span>\t\t\t\t<\/div>\n\t\t\t\t<\/div>\n\t\t\t\t<div class=\"elementor-element elementor-element-626750c elementor-widget elementor-widget-heading\" data-id=\"626750c\" data-element_type=\"widget\" data-e-type=\"widget\" data-widget_type=\"heading.default\">\n\t\t\t\t<div class=\"elementor-widget-container\">\n\t\t\t\t\t<span class=\"elementor-heading-title elementor-size-default\">Bah\u00e1'u'll\u00e1h<\/span>\t\t\t\t<\/div>\n\t\t\t\t<\/div>\n\t\t\t\t\t<\/div>\n\t\t<\/div>\n\t\t\t\t\t<\/div>\n\t\t<\/section>\n\t\t\t\t<\/div>\n\t\t","protected":false},"excerpt":{"rendered":"<p>The Bah\u00e1\u2019\u00ed Administrative Order established by Bah\u00e1\u2019u\u2019ll\u00e1h The affairs of the Bah\u00e1\u2019\u00ed community are administered through a system of institutions, each with a defined sphere of action. The origins of this system are found in the Writings of Bah\u00e1\u2019u\u2019ll\u00e1h and is known as the Bah\u00e1\u2019\u00ed Administrative Order. Today the Universal House of Justice is the [&hellip;]<\/p>\n","protected":false},"author":3,"featured_media":15087,"parent":14505,"menu_order":0,"comment_status":"open","ping_status":"closed","template":"","meta":{"inline_featured_image":false,"footnotes":""},"class_list":["post-14206","page","type-page","status-publish","has-post-thumbnail","hentry"],"yoast_head":"<!-- This site is optimized with the Yoast SEO plugin v27.4 - https:\/\/yoast.com\/product\/yoast-seo-wordpress\/ -->\n<title>Institutions and Organization - Bah\u00e1&#039;\u00ed Switzerland<\/title>\n<meta name=\"robots\" content=\"index, follow, max-snippet:-1, max-image-preview:large, max-video-preview:-1\" \/>\n<link rel=\"canonical\" href=\"https:\/\/bahai.ch\/en\/what-bahais-believe\/institutions-and-organization\/\" \/>\n<meta property=\"og:locale\" content=\"en_US\" \/>\n<meta property=\"og:type\" content=\"article\" \/>\n<meta property=\"og:title\" content=\"Institutions and Organization - Bah\u00e1&#039;\u00ed Switzerland\" \/>\n<meta property=\"og:description\" content=\"The Bah\u00e1\u2019\u00ed Administrative Order established by Bah\u00e1\u2019u\u2019ll\u00e1h The affairs of the Bah\u00e1\u2019\u00ed community are administered through a system of institutions, each with a defined sphere of action. The origins of this system are found in the Writings of Bah\u00e1\u2019u\u2019ll\u00e1h and is known as the Bah\u00e1\u2019\u00ed Administrative Order. Today the Universal House of Justice is the [&hellip;]\" \/>\n<meta property=\"og:url\" content=\"https:\/\/bahai.ch\/en\/what-bahais-believe\/institutions-and-organization\/\" \/>\n<meta property=\"og:site_name\" content=\"Bah\u00e1&#039;\u00ed Switzerland\" \/>\n<meta property=\"article:modified_time\" content=\"2025-05-04T08:49:22+00:00\" \/>\n<meta property=\"og:image\" content=\"https:\/\/bahai.ch\/en\/wp-content\/uploads\/sites\/4\/2025\/01\/administration-scaled-e1736433275787.jpg\" \/>\n\t<meta property=\"og:image:width\" content=\"2560\" \/>\n\t<meta property=\"og:image:height\" content=\"1177\" \/>\n\t<meta property=\"og:image:type\" content=\"image\/jpeg\" \/>\n<meta name=\"twitter:card\" content=\"summary_large_image\" \/>\n<meta name=\"twitter:label1\" content=\"Est. reading time\" \/>\n\t<meta name=\"twitter:data1\" content=\"1 minute\" \/>\n<script type=\"application\/ld+json\" class=\"yoast-schema-graph\">{\"@context\":\"https:\\\/\\\/schema.org\",\"@graph\":[{\"@type\":\"WebPage\",\"@id\":\"https:\\\/\\\/bahai.ch\\\/en\\\/what-bahais-believe\\\/institutions-and-organization\\\/\",\"url\":\"https:\\\/\\\/bahai.ch\\\/en\\\/what-bahais-believe\\\/institutions-and-organization\\\/\",\"name\":\"Institutions and Organization - Bah\u00e1&#039;\u00ed Switzerland\",\"isPartOf\":{\"@id\":\"https:\\\/\\\/bahai.ch\\\/en\\\/#website\"},\"primaryImageOfPage\":{\"@id\":\"https:\\\/\\\/bahai.ch\\\/en\\\/what-bahais-believe\\\/institutions-and-organization\\\/#primaryimage\"},\"image\":{\"@id\":\"https:\\\/\\\/bahai.ch\\\/en\\\/what-bahais-believe\\\/institutions-and-organization\\\/#primaryimage\"},\"thumbnailUrl\":\"https:\\\/\\\/bahai.ch\\\/en\\\/wp-content\\\/uploads\\\/sites\\\/4\\\/2025\\\/01\\\/administration-scaled-e1736433275787.jpg\",\"datePublished\":\"2024-11-07T08:46:13+00:00\",\"dateModified\":\"2025-05-04T08:49:22+00:00\",\"breadcrumb\":{\"@id\":\"https:\\\/\\\/bahai.ch\\\/en\\\/what-bahais-believe\\\/institutions-and-organization\\\/#breadcrumb\"},\"inLanguage\":\"en-US\",\"potentialAction\":[{\"@type\":\"ReadAction\",\"target\":[\"https:\\\/\\\/bahai.ch\\\/en\\\/what-bahais-believe\\\/institutions-and-organization\\\/\"]}]},{\"@type\":\"ImageObject\",\"inLanguage\":\"en-US\",\"@id\":\"https:\\\/\\\/bahai.ch\\\/en\\\/what-bahais-believe\\\/institutions-and-organization\\\/#primaryimage\",\"url\":\"https:\\\/\\\/bahai.ch\\\/en\\\/wp-content\\\/uploads\\\/sites\\\/4\\\/2025\\\/01\\\/administration-scaled-e1736433275787.jpg\",\"contentUrl\":\"https:\\\/\\\/bahai.ch\\\/en\\\/wp-content\\\/uploads\\\/sites\\\/4\\\/2025\\\/01\\\/administration-scaled-e1736433275787.jpg\",\"width\":2560,\"height\":1177},{\"@type\":\"BreadcrumbList\",\"@id\":\"https:\\\/\\\/bahai.ch\\\/en\\\/what-bahais-believe\\\/institutions-and-organization\\\/#breadcrumb\",\"itemListElement\":[{\"@type\":\"ListItem\",\"position\":1,\"name\":\"Home\",\"item\":\"https:\\\/\\\/bahai.ch\\\/en\\\/\"},{\"@type\":\"ListItem\",\"position\":2,\"name\":\"What Bah\u00e1&#8217;is Believe\",\"item\":\"https:\\\/\\\/bahai.ch\\\/en\\\/what-bahais-believe\\\/\"},{\"@type\":\"ListItem\",\"position\":3,\"name\":\"Institutions and Organization\"}]},{\"@type\":\"WebSite\",\"@id\":\"https:\\\/\\\/bahai.ch\\\/en\\\/#website\",\"url\":\"https:\\\/\\\/bahai.ch\\\/en\\\/\",\"name\":\"Bah\u00e1&#039;\u00ed Switzerland\",\"description\":\"OFFICIAL WEBSITE OF THE SWISS BAHA&#039;I-COMMUNITY\",\"potentialAction\":[{\"@type\":\"SearchAction\",\"target\":{\"@type\":\"EntryPoint\",\"urlTemplate\":\"https:\\\/\\\/bahai.ch\\\/en\\\/?s={search_term_string}\"},\"query-input\":{\"@type\":\"PropertyValueSpecification\",\"valueRequired\":true,\"valueName\":\"search_term_string\"}}],\"inLanguage\":\"en-US\"}]}<\/script>\n<!-- \/ Yoast SEO plugin. -->","yoast_head_json":{"title":"Institutions and Organization - Bah\u00e1&#039;\u00ed Switzerland","robots":{"index":"index","follow":"follow","max-snippet":"max-snippet:-1","max-image-preview":"max-image-preview:large","max-video-preview":"max-video-preview:-1"},"canonical":"https:\/\/bahai.ch\/en\/what-bahais-believe\/institutions-and-organization\/","og_locale":"en_US","og_type":"article","og_title":"Institutions and Organization - Bah\u00e1&#039;\u00ed Switzerland","og_description":"The Bah\u00e1\u2019\u00ed Administrative Order established by Bah\u00e1\u2019u\u2019ll\u00e1h The affairs of the Bah\u00e1\u2019\u00ed community are administered through a system of institutions, each with a defined sphere of action. The origins of this system are found in the Writings of Bah\u00e1\u2019u\u2019ll\u00e1h and is known as the Bah\u00e1\u2019\u00ed Administrative Order. Today the Universal House of Justice is the [&hellip;]","og_url":"https:\/\/bahai.ch\/en\/what-bahais-believe\/institutions-and-organization\/","og_site_name":"Bah\u00e1&#039;\u00ed Switzerland","article_modified_time":"2025-05-04T08:49:22+00:00","og_image":[{"width":2560,"height":1177,"url":"https:\/\/bahai.ch\/en\/wp-content\/uploads\/sites\/4\/2025\/01\/administration-scaled-e1736433275787.jpg","type":"image\/jpeg"}],"twitter_card":"summary_large_image","twitter_misc":{"Est. reading time":"1 minute"},"schema":{"@context":"https:\/\/schema.org","@graph":[{"@type":"WebPage","@id":"https:\/\/bahai.ch\/en\/what-bahais-believe\/institutions-and-organization\/","url":"https:\/\/bahai.ch\/en\/what-bahais-believe\/institutions-and-organization\/","name":"Institutions and Organization - Bah\u00e1&#039;\u00ed Switzerland","isPartOf":{"@id":"https:\/\/bahai.ch\/en\/#website"},"primaryImageOfPage":{"@id":"https:\/\/bahai.ch\/en\/what-bahais-believe\/institutions-and-organization\/#primaryimage"},"image":{"@id":"https:\/\/bahai.ch\/en\/what-bahais-believe\/institutions-and-organization\/#primaryimage"},"thumbnailUrl":"https:\/\/bahai.ch\/en\/wp-content\/uploads\/sites\/4\/2025\/01\/administration-scaled-e1736433275787.jpg","datePublished":"2024-11-07T08:46:13+00:00","dateModified":"2025-05-04T08:49:22+00:00","breadcrumb":{"@id":"https:\/\/bahai.ch\/en\/what-bahais-believe\/institutions-and-organization\/#breadcrumb"},"inLanguage":"en-US","potentialAction":[{"@type":"ReadAction","target":["https:\/\/bahai.ch\/en\/what-bahais-believe\/institutions-and-organization\/"]}]},{"@type":"ImageObject","inLanguage":"en-US","@id":"https:\/\/bahai.ch\/en\/what-bahais-believe\/institutions-and-organization\/#primaryimage","url":"https:\/\/bahai.ch\/en\/wp-content\/uploads\/sites\/4\/2025\/01\/administration-scaled-e1736433275787.jpg","contentUrl":"https:\/\/bahai.ch\/en\/wp-content\/uploads\/sites\/4\/2025\/01\/administration-scaled-e1736433275787.jpg","width":2560,"height":1177},{"@type":"BreadcrumbList","@id":"https:\/\/bahai.ch\/en\/what-bahais-believe\/institutions-and-organization\/#breadcrumb","itemListElement":[{"@type":"ListItem","position":1,"name":"Home","item":"https:\/\/bahai.ch\/en\/"},{"@type":"ListItem","position":2,"name":"What Bah\u00e1&#8217;is Believe","item":"https:\/\/bahai.ch\/en\/what-bahais-believe\/"},{"@type":"ListItem","position":3,"name":"Institutions and Organization"}]},{"@type":"WebSite","@id":"https:\/\/bahai.ch\/en\/#website","url":"https:\/\/bahai.ch\/en\/","name":"Bah\u00e1&#039;\u00ed Switzerland","description":"OFFICIAL WEBSITE OF THE SWISS BAHA&#039;I-COMMUNITY","potentialAction":[{"@type":"SearchAction","target":{"@type":"EntryPoint","urlTemplate":"https:\/\/bahai.ch\/en\/?s={search_term_string}"},"query-input":{"@type":"PropertyValueSpecification","valueRequired":true,"valueName":"search_term_string"}}],"inLanguage":"en-US"}]}},"_links":{"self":[{"href":"https:\/\/bahai.ch\/en\/wp-json\/wp\/v2\/pages\/14206","targetHints":{"allow":["GET"]}}],"collection":[{"href":"https:\/\/bahai.ch\/en\/wp-json\/wp\/v2\/pages"}],"about":[{"href":"https:\/\/bahai.ch\/en\/wp-json\/wp\/v2\/types\/page"}],"author":[{"embeddable":true,"href":"https:\/\/bahai.ch\/en\/wp-json\/wp\/v2\/users\/3"}],"replies":[{"embeddable":true,"href":"https:\/\/bahai.ch\/en\/wp-json\/wp\/v2\/comments?post=14206"}],"version-history":[{"count":60,"href":"https:\/\/bahai.ch\/en\/wp-json\/wp\/v2\/pages\/14206\/revisions"}],"predecessor-version":[{"id":15324,"href":"https:\/\/bahai.ch\/en\/wp-json\/wp\/v2\/pages\/14206\/revisions\/15324"}],"up":[{"embeddable":true,"href":"https:\/\/bahai.ch\/en\/wp-json\/wp\/v2\/pages\/14505"}],"wp:featuredmedia":[{"embeddable":true,"href":"https:\/\/bahai.ch\/en\/wp-json\/wp\/v2\/media\/15087"}],"wp:attachment":[{"href":"https:\/\/bahai.ch\/en\/wp-json\/wp\/v2\/media?parent=14206"}],"curies":[{"name":"wp","href":"https:\/\/api.w.org\/{rel}","templated":true}]}}