{"id":14210,"date":"2024-11-07T08:47:28","date_gmt":"2024-11-07T08:47:28","guid":{"rendered":"https:\/\/bahai.steincastle.com\/?p=14210"},"modified":"2025-05-01T06:43:59","modified_gmt":"2025-05-01T06:43:59","slug":"the-bahai-faith-in-switzerland","status":"publish","type":"page","link":"https:\/\/bahai.ch\/en\/the-bahai-faith-in-switzerland\/","title":{"rendered":"The Bah\u00e1\u2019\u00ed Faith in Switzerland"},"content":{"rendered":"\t\t<div data-elementor-type=\"wp-post\" data-elementor-id=\"14210\" class=\"elementor elementor-14210\" data-elementor-post-type=\"page\">\n\t\t\t\t\t\t<section class=\"elementor-section elementor-top-section elementor-element elementor-element-549570dc elementor-section-content-middle elementor-section-stretched section-spacing elementor-section-boxed elementor-section-height-default elementor-section-height-default\" data-id=\"549570dc\" data-element_type=\"section\" data-e-type=\"section\" data-settings=\"{&quot;background_background&quot;:&quot;classic&quot;,&quot;stretch_section&quot;:&quot;section-stretched&quot;}\">\n\t\t\t\t\t\t\t<div class=\"elementor-background-overlay\"><\/div>\n\t\t\t\t\t\t\t<div class=\"elementor-container elementor-column-gap-default\">\n\t\t\t\t\t<div class=\"elementor-column elementor-col-50 elementor-top-column elementor-element elementor-element-5013b7f0\" data-id=\"5013b7f0\" data-element_type=\"column\" data-e-type=\"column\">\n\t\t\t<div class=\"elementor-widget-wrap elementor-element-populated\">\n\t\t\t\t\t\t<div class=\"elementor-element elementor-element-21ae1cf1 elementor-widget elementor-widget-image\" data-id=\"21ae1cf1\" data-element_type=\"widget\" data-e-type=\"widget\" data-widget_type=\"image.default\">\n\t\t\t\t<div class=\"elementor-widget-container\">\n\t\t\t\t\t\t\t\t\t\t\t\t\t\t\t<img fetchpriority=\"high\" decoding=\"async\" width=\"1024\" height=\"683\" src=\"https:\/\/bahai.ch\/en\/wp-content\/uploads\/sites\/4\/2025\/01\/switzerland-centuryoldcommunity-1024x683.jpg\" class=\"attachment-large size-large wp-image-15209\" alt=\"\" srcset=\"https:\/\/bahai.ch\/en\/wp-content\/uploads\/sites\/4\/2025\/01\/switzerland-centuryoldcommunity-1024x683.jpg 1024w, https:\/\/bahai.ch\/en\/wp-content\/uploads\/sites\/4\/2025\/01\/switzerland-centuryoldcommunity-300x200.jpg 300w, https:\/\/bahai.ch\/en\/wp-content\/uploads\/sites\/4\/2025\/01\/switzerland-centuryoldcommunity-768x513.jpg 768w, https:\/\/bahai.ch\/en\/wp-content\/uploads\/sites\/4\/2025\/01\/switzerland-centuryoldcommunity.jpg 1500w\" sizes=\"(max-width: 1024px) 100vw, 1024px\" \/>\t\t\t\t\t\t\t\t\t\t\t\t\t\t\t<\/div>\n\t\t\t\t<\/div>\n\t\t\t\t\t<\/div>\n\t\t<\/div>\n\t\t\t\t<div class=\"elementor-column elementor-col-50 elementor-top-column elementor-element elementor-element-1d1e293e\" data-id=\"1d1e293e\" data-element_type=\"column\" data-e-type=\"column\" data-settings=\"{&quot;background_background&quot;:&quot;classic&quot;}\">\n\t\t\t<div class=\"elementor-widget-wrap elementor-element-populated\">\n\t\t\t\t\t\t<div class=\"elementor-element elementor-element-778de73c elementor-widget elementor-widget-heading\" data-id=\"778de73c\" data-element_type=\"widget\" data-e-type=\"widget\" data-widget_type=\"heading.default\">\n\t\t\t\t<div class=\"elementor-widget-container\">\n\t\t\t\t\t<h2 class=\"elementor-heading-title elementor-size-default\">A century-old community<\/h2>\t\t\t\t<\/div>\n\t\t\t\t<\/div>\n\t\t\t\t<div class=\"elementor-element elementor-element-1b929384 elementor-widget elementor-widget-text-editor\" data-id=\"1b929384\" data-element_type=\"widget\" data-e-type=\"widget\" data-widget_type=\"text-editor.default\">\n\t\t\t\t<div class=\"elementor-widget-container\">\n\t\t\t\t\t\t\t\t\t<p>The Bah\u00e1\u2019i Faith has been present in Switzerland for well over 100 years. Edith and Joseph de Bons were the first Swiss to become Bah\u00e1&#8217;is. They lived in Sion (VS). Over the decades, people promoting and practicing the ideals of Bah\u00e1\u2019u\u2019ll\u00e1h&#8217;s message have spread out over the whole country.<\/p>\t\t\t\t\t\t\t\t<\/div>\n\t\t\t\t<\/div>\n\t\t\t\t\t<\/div>\n\t\t<\/div>\n\t\t\t\t\t<\/div>\n\t\t<\/section>\n\t\t\t\t<section class=\"elementor-section elementor-top-section elementor-element elementor-element-4eaac54 elementor-section-content-middle elementor-section-stretched elementor-reverse-tablet elementor-reverse-mobile section-spacing elementor-section-boxed elementor-section-height-default elementor-section-height-default\" data-id=\"4eaac54\" data-element_type=\"section\" data-e-type=\"section\" data-settings=\"{&quot;background_background&quot;:&quot;classic&quot;,&quot;stretch_section&quot;:&quot;section-stretched&quot;}\">\n\t\t\t\t\t\t\t<div class=\"elementor-background-overlay\"><\/div>\n\t\t\t\t\t\t\t<div class=\"elementor-container elementor-column-gap-default\">\n\t\t\t\t\t<div class=\"elementor-column elementor-col-50 elementor-top-column elementor-element elementor-element-40e825e3\" data-id=\"40e825e3\" data-element_type=\"column\" data-e-type=\"column\">\n\t\t\t<div class=\"elementor-widget-wrap elementor-element-populated\">\n\t\t\t\t\t\t<div class=\"elementor-element elementor-element-3f8a4f03 elementor-widget elementor-widget-heading\" data-id=\"3f8a4f03\" data-element_type=\"widget\" data-e-type=\"widget\" data-widget_type=\"heading.default\">\n\t\t\t\t<div class=\"elementor-widget-container\">\n\t\t\t\t\t<h2 class=\"elementor-heading-title elementor-size-default\">A very diverse community<\/h2>\t\t\t\t<\/div>\n\t\t\t\t<\/div>\n\t\t\t\t<div class=\"elementor-element elementor-element-d2db1a6 elementor-widget elementor-widget-text-editor\" data-id=\"d2db1a6\" data-element_type=\"widget\" data-e-type=\"widget\" data-widget_type=\"text-editor.default\">\n\t\t\t\t<div class=\"elementor-widget-container\">\n\t\t\t\t\t\t\t\t\t<p>Bah\u00e1\u2019\u00eds are present in some 300 localities throughout Switzerland and Liechtenstein.<\/p><p>The diversity of the Swiss Bah\u00e1&#8217;\u00ed community is reflected in this geographic spread. The Swiss Bah\u00e1\u2019\u00ed community is made up of persons coming from over 60 countries and territories of the planet.<\/p><p>Bah\u00e1&#8217;\u00eds strive to better understand and translate into action the teachings of Bah\u00e1\u2019u\u2019ll\u00e1h&#8211;both in their individual and collectives lives.<\/p><p>Bah\u00e1\u2019\u00eds of Switzerland have been, through the past century, inspired by the words of Bah\u00e1\u2019u\u2019ll\u00e1h to \u201cassociate with all the peoples and kindreds of the earth with joy and radiance\u201d and to be \u201canxiously concerned with the needs of the age ye live in and center your deliberations on its exigencies and requirements.\u201d<\/p><p>Bah\u00e1&#8217;\u00eds continue their efforts and are involved in <a href=\"https:\/\/bahai.ch\/en\/what-bahais-in-switzerland-do\/\">activities to build vibrant communities in Switzerland<\/a>.<\/p>\t\t\t\t\t\t\t\t<\/div>\n\t\t\t\t<\/div>\n\t\t\t\t\t<\/div>\n\t\t<\/div>\n\t\t\t\t<div class=\"elementor-column elementor-col-50 elementor-top-column elementor-element elementor-element-2fb573c1\" data-id=\"2fb573c1\" data-element_type=\"column\" data-e-type=\"column\" data-settings=\"{&quot;background_background&quot;:&quot;classic&quot;}\">\n\t\t\t<div class=\"elementor-widget-wrap elementor-element-populated\">\n\t\t\t\t\t\t<div class=\"elementor-element elementor-element-3a84279 elementor-widget elementor-widget-image\" data-id=\"3a84279\" data-element_type=\"widget\" data-e-type=\"widget\" data-widget_type=\"image.default\">\n\t\t\t\t<div class=\"elementor-widget-container\">\n\t\t\t\t\t\t\t\t\t\t\t\t\t\t\t<img decoding=\"async\" width=\"513\" height=\"584\" src=\"https:\/\/bahai.ch\/en\/wp-content\/uploads\/sites\/4\/2024\/11\/a-very-diverse-community.jpg\" class=\"attachment-large size-large wp-image-13958\" alt=\"\" srcset=\"https:\/\/bahai.ch\/en\/wp-content\/uploads\/sites\/4\/2024\/11\/a-very-diverse-community.jpg 513w, https:\/\/bahai.ch\/en\/wp-content\/uploads\/sites\/4\/2024\/11\/a-very-diverse-community-264x300.jpg 264w\" sizes=\"(max-width: 513px) 100vw, 513px\" \/>\t\t\t\t\t\t\t\t\t\t\t\t\t\t\t<\/div>\n\t\t\t\t<\/div>\n\t\t\t\t\t<\/div>\n\t\t<\/div>\n\t\t\t\t\t<\/div>\n\t\t<\/section>\n\t\t\t\t<section class=\"elementor-section elementor-top-section elementor-element elementor-element-6389d33c elementor-section-content-middle elementor-section-stretched elementor-section-boxed elementor-section-height-default elementor-section-height-default\" data-id=\"6389d33c\" data-element_type=\"section\" data-e-type=\"section\" data-settings=\"{&quot;background_background&quot;:&quot;classic&quot;,&quot;stretch_section&quot;:&quot;section-stretched&quot;}\">\n\t\t\t\t\t\t\t<div class=\"elementor-background-overlay\"><\/div>\n\t\t\t\t\t\t\t<div class=\"elementor-container elementor-column-gap-default\">\n\t\t\t\t\t<div class=\"elementor-column elementor-col-33 elementor-top-column elementor-element elementor-element-4243657b\" data-id=\"4243657b\" data-element_type=\"column\" data-e-type=\"column\">\n\t\t\t<div class=\"elementor-widget-wrap elementor-element-populated\">\n\t\t\t\t\t\t<div class=\"elementor-element elementor-element-83f4f54 elementor-widget__width-initial elementor-widget-mobile__width-initial elementor-widget elementor-widget-heading\" data-id=\"83f4f54\" data-element_type=\"widget\" data-e-type=\"widget\" data-widget_type=\"heading.default\">\n\t\t\t\t<div class=\"elementor-widget-container\">\n\t\t\t\t\t<span class=\"elementor-heading-title elementor-size-default\">To Contact Bah\u00e1'\u00eds in Your Locality Write To:<\/span>\t\t\t\t<\/div>\n\t\t\t\t<\/div>\n\t\t\t\t\t<\/div>\n\t\t<\/div>\n\t\t\t\t<div class=\"elementor-column elementor-col-33 elementor-top-column elementor-element elementor-element-1e274cdd\" data-id=\"1e274cdd\" data-element_type=\"column\" data-e-type=\"column\">\n\t\t\t<div class=\"elementor-widget-wrap elementor-element-populated\">\n\t\t\t\t\t\t<div class=\"elementor-element elementor-element-403f894a elementor-widget elementor-widget-image\" data-id=\"403f894a\" data-element_type=\"widget\" data-e-type=\"widget\" data-widget_type=\"image.default\">\n\t\t\t\t<div class=\"elementor-widget-container\">\n\t\t\t\t\t\t\t\t\t\t\t\t\t\t\t<img decoding=\"async\" width=\"82\" height=\"80\" src=\"https:\/\/bahai.ch\/en\/wp-content\/uploads\/sites\/4\/2024\/11\/9-pointed-star.png\" class=\"attachment-large size-large wp-image-14391\" alt=\"\" \/>\t\t\t\t\t\t\t\t\t\t\t\t\t\t\t<\/div>\n\t\t\t\t<\/div>\n\t\t\t\t\t<\/div>\n\t\t<\/div>\n\t\t\t\t<div class=\"elementor-column elementor-col-33 elementor-top-column elementor-element elementor-element-455a0995\" data-id=\"455a0995\" data-element_type=\"column\" data-e-type=\"column\">\n\t\t\t<div class=\"elementor-widget-wrap elementor-element-populated\">\n\t\t\t\t\t\t<div class=\"elementor-element elementor-element-44cd5caf elementor-widget__width-initial elementor-widget-mobile__width-initial elementor-widget elementor-widget-text-editor\" data-id=\"44cd5caf\" data-element_type=\"widget\" data-e-type=\"widget\" data-widget_type=\"text-editor.default\">\n\t\t\t\t<div class=\"elementor-widget-container\">\n\t\t\t\t\t\t\t\t\t<p><strong><a href=\"mailto:INFO@BAHAI.CH\">INFO@BAHAI.CH<\/a><br \/><\/strong><\/p>\t\t\t\t\t\t\t\t<\/div>\n\t\t\t\t<\/div>\n\t\t\t\t\t<\/div>\n\t\t<\/div>\n\t\t\t\t\t<\/div>\n\t\t<\/section>\n\t\t\t\t<section class=\"elementor-section elementor-top-section elementor-element elementor-element-35d046bd elementor-section-content-middle elementor-section-stretched section-spacing elementor-section-boxed elementor-section-height-default elementor-section-height-default\" data-id=\"35d046bd\" data-element_type=\"section\" data-e-type=\"section\" data-settings=\"{&quot;background_background&quot;:&quot;classic&quot;,&quot;stretch_section&quot;:&quot;section-stretched&quot;}\">\n\t\t\t\t\t\t\t<div class=\"elementor-background-overlay\"><\/div>\n\t\t\t\t\t\t\t<div class=\"elementor-container elementor-column-gap-default\">\n\t\t\t\t\t<div class=\"elementor-column elementor-col-50 elementor-top-column elementor-element elementor-element-57459417\" data-id=\"57459417\" data-element_type=\"column\" data-e-type=\"column\">\n\t\t\t<div class=\"elementor-widget-wrap elementor-element-populated\">\n\t\t\t\t\t\t<div class=\"elementor-element elementor-element-6d5c714c elementor-widget elementor-widget-heading\" data-id=\"6d5c714c\" data-element_type=\"widget\" data-e-type=\"widget\" data-widget_type=\"heading.default\">\n\t\t\t\t<div class=\"elementor-widget-container\">\n\t\t\t\t\t<h2 class=\"elementor-heading-title elementor-size-default\">Contributions of the Bah\u00e1'\u00eds of Switzerland<\/h2>\t\t\t\t<\/div>\n\t\t\t\t<\/div>\n\t\t\t\t<div class=\"elementor-element elementor-element-51d0b41d elementor-widget elementor-widget-text-editor\" data-id=\"51d0b41d\" data-element_type=\"widget\" data-e-type=\"widget\" data-widget_type=\"text-editor.default\">\n\t\t\t\t<div class=\"elementor-widget-container\">\n\t\t\t\t\t\t\t\t\t<p>Throughout their rich history, the Bah\u00e1\u2019\u00eds of Switzerland have been able to accomplish notable results. They&#8217;ve worked both within their community and in contributing to the discourses in society on issues of vital concern.<\/p><p>The Swiss Bah\u00e1&#8217;\u00ed community has adopted an approach where action is followed by reflection and consultation on next steps. The community has done the following:<\/p><h3>Participating in interreligious dialogue<\/h3><p>The Bah\u00e1&#8217;\u00eds of Switzerland have played an active role in fostering interreligious dialogue in various platforms throughout the country and on the national level.<\/p><h3>Spiritual education for children<\/h3><p>From the earliest days, the education of children has been a central part of Bah\u00e1\u2019\u00ed community life.<\/p><p>The Swiss Bah\u00e1\u2019\u00ed Community has sought to nurture the spiritual development of children and youth through a program that fosters an appreciation for the unity of the human family and the essential harmony of the world&#8217;s religious traditions. These classes also focus on cultivating spiritual qualities and moral values.<\/p><p>Offered freely by Bah\u00e1\u2019\u00eds and their friends, these neighborhood-based classes are open to all children, creating spaces where they can learn and grow together.<\/p><p>It has offered a perspective and an unassuming example, on such pressing issues as world peace, the future of Switzerland, racial discrimination, religious prejudice, integration and the equality of women and men.<\/p><p>From its inception, the community has cultivated an environment where women share equal responsibility with men.<\/p><p>The system of annual elections is by secret ballot, devoid of any form of nominations, campaigning, propaganda or quotas.<\/p>\t\t\t\t\t\t\t\t<\/div>\n\t\t\t\t<\/div>\n\t\t\t\t\t<\/div>\n\t\t<\/div>\n\t\t\t\t<div class=\"elementor-column elementor-col-50 elementor-top-column elementor-element elementor-element-6b051f97\" data-id=\"6b051f97\" data-element_type=\"column\" data-e-type=\"column\" data-settings=\"{&quot;background_background&quot;:&quot;classic&quot;}\">\n\t\t\t<div class=\"elementor-widget-wrap elementor-element-populated\">\n\t\t\t\t\t\t<div class=\"elementor-element elementor-element-70503ca9 elementor-widget elementor-widget-image\" data-id=\"70503ca9\" data-element_type=\"widget\" data-e-type=\"widget\" data-widget_type=\"image.default\">\n\t\t\t\t<div class=\"elementor-widget-container\">\n\t\t\t\t\t\t\t\t\t\t\t\t<figure class=\"wp-caption\">\n\t\t\t\t\t\t\t\t\t\t<img loading=\"lazy\" decoding=\"async\" width=\"562\" height=\"1000\" src=\"https:\/\/bahai.ch\/en\/wp-content\/uploads\/sites\/4\/2025\/02\/switzerland-verydiversecommunity.jpg\" class=\"attachment-large size-large wp-image-15218\" alt=\"\" srcset=\"https:\/\/bahai.ch\/en\/wp-content\/uploads\/sites\/4\/2025\/02\/switzerland-verydiversecommunity.jpg 562w, https:\/\/bahai.ch\/en\/wp-content\/uploads\/sites\/4\/2025\/02\/switzerland-verydiversecommunity-169x300.jpg 169w\" sizes=\"(max-width: 562px) 100vw, 562px\" \/>\t\t\t\t\t\t\t\t\t\t\t<figcaption class=\"widget-image-caption wp-caption-text\">Various community building activities and service projects<\/figcaption>\n\t\t\t\t\t\t\t\t\t\t<\/figure>\n\t\t\t\t\t\t\t\t\t<\/div>\n\t\t\t\t<\/div>\n\t\t\t\t\t<\/div>\n\t\t<\/div>\n\t\t\t\t\t<\/div>\n\t\t<\/section>\n\t\t\t\t<section class=\"elementor-section elementor-top-section elementor-element elementor-element-7b1005 elementor-section-content-middle elementor-section-stretched elementor-section-boxed elementor-section-height-default elementor-section-height-default\" data-id=\"7b1005\" data-element_type=\"section\" data-e-type=\"section\" data-settings=\"{&quot;stretch_section&quot;:&quot;section-stretched&quot;,&quot;background_background&quot;:&quot;classic&quot;}\">\n\t\t\t\t\t\t\t<div class=\"elementor-background-overlay\"><\/div>\n\t\t\t\t\t\t\t<div class=\"elementor-container elementor-column-gap-default\">\n\t\t\t\t\t<div class=\"elementor-column elementor-col-100 elementor-top-column elementor-element elementor-element-7cc3eba1\" data-id=\"7cc3eba1\" data-element_type=\"column\" data-e-type=\"column\">\n\t\t\t<div class=\"elementor-widget-wrap elementor-element-populated\">\n\t\t\t\t\t\t<div class=\"elementor-element elementor-element-42ceafce elementor-widget elementor-widget-heading\" data-id=\"42ceafce\" data-element_type=\"widget\" data-e-type=\"widget\" data-widget_type=\"heading.default\">\n\t\t\t\t<div class=\"elementor-widget-container\">\n\t\t\t\t\t<span class=\"elementor-heading-title elementor-size-default\">\"Observe With Your Own Eyes And Not With Those Of Others\"<\/span>\t\t\t\t<\/div>\n\t\t\t\t<\/div>\n\t\t\t\t<div class=\"elementor-element elementor-element-26370a4b elementor-widget elementor-widget-heading\" data-id=\"26370a4b\" data-element_type=\"widget\" data-e-type=\"widget\" data-widget_type=\"heading.default\">\n\t\t\t\t<div class=\"elementor-widget-container\">\n\t\t\t\t\t<span class=\"elementor-heading-title elementor-size-default\">'Abdu'l-Bah\u00e1<\/span>\t\t\t\t<\/div>\n\t\t\t\t<\/div>\n\t\t\t\t\t<\/div>\n\t\t<\/div>\n\t\t\t\t\t<\/div>\n\t\t<\/section>\n\t\t\t\t<\/div>\n\t\t","protected":false},"excerpt":{"rendered":"<p>A century-old community The Bah\u00e1\u2019i Faith has been present in Switzerland for well over 100 years. Edith and Joseph de Bons were the first Swiss to become Bah\u00e1&#8217;is. They lived in Sion (VS). Over the decades, people promoting and practicing the ideals of Bah\u00e1\u2019u\u2019ll\u00e1h&#8217;s message have spread out over the whole country. A very diverse [&hellip;]<\/p>\n","protected":false},"author":3,"featured_media":15112,"parent":0,"menu_order":0,"comment_status":"open","ping_status":"closed","template":"","meta":{"inline_featured_image":false,"footnotes":""},"class_list":["post-14210","page","type-page","status-publish","has-post-thumbnail","hentry"],"yoast_head":"<!-- This site is optimized with the Yoast SEO plugin v27.4 - https:\/\/yoast.com\/product\/yoast-seo-wordpress\/ -->\n<title>The Bah\u00e1\u2019\u00ed Faith in Switzerland - Bah\u00e1&#039;\u00ed Switzerland<\/title>\n<meta name=\"robots\" content=\"index, follow, max-snippet:-1, max-image-preview:large, max-video-preview:-1\" \/>\n<link rel=\"canonical\" href=\"https:\/\/bahai.ch\/en\/the-bahai-faith-in-switzerland\/\" \/>\n<meta property=\"og:locale\" content=\"en_US\" \/>\n<meta property=\"og:type\" content=\"article\" \/>\n<meta property=\"og:title\" content=\"The Bah\u00e1\u2019\u00ed Faith in Switzerland - Bah\u00e1&#039;\u00ed Switzerland\" \/>\n<meta property=\"og:description\" content=\"A century-old community The Bah\u00e1\u2019i Faith has been present in Switzerland for well over 100 years. Edith and Joseph de Bons were the first Swiss to become Bah\u00e1&#8217;is. They lived in Sion (VS). Over the decades, people promoting and practicing the ideals of Bah\u00e1\u2019u\u2019ll\u00e1h&#8217;s message have spread out over the whole country. A very diverse [&hellip;]\" \/>\n<meta property=\"og:url\" content=\"https:\/\/bahai.ch\/en\/the-bahai-faith-in-switzerland\/\" \/>\n<meta property=\"og:site_name\" content=\"Bah\u00e1&#039;\u00ed Switzerland\" \/>\n<meta property=\"article:modified_time\" content=\"2025-05-01T06:43:59+00:00\" \/>\n<meta property=\"og:image\" content=\"https:\/\/bahai.ch\/en\/wp-content\/uploads\/sites\/4\/2025\/01\/iStock-6730274482.jpg\" \/>\n\t<meta property=\"og:image:width\" content=\"1500\" \/>\n\t<meta property=\"og:image:height\" content=\"1477\" \/>\n\t<meta property=\"og:image:type\" content=\"image\/jpeg\" \/>\n<meta name=\"twitter:card\" content=\"summary_large_image\" \/>\n<meta name=\"twitter:label1\" content=\"Est. reading time\" \/>\n\t<meta name=\"twitter:data1\" content=\"2 minutes\" \/>\n<script type=\"application\/ld+json\" class=\"yoast-schema-graph\">{\"@context\":\"https:\\\/\\\/schema.org\",\"@graph\":[{\"@type\":\"WebPage\",\"@id\":\"https:\\\/\\\/bahai.ch\\\/en\\\/the-bahai-faith-in-switzerland\\\/\",\"url\":\"https:\\\/\\\/bahai.ch\\\/en\\\/the-bahai-faith-in-switzerland\\\/\",\"name\":\"The Bah\u00e1\u2019\u00ed Faith in Switzerland - Bah\u00e1&#039;\u00ed Switzerland\",\"isPartOf\":{\"@id\":\"https:\\\/\\\/bahai.ch\\\/en\\\/#website\"},\"primaryImageOfPage\":{\"@id\":\"https:\\\/\\\/bahai.ch\\\/en\\\/the-bahai-faith-in-switzerland\\\/#primaryimage\"},\"image\":{\"@id\":\"https:\\\/\\\/bahai.ch\\\/en\\\/the-bahai-faith-in-switzerland\\\/#primaryimage\"},\"thumbnailUrl\":\"https:\\\/\\\/bahai.ch\\\/en\\\/wp-content\\\/uploads\\\/sites\\\/4\\\/2025\\\/01\\\/iStock-6730274482.jpg\",\"datePublished\":\"2024-11-07T08:47:28+00:00\",\"dateModified\":\"2025-05-01T06:43:59+00:00\",\"breadcrumb\":{\"@id\":\"https:\\\/\\\/bahai.ch\\\/en\\\/the-bahai-faith-in-switzerland\\\/#breadcrumb\"},\"inLanguage\":\"en-US\",\"potentialAction\":[{\"@type\":\"ReadAction\",\"target\":[\"https:\\\/\\\/bahai.ch\\\/en\\\/the-bahai-faith-in-switzerland\\\/\"]}]},{\"@type\":\"ImageObject\",\"inLanguage\":\"en-US\",\"@id\":\"https:\\\/\\\/bahai.ch\\\/en\\\/the-bahai-faith-in-switzerland\\\/#primaryimage\",\"url\":\"https:\\\/\\\/bahai.ch\\\/en\\\/wp-content\\\/uploads\\\/sites\\\/4\\\/2025\\\/01\\\/iStock-6730274482.jpg\",\"contentUrl\":\"https:\\\/\\\/bahai.ch\\\/en\\\/wp-content\\\/uploads\\\/sites\\\/4\\\/2025\\\/01\\\/iStock-6730274482.jpg\",\"width\":1500,\"height\":1477},{\"@type\":\"BreadcrumbList\",\"@id\":\"https:\\\/\\\/bahai.ch\\\/en\\\/the-bahai-faith-in-switzerland\\\/#breadcrumb\",\"itemListElement\":[{\"@type\":\"ListItem\",\"position\":1,\"name\":\"Home\",\"item\":\"https:\\\/\\\/bahai.ch\\\/en\\\/\"},{\"@type\":\"ListItem\",\"position\":2,\"name\":\"The Bah\u00e1\u2019\u00ed Faith in Switzerland\"}]},{\"@type\":\"WebSite\",\"@id\":\"https:\\\/\\\/bahai.ch\\\/en\\\/#website\",\"url\":\"https:\\\/\\\/bahai.ch\\\/en\\\/\",\"name\":\"Bah\u00e1&#039;\u00ed Switzerland\",\"description\":\"OFFICIAL WEBSITE OF THE SWISS BAHA&#039;I-COMMUNITY\",\"potentialAction\":[{\"@type\":\"SearchAction\",\"target\":{\"@type\":\"EntryPoint\",\"urlTemplate\":\"https:\\\/\\\/bahai.ch\\\/en\\\/?s={search_term_string}\"},\"query-input\":{\"@type\":\"PropertyValueSpecification\",\"valueRequired\":true,\"valueName\":\"search_term_string\"}}],\"inLanguage\":\"en-US\"}]}<\/script>\n<!-- \/ Yoast SEO plugin. -->","yoast_head_json":{"title":"The Bah\u00e1\u2019\u00ed Faith in Switzerland - Bah\u00e1&#039;\u00ed Switzerland","robots":{"index":"index","follow":"follow","max-snippet":"max-snippet:-1","max-image-preview":"max-image-preview:large","max-video-preview":"max-video-preview:-1"},"canonical":"https:\/\/bahai.ch\/en\/the-bahai-faith-in-switzerland\/","og_locale":"en_US","og_type":"article","og_title":"The Bah\u00e1\u2019\u00ed Faith in Switzerland - Bah\u00e1&#039;\u00ed Switzerland","og_description":"A century-old community The Bah\u00e1\u2019i Faith has been present in Switzerland for well over 100 years. Edith and Joseph de Bons were the first Swiss to become Bah\u00e1&#8217;is. They lived in Sion (VS). Over the decades, people promoting and practicing the ideals of Bah\u00e1\u2019u\u2019ll\u00e1h&#8217;s message have spread out over the whole country. A very diverse [&hellip;]","og_url":"https:\/\/bahai.ch\/en\/the-bahai-faith-in-switzerland\/","og_site_name":"Bah\u00e1&#039;\u00ed Switzerland","article_modified_time":"2025-05-01T06:43:59+00:00","og_image":[{"width":1500,"height":1477,"url":"https:\/\/bahai.ch\/en\/wp-content\/uploads\/sites\/4\/2025\/01\/iStock-6730274482.jpg","type":"image\/jpeg"}],"twitter_card":"summary_large_image","twitter_misc":{"Est. reading time":"2 minutes"},"schema":{"@context":"https:\/\/schema.org","@graph":[{"@type":"WebPage","@id":"https:\/\/bahai.ch\/en\/the-bahai-faith-in-switzerland\/","url":"https:\/\/bahai.ch\/en\/the-bahai-faith-in-switzerland\/","name":"The Bah\u00e1\u2019\u00ed Faith in Switzerland - Bah\u00e1&#039;\u00ed Switzerland","isPartOf":{"@id":"https:\/\/bahai.ch\/en\/#website"},"primaryImageOfPage":{"@id":"https:\/\/bahai.ch\/en\/the-bahai-faith-in-switzerland\/#primaryimage"},"image":{"@id":"https:\/\/bahai.ch\/en\/the-bahai-faith-in-switzerland\/#primaryimage"},"thumbnailUrl":"https:\/\/bahai.ch\/en\/wp-content\/uploads\/sites\/4\/2025\/01\/iStock-6730274482.jpg","datePublished":"2024-11-07T08:47:28+00:00","dateModified":"2025-05-01T06:43:59+00:00","breadcrumb":{"@id":"https:\/\/bahai.ch\/en\/the-bahai-faith-in-switzerland\/#breadcrumb"},"inLanguage":"en-US","potentialAction":[{"@type":"ReadAction","target":["https:\/\/bahai.ch\/en\/the-bahai-faith-in-switzerland\/"]}]},{"@type":"ImageObject","inLanguage":"en-US","@id":"https:\/\/bahai.ch\/en\/the-bahai-faith-in-switzerland\/#primaryimage","url":"https:\/\/bahai.ch\/en\/wp-content\/uploads\/sites\/4\/2025\/01\/iStock-6730274482.jpg","contentUrl":"https:\/\/bahai.ch\/en\/wp-content\/uploads\/sites\/4\/2025\/01\/iStock-6730274482.jpg","width":1500,"height":1477},{"@type":"BreadcrumbList","@id":"https:\/\/bahai.ch\/en\/the-bahai-faith-in-switzerland\/#breadcrumb","itemListElement":[{"@type":"ListItem","position":1,"name":"Home","item":"https:\/\/bahai.ch\/en\/"},{"@type":"ListItem","position":2,"name":"The Bah\u00e1\u2019\u00ed Faith in Switzerland"}]},{"@type":"WebSite","@id":"https:\/\/bahai.ch\/en\/#website","url":"https:\/\/bahai.ch\/en\/","name":"Bah\u00e1&#039;\u00ed Switzerland","description":"OFFICIAL WEBSITE OF THE SWISS BAHA&#039;I-COMMUNITY","potentialAction":[{"@type":"SearchAction","target":{"@type":"EntryPoint","urlTemplate":"https:\/\/bahai.ch\/en\/?s={search_term_string}"},"query-input":{"@type":"PropertyValueSpecification","valueRequired":true,"valueName":"search_term_string"}}],"inLanguage":"en-US"}]}},"_links":{"self":[{"href":"https:\/\/bahai.ch\/en\/wp-json\/wp\/v2\/pages\/14210","targetHints":{"allow":["GET"]}}],"collection":[{"href":"https:\/\/bahai.ch\/en\/wp-json\/wp\/v2\/pages"}],"about":[{"href":"https:\/\/bahai.ch\/en\/wp-json\/wp\/v2\/types\/page"}],"author":[{"embeddable":true,"href":"https:\/\/bahai.ch\/en\/wp-json\/wp\/v2\/users\/3"}],"replies":[{"embeddable":true,"href":"https:\/\/bahai.ch\/en\/wp-json\/wp\/v2\/comments?post=14210"}],"version-history":[{"count":56,"href":"https:\/\/bahai.ch\/en\/wp-json\/wp\/v2\/pages\/14210\/revisions"}],"predecessor-version":[{"id":15316,"href":"https:\/\/bahai.ch\/en\/wp-json\/wp\/v2\/pages\/14210\/revisions\/15316"}],"wp:featuredmedia":[{"embeddable":true,"href":"https:\/\/bahai.ch\/en\/wp-json\/wp\/v2\/media\/15112"}],"wp:attachment":[{"href":"https:\/\/bahai.ch\/en\/wp-json\/wp\/v2\/media?parent=14210"}],"curies":[{"name":"wp","href":"https:\/\/api.w.org\/{rel}","templated":true}]}}