{"id":15194,"date":"2025-01-28T15:05:31","date_gmt":"2025-01-28T15:05:31","guid":{"rendered":"https:\/\/bahai.steincastle.com\/?page_id=15194"},"modified":"2025-05-27T11:52:43","modified_gmt":"2025-05-27T11:52:43","slug":"imprint","status":"publish","type":"page","link":"https:\/\/bahai.ch\/en\/imprint\/","title":{"rendered":"Imprint"},"content":{"rendered":"\t\t<div data-elementor-type=\"wp-page\" data-elementor-id=\"15194\" class=\"elementor elementor-15194\" data-elementor-post-type=\"page\">\n\t\t\t\t<div class=\"elementor-element elementor-element-c3188ad e-flex e-con-boxed e-con e-parent\" data-id=\"c3188ad\" data-element_type=\"container\" data-e-type=\"container\">\n\t\t\t\t\t<div class=\"e-con-inner\">\n\t\t\t\t<div class=\"elementor-element elementor-element-01c11dd elementor-widget elementor-widget-text-editor\" data-id=\"01c11dd\" data-element_type=\"widget\" data-e-type=\"widget\" data-widget_type=\"text-editor.default\">\n\t\t\t\t<div class=\"elementor-widget-container\">\n\t\t\t\t\t\t\t\t\t<h3><strong>RESPONSIBLE FOR THE CONTENT<\/strong><\/h3><p>National Spiritual Assembly of the Bah\u00e1\u2019\u00eds of Switzerland<br \/>Dufourstrasse 13<br \/>CH-3005 Bern<br \/>Switzerland<\/p><p>info@bahai.ch<br \/>+41 31 352 10 20<\/p><h3><strong>LIABILITY FOR CONTENT<\/strong><\/h3><p>The contents of these pages are created with great care. For correctness,<br \/>however, no liability can be assumed for the completeness and topicality of this content.<\/p><h3><strong>PICTURE CREDITS &amp; COPYRIGHT<\/strong><\/h3><p>The National Spiritual Assembly of the Bah\u00e1\u2019\u00eds of Switzerland and all trademarks, the logo of\u00a0<em>baha\u2019i switzerland<\/em>, all design elements, images and texts on the website are protected by copyright.\u00a0<em>Images used:<\/em>\u00a0National Spiritual Assembly of the Bah\u00e1\u2019\u00eds of Switzerland, Bah\u00e1\u2019\u00ed Media Library, SteinCastle GmbH, Depositphotos, Envato Marketplace.<\/p><h3><strong>DESIGN CONCEPT AND GRAPHIC DESIGN<\/strong><\/h3><p><a href=\"https:\/\/www.leacortes.ch\/\" target=\"_blank\" rel=\"noopener\">Lea Cort\u00e9s<\/a><\/p><h3><strong>TECHNICAL ADMINISTRATION<\/strong><\/h3><p><a href=\"https:\/\/tagsystems.com\/\" target=\"_blank\" rel=\"noopener\">TAG Systems AG<\/a><\/p>\t\t\t\t\t\t\t\t<\/div>\n\t\t\t\t<\/div>\n\t\t\t\t\t<\/div>\n\t\t\t\t<\/div>\n\t\t\t\t<\/div>\n\t\t","protected":false},"excerpt":{"rendered":"<p>RESPONSIBLE FOR THE CONTENT National Spiritual Assembly of the Bah\u00e1\u2019\u00eds of SwitzerlandDufourstrasse 13CH-3005 BernSwitzerland info@bahai.ch+41 31 352 10 20 LIABILITY FOR CONTENT The contents of these pages are created with great care. For correctness,however, no liability can be assumed for the completeness and topicality of this content. PICTURE CREDITS &amp; COPYRIGHT The National Spiritual Assembly [&hellip;]<\/p>\n","protected":false},"author":3,"featured_media":15208,"parent":0,"menu_order":0,"comment_status":"closed","ping_status":"closed","template":"","meta":{"inline_featured_image":false,"footnotes":""},"class_list":["post-15194","page","type-page","status-publish","has-post-thumbnail","hentry"],"yoast_head":"<!-- This site is optimized with the Yoast SEO plugin v27.4 - https:\/\/yoast.com\/product\/yoast-seo-wordpress\/ -->\n<title>Imprint - Bah\u00e1&#039;\u00ed Switzerland<\/title>\n<meta name=\"robots\" content=\"index, follow, max-snippet:-1, max-image-preview:large, max-video-preview:-1\" \/>\n<link rel=\"canonical\" href=\"https:\/\/bahai.ch\/en\/imprint\/\" \/>\n<meta property=\"og:locale\" content=\"en_US\" \/>\n<meta property=\"og:type\" content=\"article\" \/>\n<meta property=\"og:title\" content=\"Imprint - Bah\u00e1&#039;\u00ed Switzerland\" \/>\n<meta property=\"og:description\" content=\"RESPONSIBLE FOR THE CONTENT National Spiritual Assembly of the Bah\u00e1\u2019\u00eds of SwitzerlandDufourstrasse 13CH-3005 BernSwitzerland info@bahai.ch+41 31 352 10 20 LIABILITY FOR CONTENT The contents of these pages are created with great care. For correctness,however, no liability can be assumed for the completeness and topicality of this content. PICTURE CREDITS &amp; COPYRIGHT The National Spiritual Assembly [&hellip;]\" \/>\n<meta property=\"og:url\" content=\"https:\/\/bahai.ch\/en\/imprint\/\" \/>\n<meta property=\"og:site_name\" content=\"Bah\u00e1&#039;\u00ed Switzerland\" \/>\n<meta property=\"article:modified_time\" content=\"2025-05-27T11:52:43+00:00\" \/>\n<meta property=\"og:image\" content=\"https:\/\/bahai.ch\/en\/wp-content\/uploads\/sites\/4\/2025\/01\/imprint.jpg\" \/>\n\t<meta property=\"og:image:width\" content=\"1500\" \/>\n\t<meta property=\"og:image:height\" content=\"1000\" \/>\n\t<meta property=\"og:image:type\" content=\"image\/jpeg\" \/>\n<meta name=\"twitter:card\" content=\"summary_large_image\" \/>\n<meta name=\"twitter:label1\" content=\"Est. reading time\" \/>\n\t<meta name=\"twitter:data1\" content=\"1 minute\" \/>\n<script type=\"application\/ld+json\" class=\"yoast-schema-graph\">{\"@context\":\"https:\\\/\\\/schema.org\",\"@graph\":[{\"@type\":\"WebPage\",\"@id\":\"https:\\\/\\\/bahai.ch\\\/en\\\/imprint\\\/\",\"url\":\"https:\\\/\\\/bahai.ch\\\/en\\\/imprint\\\/\",\"name\":\"Imprint - Bah\u00e1&#039;\u00ed Switzerland\",\"isPartOf\":{\"@id\":\"https:\\\/\\\/bahai.ch\\\/en\\\/#website\"},\"primaryImageOfPage\":{\"@id\":\"https:\\\/\\\/bahai.ch\\\/en\\\/imprint\\\/#primaryimage\"},\"image\":{\"@id\":\"https:\\\/\\\/bahai.ch\\\/en\\\/imprint\\\/#primaryimage\"},\"thumbnailUrl\":\"https:\\\/\\\/bahai.ch\\\/en\\\/wp-content\\\/uploads\\\/sites\\\/4\\\/2025\\\/01\\\/imprint.jpg\",\"datePublished\":\"2025-01-28T15:05:31+00:00\",\"dateModified\":\"2025-05-27T11:52:43+00:00\",\"breadcrumb\":{\"@id\":\"https:\\\/\\\/bahai.ch\\\/en\\\/imprint\\\/#breadcrumb\"},\"inLanguage\":\"en-US\",\"potentialAction\":[{\"@type\":\"ReadAction\",\"target\":[\"https:\\\/\\\/bahai.ch\\\/en\\\/imprint\\\/\"]}]},{\"@type\":\"ImageObject\",\"inLanguage\":\"en-US\",\"@id\":\"https:\\\/\\\/bahai.ch\\\/en\\\/imprint\\\/#primaryimage\",\"url\":\"https:\\\/\\\/bahai.ch\\\/en\\\/wp-content\\\/uploads\\\/sites\\\/4\\\/2025\\\/01\\\/imprint.jpg\",\"contentUrl\":\"https:\\\/\\\/bahai.ch\\\/en\\\/wp-content\\\/uploads\\\/sites\\\/4\\\/2025\\\/01\\\/imprint.jpg\",\"width\":1500,\"height\":1000},{\"@type\":\"BreadcrumbList\",\"@id\":\"https:\\\/\\\/bahai.ch\\\/en\\\/imprint\\\/#breadcrumb\",\"itemListElement\":[{\"@type\":\"ListItem\",\"position\":1,\"name\":\"Home\",\"item\":\"https:\\\/\\\/bahai.ch\\\/en\\\/\"},{\"@type\":\"ListItem\",\"position\":2,\"name\":\"Imprint\"}]},{\"@type\":\"WebSite\",\"@id\":\"https:\\\/\\\/bahai.ch\\\/en\\\/#website\",\"url\":\"https:\\\/\\\/bahai.ch\\\/en\\\/\",\"name\":\"Bah\u00e1&#039;\u00ed Switzerland\",\"description\":\"OFFICIAL WEBSITE OF THE SWISS BAHA&#039;I-COMMUNITY\",\"potentialAction\":[{\"@type\":\"SearchAction\",\"target\":{\"@type\":\"EntryPoint\",\"urlTemplate\":\"https:\\\/\\\/bahai.ch\\\/en\\\/?s={search_term_string}\"},\"query-input\":{\"@type\":\"PropertyValueSpecification\",\"valueRequired\":true,\"valueName\":\"search_term_string\"}}],\"inLanguage\":\"en-US\"}]}<\/script>\n<!-- \/ Yoast SEO plugin. -->","yoast_head_json":{"title":"Imprint - Bah\u00e1&#039;\u00ed Switzerland","robots":{"index":"index","follow":"follow","max-snippet":"max-snippet:-1","max-image-preview":"max-image-preview:large","max-video-preview":"max-video-preview:-1"},"canonical":"https:\/\/bahai.ch\/en\/imprint\/","og_locale":"en_US","og_type":"article","og_title":"Imprint - Bah\u00e1&#039;\u00ed Switzerland","og_description":"RESPONSIBLE FOR THE CONTENT National Spiritual Assembly of the Bah\u00e1\u2019\u00eds of SwitzerlandDufourstrasse 13CH-3005 BernSwitzerland info@bahai.ch+41 31 352 10 20 LIABILITY FOR CONTENT The contents of these pages are created with great care. For correctness,however, no liability can be assumed for the completeness and topicality of this content. PICTURE CREDITS &amp; COPYRIGHT The National Spiritual Assembly [&hellip;]","og_url":"https:\/\/bahai.ch\/en\/imprint\/","og_site_name":"Bah\u00e1&#039;\u00ed Switzerland","article_modified_time":"2025-05-27T11:52:43+00:00","og_image":[{"width":1500,"height":1000,"url":"https:\/\/bahai.ch\/en\/wp-content\/uploads\/sites\/4\/2025\/01\/imprint.jpg","type":"image\/jpeg"}],"twitter_card":"summary_large_image","twitter_misc":{"Est. reading time":"1 minute"},"schema":{"@context":"https:\/\/schema.org","@graph":[{"@type":"WebPage","@id":"https:\/\/bahai.ch\/en\/imprint\/","url":"https:\/\/bahai.ch\/en\/imprint\/","name":"Imprint - Bah\u00e1&#039;\u00ed Switzerland","isPartOf":{"@id":"https:\/\/bahai.ch\/en\/#website"},"primaryImageOfPage":{"@id":"https:\/\/bahai.ch\/en\/imprint\/#primaryimage"},"image":{"@id":"https:\/\/bahai.ch\/en\/imprint\/#primaryimage"},"thumbnailUrl":"https:\/\/bahai.ch\/en\/wp-content\/uploads\/sites\/4\/2025\/01\/imprint.jpg","datePublished":"2025-01-28T15:05:31+00:00","dateModified":"2025-05-27T11:52:43+00:00","breadcrumb":{"@id":"https:\/\/bahai.ch\/en\/imprint\/#breadcrumb"},"inLanguage":"en-US","potentialAction":[{"@type":"ReadAction","target":["https:\/\/bahai.ch\/en\/imprint\/"]}]},{"@type":"ImageObject","inLanguage":"en-US","@id":"https:\/\/bahai.ch\/en\/imprint\/#primaryimage","url":"https:\/\/bahai.ch\/en\/wp-content\/uploads\/sites\/4\/2025\/01\/imprint.jpg","contentUrl":"https:\/\/bahai.ch\/en\/wp-content\/uploads\/sites\/4\/2025\/01\/imprint.jpg","width":1500,"height":1000},{"@type":"BreadcrumbList","@id":"https:\/\/bahai.ch\/en\/imprint\/#breadcrumb","itemListElement":[{"@type":"ListItem","position":1,"name":"Home","item":"https:\/\/bahai.ch\/en\/"},{"@type":"ListItem","position":2,"name":"Imprint"}]},{"@type":"WebSite","@id":"https:\/\/bahai.ch\/en\/#website","url":"https:\/\/bahai.ch\/en\/","name":"Bah\u00e1&#039;\u00ed Switzerland","description":"OFFICIAL WEBSITE OF THE SWISS BAHA&#039;I-COMMUNITY","potentialAction":[{"@type":"SearchAction","target":{"@type":"EntryPoint","urlTemplate":"https:\/\/bahai.ch\/en\/?s={search_term_string}"},"query-input":{"@type":"PropertyValueSpecification","valueRequired":true,"valueName":"search_term_string"}}],"inLanguage":"en-US"}]}},"_links":{"self":[{"href":"https:\/\/bahai.ch\/en\/wp-json\/wp\/v2\/pages\/15194","targetHints":{"allow":["GET"]}}],"collection":[{"href":"https:\/\/bahai.ch\/en\/wp-json\/wp\/v2\/pages"}],"about":[{"href":"https:\/\/bahai.ch\/en\/wp-json\/wp\/v2\/types\/page"}],"author":[{"embeddable":true,"href":"https:\/\/bahai.ch\/en\/wp-json\/wp\/v2\/users\/3"}],"replies":[{"embeddable":true,"href":"https:\/\/bahai.ch\/en\/wp-json\/wp\/v2\/comments?post=15194"}],"version-history":[{"count":10,"href":"https:\/\/bahai.ch\/en\/wp-json\/wp\/v2\/pages\/15194\/revisions"}],"predecessor-version":[{"id":15340,"href":"https:\/\/bahai.ch\/en\/wp-json\/wp\/v2\/pages\/15194\/revisions\/15340"}],"wp:featuredmedia":[{"embeddable":true,"href":"https:\/\/bahai.ch\/en\/wp-json\/wp\/v2\/media\/15208"}],"wp:attachment":[{"href":"https:\/\/bahai.ch\/en\/wp-json\/wp\/v2\/media?parent=15194"}],"curies":[{"name":"wp","href":"https:\/\/api.w.org\/{rel}","templated":true}]}}