{"id":12666,"date":"2022-11-01T21:19:11","date_gmt":"2022-11-01T21:19:11","guid":{"rendered":"http:\/\/www.nicdarkthemes.com\/themes\/charity-foundation\/wp\/demo\/charity-foundation\/?page_id=12666"},"modified":"2026-03-28T15:13:54","modified_gmt":"2026-03-28T13:13:54","slug":"bahais-de-suisse","status":"publish","type":"page","link":"https:\/\/bahai.ch\/fr\/","title":{"rendered":"Bah\u00e1\u2019\u00eds de Suisse"},"content":{"rendered":"\t\t<div data-elementor-type=\"wp-page\" data-elementor-id=\"12666\" class=\"elementor elementor-12666\" data-elementor-post-type=\"page\">\n\t\t\t\t\t\t<section class=\"elementor-section elementor-top-section elementor-element elementor-element-421b3d44 elementor-section-stretched elementor-section-height-full elementor-section-items-top elementor-section-content-top elementor-section-boxed elementor-section-height-default\" data-id=\"421b3d44\" data-element_type=\"section\" data-e-type=\"section\" data-settings=\"{&quot;stretch_section&quot;:&quot;section-stretched&quot;,&quot;background_background&quot;:&quot;classic&quot;,&quot;background_motion_fx_motion_fx_scrolling&quot;:&quot;yes&quot;,&quot;background_motion_fx_scale_effect&quot;:&quot;yes&quot;,&quot;background_motion_fx_scale_direction&quot;:&quot;in-out&quot;,&quot;background_motion_fx_scale_speed&quot;:{&quot;unit&quot;:&quot;px&quot;,&quot;size&quot;:4,&quot;sizes&quot;:[]},&quot;background_motion_fx_scale_range&quot;:{&quot;unit&quot;:&quot;%&quot;,&quot;size&quot;:&quot;&quot;,&quot;sizes&quot;:{&quot;start&quot;:20,&quot;end&quot;:80}},&quot;background_motion_fx_devices&quot;:[&quot;desktop&quot;,&quot;tablet&quot;,&quot;mobile&quot;]}\">\n\t\t\t\t\t\t\t<div class=\"elementor-background-overlay\"><\/div>\n\t\t\t\t\t\t\t<div class=\"elementor-container elementor-column-gap-default\">\n\t\t\t\t\t<div class=\"elementor-column elementor-col-100 elementor-top-column elementor-element elementor-element-2cf0f1f3\" data-id=\"2cf0f1f3\" data-element_type=\"column\" data-e-type=\"column\">\n\t\t\t<div class=\"elementor-widget-wrap elementor-element-populated\">\n\t\t\t\t\t\t<div class=\"elementor-element elementor-element-578205dc elementor--h-position-center elementor--v-position-middle elementor-arrows-position-inside elementor-pagination-position-inside elementor-widget elementor-widget-slides\" data-id=\"578205dc\" data-element_type=\"widget\" data-e-type=\"widget\" data-settings=\"{&quot;motion_fx_motion_fx_scrolling&quot;:&quot;yes&quot;,&quot;motion_fx_translateY_effect&quot;:&quot;yes&quot;,&quot;motion_fx_translateY_direction&quot;:&quot;negative&quot;,&quot;navigation&quot;:&quot;both&quot;,&quot;transition&quot;:&quot;slide&quot;,&quot;transition_speed&quot;:500,&quot;motion_fx_translateY_speed&quot;:{&quot;unit&quot;:&quot;px&quot;,&quot;size&quot;:4,&quot;sizes&quot;:[]},&quot;motion_fx_translateY_affectedRange&quot;:{&quot;unit&quot;:&quot;%&quot;,&quot;size&quot;:&quot;&quot;,&quot;sizes&quot;:{&quot;start&quot;:0,&quot;end&quot;:100}},&quot;motion_fx_devices&quot;:[&quot;desktop&quot;,&quot;tablet&quot;,&quot;mobile&quot;]}\" data-widget_type=\"slides.default\">\n\t\t\t\t<div class=\"elementor-widget-container\">\n\t\t\t\t\t\t\t\t\t<div class=\"elementor-swiper\">\n\t\t\t\t\t<div class=\"elementor-slides-wrapper elementor-main-swiper swiper\" role=\"region\" aria-roledescription=\"carousel\" aria-label=\"Slides\" dir=\"ltr\" data-animation=\"fadeInUp\">\n\t\t\t\t<div class=\"swiper-wrapper elementor-slides\">\n\t\t\t\t\t\t\t\t\t\t<div class=\"elementor-repeater-item-d951854 swiper-slide\" role=\"group\" aria-roledescription=\"slide\"><div class=\"swiper-slide-bg\"><\/div><div class=\"swiper-slide-inner\" ><div class=\"swiper-slide-contents\"><div class=\"elementor-slide-heading\">\"La Terre n'est qu'un seul pays et tous les hommes en sont les citoyens.\"<\/div><div class=\"elementor-slide-description\">Bah\u00e1'u'll\u00e1h<\/div><\/div><\/div><\/div>\t\t\t\t<\/div>\n\t\t\t\t\t\t\t<\/div>\n\t\t\t\t<\/div>\n\t\t\t\t\t\t\t\t<\/div>\n\t\t\t\t<\/div>\n\t\t\t\t\t<\/div>\n\t\t<\/div>\n\t\t\t\t\t<\/div>\n\t\t<\/section>\n\t\t\t\t<section class=\"elementor-section elementor-top-section elementor-element elementor-element-7fb05edb elementor-section-content-middle elementor-section-stretched section-spacing elementor-section-boxed elementor-section-height-default elementor-section-height-default\" data-id=\"7fb05edb\" data-element_type=\"section\" data-e-type=\"section\" data-settings=\"{&quot;background_background&quot;:&quot;classic&quot;,&quot;stretch_section&quot;:&quot;section-stretched&quot;}\">\n\t\t\t\t\t\t\t<div class=\"elementor-background-overlay\"><\/div>\n\t\t\t\t\t\t\t<div class=\"elementor-container elementor-column-gap-default\">\n\t\t\t\t\t<div class=\"elementor-column elementor-col-50 elementor-top-column elementor-element elementor-element-bce55f9\" data-id=\"bce55f9\" data-element_type=\"column\" data-e-type=\"column\">\n\t\t\t<div class=\"elementor-widget-wrap elementor-element-populated\">\n\t\t\t\t\t\t<div class=\"elementor-element elementor-element-5acbc9cb elementor-widget elementor-widget-heading\" data-id=\"5acbc9cb\" data-element_type=\"widget\" data-e-type=\"widget\" data-widget_type=\"heading.default\">\n\t\t\t\t<div class=\"elementor-widget-container\">\n\t\t\t\t\t<h5 class=\"elementor-heading-title elementor-size-default\">Les \u00c9crits de Bah\u00e1'u'll\u00e1h nous inspirent \u00e0 construire un monde meilleur.<\/h5>\t\t\t\t<\/div>\n\t\t\t\t<\/div>\n\t\t\t\t<div class=\"elementor-element elementor-element-3304798e elementor-widget elementor-widget-heading\" data-id=\"3304798e\" data-element_type=\"widget\" data-e-type=\"widget\" data-widget_type=\"heading.default\">\n\t\t\t\t<div class=\"elementor-widget-container\">\n\t\t\t\t\t<h2 class=\"elementor-heading-title elementor-size-default\">Engag\u00e9s dans la construction de communaut\u00e9s vibrantes<\/h2>\t\t\t\t<\/div>\n\t\t\t\t<\/div>\n\t\t\t\t<div class=\"elementor-element elementor-element-1ba07b1 elementor-widget elementor-widget-text-editor\" data-id=\"1ba07b1\" data-element_type=\"widget\" data-e-type=\"widget\" data-widget_type=\"text-editor.default\">\n\t\t\t\t<div class=\"elementor-widget-container\">\n\t\t\t\t\t\t\t\t\t<p>Dans toute la Suisse, les enseignements de la Foi bah\u00e1\u2019\u00ede inspirent des individus et des communaut\u00e9s \u0153uvrant \u00e0 am\u00e9liorer leur propre vie et \u00e0 contribuant au progr\u00e8s de la civilisation, vers le progr\u00e8s spirituel et mat\u00e9riel. Cela est mis en action dans <a href=\"https:\/\/bahai.ch\/fr\/ce-que-les-bahais-font\/\">d&rsquo;activit\u00e9s vari\u00e9es, ouvertes \u00e0 tous<\/a>.<\/p><p>Les croyances bah\u00e1\u2019\u00edes touchent \u00e0 des th\u00e8mes tels que l\u2019unicit\u00e9 de Dieu et de la religion, l\u2019unit\u00e9 de l\u2019humanit\u00e9 et l\u2019\u00e9limination des pr\u00e9jug\u00e9s, le caract\u00e8re noble de l\u2019\u00eatre humain, la r\u00e9v\u00e9lation progressive de la v\u00e9rit\u00e9 religieuse, le d\u00e9veloppement des qualit\u00e9s spirituelles, l\u2019int\u00e9gration de l\u2019adoration et du service, l\u2019\u00e9galit\u00e9 fondamentale des sexes, l\u2019harmonie entre la religion et la science, la justice au centre de tous les efforts humains, l\u2019importance de l\u2019\u00e9ducation et le dynamisme des relations qui lient les individus, les communaut\u00e9s et les institutions les uns aux autres au fur et \u00e0 mesure que l\u2019humanit\u00e9 avance vers sa maturit\u00e9 collective.<\/p>\t\t\t\t\t\t\t\t<\/div>\n\t\t\t\t<\/div>\n\t\t\t\t\t<\/div>\n\t\t<\/div>\n\t\t\t\t<div class=\"elementor-column elementor-col-50 elementor-top-column elementor-element elementor-element-322b62a\" data-id=\"322b62a\" data-element_type=\"column\" data-e-type=\"column\" data-settings=\"{&quot;background_background&quot;:&quot;classic&quot;}\">\n\t\t\t<div class=\"elementor-widget-wrap elementor-element-populated\">\n\t\t\t\t\t\t<div class=\"elementor-element elementor-element-7e2bd5a elementor-widget elementor-widget-image\" data-id=\"7e2bd5a\" data-element_type=\"widget\" data-e-type=\"widget\" data-widget_type=\"image.default\">\n\t\t\t\t<div class=\"elementor-widget-container\">\n\t\t\t\t\t\t\t\t\t\t\t\t<figure class=\"wp-caption\">\n\t\t\t\t\t\t\t\t\t\t<img fetchpriority=\"high\" decoding=\"async\" width=\"1024\" height=\"889\" src=\"https:\/\/bahai.ch\/fr\/wp-content\/uploads\/sites\/2\/2024\/11\/IMG_6353-scaled-e1732875450831-1024x889.jpg\" class=\"attachment-large size-large wp-image-14890\" alt=\"\" srcset=\"https:\/\/bahai.ch\/fr\/wp-content\/uploads\/sites\/2\/2024\/11\/IMG_6353-scaled-e1732875450831-1024x889.jpg 1024w, https:\/\/bahai.ch\/fr\/wp-content\/uploads\/sites\/2\/2024\/11\/IMG_6353-scaled-e1732875450831-300x260.jpg 300w, https:\/\/bahai.ch\/fr\/wp-content\/uploads\/sites\/2\/2024\/11\/IMG_6353-scaled-e1732875450831-768x666.jpg 768w, https:\/\/bahai.ch\/fr\/wp-content\/uploads\/sites\/2\/2024\/11\/IMG_6353-scaled-e1732875450831-1536x1333.jpg 1536w, https:\/\/bahai.ch\/fr\/wp-content\/uploads\/sites\/2\/2024\/11\/IMG_6353-scaled-e1732875450831.jpg 1966w\" sizes=\"(max-width: 1024px) 100vw, 1024px\" \/>\t\t\t\t\t\t\t\t\t\t\t<figcaption class=\"widget-image-caption wp-caption-text\">Peinture murale r\u00e9alis\u00e9e par une classe d'enfants, Schaffhouse<\/figcaption>\n\t\t\t\t\t\t\t\t\t\t<\/figure>\n\t\t\t\t\t\t\t\t\t<\/div>\n\t\t\t\t<\/div>\n\t\t\t\t\t<\/div>\n\t\t<\/div>\n\t\t\t\t\t<\/div>\n\t\t<\/section>\n\t\t\t\t<section class=\"elementor-section elementor-top-section elementor-element elementor-element-29f92163 elementor-section-content-middle elementor-section-stretched elementor-section-boxed elementor-section-height-default elementor-section-height-default\" data-id=\"29f92163\" data-element_type=\"section\" data-e-type=\"section\" data-settings=\"{&quot;stretch_section&quot;:&quot;section-stretched&quot;,&quot;background_background&quot;:&quot;classic&quot;}\">\n\t\t\t\t\t\t\t<div class=\"elementor-background-overlay\"><\/div>\n\t\t\t\t\t\t\t<div class=\"elementor-container elementor-column-gap-default\">\n\t\t\t\t\t<div class=\"elementor-column elementor-col-100 elementor-top-column elementor-element elementor-element-f15c5c7\" data-id=\"f15c5c7\" data-element_type=\"column\" data-e-type=\"column\">\n\t\t\t<div class=\"elementor-widget-wrap elementor-element-populated\">\n\t\t\t\t\t\t<div class=\"elementor-element elementor-element-7c19ec21 elementor-widget elementor-widget-heading\" data-id=\"7c19ec21\" data-element_type=\"widget\" data-e-type=\"widget\" data-widget_type=\"heading.default\">\n\t\t\t\t<div class=\"elementor-widget-container\">\n\t\t\t\t\t<span class=\"elementor-heading-title elementor-size-default\">Les bah\u00e1'\u00eds en Suisse:<br>\nune communaut\u00e9 centenaire<\/span>\t\t\t\t<\/div>\n\t\t\t\t<\/div>\n\t\t\t\t<div class=\"elementor-element elementor-element-d7da0b3 elementor-widget elementor-widget-heading\" data-id=\"d7da0b3\" data-element_type=\"widget\" data-e-type=\"widget\" data-widget_type=\"heading.default\">\n\t\t\t\t<div class=\"elementor-widget-container\">\n\t\t\t\t\t<span class=\"elementor-heading-title elementor-size-default\">La foi bah\u00e1'\u00ede est pr\u00e9sente en Suisse depuis le d\u00e9but du 20\u00e8me si\u00e8cle.<\/span>\t\t\t\t<\/div>\n\t\t\t\t<\/div>\n\t\t\t\t<div class=\"elementor-element elementor-element-92c909d elementor-align-center elementor-widget elementor-widget-button\" data-id=\"92c909d\" data-element_type=\"widget\" data-e-type=\"widget\" data-widget_type=\"button.default\">\n\t\t\t\t<div class=\"elementor-widget-container\">\n\t\t\t\t\t\t\t\t\t<div class=\"elementor-button-wrapper\">\n\t\t\t\t\t<a class=\"elementor-button elementor-button-link elementor-size-sm\" href=\"https:\/\/bahai.ch\/fr\/la-foi-bahaie-en-suisse\/\">\n\t\t\t\t\t\t<span class=\"elementor-button-content-wrapper\">\n\t\t\t\t\t\t\t\t\t<span class=\"elementor-button-text\">D\u00e9couvrez l'histoire des premiers Suisses qui sont devenus bah\u00e1'\u00eds<\/span>\n\t\t\t\t\t<\/span>\n\t\t\t\t\t<\/a>\n\t\t\t\t<\/div>\n\t\t\t\t\t\t\t\t<\/div>\n\t\t\t\t<\/div>\n\t\t\t\t\t<\/div>\n\t\t<\/div>\n\t\t\t\t\t<\/div>\n\t\t<\/section>\n\t\t\t\t<\/div>\n\t\t","protected":false},"excerpt":{"rendered":"<p>\u00ab\u00a0La Terre n&rsquo;est qu&rsquo;un seul pays et tous les hommes en sont les citoyens.\u00a0\u00bbBah\u00e1&rsquo;u&rsquo;ll\u00e1h Les \u00c9crits de Bah\u00e1&rsquo;u&rsquo;ll\u00e1h nous inspirent \u00e0 construire un monde meilleur. Engag\u00e9s dans la construction de communaut\u00e9s vibrantes Dans toute la Suisse, les enseignements de la Foi bah\u00e1\u2019\u00ede inspirent des individus et des communaut\u00e9s \u0153uvrant \u00e0 am\u00e9liorer leur propre vie et [&hellip;]<\/p>\n","protected":false},"author":3,"featured_media":0,"parent":0,"menu_order":0,"comment_status":"closed","ping_status":"closed","template":"elementor_header_footer","meta":{"inline_featured_image":false,"footnotes":""},"class_list":["post-12666","page","type-page","status-publish","hentry"],"yoast_head":"<!-- This site is optimized with the Yoast SEO plugin v27.3 - https:\/\/yoast.com\/product\/yoast-seo-wordpress\/ -->\n<title>Bah\u00e1\u2019\u00eds de Suisse - Bah\u00e1&#039;\u00ed Suisse<\/title>\n<meta name=\"robots\" content=\"index, follow, max-snippet:-1, max-image-preview:large, max-video-preview:-1\" \/>\n<link rel=\"canonical\" href=\"https:\/\/bahai.ch\/fr\/\" \/>\n<meta property=\"og:locale\" content=\"fr_FR\" \/>\n<meta property=\"og:type\" content=\"article\" \/>\n<meta property=\"og:title\" content=\"Bah\u00e1\u2019\u00eds de Suisse - Bah\u00e1&#039;\u00ed Suisse\" \/>\n<meta property=\"og:description\" content=\"\u00ab\u00a0La Terre n&rsquo;est qu&rsquo;un seul pays et tous les hommes en sont les citoyens.\u00a0\u00bbBah\u00e1&rsquo;u&rsquo;ll\u00e1h Les \u00c9crits de Bah\u00e1&rsquo;u&rsquo;ll\u00e1h nous inspirent \u00e0 construire un monde meilleur. Engag\u00e9s dans la construction de communaut\u00e9s vibrantes Dans toute la Suisse, les enseignements de la Foi bah\u00e1\u2019\u00ede inspirent des individus et des communaut\u00e9s \u0153uvrant \u00e0 am\u00e9liorer leur propre vie et [&hellip;]\" \/>\n<meta property=\"og:url\" content=\"https:\/\/bahai.ch\/fr\/\" \/>\n<meta property=\"og:site_name\" content=\"Bah\u00e1&#039;\u00ed Suisse\" \/>\n<meta property=\"article:modified_time\" content=\"2026-03-28T13:13:54+00:00\" \/>\n<meta property=\"og:image\" content=\"https:\/\/bahai.ch\/fr\/wp-content\/uploads\/sites\/2\/2024\/11\/IMG_6353-scaled-e1732875450831.jpg\" \/>\n\t<meta property=\"og:image:width\" content=\"1966\" \/>\n\t<meta property=\"og:image:height\" content=\"1706\" \/>\n\t<meta property=\"og:image:type\" content=\"image\/jpeg\" \/>\n<meta name=\"twitter:card\" content=\"summary_large_image\" \/>\n<meta name=\"twitter:label1\" content=\"Dur\u00e9e de lecture estim\u00e9e\" \/>\n\t<meta name=\"twitter:data1\" content=\"2 minutes\" \/>\n<script type=\"application\/ld+json\" class=\"yoast-schema-graph\">{\"@context\":\"https:\\\/\\\/schema.org\",\"@graph\":[{\"@type\":\"WebPage\",\"@id\":\"https:\\\/\\\/bahai.ch\\\/fr\\\/\",\"url\":\"https:\\\/\\\/bahai.ch\\\/fr\\\/\",\"name\":\"Bah\u00e1\u2019\u00eds de Suisse - Bah\u00e1&#039;\u00ed Suisse\",\"isPartOf\":{\"@id\":\"https:\\\/\\\/bahai.ch\\\/fr\\\/#website\"},\"primaryImageOfPage\":{\"@id\":\"https:\\\/\\\/bahai.ch\\\/fr\\\/#primaryimage\"},\"image\":{\"@id\":\"https:\\\/\\\/bahai.ch\\\/fr\\\/#primaryimage\"},\"thumbnailUrl\":\"https:\\\/\\\/bahai.ch\\\/fr\\\/wp-content\\\/uploads\\\/sites\\\/2\\\/2024\\\/11\\\/IMG_6353-scaled-e1732875450831-1024x889.jpg\",\"datePublished\":\"2022-11-01T21:19:11+00:00\",\"dateModified\":\"2026-03-28T13:13:54+00:00\",\"breadcrumb\":{\"@id\":\"https:\\\/\\\/bahai.ch\\\/fr\\\/#breadcrumb\"},\"inLanguage\":\"fr-FR\",\"potentialAction\":[{\"@type\":\"ReadAction\",\"target\":[\"https:\\\/\\\/bahai.ch\\\/fr\\\/\"]}]},{\"@type\":\"ImageObject\",\"inLanguage\":\"fr-FR\",\"@id\":\"https:\\\/\\\/bahai.ch\\\/fr\\\/#primaryimage\",\"url\":\"https:\\\/\\\/bahai.ch\\\/fr\\\/wp-content\\\/uploads\\\/sites\\\/2\\\/2024\\\/11\\\/IMG_6353-scaled-e1732875450831.jpg\",\"contentUrl\":\"https:\\\/\\\/bahai.ch\\\/fr\\\/wp-content\\\/uploads\\\/sites\\\/2\\\/2024\\\/11\\\/IMG_6353-scaled-e1732875450831.jpg\",\"width\":1966,\"height\":1706},{\"@type\":\"BreadcrumbList\",\"@id\":\"https:\\\/\\\/bahai.ch\\\/fr\\\/#breadcrumb\",\"itemListElement\":[{\"@type\":\"ListItem\",\"position\":1,\"name\":\"Home\",\"item\":\"https:\\\/\\\/bahai.ch\\\/fr\\\/\"},{\"@type\":\"ListItem\",\"position\":2,\"name\":\"Bah\u00e1\u2019\u00eds de Suisse\"}]},{\"@type\":\"WebSite\",\"@id\":\"https:\\\/\\\/bahai.ch\\\/fr\\\/#website\",\"url\":\"https:\\\/\\\/bahai.ch\\\/fr\\\/\",\"name\":\"Bah\u00e1&#039;\u00ed Suisse\",\"description\":\"SITE OFFICIEL DES BAHA&#039;IS DE SUISSE\",\"potentialAction\":[{\"@type\":\"SearchAction\",\"target\":{\"@type\":\"EntryPoint\",\"urlTemplate\":\"https:\\\/\\\/bahai.ch\\\/fr\\\/?s={search_term_string}\"},\"query-input\":{\"@type\":\"PropertyValueSpecification\",\"valueRequired\":true,\"valueName\":\"search_term_string\"}}],\"inLanguage\":\"fr-FR\"}]}<\/script>\n<!-- \/ Yoast SEO plugin. -->","yoast_head_json":{"title":"Bah\u00e1\u2019\u00eds de Suisse - Bah\u00e1&#039;\u00ed Suisse","robots":{"index":"index","follow":"follow","max-snippet":"max-snippet:-1","max-image-preview":"max-image-preview:large","max-video-preview":"max-video-preview:-1"},"canonical":"https:\/\/bahai.ch\/fr\/","og_locale":"fr_FR","og_type":"article","og_title":"Bah\u00e1\u2019\u00eds de Suisse - Bah\u00e1&#039;\u00ed Suisse","og_description":"\u00ab\u00a0La Terre n&rsquo;est qu&rsquo;un seul pays et tous les hommes en sont les citoyens.\u00a0\u00bbBah\u00e1&rsquo;u&rsquo;ll\u00e1h Les \u00c9crits de Bah\u00e1&rsquo;u&rsquo;ll\u00e1h nous inspirent \u00e0 construire un monde meilleur. Engag\u00e9s dans la construction de communaut\u00e9s vibrantes Dans toute la Suisse, les enseignements de la Foi bah\u00e1\u2019\u00ede inspirent des individus et des communaut\u00e9s \u0153uvrant \u00e0 am\u00e9liorer leur propre vie et [&hellip;]","og_url":"https:\/\/bahai.ch\/fr\/","og_site_name":"Bah\u00e1&#039;\u00ed Suisse","article_modified_time":"2026-03-28T13:13:54+00:00","og_image":[{"width":1966,"height":1706,"url":"https:\/\/bahai.ch\/fr\/wp-content\/uploads\/sites\/2\/2024\/11\/IMG_6353-scaled-e1732875450831.jpg","type":"image\/jpeg"}],"twitter_card":"summary_large_image","twitter_misc":{"Dur\u00e9e de lecture estim\u00e9e":"2 minutes"},"schema":{"@context":"https:\/\/schema.org","@graph":[{"@type":"WebPage","@id":"https:\/\/bahai.ch\/fr\/","url":"https:\/\/bahai.ch\/fr\/","name":"Bah\u00e1\u2019\u00eds de Suisse - Bah\u00e1&#039;\u00ed Suisse","isPartOf":{"@id":"https:\/\/bahai.ch\/fr\/#website"},"primaryImageOfPage":{"@id":"https:\/\/bahai.ch\/fr\/#primaryimage"},"image":{"@id":"https:\/\/bahai.ch\/fr\/#primaryimage"},"thumbnailUrl":"https:\/\/bahai.ch\/fr\/wp-content\/uploads\/sites\/2\/2024\/11\/IMG_6353-scaled-e1732875450831-1024x889.jpg","datePublished":"2022-11-01T21:19:11+00:00","dateModified":"2026-03-28T13:13:54+00:00","breadcrumb":{"@id":"https:\/\/bahai.ch\/fr\/#breadcrumb"},"inLanguage":"fr-FR","potentialAction":[{"@type":"ReadAction","target":["https:\/\/bahai.ch\/fr\/"]}]},{"@type":"ImageObject","inLanguage":"fr-FR","@id":"https:\/\/bahai.ch\/fr\/#primaryimage","url":"https:\/\/bahai.ch\/fr\/wp-content\/uploads\/sites\/2\/2024\/11\/IMG_6353-scaled-e1732875450831.jpg","contentUrl":"https:\/\/bahai.ch\/fr\/wp-content\/uploads\/sites\/2\/2024\/11\/IMG_6353-scaled-e1732875450831.jpg","width":1966,"height":1706},{"@type":"BreadcrumbList","@id":"https:\/\/bahai.ch\/fr\/#breadcrumb","itemListElement":[{"@type":"ListItem","position":1,"name":"Home","item":"https:\/\/bahai.ch\/fr\/"},{"@type":"ListItem","position":2,"name":"Bah\u00e1\u2019\u00eds de Suisse"}]},{"@type":"WebSite","@id":"https:\/\/bahai.ch\/fr\/#website","url":"https:\/\/bahai.ch\/fr\/","name":"Bah\u00e1&#039;\u00ed Suisse","description":"SITE OFFICIEL DES BAHA&#039;IS DE SUISSE","potentialAction":[{"@type":"SearchAction","target":{"@type":"EntryPoint","urlTemplate":"https:\/\/bahai.ch\/fr\/?s={search_term_string}"},"query-input":{"@type":"PropertyValueSpecification","valueRequired":true,"valueName":"search_term_string"}}],"inLanguage":"fr-FR"}]}},"_links":{"self":[{"href":"https:\/\/bahai.ch\/fr\/wp-json\/wp\/v2\/pages\/12666","targetHints":{"allow":["GET"]}}],"collection":[{"href":"https:\/\/bahai.ch\/fr\/wp-json\/wp\/v2\/pages"}],"about":[{"href":"https:\/\/bahai.ch\/fr\/wp-json\/wp\/v2\/types\/page"}],"author":[{"embeddable":true,"href":"https:\/\/bahai.ch\/fr\/wp-json\/wp\/v2\/users\/3"}],"replies":[{"embeddable":true,"href":"https:\/\/bahai.ch\/fr\/wp-json\/wp\/v2\/comments?post=12666"}],"version-history":[{"count":75,"href":"https:\/\/bahai.ch\/fr\/wp-json\/wp\/v2\/pages\/12666\/revisions"}],"predecessor-version":[{"id":15484,"href":"https:\/\/bahai.ch\/fr\/wp-json\/wp\/v2\/pages\/12666\/revisions\/15484"}],"wp:attachment":[{"href":"https:\/\/bahai.ch\/fr\/wp-json\/wp\/v2\/media?parent=12666"}],"curies":[{"name":"wp","href":"https:\/\/api.w.org\/{rel}","templated":true}]}}