{"id":14204,"date":"2024-11-07T08:45:06","date_gmt":"2024-11-07T08:45:06","guid":{"rendered":"https:\/\/bahai.steincastle.com\/?p=14204"},"modified":"2025-05-17T17:54:16","modified_gmt":"2025-05-17T15:54:16","slug":"la-vision-de-bahaullah-pour-lhumanite","status":"publish","type":"page","link":"https:\/\/bahai.ch\/fr\/ce-que-croient-les-bahais\/la-vision-de-bahaullah-pour-lhumanite\/","title":{"rendered":"La vision de Bah\u00e1\u2019u\u2019ll\u00e1h pour l&rsquo;humanit\u00e9"},"content":{"rendered":"\t\t<div data-elementor-type=\"wp-post\" data-elementor-id=\"14204\" class=\"elementor elementor-14204\" data-elementor-post-type=\"page\">\n\t\t\t\t\t\t<section class=\"elementor-section elementor-top-section elementor-element elementor-element-3ebdc86e elementor-section-content-middle elementor-section-stretched section-spacing elementor-reverse-tablet elementor-reverse-mobile elementor-section-boxed elementor-section-height-default elementor-section-height-default\" data-id=\"3ebdc86e\" data-element_type=\"section\" data-e-type=\"section\" data-settings=\"{&quot;background_background&quot;:&quot;classic&quot;,&quot;stretch_section&quot;:&quot;section-stretched&quot;}\">\n\t\t\t\t\t\t\t<div class=\"elementor-background-overlay\"><\/div>\n\t\t\t\t\t\t\t<div class=\"elementor-container elementor-column-gap-default\">\n\t\t\t\t\t<div class=\"elementor-column elementor-col-50 elementor-top-column elementor-element elementor-element-57ca6dd0\" data-id=\"57ca6dd0\" data-element_type=\"column\" data-e-type=\"column\">\n\t\t\t<div class=\"elementor-widget-wrap elementor-element-populated\">\n\t\t\t\t\t\t<div class=\"elementor-element elementor-element-32edd9ba elementor-widget elementor-widget-image\" data-id=\"32edd9ba\" data-element_type=\"widget\" data-e-type=\"widget\" data-widget_type=\"image.default\">\n\t\t\t\t<div class=\"elementor-widget-container\">\n\t\t\t\t\t\t\t\t\t\t\t\t<figure class=\"wp-caption\">\n\t\t\t\t\t\t\t\t\t\t<img fetchpriority=\"high\" decoding=\"async\" width=\"1000\" height=\"667\" src=\"https:\/\/bahai.ch\/fr\/wp-content\/uploads\/sites\/2\/2024\/11\/educators.jpg\" class=\"attachment-large size-large wp-image-14901\" alt=\"\" srcset=\"https:\/\/bahai.ch\/fr\/wp-content\/uploads\/sites\/2\/2024\/11\/educators.jpg 1000w, https:\/\/bahai.ch\/fr\/wp-content\/uploads\/sites\/2\/2024\/11\/educators-300x200.jpg 300w, https:\/\/bahai.ch\/fr\/wp-content\/uploads\/sites\/2\/2024\/11\/educators-768x512.jpg 768w\" sizes=\"(max-width: 1000px) 100vw, 1000px\" \/>\t\t\t\t\t\t\t\t\t\t\t<figcaption class=\"widget-image-caption wp-caption-text\">D\u00f4me de la maison d'adoration de Santiago, Chili<\/figcaption>\n\t\t\t\t\t\t\t\t\t\t<\/figure>\n\t\t\t\t\t\t\t\t\t<\/div>\n\t\t\t\t<\/div>\n\t\t\t\t\t<\/div>\n\t\t<\/div>\n\t\t\t\t<div class=\"elementor-column elementor-col-50 elementor-top-column elementor-element elementor-element-1723018b\" data-id=\"1723018b\" data-element_type=\"column\" data-e-type=\"column\" data-settings=\"{&quot;background_background&quot;:&quot;classic&quot;}\">\n\t\t\t<div class=\"elementor-widget-wrap elementor-element-populated\">\n\t\t\t\t\t\t<div class=\"elementor-element elementor-element-40553ded elementor-widget elementor-widget-heading\" data-id=\"40553ded\" data-element_type=\"widget\" data-e-type=\"widget\" data-widget_type=\"heading.default\">\n\t\t\t\t<div class=\"elementor-widget-container\">\n\t\t\t\t\t<h2 class=\"elementor-heading-title elementor-size-default\">Manifestations de Dieu\u00a0: les \u00c9ducateurs divins<\/h2>\t\t\t\t<\/div>\n\t\t\t\t<\/div>\n\t\t\t\t<div class=\"elementor-element elementor-element-2664fe61 elementor-widget elementor-widget-text-editor\" data-id=\"2664fe61\" data-element_type=\"widget\" data-e-type=\"widget\" data-widget_type=\"text-editor.default\">\n\t\t\t\t<div class=\"elementor-widget-container\">\n\t\t\t\t\t\t\t\t\t<p>Tout au long de l\u2019Histoire, Dieu a envoy\u00e9 des \u00c9ducateurs divins, connus sous le terme de Manifestations de Dieu, pour cultiver les capacit\u00e9s spirituelles, intellectuelles et morales de l\u2019humanit\u00e9. Quelques-uns de ces \u00eatres sont Abraham, Krishna, Zoroastre, Mo\u00efse, Bouddha, J\u00e9sus Christ, Mohammad et, plus r\u00e9cemment, le B\u00e1b et Bah\u00e1\u2019u\u2019ll\u00e1h. Bah\u00e1\u2019u\u2019ll\u00e1h, le dernier en date de ces Messagers, a expliqu\u00e9 que les religions du monde proviennent de la m\u00eame Source et sont, dans leur essence, les chapitres successifs de la religion unique de Dieu.<\/p>\t\t\t\t\t\t\t\t<\/div>\n\t\t\t\t<\/div>\n\t\t\t\t\t<\/div>\n\t\t<\/div>\n\t\t\t\t\t<\/div>\n\t\t<\/section>\n\t\t\t\t<section class=\"elementor-section elementor-top-section elementor-element elementor-element-25c25e36 elementor-section-content-middle elementor-section-stretched section-spacing elementor-section-boxed elementor-section-height-default elementor-section-height-default\" data-id=\"25c25e36\" data-element_type=\"section\" data-e-type=\"section\" data-settings=\"{&quot;background_background&quot;:&quot;classic&quot;,&quot;stretch_section&quot;:&quot;section-stretched&quot;}\">\n\t\t\t\t\t\t\t<div class=\"elementor-background-overlay\"><\/div>\n\t\t\t\t\t\t\t<div class=\"elementor-container elementor-column-gap-default\">\n\t\t\t\t\t<div class=\"elementor-column elementor-col-50 elementor-top-column elementor-element elementor-element-2e07c3ec\" data-id=\"2e07c3ec\" data-element_type=\"column\" data-e-type=\"column\">\n\t\t\t<div class=\"elementor-widget-wrap elementor-element-populated\">\n\t\t\t\t\t\t<div class=\"elementor-element elementor-element-1ee03bff elementor-widget elementor-widget-heading\" data-id=\"1ee03bff\" data-element_type=\"widget\" data-e-type=\"widget\" data-widget_type=\"heading.default\">\n\t\t\t\t<div class=\"elementor-widget-container\">\n\t\t\t\t\t<h2 class=\"elementor-heading-title elementor-size-default\">La vision de Bah\u00e1\u2019u\u2019ll\u00e1h<\/h2>\t\t\t\t<\/div>\n\t\t\t\t<\/div>\n\t\t\t\t<div class=\"elementor-element elementor-element-361463d8 elementor-widget elementor-widget-text-editor\" data-id=\"361463d8\" data-element_type=\"widget\" data-e-type=\"widget\" data-widget_type=\"text-editor.default\">\n\t\t\t\t<div class=\"elementor-widget-container\">\n\t\t\t\t\t\t\t\t\t<p>Les bah\u00e1\u2019\u00eds croient que l&rsquo;humanit\u00e9 est confront\u00e9e \u00e0 un double d\u00e9fi: \u00e0 la fois d\u00e9velopper une vision unifiant le monde pour l&rsquo;avenir de la soci\u00e9t\u00e9 et comprendre la nature et le but de la vie. Les \u00c9crits de Bah\u00e1\u2019u\u2019ll\u00e1h montrent comment relever ce d\u00e9fi, en puisant dans le c\u0153ur de la motivation humaine. Les enseignements de Bah\u00e1\u2019u\u2019ll\u00e1h \u00e9veillent de nouvelles capacit\u00e9s chez les personnes et les rendent aptes \u00e0 contribuer \u00e0 l&rsquo;am\u00e9lioration du monde comme jamais auparavant.<\/p>\t\t\t\t\t\t\t\t<\/div>\n\t\t\t\t<\/div>\n\t\t\t\t\t<\/div>\n\t\t<\/div>\n\t\t\t\t<div class=\"elementor-column elementor-col-50 elementor-top-column elementor-element elementor-element-396d95ba\" data-id=\"396d95ba\" data-element_type=\"column\" data-e-type=\"column\" data-settings=\"{&quot;background_background&quot;:&quot;classic&quot;}\">\n\t\t\t<div class=\"elementor-widget-wrap elementor-element-populated\">\n\t\t\t\t\t\t<div class=\"elementor-element elementor-element-5e13aff6 elementor-widget elementor-widget-image\" data-id=\"5e13aff6\" data-element_type=\"widget\" data-e-type=\"widget\" data-widget_type=\"image.default\">\n\t\t\t\t<div class=\"elementor-widget-container\">\n\t\t\t\t\t\t\t\t\t\t\t\t<figure class=\"wp-caption\">\n\t\t\t\t\t\t\t\t\t\t<img decoding=\"async\" width=\"485\" height=\"310\" src=\"https:\/\/bahai.ch\/fr\/wp-content\/uploads\/sites\/2\/2024\/11\/local-spiritual-assemblies.jpg\" class=\"attachment-large size-large wp-image-13973\" alt=\"\" srcset=\"https:\/\/bahai.ch\/fr\/wp-content\/uploads\/sites\/2\/2024\/11\/local-spiritual-assemblies.jpg 485w, https:\/\/bahai.ch\/fr\/wp-content\/uploads\/sites\/2\/2024\/11\/local-spiritual-assemblies-300x192.jpg 300w\" sizes=\"(max-width: 485px) 100vw, 485px\" \/>\t\t\t\t\t\t\t\t\t\t\t<figcaption class=\"widget-image-caption wp-caption-text\">Une \u00e9toile \u00e0 neuf branches par un groupe de pr\u00e9-jeunes<\/figcaption>\n\t\t\t\t\t\t\t\t\t\t<\/figure>\n\t\t\t\t\t\t\t\t\t<\/div>\n\t\t\t\t<\/div>\n\t\t\t\t\t<\/div>\n\t\t<\/div>\n\t\t\t\t\t<\/div>\n\t\t<\/section>\n\t\t\t\t<section class=\"elementor-section elementor-top-section elementor-element elementor-element-642fd9c9 elementor-section-content-middle elementor-section-stretched section-spacing elementor-reverse-tablet elementor-reverse-mobile elementor-section-boxed elementor-section-height-default elementor-section-height-default\" data-id=\"642fd9c9\" data-element_type=\"section\" data-e-type=\"section\" data-settings=\"{&quot;background_background&quot;:&quot;classic&quot;,&quot;stretch_section&quot;:&quot;section-stretched&quot;}\">\n\t\t\t\t\t\t\t<div class=\"elementor-background-overlay\"><\/div>\n\t\t\t\t\t\t\t<div class=\"elementor-container elementor-column-gap-default\">\n\t\t\t\t\t<div class=\"elementor-column elementor-col-50 elementor-top-column elementor-element elementor-element-1474e2a\" data-id=\"1474e2a\" data-element_type=\"column\" data-e-type=\"column\">\n\t\t\t<div class=\"elementor-widget-wrap elementor-element-populated\">\n\t\t\t\t\t\t<div class=\"elementor-element elementor-element-10ed0c02 elementor-widget elementor-widget-image\" data-id=\"10ed0c02\" data-element_type=\"widget\" data-e-type=\"widget\" data-widget_type=\"image.default\">\n\t\t\t\t<div class=\"elementor-widget-container\">\n\t\t\t\t\t\t\t\t\t\t\t\t\t\t\t<img decoding=\"async\" width=\"513\" height=\"646\" src=\"https:\/\/bahai.ch\/fr\/wp-content\/uploads\/sites\/2\/2024\/11\/universal-peace-one-of-the-teachings-of-baha-u-llah.jpg\" class=\"attachment-large size-large wp-image-13987\" alt=\"\" srcset=\"https:\/\/bahai.ch\/fr\/wp-content\/uploads\/sites\/2\/2024\/11\/universal-peace-one-of-the-teachings-of-baha-u-llah.jpg 513w, https:\/\/bahai.ch\/fr\/wp-content\/uploads\/sites\/2\/2024\/11\/universal-peace-one-of-the-teachings-of-baha-u-llah-238x300.jpg 238w\" sizes=\"(max-width: 513px) 100vw, 513px\" \/>\t\t\t\t\t\t\t\t\t\t\t\t\t\t\t<\/div>\n\t\t\t\t<\/div>\n\t\t\t\t\t<\/div>\n\t\t<\/div>\n\t\t\t\t<div class=\"elementor-column elementor-col-50 elementor-top-column elementor-element elementor-element-54fea2fb\" data-id=\"54fea2fb\" data-element_type=\"column\" data-e-type=\"column\" data-settings=\"{&quot;background_background&quot;:&quot;classic&quot;}\">\n\t\t\t<div class=\"elementor-widget-wrap elementor-element-populated\">\n\t\t\t\t\t\t<div class=\"elementor-element elementor-element-2021f8bf elementor-widget elementor-widget-heading\" data-id=\"2021f8bf\" data-element_type=\"widget\" data-e-type=\"widget\" data-widget_type=\"heading.default\">\n\t\t\t\t<div class=\"elementor-widget-container\">\n\t\t\t\t\t<h2 class=\"elementor-heading-title elementor-size-default\">La paix universelle: un des enseignements de Bah\u00e1'u'll\u00e1h<\/h2>\t\t\t\t<\/div>\n\t\t\t\t<\/div>\n\t\t\t\t<div class=\"elementor-element elementor-element-7a378944 elementor-widget elementor-widget-text-editor\" data-id=\"7a378944\" data-element_type=\"widget\" data-e-type=\"widget\" data-widget_type=\"text-editor.default\">\n\t\t\t\t<div class=\"elementor-widget-container\">\n\t\t\t\t\t\t\t\t\t<p>Les enseignements de Bah\u00e1\u2019u\u2019ll\u00e1h sont vastes et couvrent des domaines tels que la nature et le but de la R\u00e9v\u00e9lation, la noblesse inh\u00e9rente de l\u2019\u00eatre humain, l\u2019\u0153uvre de cultiver les qualit\u00e9s spirituelles et les interactions humaines avec le monde naturel. Les \u00c9crits bah\u00e1\u2019\u00eds sont aussi remplis de r\u00e9f\u00e9rences \u00e0 la paix universelle, \u00ab\u00a0le but supr\u00eame de toute l\u2019humanit\u00e9\u00a0\u00bb, ainsi que d\u2019explications sur les principes sociaux auxquels cette paix est associ\u00e9e.<\/p><p>Parmi ces principes, nous trouvons<\/p><ul><li>la recherche ind\u00e9pendante de la v\u00e9rit\u00e9<\/li><li>l\u2019unit\u00e9 de la race humaine tout enti\u00e8re<\/li><li>l\u2019abolition de toutes les formes de pr\u00e9jug\u00e9s<\/li><li>l\u2019harmonie qui doit exister entre la religion et la science<\/li><li>l\u2019\u00e9galit\u00e9 de l\u2019homme et de la femme<\/li><li>l\u2019introduction de l\u2019\u00e9ducation obligatoire<\/li><li>l\u2019adoption d\u2019une langue auxiliaire universelle<\/li><li>l\u2019abolition des extr\u00eames de richesse et de pauvret\u00e9<\/li><li>l\u2019institution d\u2019un tribunal mondial charg\u00e9 de r\u00e9gler les conflits entre les nations<\/li><li>la confirmation de la justice en tant que principe gouvernant les affaires humaines<\/li><\/ul><p>Les bah\u00e1\u2019\u00eds consid\u00e8rent ces principes comme des objets de pr\u00e9occupations imm\u00e9diates et pratiques aussi bien pour les individus que pour les communaut\u00e9s et les institutions.<\/p>\t\t\t\t\t\t\t\t<\/div>\n\t\t\t\t<\/div>\n\t\t\t\t\t<\/div>\n\t\t<\/div>\n\t\t\t\t\t<\/div>\n\t\t<\/section>\n\t\t\t\t<section class=\"elementor-section elementor-top-section elementor-element elementor-element-da116c8 elementor-section-content-middle elementor-section-stretched elementor-section-boxed elementor-section-height-default elementor-section-height-default\" data-id=\"da116c8\" data-element_type=\"section\" data-e-type=\"section\" data-settings=\"{&quot;stretch_section&quot;:&quot;section-stretched&quot;,&quot;background_background&quot;:&quot;classic&quot;}\">\n\t\t\t\t\t\t\t<div class=\"elementor-background-overlay\"><\/div>\n\t\t\t\t\t\t\t<div class=\"elementor-container elementor-column-gap-default\">\n\t\t\t\t\t<div class=\"elementor-column elementor-col-100 elementor-top-column elementor-element elementor-element-e6658ab\" data-id=\"e6658ab\" data-element_type=\"column\" data-e-type=\"column\">\n\t\t\t<div class=\"elementor-widget-wrap elementor-element-populated\">\n\t\t\t\t\t\t<div class=\"elementor-element elementor-element-a73fbb3 elementor-widget elementor-widget-heading\" data-id=\"a73fbb3\" data-element_type=\"widget\" data-e-type=\"widget\" data-widget_type=\"heading.default\">\n\t\t\t\t<div class=\"elementor-widget-container\">\n\t\t\t\t\t<span class=\"elementor-heading-title elementor-size-default\">\"Aie le coeur pur, bienveillant, rayonnant\"<\/span>\t\t\t\t<\/div>\n\t\t\t\t<\/div>\n\t\t\t\t<div class=\"elementor-element elementor-element-91e55da elementor-widget elementor-widget-heading\" data-id=\"91e55da\" data-element_type=\"widget\" data-e-type=\"widget\" data-widget_type=\"heading.default\">\n\t\t\t\t<div class=\"elementor-widget-container\">\n\t\t\t\t\t<span class=\"elementor-heading-title elementor-size-default\">Bah\u00e1'u'll\u00e1h<\/span>\t\t\t\t<\/div>\n\t\t\t\t<\/div>\n\t\t\t\t\t<\/div>\n\t\t<\/div>\n\t\t\t\t\t<\/div>\n\t\t<\/section>\n\t\t\t\t<\/div>\n\t\t","protected":false},"excerpt":{"rendered":"<p>D\u00f4me de la maison d&rsquo;adoration de Santiago, Chili Manifestations de Dieu\u00a0: les \u00c9ducateurs divins Tout au long de l\u2019Histoire, Dieu a envoy\u00e9 des \u00c9ducateurs divins, connus sous le terme de Manifestations de Dieu, pour cultiver les capacit\u00e9s spirituelles, intellectuelles et morales de l\u2019humanit\u00e9. Quelques-uns de ces \u00eatres sont Abraham, Krishna, Zoroastre, Mo\u00efse, Bouddha, J\u00e9sus Christ, [&hellip;]<\/p>\n","protected":false},"author":3,"featured_media":14900,"parent":14505,"menu_order":0,"comment_status":"open","ping_status":"closed","template":"","meta":{"inline_featured_image":false,"footnotes":""},"class_list":["post-14204","page","type-page","status-publish","has-post-thumbnail","hentry"],"yoast_head":"<!-- This site is optimized with the Yoast SEO plugin v27.3 - https:\/\/yoast.com\/product\/yoast-seo-wordpress\/ -->\n<title>La vision de Bah\u00e1\u2019u\u2019ll\u00e1h pour l&#039;humanit\u00e9 - Bah\u00e1&#039;\u00ed Suisse<\/title>\n<meta name=\"robots\" content=\"index, follow, max-snippet:-1, max-image-preview:large, max-video-preview:-1\" \/>\n<link rel=\"canonical\" href=\"https:\/\/bahai.ch\/fr\/ce-que-croient-les-bahais\/la-vision-de-bahaullah-pour-lhumanite\/\" \/>\n<meta property=\"og:locale\" content=\"fr_FR\" \/>\n<meta property=\"og:type\" content=\"article\" \/>\n<meta property=\"og:title\" content=\"La vision de Bah\u00e1\u2019u\u2019ll\u00e1h pour l&#039;humanit\u00e9 - Bah\u00e1&#039;\u00ed Suisse\" \/>\n<meta property=\"og:description\" content=\"D\u00f4me de la maison d&rsquo;adoration de Santiago, Chili Manifestations de Dieu\u00a0: les \u00c9ducateurs divins Tout au long de l\u2019Histoire, Dieu a envoy\u00e9 des \u00c9ducateurs divins, connus sous le terme de Manifestations de Dieu, pour cultiver les capacit\u00e9s spirituelles, intellectuelles et morales de l\u2019humanit\u00e9. Quelques-uns de ces \u00eatres sont Abraham, Krishna, Zoroastre, Mo\u00efse, Bouddha, J\u00e9sus Christ, [&hellip;]\" \/>\n<meta property=\"og:url\" content=\"https:\/\/bahai.ch\/fr\/ce-que-croient-les-bahais\/la-vision-de-bahaullah-pour-lhumanite\/\" \/>\n<meta property=\"og:site_name\" content=\"Bah\u00e1&#039;\u00ed Suisse\" \/>\n<meta property=\"article:modified_time\" content=\"2025-05-17T15:54:16+00:00\" \/>\n<meta property=\"og:image\" content=\"https:\/\/bahai.ch\/fr\/wp-content\/uploads\/sites\/2\/2024\/11\/vision-e1732881045847.jpg\" \/>\n\t<meta property=\"og:image:width\" content=\"1767\" \/>\n\t<meta property=\"og:image:height\" content=\"599\" \/>\n\t<meta property=\"og:image:type\" content=\"image\/jpeg\" \/>\n<meta name=\"twitter:card\" content=\"summary_large_image\" \/>\n<meta name=\"twitter:label1\" content=\"Dur\u00e9e de lecture estim\u00e9e\" \/>\n\t<meta name=\"twitter:data1\" content=\"2 minutes\" \/>\n<script type=\"application\/ld+json\" class=\"yoast-schema-graph\">{\"@context\":\"https:\\\/\\\/schema.org\",\"@graph\":[{\"@type\":\"WebPage\",\"@id\":\"https:\\\/\\\/bahai.ch\\\/fr\\\/ce-que-croient-les-bahais\\\/la-vision-de-bahaullah-pour-lhumanite\\\/\",\"url\":\"https:\\\/\\\/bahai.ch\\\/fr\\\/ce-que-croient-les-bahais\\\/la-vision-de-bahaullah-pour-lhumanite\\\/\",\"name\":\"La vision de Bah\u00e1\u2019u\u2019ll\u00e1h pour l'humanit\u00e9 - Bah\u00e1&#039;\u00ed Suisse\",\"isPartOf\":{\"@id\":\"https:\\\/\\\/bahai.ch\\\/fr\\\/#website\"},\"primaryImageOfPage\":{\"@id\":\"https:\\\/\\\/bahai.ch\\\/fr\\\/ce-que-croient-les-bahais\\\/la-vision-de-bahaullah-pour-lhumanite\\\/#primaryimage\"},\"image\":{\"@id\":\"https:\\\/\\\/bahai.ch\\\/fr\\\/ce-que-croient-les-bahais\\\/la-vision-de-bahaullah-pour-lhumanite\\\/#primaryimage\"},\"thumbnailUrl\":\"https:\\\/\\\/bahai.ch\\\/fr\\\/wp-content\\\/uploads\\\/sites\\\/2\\\/2024\\\/11\\\/vision-e1732881045847.jpg\",\"datePublished\":\"2024-11-07T08:45:06+00:00\",\"dateModified\":\"2025-05-17T15:54:16+00:00\",\"breadcrumb\":{\"@id\":\"https:\\\/\\\/bahai.ch\\\/fr\\\/ce-que-croient-les-bahais\\\/la-vision-de-bahaullah-pour-lhumanite\\\/#breadcrumb\"},\"inLanguage\":\"fr-FR\",\"potentialAction\":[{\"@type\":\"ReadAction\",\"target\":[\"https:\\\/\\\/bahai.ch\\\/fr\\\/ce-que-croient-les-bahais\\\/la-vision-de-bahaullah-pour-lhumanite\\\/\"]}]},{\"@type\":\"ImageObject\",\"inLanguage\":\"fr-FR\",\"@id\":\"https:\\\/\\\/bahai.ch\\\/fr\\\/ce-que-croient-les-bahais\\\/la-vision-de-bahaullah-pour-lhumanite\\\/#primaryimage\",\"url\":\"https:\\\/\\\/bahai.ch\\\/fr\\\/wp-content\\\/uploads\\\/sites\\\/2\\\/2024\\\/11\\\/vision-e1732881045847.jpg\",\"contentUrl\":\"https:\\\/\\\/bahai.ch\\\/fr\\\/wp-content\\\/uploads\\\/sites\\\/2\\\/2024\\\/11\\\/vision-e1732881045847.jpg\",\"width\":1767,\"height\":599},{\"@type\":\"BreadcrumbList\",\"@id\":\"https:\\\/\\\/bahai.ch\\\/fr\\\/ce-que-croient-les-bahais\\\/la-vision-de-bahaullah-pour-lhumanite\\\/#breadcrumb\",\"itemListElement\":[{\"@type\":\"ListItem\",\"position\":1,\"name\":\"Home\",\"item\":\"https:\\\/\\\/bahai.ch\\\/fr\\\/\"},{\"@type\":\"ListItem\",\"position\":2,\"name\":\"Ce que croient les bah\u00e1&rsquo;\u00eds\",\"item\":\"https:\\\/\\\/bahai.ch\\\/fr\\\/ce-que-croient-les-bahais\\\/\"},{\"@type\":\"ListItem\",\"position\":3,\"name\":\"La vision de Bah\u00e1\u2019u\u2019ll\u00e1h pour l&#8217;humanit\u00e9\"}]},{\"@type\":\"WebSite\",\"@id\":\"https:\\\/\\\/bahai.ch\\\/fr\\\/#website\",\"url\":\"https:\\\/\\\/bahai.ch\\\/fr\\\/\",\"name\":\"Bah\u00e1&#039;\u00ed Suisse\",\"description\":\"SITE OFFICIEL DES BAHA&#039;IS DE SUISSE\",\"potentialAction\":[{\"@type\":\"SearchAction\",\"target\":{\"@type\":\"EntryPoint\",\"urlTemplate\":\"https:\\\/\\\/bahai.ch\\\/fr\\\/?s={search_term_string}\"},\"query-input\":{\"@type\":\"PropertyValueSpecification\",\"valueRequired\":true,\"valueName\":\"search_term_string\"}}],\"inLanguage\":\"fr-FR\"}]}<\/script>\n<!-- \/ Yoast SEO plugin. -->","yoast_head_json":{"title":"La vision de Bah\u00e1\u2019u\u2019ll\u00e1h pour l'humanit\u00e9 - Bah\u00e1&#039;\u00ed Suisse","robots":{"index":"index","follow":"follow","max-snippet":"max-snippet:-1","max-image-preview":"max-image-preview:large","max-video-preview":"max-video-preview:-1"},"canonical":"https:\/\/bahai.ch\/fr\/ce-que-croient-les-bahais\/la-vision-de-bahaullah-pour-lhumanite\/","og_locale":"fr_FR","og_type":"article","og_title":"La vision de Bah\u00e1\u2019u\u2019ll\u00e1h pour l'humanit\u00e9 - Bah\u00e1&#039;\u00ed Suisse","og_description":"D\u00f4me de la maison d&rsquo;adoration de Santiago, Chili Manifestations de Dieu\u00a0: les \u00c9ducateurs divins Tout au long de l\u2019Histoire, Dieu a envoy\u00e9 des \u00c9ducateurs divins, connus sous le terme de Manifestations de Dieu, pour cultiver les capacit\u00e9s spirituelles, intellectuelles et morales de l\u2019humanit\u00e9. Quelques-uns de ces \u00eatres sont Abraham, Krishna, Zoroastre, Mo\u00efse, Bouddha, J\u00e9sus Christ, [&hellip;]","og_url":"https:\/\/bahai.ch\/fr\/ce-que-croient-les-bahais\/la-vision-de-bahaullah-pour-lhumanite\/","og_site_name":"Bah\u00e1&#039;\u00ed Suisse","article_modified_time":"2025-05-17T15:54:16+00:00","og_image":[{"width":1767,"height":599,"url":"https:\/\/bahai.ch\/fr\/wp-content\/uploads\/sites\/2\/2024\/11\/vision-e1732881045847.jpg","type":"image\/jpeg"}],"twitter_card":"summary_large_image","twitter_misc":{"Dur\u00e9e de lecture estim\u00e9e":"2 minutes"},"schema":{"@context":"https:\/\/schema.org","@graph":[{"@type":"WebPage","@id":"https:\/\/bahai.ch\/fr\/ce-que-croient-les-bahais\/la-vision-de-bahaullah-pour-lhumanite\/","url":"https:\/\/bahai.ch\/fr\/ce-que-croient-les-bahais\/la-vision-de-bahaullah-pour-lhumanite\/","name":"La vision de Bah\u00e1\u2019u\u2019ll\u00e1h pour l'humanit\u00e9 - Bah\u00e1&#039;\u00ed Suisse","isPartOf":{"@id":"https:\/\/bahai.ch\/fr\/#website"},"primaryImageOfPage":{"@id":"https:\/\/bahai.ch\/fr\/ce-que-croient-les-bahais\/la-vision-de-bahaullah-pour-lhumanite\/#primaryimage"},"image":{"@id":"https:\/\/bahai.ch\/fr\/ce-que-croient-les-bahais\/la-vision-de-bahaullah-pour-lhumanite\/#primaryimage"},"thumbnailUrl":"https:\/\/bahai.ch\/fr\/wp-content\/uploads\/sites\/2\/2024\/11\/vision-e1732881045847.jpg","datePublished":"2024-11-07T08:45:06+00:00","dateModified":"2025-05-17T15:54:16+00:00","breadcrumb":{"@id":"https:\/\/bahai.ch\/fr\/ce-que-croient-les-bahais\/la-vision-de-bahaullah-pour-lhumanite\/#breadcrumb"},"inLanguage":"fr-FR","potentialAction":[{"@type":"ReadAction","target":["https:\/\/bahai.ch\/fr\/ce-que-croient-les-bahais\/la-vision-de-bahaullah-pour-lhumanite\/"]}]},{"@type":"ImageObject","inLanguage":"fr-FR","@id":"https:\/\/bahai.ch\/fr\/ce-que-croient-les-bahais\/la-vision-de-bahaullah-pour-lhumanite\/#primaryimage","url":"https:\/\/bahai.ch\/fr\/wp-content\/uploads\/sites\/2\/2024\/11\/vision-e1732881045847.jpg","contentUrl":"https:\/\/bahai.ch\/fr\/wp-content\/uploads\/sites\/2\/2024\/11\/vision-e1732881045847.jpg","width":1767,"height":599},{"@type":"BreadcrumbList","@id":"https:\/\/bahai.ch\/fr\/ce-que-croient-les-bahais\/la-vision-de-bahaullah-pour-lhumanite\/#breadcrumb","itemListElement":[{"@type":"ListItem","position":1,"name":"Home","item":"https:\/\/bahai.ch\/fr\/"},{"@type":"ListItem","position":2,"name":"Ce que croient les bah\u00e1&rsquo;\u00eds","item":"https:\/\/bahai.ch\/fr\/ce-que-croient-les-bahais\/"},{"@type":"ListItem","position":3,"name":"La vision de Bah\u00e1\u2019u\u2019ll\u00e1h pour l&#8217;humanit\u00e9"}]},{"@type":"WebSite","@id":"https:\/\/bahai.ch\/fr\/#website","url":"https:\/\/bahai.ch\/fr\/","name":"Bah\u00e1&#039;\u00ed Suisse","description":"SITE OFFICIEL DES BAHA&#039;IS DE SUISSE","potentialAction":[{"@type":"SearchAction","target":{"@type":"EntryPoint","urlTemplate":"https:\/\/bahai.ch\/fr\/?s={search_term_string}"},"query-input":{"@type":"PropertyValueSpecification","valueRequired":true,"valueName":"search_term_string"}}],"inLanguage":"fr-FR"}]}},"_links":{"self":[{"href":"https:\/\/bahai.ch\/fr\/wp-json\/wp\/v2\/pages\/14204","targetHints":{"allow":["GET"]}}],"collection":[{"href":"https:\/\/bahai.ch\/fr\/wp-json\/wp\/v2\/pages"}],"about":[{"href":"https:\/\/bahai.ch\/fr\/wp-json\/wp\/v2\/types\/page"}],"author":[{"embeddable":true,"href":"https:\/\/bahai.ch\/fr\/wp-json\/wp\/v2\/users\/3"}],"replies":[{"embeddable":true,"href":"https:\/\/bahai.ch\/fr\/wp-json\/wp\/v2\/comments?post=14204"}],"version-history":[{"count":75,"href":"https:\/\/bahai.ch\/fr\/wp-json\/wp\/v2\/pages\/14204\/revisions"}],"predecessor-version":[{"id":15409,"href":"https:\/\/bahai.ch\/fr\/wp-json\/wp\/v2\/pages\/14204\/revisions\/15409"}],"up":[{"embeddable":true,"href":"https:\/\/bahai.ch\/fr\/wp-json\/wp\/v2\/pages\/14505"}],"wp:featuredmedia":[{"embeddable":true,"href":"https:\/\/bahai.ch\/fr\/wp-json\/wp\/v2\/media\/14900"}],"wp:attachment":[{"href":"https:\/\/bahai.ch\/fr\/wp-json\/wp\/v2\/media?parent=14204"}],"curies":[{"name":"wp","href":"https:\/\/api.w.org\/{rel}","templated":true}]}}