{"id":14206,"date":"2024-11-07T08:46:13","date_gmt":"2024-11-07T08:46:13","guid":{"rendered":"https:\/\/bahai.steincastle.com\/?p=14206"},"modified":"2025-05-17T17:56:27","modified_gmt":"2025-05-17T15:56:27","slug":"institutions-et-organisation","status":"publish","type":"page","link":"https:\/\/bahai.ch\/fr\/ce-que-croient-les-bahais\/institutions-et-organisation\/","title":{"rendered":"Institutions et organisation"},"content":{"rendered":"\t\t<div data-elementor-type=\"wp-post\" data-elementor-id=\"14206\" class=\"elementor elementor-14206\" data-elementor-post-type=\"page\">\n\t\t\t\t\t\t<section class=\"elementor-section elementor-top-section elementor-element elementor-element-5b81539d elementor-section-content-middle elementor-section-stretched section-spacing elementor-section-boxed elementor-section-height-default elementor-section-height-default\" data-id=\"5b81539d\" data-element_type=\"section\" data-e-type=\"section\" data-settings=\"{&quot;background_background&quot;:&quot;classic&quot;,&quot;stretch_section&quot;:&quot;section-stretched&quot;}\">\n\t\t\t\t\t\t\t<div class=\"elementor-background-overlay\"><\/div>\n\t\t\t\t\t\t\t<div class=\"elementor-container elementor-column-gap-default\">\n\t\t\t\t\t<div class=\"elementor-column elementor-col-50 elementor-top-column elementor-element elementor-element-3fe0370d\" data-id=\"3fe0370d\" data-element_type=\"column\" data-e-type=\"column\">\n\t\t\t<div class=\"elementor-widget-wrap elementor-element-populated\">\n\t\t\t\t\t\t<div class=\"elementor-element elementor-element-5fcb291c elementor-widget elementor-widget-heading\" data-id=\"5fcb291c\" data-element_type=\"widget\" data-e-type=\"widget\" data-widget_type=\"heading.default\">\n\t\t\t\t<div class=\"elementor-widget-container\">\n\t\t\t\t\t<h2 class=\"elementor-heading-title elementor-size-default\">L\u2019Ordre administratif bah\u00e1\u2019\u00ed \u00e9tabli par Bah\u00e1\u2019u\u2019ll\u00e1h<\/h2>\t\t\t\t<\/div>\n\t\t\t\t<\/div>\n\t\t\t\t<div class=\"elementor-element elementor-element-63d8e78a elementor-widget elementor-widget-text-editor\" data-id=\"63d8e78a\" data-element_type=\"widget\" data-e-type=\"widget\" data-widget_type=\"text-editor.default\">\n\t\t\t\t<div class=\"elementor-widget-container\">\n\t\t\t\t\t\t\t\t\t<p>Les affaires de la communaut\u00e9 bah\u00e1\u2019\u00ede sont administr\u00e9es gr\u00e2ce \u00e0 un syst\u00e8me d\u2019institutions, dont chacune a un champ d\u2019action bien d\u00e9fini. Les origines de ce syst\u00e8me se trouvent dans les \u00c9crits de Bah\u00e1\u2019u\u2019ll\u00e1h Lui-m\u00eame. Il est connu sous le nom d\u2019Ordre administratif bah\u00e1\u2019\u00ed.<\/p><p>Aujourd\u2019hui, <a href=\"https:\/\/www.bahai.org\/fr\/the-universal-house-of-justice\/\" target=\"_blank\" rel=\"noopener\">la Maison universelle de justice<\/a> est le corps central de gouvernance de l\u2019Ordre administratif. Sous sa houlette, les corps \u00e9lus, appel\u00e9s Assembl\u00e9es spirituelles, s\u2019occupent des affaires de la communaut\u00e9 bah\u00e1\u2019\u00ede \u00e0 leurs niveaux respectifs.<\/p>\t\t\t\t\t\t\t\t<\/div>\n\t\t\t\t<\/div>\n\t\t\t\t\t<\/div>\n\t\t<\/div>\n\t\t\t\t<div class=\"elementor-column elementor-col-50 elementor-top-column elementor-element elementor-element-1f08d44f\" data-id=\"1f08d44f\" data-element_type=\"column\" data-e-type=\"column\" data-settings=\"{&quot;background_background&quot;:&quot;classic&quot;}\">\n\t\t\t<div class=\"elementor-widget-wrap elementor-element-populated\">\n\t\t\t\t\t\t<div class=\"elementor-element elementor-element-572b486b elementor-widget elementor-widget-image\" data-id=\"572b486b\" data-element_type=\"widget\" data-e-type=\"widget\" data-widget_type=\"image.default\">\n\t\t\t\t<div class=\"elementor-widget-container\">\n\t\t\t\t\t\t\t\t\t\t\t\t<figure class=\"wp-caption\">\n\t\t\t\t\t\t\t\t\t\t<img fetchpriority=\"high\" decoding=\"async\" width=\"1024\" height=\"683\" src=\"https:\/\/bahai.ch\/fr\/wp-content\/uploads\/sites\/2\/2025\/01\/DSC03125-1024x683.jpg\" class=\"attachment-large size-large wp-image-15116\" alt=\"\" srcset=\"https:\/\/bahai.ch\/fr\/wp-content\/uploads\/sites\/2\/2025\/01\/DSC03125-1024x683.jpg 1024w, https:\/\/bahai.ch\/fr\/wp-content\/uploads\/sites\/2\/2025\/01\/DSC03125-300x200.jpg 300w, https:\/\/bahai.ch\/fr\/wp-content\/uploads\/sites\/2\/2025\/01\/DSC03125-768x512.jpg 768w, https:\/\/bahai.ch\/fr\/wp-content\/uploads\/sites\/2\/2025\/01\/DSC03125.jpg 1500w\" sizes=\"(max-width: 1024px) 100vw, 1024px\" \/>\t\t\t\t\t\t\t\t\t\t\t<figcaption class=\"widget-image-caption wp-caption-text\">B\u00e2timent international des archives au Centre mondial bah\u00e1'\u00ed, Ha\u00effa, Isra\u00ebl<\/figcaption>\n\t\t\t\t\t\t\t\t\t\t<\/figure>\n\t\t\t\t\t\t\t\t\t<\/div>\n\t\t\t\t<\/div>\n\t\t\t\t\t<\/div>\n\t\t<\/div>\n\t\t\t\t\t<\/div>\n\t\t<\/section>\n\t\t\t\t<section class=\"elementor-section elementor-top-section elementor-element elementor-element-1a228977 elementor-section-content-middle elementor-section-stretched elementor-reverse-tablet elementor-reverse-mobile section-spacing elementor-section-boxed elementor-section-height-default elementor-section-height-default\" data-id=\"1a228977\" data-element_type=\"section\" data-e-type=\"section\" data-settings=\"{&quot;background_background&quot;:&quot;classic&quot;,&quot;stretch_section&quot;:&quot;section-stretched&quot;}\">\n\t\t\t\t\t\t\t<div class=\"elementor-background-overlay\"><\/div>\n\t\t\t\t\t\t\t<div class=\"elementor-container elementor-column-gap-default\">\n\t\t\t\t\t<div class=\"elementor-column elementor-col-50 elementor-top-column elementor-element elementor-element-5501a592\" data-id=\"5501a592\" data-element_type=\"column\" data-e-type=\"column\">\n\t\t\t<div class=\"elementor-widget-wrap elementor-element-populated\">\n\t\t\t\t\t\t<div class=\"elementor-element elementor-element-77dcde74 elementor-widget elementor-widget-image\" data-id=\"77dcde74\" data-element_type=\"widget\" data-e-type=\"widget\" data-widget_type=\"image.default\">\n\t\t\t\t<div class=\"elementor-widget-container\">\n\t\t\t\t\t\t\t\t\t\t\t\t<figure class=\"wp-caption\">\n\t\t\t\t\t\t\t\t\t\t<img decoding=\"async\" width=\"1024\" height=\"698\" src=\"https:\/\/bahai.ch\/fr\/wp-content\/uploads\/sites\/2\/2025\/03\/LSA_Luzern-1024x698.jpeg\" class=\"attachment-large size-large wp-image-15238\" alt=\"\" srcset=\"https:\/\/bahai.ch\/fr\/wp-content\/uploads\/sites\/2\/2025\/03\/LSA_Luzern-1024x698.jpeg 1024w, https:\/\/bahai.ch\/fr\/wp-content\/uploads\/sites\/2\/2025\/03\/LSA_Luzern-300x204.jpeg 300w, https:\/\/bahai.ch\/fr\/wp-content\/uploads\/sites\/2\/2025\/03\/LSA_Luzern-768x523.jpeg 768w, https:\/\/bahai.ch\/fr\/wp-content\/uploads\/sites\/2\/2025\/03\/LSA_Luzern-1536x1046.jpeg 1536w, https:\/\/bahai.ch\/fr\/wp-content\/uploads\/sites\/2\/2025\/03\/LSA_Luzern.jpeg 1600w\" sizes=\"(max-width: 1024px) 100vw, 1024px\" \/>\t\t\t\t\t\t\t\t\t\t\t<figcaption class=\"widget-image-caption wp-caption-text\">Premi\u00e8re Assembl\u00e9e spirituelle locale des bah\u00e1'\u00eds de Lucerne, 1962<\/figcaption>\n\t\t\t\t\t\t\t\t\t\t<\/figure>\n\t\t\t\t\t\t\t\t\t<\/div>\n\t\t\t\t<\/div>\n\t\t\t\t\t<\/div>\n\t\t<\/div>\n\t\t\t\t<div class=\"elementor-column elementor-col-50 elementor-top-column elementor-element elementor-element-4be6556d\" data-id=\"4be6556d\" data-element_type=\"column\" data-e-type=\"column\" data-settings=\"{&quot;background_background&quot;:&quot;classic&quot;}\">\n\t\t\t<div class=\"elementor-widget-wrap elementor-element-populated\">\n\t\t\t\t\t\t<div class=\"elementor-element elementor-element-73e22f01 elementor-widget elementor-widget-heading\" data-id=\"73e22f01\" data-element_type=\"widget\" data-e-type=\"widget\" data-widget_type=\"heading.default\">\n\t\t\t\t<div class=\"elementor-widget-container\">\n\t\t\t\t\t<h2 class=\"elementor-heading-title elementor-size-default\">Les Assembl\u00e9es spirituelles locales<\/h2>\t\t\t\t<\/div>\n\t\t\t\t<\/div>\n\t\t\t\t<div class=\"elementor-element elementor-element-7260bf02 elementor-widget elementor-widget-text-editor\" data-id=\"7260bf02\" data-element_type=\"widget\" data-e-type=\"widget\" data-widget_type=\"text-editor.default\">\n\t\t\t\t<div class=\"elementor-widget-container\">\n\t\t\t\t\t\t\t\t\t<p>Au niveau local, les affaires de la communaut\u00e9 bah\u00e1\u2019\u00ede sont administr\u00e9es par l\u2019Assembl\u00e9e spirituelle locale. Chaque Assembl\u00e9e spirituelle locale est compos\u00e9e de neuf membres \u00e9lus pour une ann\u00e9e par les membres de la communaut\u00e9.<\/p><p>Pour contacter les bah\u00e1\u2019\u00eds de votre localit\u00e9, \u00e9crivez \u00e0: <a href=\"mailto:info@bahai.ch\">info@bahai.ch<\/a> ou appelez le 031\u00a0352 10 20<\/p>\t\t\t\t\t\t\t\t<\/div>\n\t\t\t\t<\/div>\n\t\t\t\t\t<\/div>\n\t\t<\/div>\n\t\t\t\t\t<\/div>\n\t\t<\/section>\n\t\t\t\t<section class=\"elementor-section elementor-top-section elementor-element elementor-element-34eb2dde elementor-section-content-middle elementor-section-stretched section-spacing elementor-section-boxed elementor-section-height-default elementor-section-height-default\" data-id=\"34eb2dde\" data-element_type=\"section\" data-e-type=\"section\" data-settings=\"{&quot;background_background&quot;:&quot;classic&quot;,&quot;stretch_section&quot;:&quot;section-stretched&quot;}\">\n\t\t\t\t\t\t\t<div class=\"elementor-background-overlay\"><\/div>\n\t\t\t\t\t\t\t<div class=\"elementor-container elementor-column-gap-default\">\n\t\t\t\t\t<div class=\"elementor-column elementor-col-50 elementor-top-column elementor-element elementor-element-6c2d520c\" data-id=\"6c2d520c\" data-element_type=\"column\" data-e-type=\"column\">\n\t\t\t<div class=\"elementor-widget-wrap elementor-element-populated\">\n\t\t\t\t\t\t<div class=\"elementor-element elementor-element-906e88e elementor-widget elementor-widget-heading\" data-id=\"906e88e\" data-element_type=\"widget\" data-e-type=\"widget\" data-widget_type=\"heading.default\">\n\t\t\t\t<div class=\"elementor-widget-container\">\n\t\t\t\t\t<h2 class=\"elementor-heading-title elementor-size-default\">L\u2019Assembl\u00e9e spirituelle nationale<\/h2>\t\t\t\t<\/div>\n\t\t\t\t<\/div>\n\t\t\t\t<div class=\"elementor-element elementor-element-16c17a27 elementor-widget elementor-widget-text-editor\" data-id=\"16c17a27\" data-element_type=\"widget\" data-e-type=\"widget\" data-widget_type=\"text-editor.default\">\n\t\t\t\t<div class=\"elementor-widget-container\">\n\t\t\t\t\t\t\t\t\t<p>Au niveau national, les affaires de la communaut\u00e9 bah\u00e1\u2019\u00ede sont administr\u00e9es par l\u2019Assembl\u00e9e spirituelle nationale, un conseil de neuf membres \u00e9lu une fois par an.<\/p><p>Son mandat est, globalement, de guider, coordonner et stimuler les activit\u00e9s des Assembl\u00e9es spirituelles locales et des membres de la communaut\u00e9 bah\u00e1\u2019\u00ede d\u2019un pays donn\u00e9. L&rsquo;Assembl\u00e9e nationale supervise \u00e9galement les relations avec le gouvernement.<\/p><p>Tous les dix-neuf jours, les bah\u00e1&rsquo;\u00eds se r\u00e9unissent au niveau local pour la F\u00eate des 19 jours. C&rsquo;est une occasion joyeuse lors de laquelle les communaut\u00e9s locales se rencontrent pour prier, lire des \u00c9crits bah\u00e1&rsquo;\u00eds et consulter sur les affaires de la communaut\u00e9 locale. Outre la F\u00eate des 19 jours, d&rsquo;autres espaces de rencontres sont organis\u00e9s aux niveaux local et r\u00e9gional pour r\u00e9fl\u00e9chir \u00e0 des activit\u00e9s visant \u00e0 construire des communaut\u00e9s vibrantes.<\/p>\t\t\t\t\t\t\t\t<\/div>\n\t\t\t\t<\/div>\n\t\t\t\t\t<\/div>\n\t\t<\/div>\n\t\t\t\t<div class=\"elementor-column elementor-col-50 elementor-top-column elementor-element elementor-element-3042e0a3\" data-id=\"3042e0a3\" data-element_type=\"column\" data-e-type=\"column\" data-settings=\"{&quot;background_background&quot;:&quot;classic&quot;}\">\n\t\t\t<div class=\"elementor-widget-wrap elementor-element-populated\">\n\t\t\t\t\t\t<div class=\"elementor-element elementor-element-b118fd0 elementor-widget elementor-widget-image\" data-id=\"b118fd0\" data-element_type=\"widget\" data-e-type=\"widget\" data-widget_type=\"image.default\">\n\t\t\t\t<div class=\"elementor-widget-container\">\n\t\t\t\t\t\t\t\t\t\t\t\t<figure class=\"wp-caption\">\n\t\t\t\t\t\t\t\t\t\t<img decoding=\"async\" width=\"1024\" height=\"768\" src=\"https:\/\/bahai.ch\/fr\/wp-content\/uploads\/sites\/2\/2025\/01\/1704036318-1502366-master-1024x768.jpg\" class=\"attachment-large size-large wp-image-15102\" alt=\"\" srcset=\"https:\/\/bahai.ch\/fr\/wp-content\/uploads\/sites\/2\/2025\/01\/1704036318-1502366-master-1024x768.jpg 1024w, https:\/\/bahai.ch\/fr\/wp-content\/uploads\/sites\/2\/2025\/01\/1704036318-1502366-master-300x225.jpg 300w, https:\/\/bahai.ch\/fr\/wp-content\/uploads\/sites\/2\/2025\/01\/1704036318-1502366-master-768x576.jpg 768w, https:\/\/bahai.ch\/fr\/wp-content\/uploads\/sites\/2\/2025\/01\/1704036318-1502366-master.jpg 1440w\" sizes=\"(max-width: 1024px) 100vw, 1024px\" \/>\t\t\t\t\t\t\t\t\t\t\t<figcaption class=\"widget-image-caption wp-caption-text\">Assembl\u00e9e spirituelle nationale des Bah\u00e1'\u00eds de Suisse, 2007<\/figcaption>\n\t\t\t\t\t\t\t\t\t\t<\/figure>\n\t\t\t\t\t\t\t\t\t<\/div>\n\t\t\t\t<\/div>\n\t\t\t\t\t<\/div>\n\t\t<\/div>\n\t\t\t\t\t<\/div>\n\t\t<\/section>\n\t\t\t\t<section class=\"elementor-section elementor-top-section elementor-element elementor-element-61405daa elementor-section-content-middle elementor-section-stretched elementor-section-boxed elementor-section-height-default elementor-section-height-default\" data-id=\"61405daa\" data-element_type=\"section\" data-e-type=\"section\" data-settings=\"{&quot;stretch_section&quot;:&quot;section-stretched&quot;,&quot;background_background&quot;:&quot;classic&quot;}\">\n\t\t\t\t\t\t\t<div class=\"elementor-background-overlay\"><\/div>\n\t\t\t\t\t\t\t<div class=\"elementor-container elementor-column-gap-default\">\n\t\t\t\t\t<div class=\"elementor-column elementor-col-100 elementor-top-column elementor-element elementor-element-39a1147d\" data-id=\"39a1147d\" data-element_type=\"column\" data-e-type=\"column\">\n\t\t\t<div class=\"elementor-widget-wrap elementor-element-populated\">\n\t\t\t\t\t\t<div class=\"elementor-element elementor-element-164c59c7 elementor-widget elementor-widget-heading\" data-id=\"164c59c7\" data-element_type=\"widget\" data-e-type=\"widget\" data-widget_type=\"heading.default\">\n\t\t\t\t<div class=\"elementor-widget-container\">\n\t\t\t\t\t<span class=\"elementor-heading-title elementor-size-default\">\"Que les actes soient votre parure et non les mots\"<\/span>\t\t\t\t<\/div>\n\t\t\t\t<\/div>\n\t\t\t\t<div class=\"elementor-element elementor-element-626750c elementor-widget elementor-widget-heading\" data-id=\"626750c\" data-element_type=\"widget\" data-e-type=\"widget\" data-widget_type=\"heading.default\">\n\t\t\t\t<div class=\"elementor-widget-container\">\n\t\t\t\t\t<span class=\"elementor-heading-title elementor-size-default\">Bah\u00e1'u'll\u00e1h<\/span>\t\t\t\t<\/div>\n\t\t\t\t<\/div>\n\t\t\t\t\t<\/div>\n\t\t<\/div>\n\t\t\t\t\t<\/div>\n\t\t<\/section>\n\t\t\t\t<\/div>\n\t\t","protected":false},"excerpt":{"rendered":"<p>L\u2019Ordre administratif bah\u00e1\u2019\u00ed \u00e9tabli par Bah\u00e1\u2019u\u2019ll\u00e1h Les affaires de la communaut\u00e9 bah\u00e1\u2019\u00ede sont administr\u00e9es gr\u00e2ce \u00e0 un syst\u00e8me d\u2019institutions, dont chacune a un champ d\u2019action bien d\u00e9fini. Les origines de ce syst\u00e8me se trouvent dans les \u00c9crits de Bah\u00e1\u2019u\u2019ll\u00e1h Lui-m\u00eame. Il est connu sous le nom d\u2019Ordre administratif bah\u00e1\u2019\u00ed. Aujourd\u2019hui, la Maison universelle de justice [&hellip;]<\/p>\n","protected":false},"author":3,"featured_media":15087,"parent":14505,"menu_order":0,"comment_status":"open","ping_status":"closed","template":"","meta":{"inline_featured_image":false,"footnotes":""},"class_list":["post-14206","page","type-page","status-publish","has-post-thumbnail","hentry"],"yoast_head":"<!-- This site is optimized with the Yoast SEO plugin v27.3 - https:\/\/yoast.com\/product\/yoast-seo-wordpress\/ -->\n<title>Institutions et organisation - Bah\u00e1&#039;\u00ed Suisse<\/title>\n<meta name=\"robots\" content=\"index, follow, max-snippet:-1, max-image-preview:large, max-video-preview:-1\" \/>\n<link rel=\"canonical\" href=\"https:\/\/bahai.ch\/fr\/ce-que-croient-les-bahais\/institutions-et-organisation\/\" \/>\n<meta property=\"og:locale\" content=\"fr_FR\" \/>\n<meta property=\"og:type\" content=\"article\" \/>\n<meta property=\"og:title\" content=\"Institutions et organisation - Bah\u00e1&#039;\u00ed Suisse\" \/>\n<meta property=\"og:description\" content=\"L\u2019Ordre administratif bah\u00e1\u2019\u00ed \u00e9tabli par Bah\u00e1\u2019u\u2019ll\u00e1h Les affaires de la communaut\u00e9 bah\u00e1\u2019\u00ede sont administr\u00e9es gr\u00e2ce \u00e0 un syst\u00e8me d\u2019institutions, dont chacune a un champ d\u2019action bien d\u00e9fini. Les origines de ce syst\u00e8me se trouvent dans les \u00c9crits de Bah\u00e1\u2019u\u2019ll\u00e1h Lui-m\u00eame. Il est connu sous le nom d\u2019Ordre administratif bah\u00e1\u2019\u00ed. Aujourd\u2019hui, la Maison universelle de justice [&hellip;]\" \/>\n<meta property=\"og:url\" content=\"https:\/\/bahai.ch\/fr\/ce-que-croient-les-bahais\/institutions-et-organisation\/\" \/>\n<meta property=\"og:site_name\" content=\"Bah\u00e1&#039;\u00ed Suisse\" \/>\n<meta property=\"article:modified_time\" content=\"2025-05-17T15:56:27+00:00\" \/>\n<meta property=\"og:image\" content=\"https:\/\/bahai.ch\/fr\/wp-content\/uploads\/sites\/2\/2025\/01\/administration-scaled-e1736433275787.jpg\" \/>\n\t<meta property=\"og:image:width\" content=\"2560\" \/>\n\t<meta property=\"og:image:height\" content=\"1177\" \/>\n\t<meta property=\"og:image:type\" content=\"image\/jpeg\" \/>\n<meta name=\"twitter:card\" content=\"summary_large_image\" \/>\n<meta name=\"twitter:label1\" content=\"Dur\u00e9e de lecture estim\u00e9e\" \/>\n\t<meta name=\"twitter:data1\" content=\"2 minutes\" \/>\n<script type=\"application\/ld+json\" class=\"yoast-schema-graph\">{\"@context\":\"https:\\\/\\\/schema.org\",\"@graph\":[{\"@type\":\"WebPage\",\"@id\":\"https:\\\/\\\/bahai.ch\\\/fr\\\/ce-que-croient-les-bahais\\\/institutions-et-organisation\\\/\",\"url\":\"https:\\\/\\\/bahai.ch\\\/fr\\\/ce-que-croient-les-bahais\\\/institutions-et-organisation\\\/\",\"name\":\"Institutions et organisation - Bah\u00e1&#039;\u00ed Suisse\",\"isPartOf\":{\"@id\":\"https:\\\/\\\/bahai.ch\\\/fr\\\/#website\"},\"primaryImageOfPage\":{\"@id\":\"https:\\\/\\\/bahai.ch\\\/fr\\\/ce-que-croient-les-bahais\\\/institutions-et-organisation\\\/#primaryimage\"},\"image\":{\"@id\":\"https:\\\/\\\/bahai.ch\\\/fr\\\/ce-que-croient-les-bahais\\\/institutions-et-organisation\\\/#primaryimage\"},\"thumbnailUrl\":\"https:\\\/\\\/bahai.ch\\\/fr\\\/wp-content\\\/uploads\\\/sites\\\/2\\\/2025\\\/01\\\/administration-scaled-e1736433275787.jpg\",\"datePublished\":\"2024-11-07T08:46:13+00:00\",\"dateModified\":\"2025-05-17T15:56:27+00:00\",\"breadcrumb\":{\"@id\":\"https:\\\/\\\/bahai.ch\\\/fr\\\/ce-que-croient-les-bahais\\\/institutions-et-organisation\\\/#breadcrumb\"},\"inLanguage\":\"fr-FR\",\"potentialAction\":[{\"@type\":\"ReadAction\",\"target\":[\"https:\\\/\\\/bahai.ch\\\/fr\\\/ce-que-croient-les-bahais\\\/institutions-et-organisation\\\/\"]}]},{\"@type\":\"ImageObject\",\"inLanguage\":\"fr-FR\",\"@id\":\"https:\\\/\\\/bahai.ch\\\/fr\\\/ce-que-croient-les-bahais\\\/institutions-et-organisation\\\/#primaryimage\",\"url\":\"https:\\\/\\\/bahai.ch\\\/fr\\\/wp-content\\\/uploads\\\/sites\\\/2\\\/2025\\\/01\\\/administration-scaled-e1736433275787.jpg\",\"contentUrl\":\"https:\\\/\\\/bahai.ch\\\/fr\\\/wp-content\\\/uploads\\\/sites\\\/2\\\/2025\\\/01\\\/administration-scaled-e1736433275787.jpg\",\"width\":2560,\"height\":1177},{\"@type\":\"BreadcrumbList\",\"@id\":\"https:\\\/\\\/bahai.ch\\\/fr\\\/ce-que-croient-les-bahais\\\/institutions-et-organisation\\\/#breadcrumb\",\"itemListElement\":[{\"@type\":\"ListItem\",\"position\":1,\"name\":\"Home\",\"item\":\"https:\\\/\\\/bahai.ch\\\/fr\\\/\"},{\"@type\":\"ListItem\",\"position\":2,\"name\":\"Ce que croient les bah\u00e1&rsquo;\u00eds\",\"item\":\"https:\\\/\\\/bahai.ch\\\/fr\\\/ce-que-croient-les-bahais\\\/\"},{\"@type\":\"ListItem\",\"position\":3,\"name\":\"Institutions et organisation\"}]},{\"@type\":\"WebSite\",\"@id\":\"https:\\\/\\\/bahai.ch\\\/fr\\\/#website\",\"url\":\"https:\\\/\\\/bahai.ch\\\/fr\\\/\",\"name\":\"Bah\u00e1&#039;\u00ed Suisse\",\"description\":\"SITE OFFICIEL DES BAHA&#039;IS DE SUISSE\",\"potentialAction\":[{\"@type\":\"SearchAction\",\"target\":{\"@type\":\"EntryPoint\",\"urlTemplate\":\"https:\\\/\\\/bahai.ch\\\/fr\\\/?s={search_term_string}\"},\"query-input\":{\"@type\":\"PropertyValueSpecification\",\"valueRequired\":true,\"valueName\":\"search_term_string\"}}],\"inLanguage\":\"fr-FR\"}]}<\/script>\n<!-- \/ Yoast SEO plugin. -->","yoast_head_json":{"title":"Institutions et organisation - Bah\u00e1&#039;\u00ed Suisse","robots":{"index":"index","follow":"follow","max-snippet":"max-snippet:-1","max-image-preview":"max-image-preview:large","max-video-preview":"max-video-preview:-1"},"canonical":"https:\/\/bahai.ch\/fr\/ce-que-croient-les-bahais\/institutions-et-organisation\/","og_locale":"fr_FR","og_type":"article","og_title":"Institutions et organisation - Bah\u00e1&#039;\u00ed Suisse","og_description":"L\u2019Ordre administratif bah\u00e1\u2019\u00ed \u00e9tabli par Bah\u00e1\u2019u\u2019ll\u00e1h Les affaires de la communaut\u00e9 bah\u00e1\u2019\u00ede sont administr\u00e9es gr\u00e2ce \u00e0 un syst\u00e8me d\u2019institutions, dont chacune a un champ d\u2019action bien d\u00e9fini. Les origines de ce syst\u00e8me se trouvent dans les \u00c9crits de Bah\u00e1\u2019u\u2019ll\u00e1h Lui-m\u00eame. Il est connu sous le nom d\u2019Ordre administratif bah\u00e1\u2019\u00ed. Aujourd\u2019hui, la Maison universelle de justice [&hellip;]","og_url":"https:\/\/bahai.ch\/fr\/ce-que-croient-les-bahais\/institutions-et-organisation\/","og_site_name":"Bah\u00e1&#039;\u00ed Suisse","article_modified_time":"2025-05-17T15:56:27+00:00","og_image":[{"width":2560,"height":1177,"url":"https:\/\/bahai.ch\/fr\/wp-content\/uploads\/sites\/2\/2025\/01\/administration-scaled-e1736433275787.jpg","type":"image\/jpeg"}],"twitter_card":"summary_large_image","twitter_misc":{"Dur\u00e9e de lecture estim\u00e9e":"2 minutes"},"schema":{"@context":"https:\/\/schema.org","@graph":[{"@type":"WebPage","@id":"https:\/\/bahai.ch\/fr\/ce-que-croient-les-bahais\/institutions-et-organisation\/","url":"https:\/\/bahai.ch\/fr\/ce-que-croient-les-bahais\/institutions-et-organisation\/","name":"Institutions et organisation - Bah\u00e1&#039;\u00ed Suisse","isPartOf":{"@id":"https:\/\/bahai.ch\/fr\/#website"},"primaryImageOfPage":{"@id":"https:\/\/bahai.ch\/fr\/ce-que-croient-les-bahais\/institutions-et-organisation\/#primaryimage"},"image":{"@id":"https:\/\/bahai.ch\/fr\/ce-que-croient-les-bahais\/institutions-et-organisation\/#primaryimage"},"thumbnailUrl":"https:\/\/bahai.ch\/fr\/wp-content\/uploads\/sites\/2\/2025\/01\/administration-scaled-e1736433275787.jpg","datePublished":"2024-11-07T08:46:13+00:00","dateModified":"2025-05-17T15:56:27+00:00","breadcrumb":{"@id":"https:\/\/bahai.ch\/fr\/ce-que-croient-les-bahais\/institutions-et-organisation\/#breadcrumb"},"inLanguage":"fr-FR","potentialAction":[{"@type":"ReadAction","target":["https:\/\/bahai.ch\/fr\/ce-que-croient-les-bahais\/institutions-et-organisation\/"]}]},{"@type":"ImageObject","inLanguage":"fr-FR","@id":"https:\/\/bahai.ch\/fr\/ce-que-croient-les-bahais\/institutions-et-organisation\/#primaryimage","url":"https:\/\/bahai.ch\/fr\/wp-content\/uploads\/sites\/2\/2025\/01\/administration-scaled-e1736433275787.jpg","contentUrl":"https:\/\/bahai.ch\/fr\/wp-content\/uploads\/sites\/2\/2025\/01\/administration-scaled-e1736433275787.jpg","width":2560,"height":1177},{"@type":"BreadcrumbList","@id":"https:\/\/bahai.ch\/fr\/ce-que-croient-les-bahais\/institutions-et-organisation\/#breadcrumb","itemListElement":[{"@type":"ListItem","position":1,"name":"Home","item":"https:\/\/bahai.ch\/fr\/"},{"@type":"ListItem","position":2,"name":"Ce que croient les bah\u00e1&rsquo;\u00eds","item":"https:\/\/bahai.ch\/fr\/ce-que-croient-les-bahais\/"},{"@type":"ListItem","position":3,"name":"Institutions et organisation"}]},{"@type":"WebSite","@id":"https:\/\/bahai.ch\/fr\/#website","url":"https:\/\/bahai.ch\/fr\/","name":"Bah\u00e1&#039;\u00ed Suisse","description":"SITE OFFICIEL DES BAHA&#039;IS DE SUISSE","potentialAction":[{"@type":"SearchAction","target":{"@type":"EntryPoint","urlTemplate":"https:\/\/bahai.ch\/fr\/?s={search_term_string}"},"query-input":{"@type":"PropertyValueSpecification","valueRequired":true,"valueName":"search_term_string"}}],"inLanguage":"fr-FR"}]}},"_links":{"self":[{"href":"https:\/\/bahai.ch\/fr\/wp-json\/wp\/v2\/pages\/14206","targetHints":{"allow":["GET"]}}],"collection":[{"href":"https:\/\/bahai.ch\/fr\/wp-json\/wp\/v2\/pages"}],"about":[{"href":"https:\/\/bahai.ch\/fr\/wp-json\/wp\/v2\/types\/page"}],"author":[{"embeddable":true,"href":"https:\/\/bahai.ch\/fr\/wp-json\/wp\/v2\/users\/3"}],"replies":[{"embeddable":true,"href":"https:\/\/bahai.ch\/fr\/wp-json\/wp\/v2\/comments?post=14206"}],"version-history":[{"count":64,"href":"https:\/\/bahai.ch\/fr\/wp-json\/wp\/v2\/pages\/14206\/revisions"}],"predecessor-version":[{"id":15415,"href":"https:\/\/bahai.ch\/fr\/wp-json\/wp\/v2\/pages\/14206\/revisions\/15415"}],"up":[{"embeddable":true,"href":"https:\/\/bahai.ch\/fr\/wp-json\/wp\/v2\/pages\/14505"}],"wp:featuredmedia":[{"embeddable":true,"href":"https:\/\/bahai.ch\/fr\/wp-json\/wp\/v2\/media\/15087"}],"wp:attachment":[{"href":"https:\/\/bahai.ch\/fr\/wp-json\/wp\/v2\/media?parent=14206"}],"curies":[{"name":"wp","href":"https:\/\/api.w.org\/{rel}","templated":true}]}}