{"id":15194,"date":"2025-01-28T15:05:31","date_gmt":"2025-01-28T15:05:31","guid":{"rendered":"https:\/\/bahai.steincastle.com\/?page_id=15194"},"modified":"2025-05-27T13:46:31","modified_gmt":"2025-05-27T11:46:31","slug":"impressum","status":"publish","type":"page","link":"https:\/\/bahai.ch\/fr\/impressum\/","title":{"rendered":"Impressum"},"content":{"rendered":"\t\t<div data-elementor-type=\"wp-page\" data-elementor-id=\"15194\" class=\"elementor elementor-15194\" data-elementor-post-type=\"page\">\n\t\t\t\t<div class=\"elementor-element elementor-element-c3188ad e-flex e-con-boxed e-con e-parent\" data-id=\"c3188ad\" data-element_type=\"container\" data-e-type=\"container\">\n\t\t\t\t\t<div class=\"e-con-inner\">\n\t\t\t\t<div class=\"elementor-element elementor-element-01c11dd elementor-widget elementor-widget-text-editor\" data-id=\"01c11dd\" data-element_type=\"widget\" data-e-type=\"widget\" data-widget_type=\"text-editor.default\">\n\t\t\t\t<div class=\"elementor-widget-container\">\n\t\t\t\t\t\t\t\t\t<h3><strong>RESPONSABLE DU CONTENU<\/strong><\/h3><p>Assembl\u00e9e Spirituelle Nationale des Bah\u00e1\u2019\u00eds de Suisse<br \/>Dufourstrasse 13<br \/>CH-3005 Bern<br \/>Switzerland<\/p><p>info@bahai.ch<br \/><img decoding=\"async\" src=\"chrome-extension:\/\/fajmnddnafkmfdeekbkjcpohhoodhgjj\/images\/logo20.png\" alt=\"Zoiper Click2Dial\" width=\"20\" height=\"20\" \/><a href=\"zoiper:+41313521020\">+41 31 352 10 20<\/a><\/p><h3><strong>RESPONSABILIT\u00c9 POUR LE CONTENU<\/strong><\/h3><p>Le contenu de ces pages est cr\u00e9\u00e9 avec le plus grand soin. Pour la justesse,<br \/>cependant, aucune responsabilit\u00e9 ne peut \u00eatre assum\u00e9e quant \u00e0 l\u2019exhaustivit\u00e9 et \u00e0 l\u2019actualit\u00e9 de ce contenu.<\/p><h3><strong>CR\u00c9DITS PHOTOS ET COPYRIGHT<\/strong><\/h3><p>L\u2019Assembl\u00e9e spirituelle nationale des bah\u00e1\u2019\u00eds de Suisse et toutes les marques, le logo de\u00a0<em>baha\u2019i switzerland<\/em>, tous les \u00e9l\u00e9ments de conception, les images et les textes du site web sont prot\u00e9g\u00e9s par le droit d\u2019auteur.\u00a0<em>Images utilis\u00e9es :<\/em>\u00a0Assembl\u00e9e spirituelle nationale des bah\u00e1\u2019\u00eds de Suisse, Bah\u00e1\u2019\u00ed Media Library, SteinCastle GmbH, Depositphotos, Envato Marketplace.<\/p><h3><strong>CONCEPT DE CONCEPTION ET CONCEPTION GRAPHIQUE<\/strong><\/h3><p><a href=\"https:\/\/www.leacortes.ch\/\" target=\"_blank\" rel=\"noopener\">Lea Cort\u00e9s<\/a><\/p><h3><strong>ADMINISTRATION TECHNIQUE<\/strong><\/h3><p><a href=\"https:\/\/tagsystems.com\/\" target=\"_blank\" rel=\"noopener\">TAG Systems AG<\/a><\/p>\t\t\t\t\t\t\t\t<\/div>\n\t\t\t\t<\/div>\n\t\t\t\t\t<\/div>\n\t\t\t\t<\/div>\n\t\t\t\t<\/div>\n\t\t","protected":false},"excerpt":{"rendered":"<p>RESPONSABLE DU CONTENU Assembl\u00e9e Spirituelle Nationale des Bah\u00e1\u2019\u00eds de SuisseDufourstrasse 13CH-3005 BernSwitzerland info@bahai.ch+41 31 352 10 20 RESPONSABILIT\u00c9 POUR LE CONTENU Le contenu de ces pages est cr\u00e9\u00e9 avec le plus grand soin. Pour la justesse,cependant, aucune responsabilit\u00e9 ne peut \u00eatre assum\u00e9e quant \u00e0 l\u2019exhaustivit\u00e9 et \u00e0 l\u2019actualit\u00e9 de ce contenu. CR\u00c9DITS PHOTOS ET COPYRIGHT [&hellip;]<\/p>\n","protected":false},"author":3,"featured_media":15208,"parent":0,"menu_order":0,"comment_status":"closed","ping_status":"closed","template":"","meta":{"inline_featured_image":false,"footnotes":""},"class_list":["post-15194","page","type-page","status-publish","has-post-thumbnail","hentry"],"yoast_head":"<!-- This site is optimized with the Yoast SEO plugin v27.3 - https:\/\/yoast.com\/product\/yoast-seo-wordpress\/ -->\n<title>Impressum - Bah\u00e1&#039;\u00ed Suisse<\/title>\n<meta name=\"robots\" content=\"index, follow, max-snippet:-1, max-image-preview:large, max-video-preview:-1\" \/>\n<link rel=\"canonical\" href=\"https:\/\/bahai.ch\/fr\/impressum\/\" \/>\n<meta property=\"og:locale\" content=\"fr_FR\" \/>\n<meta property=\"og:type\" content=\"article\" \/>\n<meta property=\"og:title\" content=\"Impressum - Bah\u00e1&#039;\u00ed Suisse\" \/>\n<meta property=\"og:description\" content=\"RESPONSABLE DU CONTENU Assembl\u00e9e Spirituelle Nationale des Bah\u00e1\u2019\u00eds de SuisseDufourstrasse 13CH-3005 BernSwitzerland info@bahai.ch+41 31 352 10 20 RESPONSABILIT\u00c9 POUR LE CONTENU Le contenu de ces pages est cr\u00e9\u00e9 avec le plus grand soin. Pour la justesse,cependant, aucune responsabilit\u00e9 ne peut \u00eatre assum\u00e9e quant \u00e0 l\u2019exhaustivit\u00e9 et \u00e0 l\u2019actualit\u00e9 de ce contenu. CR\u00c9DITS PHOTOS ET COPYRIGHT [&hellip;]\" \/>\n<meta property=\"og:url\" content=\"https:\/\/bahai.ch\/fr\/impressum\/\" \/>\n<meta property=\"og:site_name\" content=\"Bah\u00e1&#039;\u00ed Suisse\" \/>\n<meta property=\"article:modified_time\" content=\"2025-05-27T11:46:31+00:00\" \/>\n<meta property=\"og:image\" content=\"https:\/\/bahai.ch\/fr\/wp-content\/uploads\/sites\/2\/2025\/01\/imprint.jpg\" \/>\n\t<meta property=\"og:image:width\" content=\"1500\" \/>\n\t<meta property=\"og:image:height\" content=\"1000\" \/>\n\t<meta property=\"og:image:type\" content=\"image\/jpeg\" \/>\n<meta name=\"twitter:card\" content=\"summary_large_image\" \/>\n<meta name=\"twitter:label1\" content=\"Dur\u00e9e de lecture estim\u00e9e\" \/>\n\t<meta name=\"twitter:data1\" content=\"1 minute\" \/>\n<script type=\"application\/ld+json\" class=\"yoast-schema-graph\">{\"@context\":\"https:\\\/\\\/schema.org\",\"@graph\":[{\"@type\":\"WebPage\",\"@id\":\"https:\\\/\\\/bahai.ch\\\/fr\\\/impressum\\\/\",\"url\":\"https:\\\/\\\/bahai.ch\\\/fr\\\/impressum\\\/\",\"name\":\"Impressum - Bah\u00e1&#039;\u00ed Suisse\",\"isPartOf\":{\"@id\":\"https:\\\/\\\/bahai.ch\\\/fr\\\/#website\"},\"primaryImageOfPage\":{\"@id\":\"https:\\\/\\\/bahai.ch\\\/fr\\\/impressum\\\/#primaryimage\"},\"image\":{\"@id\":\"https:\\\/\\\/bahai.ch\\\/fr\\\/impressum\\\/#primaryimage\"},\"thumbnailUrl\":\"https:\\\/\\\/bahai.ch\\\/fr\\\/wp-content\\\/uploads\\\/sites\\\/2\\\/2025\\\/01\\\/imprint.jpg\",\"datePublished\":\"2025-01-28T15:05:31+00:00\",\"dateModified\":\"2025-05-27T11:46:31+00:00\",\"breadcrumb\":{\"@id\":\"https:\\\/\\\/bahai.ch\\\/fr\\\/impressum\\\/#breadcrumb\"},\"inLanguage\":\"fr-FR\",\"potentialAction\":[{\"@type\":\"ReadAction\",\"target\":[\"https:\\\/\\\/bahai.ch\\\/fr\\\/impressum\\\/\"]}]},{\"@type\":\"ImageObject\",\"inLanguage\":\"fr-FR\",\"@id\":\"https:\\\/\\\/bahai.ch\\\/fr\\\/impressum\\\/#primaryimage\",\"url\":\"https:\\\/\\\/bahai.ch\\\/fr\\\/wp-content\\\/uploads\\\/sites\\\/2\\\/2025\\\/01\\\/imprint.jpg\",\"contentUrl\":\"https:\\\/\\\/bahai.ch\\\/fr\\\/wp-content\\\/uploads\\\/sites\\\/2\\\/2025\\\/01\\\/imprint.jpg\",\"width\":1500,\"height\":1000},{\"@type\":\"BreadcrumbList\",\"@id\":\"https:\\\/\\\/bahai.ch\\\/fr\\\/impressum\\\/#breadcrumb\",\"itemListElement\":[{\"@type\":\"ListItem\",\"position\":1,\"name\":\"Home\",\"item\":\"https:\\\/\\\/bahai.ch\\\/fr\\\/\"},{\"@type\":\"ListItem\",\"position\":2,\"name\":\"Impressum\"}]},{\"@type\":\"WebSite\",\"@id\":\"https:\\\/\\\/bahai.ch\\\/fr\\\/#website\",\"url\":\"https:\\\/\\\/bahai.ch\\\/fr\\\/\",\"name\":\"Bah\u00e1&#039;\u00ed Suisse\",\"description\":\"SITE OFFICIEL DES BAHA&#039;IS DE SUISSE\",\"potentialAction\":[{\"@type\":\"SearchAction\",\"target\":{\"@type\":\"EntryPoint\",\"urlTemplate\":\"https:\\\/\\\/bahai.ch\\\/fr\\\/?s={search_term_string}\"},\"query-input\":{\"@type\":\"PropertyValueSpecification\",\"valueRequired\":true,\"valueName\":\"search_term_string\"}}],\"inLanguage\":\"fr-FR\"}]}<\/script>\n<!-- \/ Yoast SEO plugin. -->","yoast_head_json":{"title":"Impressum - Bah\u00e1&#039;\u00ed Suisse","robots":{"index":"index","follow":"follow","max-snippet":"max-snippet:-1","max-image-preview":"max-image-preview:large","max-video-preview":"max-video-preview:-1"},"canonical":"https:\/\/bahai.ch\/fr\/impressum\/","og_locale":"fr_FR","og_type":"article","og_title":"Impressum - Bah\u00e1&#039;\u00ed Suisse","og_description":"RESPONSABLE DU CONTENU Assembl\u00e9e Spirituelle Nationale des Bah\u00e1\u2019\u00eds de SuisseDufourstrasse 13CH-3005 BernSwitzerland info@bahai.ch+41 31 352 10 20 RESPONSABILIT\u00c9 POUR LE CONTENU Le contenu de ces pages est cr\u00e9\u00e9 avec le plus grand soin. Pour la justesse,cependant, aucune responsabilit\u00e9 ne peut \u00eatre assum\u00e9e quant \u00e0 l\u2019exhaustivit\u00e9 et \u00e0 l\u2019actualit\u00e9 de ce contenu. CR\u00c9DITS PHOTOS ET COPYRIGHT [&hellip;]","og_url":"https:\/\/bahai.ch\/fr\/impressum\/","og_site_name":"Bah\u00e1&#039;\u00ed Suisse","article_modified_time":"2025-05-27T11:46:31+00:00","og_image":[{"width":1500,"height":1000,"url":"https:\/\/bahai.ch\/fr\/wp-content\/uploads\/sites\/2\/2025\/01\/imprint.jpg","type":"image\/jpeg"}],"twitter_card":"summary_large_image","twitter_misc":{"Dur\u00e9e de lecture estim\u00e9e":"1 minute"},"schema":{"@context":"https:\/\/schema.org","@graph":[{"@type":"WebPage","@id":"https:\/\/bahai.ch\/fr\/impressum\/","url":"https:\/\/bahai.ch\/fr\/impressum\/","name":"Impressum - Bah\u00e1&#039;\u00ed Suisse","isPartOf":{"@id":"https:\/\/bahai.ch\/fr\/#website"},"primaryImageOfPage":{"@id":"https:\/\/bahai.ch\/fr\/impressum\/#primaryimage"},"image":{"@id":"https:\/\/bahai.ch\/fr\/impressum\/#primaryimage"},"thumbnailUrl":"https:\/\/bahai.ch\/fr\/wp-content\/uploads\/sites\/2\/2025\/01\/imprint.jpg","datePublished":"2025-01-28T15:05:31+00:00","dateModified":"2025-05-27T11:46:31+00:00","breadcrumb":{"@id":"https:\/\/bahai.ch\/fr\/impressum\/#breadcrumb"},"inLanguage":"fr-FR","potentialAction":[{"@type":"ReadAction","target":["https:\/\/bahai.ch\/fr\/impressum\/"]}]},{"@type":"ImageObject","inLanguage":"fr-FR","@id":"https:\/\/bahai.ch\/fr\/impressum\/#primaryimage","url":"https:\/\/bahai.ch\/fr\/wp-content\/uploads\/sites\/2\/2025\/01\/imprint.jpg","contentUrl":"https:\/\/bahai.ch\/fr\/wp-content\/uploads\/sites\/2\/2025\/01\/imprint.jpg","width":1500,"height":1000},{"@type":"BreadcrumbList","@id":"https:\/\/bahai.ch\/fr\/impressum\/#breadcrumb","itemListElement":[{"@type":"ListItem","position":1,"name":"Home","item":"https:\/\/bahai.ch\/fr\/"},{"@type":"ListItem","position":2,"name":"Impressum"}]},{"@type":"WebSite","@id":"https:\/\/bahai.ch\/fr\/#website","url":"https:\/\/bahai.ch\/fr\/","name":"Bah\u00e1&#039;\u00ed Suisse","description":"SITE OFFICIEL DES BAHA&#039;IS DE SUISSE","potentialAction":[{"@type":"SearchAction","target":{"@type":"EntryPoint","urlTemplate":"https:\/\/bahai.ch\/fr\/?s={search_term_string}"},"query-input":{"@type":"PropertyValueSpecification","valueRequired":true,"valueName":"search_term_string"}}],"inLanguage":"fr-FR"}]}},"_links":{"self":[{"href":"https:\/\/bahai.ch\/fr\/wp-json\/wp\/v2\/pages\/15194","targetHints":{"allow":["GET"]}}],"collection":[{"href":"https:\/\/bahai.ch\/fr\/wp-json\/wp\/v2\/pages"}],"about":[{"href":"https:\/\/bahai.ch\/fr\/wp-json\/wp\/v2\/types\/page"}],"author":[{"embeddable":true,"href":"https:\/\/bahai.ch\/fr\/wp-json\/wp\/v2\/users\/3"}],"replies":[{"embeddable":true,"href":"https:\/\/bahai.ch\/fr\/wp-json\/wp\/v2\/comments?post=15194"}],"version-history":[{"count":15,"href":"https:\/\/bahai.ch\/fr\/wp-json\/wp\/v2\/pages\/15194\/revisions"}],"predecessor-version":[{"id":15437,"href":"https:\/\/bahai.ch\/fr\/wp-json\/wp\/v2\/pages\/15194\/revisions\/15437"}],"wp:featuredmedia":[{"embeddable":true,"href":"https:\/\/bahai.ch\/fr\/wp-json\/wp\/v2\/media\/15208"}],"wp:attachment":[{"href":"https:\/\/bahai.ch\/fr\/wp-json\/wp\/v2\/media?parent=15194"}],"curies":[{"name":"wp","href":"https:\/\/api.w.org\/{rel}","templated":true}]}}