{"id":12666,"date":"2022-11-01T21:19:11","date_gmt":"2022-11-01T21:19:11","guid":{"rendered":"http:\/\/www.nicdarkthemes.com\/themes\/charity-foundation\/wp\/demo\/charity-foundation\/?page_id=12666"},"modified":"2026-03-28T15:13:01","modified_gmt":"2026-03-28T13:13:01","slug":"i-bahai-della-svizzera","status":"publish","type":"page","link":"https:\/\/bahai.ch\/it\/","title":{"rendered":"I Bah\u00e1&#8217;\u00ed della Svizzera"},"content":{"rendered":"\t\t<div data-elementor-type=\"wp-page\" data-elementor-id=\"12666\" class=\"elementor elementor-12666\" data-elementor-post-type=\"page\">\n\t\t\t\t\t\t<section class=\"elementor-section elementor-top-section elementor-element elementor-element-38bd0ac0 elementor-section-stretched elementor-section-height-full elementor-section-items-top elementor-section-content-top elementor-section-boxed elementor-section-height-default\" data-id=\"38bd0ac0\" data-element_type=\"section\" data-e-type=\"section\" data-settings=\"{&quot;stretch_section&quot;:&quot;section-stretched&quot;,&quot;background_background&quot;:&quot;classic&quot;,&quot;background_motion_fx_motion_fx_scrolling&quot;:&quot;yes&quot;,&quot;background_motion_fx_scale_effect&quot;:&quot;yes&quot;,&quot;background_motion_fx_scale_direction&quot;:&quot;in-out&quot;,&quot;background_motion_fx_scale_speed&quot;:{&quot;unit&quot;:&quot;px&quot;,&quot;size&quot;:4,&quot;sizes&quot;:[]},&quot;background_motion_fx_scale_range&quot;:{&quot;unit&quot;:&quot;%&quot;,&quot;size&quot;:&quot;&quot;,&quot;sizes&quot;:{&quot;start&quot;:20,&quot;end&quot;:80}},&quot;background_motion_fx_devices&quot;:[&quot;desktop&quot;,&quot;tablet&quot;,&quot;mobile&quot;]}\">\n\t\t\t\t\t\t\t<div class=\"elementor-background-overlay\"><\/div>\n\t\t\t\t\t\t\t<div class=\"elementor-container elementor-column-gap-default\">\n\t\t\t\t\t<div class=\"elementor-column elementor-col-100 elementor-top-column elementor-element elementor-element-4e819a40\" data-id=\"4e819a40\" data-element_type=\"column\" data-e-type=\"column\">\n\t\t\t<div class=\"elementor-widget-wrap elementor-element-populated\">\n\t\t\t\t\t\t<div class=\"elementor-element elementor-element-4620a557 elementor--h-position-center elementor--v-position-middle elementor-arrows-position-inside elementor-pagination-position-inside elementor-widget elementor-widget-slides\" data-id=\"4620a557\" data-element_type=\"widget\" data-e-type=\"widget\" data-settings=\"{&quot;motion_fx_motion_fx_scrolling&quot;:&quot;yes&quot;,&quot;motion_fx_translateY_effect&quot;:&quot;yes&quot;,&quot;motion_fx_translateY_direction&quot;:&quot;negative&quot;,&quot;navigation&quot;:&quot;both&quot;,&quot;transition&quot;:&quot;slide&quot;,&quot;transition_speed&quot;:500,&quot;motion_fx_translateY_speed&quot;:{&quot;unit&quot;:&quot;px&quot;,&quot;size&quot;:4,&quot;sizes&quot;:[]},&quot;motion_fx_translateY_affectedRange&quot;:{&quot;unit&quot;:&quot;%&quot;,&quot;size&quot;:&quot;&quot;,&quot;sizes&quot;:{&quot;start&quot;:0,&quot;end&quot;:100}},&quot;motion_fx_devices&quot;:[&quot;desktop&quot;,&quot;tablet&quot;,&quot;mobile&quot;]}\" data-widget_type=\"slides.default\">\n\t\t\t\t<div class=\"elementor-widget-container\">\n\t\t\t\t\t\t\t\t\t<div class=\"elementor-swiper\">\n\t\t\t\t\t<div class=\"elementor-slides-wrapper elementor-main-swiper swiper\" role=\"region\" aria-roledescription=\"carousel\" aria-label=\"Slides\" dir=\"ltr\" data-animation=\"fadeInUp\">\n\t\t\t\t<div class=\"swiper-wrapper elementor-slides\">\n\t\t\t\t\t\t\t\t\t\t<div class=\"elementor-repeater-item-d951854 swiper-slide\" role=\"group\" aria-roledescription=\"slide\"><div class=\"swiper-slide-bg\"><\/div><div class=\"swiper-slide-inner\" ><div class=\"swiper-slide-contents\"><div class=\"elementor-slide-heading\">\"La terre \u00e8 un solo paese e l'umanit\u00e0 i suoi cittadini.\"<\/div><div class=\"elementor-slide-description\">Bah\u00e1'u'll\u00e1h<\/div><\/div><\/div><\/div>\t\t\t\t<\/div>\n\t\t\t\t\t\t\t<\/div>\n\t\t\t\t<\/div>\n\t\t\t\t\t\t\t\t<\/div>\n\t\t\t\t<\/div>\n\t\t\t\t\t<\/div>\n\t\t<\/div>\n\t\t\t\t\t<\/div>\n\t\t<\/section>\n\t\t\t\t<section class=\"elementor-section elementor-top-section elementor-element elementor-element-7fb05edb elementor-section-content-middle elementor-section-stretched section-spacing elementor-section-boxed elementor-section-height-default elementor-section-height-default\" data-id=\"7fb05edb\" data-element_type=\"section\" data-e-type=\"section\" data-settings=\"{&quot;background_background&quot;:&quot;classic&quot;,&quot;stretch_section&quot;:&quot;section-stretched&quot;}\">\n\t\t\t\t\t\t\t<div class=\"elementor-background-overlay\"><\/div>\n\t\t\t\t\t\t\t<div class=\"elementor-container elementor-column-gap-default\">\n\t\t\t\t\t<div class=\"elementor-column elementor-col-50 elementor-top-column elementor-element elementor-element-bce55f9\" data-id=\"bce55f9\" data-element_type=\"column\" data-e-type=\"column\">\n\t\t\t<div class=\"elementor-widget-wrap elementor-element-populated\">\n\t\t\t\t\t\t<div class=\"elementor-element elementor-element-5acbc9cb elementor-widget elementor-widget-heading\" data-id=\"5acbc9cb\" data-element_type=\"widget\" data-e-type=\"widget\" data-widget_type=\"heading.default\">\n\t\t\t\t<div class=\"elementor-widget-container\">\n\t\t\t\t\t<h5 class=\"elementor-heading-title elementor-size-default\">Gli insegnamenti di Bah\u00e1'u'll\u00e1h ci ispirano a costruire un mondo migliore.<\/h5>\t\t\t\t<\/div>\n\t\t\t\t<\/div>\n\t\t\t\t<div class=\"elementor-element elementor-element-3304798e elementor-widget elementor-widget-heading\" data-id=\"3304798e\" data-element_type=\"widget\" data-e-type=\"widget\" data-widget_type=\"heading.default\">\n\t\t\t\t<div class=\"elementor-widget-container\">\n\t\t\t\t\t<h2 class=\"elementor-heading-title elementor-size-default\">Impegnati alla costruzione di comunit\u00e0 vibranti<\/h2>\t\t\t\t<\/div>\n\t\t\t\t<\/div>\n\t\t\t\t<div class=\"elementor-element elementor-element-1ba07b1 elementor-widget elementor-widget-text-editor\" data-id=\"1ba07b1\" data-element_type=\"widget\" data-e-type=\"widget\" data-widget_type=\"text-editor.default\">\n\t\t\t\t<div class=\"elementor-widget-container\">\n\t\t\t\t\t\t\t\t\t<p>In tutta la Svizzera gli insegnamenti della Fede bah\u00e1&#8217;\u00ed ispirano individui e comunit\u00e0 a lavorare per migliorare la propria vita e contribuire all&#8217;avanzamento della societ\u00e0, al progresso spirituale e materiale. Ci\u00f2 viene messo in atto attraverso <a href=\"https:\/\/bahai.ch\/it\/cosa-fanno-i-bahai-in-svizzera\/\">vari tipi di attivit\u00e0 aperte a tutti<\/a>.<\/p><p>I principi bah\u00e1&#8217;\u00ed affrontano temi essenziali come l&#8217;unit\u00e0 di Dio e delle religioni, l&#8217;unit\u00e0 dell&#8217;umanit\u00e0 e la libert\u00e0 dal pregiudizio, l&#8217;intrinseca nobilt\u00e0 dell&#8217;essere umano, la rivelazione progressiva della verit\u00e0 religiosa, lo sviluppo delle qualit\u00e0 spirituali, l\u2019integrazione di preghiera e servizio, la fondamentale parit\u00e0 dei sessi, l&#8217;armonia tra religione e scienza, la centralit\u00e0 della giustizia in tutti gli sforzi umani, l&#8217;importanza dell&#8217;educazione e le dinamiche delle relazioni che uniscono individui, comunit\u00e0 e istituzioni nel cammino dell\u2019umanit\u00e0 verso la maturit\u00e0 collettiva.<\/p>\t\t\t\t\t\t\t\t<\/div>\n\t\t\t\t<\/div>\n\t\t\t\t\t<\/div>\n\t\t<\/div>\n\t\t\t\t<div class=\"elementor-column elementor-col-50 elementor-top-column elementor-element elementor-element-322b62a\" data-id=\"322b62a\" data-element_type=\"column\" data-e-type=\"column\" data-settings=\"{&quot;background_background&quot;:&quot;classic&quot;}\">\n\t\t\t<div class=\"elementor-widget-wrap elementor-element-populated\">\n\t\t\t\t\t\t<div class=\"elementor-element elementor-element-7e2bd5a elementor-widget elementor-widget-image\" data-id=\"7e2bd5a\" data-element_type=\"widget\" data-e-type=\"widget\" data-widget_type=\"image.default\">\n\t\t\t\t<div class=\"elementor-widget-container\">\n\t\t\t\t\t\t\t\t\t\t\t\t<figure class=\"wp-caption\">\n\t\t\t\t\t\t\t\t\t\t<img fetchpriority=\"high\" decoding=\"async\" width=\"1024\" height=\"889\" src=\"https:\/\/bahai.ch\/it\/wp-content\/uploads\/sites\/3\/2024\/11\/IMG_6353-scaled-e1732875450831-1024x889.jpg\" class=\"attachment-large size-large wp-image-14890\" alt=\"\" srcset=\"https:\/\/bahai.ch\/it\/wp-content\/uploads\/sites\/3\/2024\/11\/IMG_6353-scaled-e1732875450831-1024x889.jpg 1024w, https:\/\/bahai.ch\/it\/wp-content\/uploads\/sites\/3\/2024\/11\/IMG_6353-scaled-e1732875450831-300x260.jpg 300w, https:\/\/bahai.ch\/it\/wp-content\/uploads\/sites\/3\/2024\/11\/IMG_6353-scaled-e1732875450831-768x666.jpg 768w, https:\/\/bahai.ch\/it\/wp-content\/uploads\/sites\/3\/2024\/11\/IMG_6353-scaled-e1732875450831-1536x1333.jpg 1536w, https:\/\/bahai.ch\/it\/wp-content\/uploads\/sites\/3\/2024\/11\/IMG_6353-scaled-e1732875450831.jpg 1966w\" sizes=\"(max-width: 1024px) 100vw, 1024px\" \/>\t\t\t\t\t\t\t\t\t\t\t<figcaption class=\"widget-image-caption wp-caption-text\">Murale creato da una classe di bambini bah\u00e1'\u00ed a Sciaffusa<\/figcaption>\n\t\t\t\t\t\t\t\t\t\t<\/figure>\n\t\t\t\t\t\t\t\t\t<\/div>\n\t\t\t\t<\/div>\n\t\t\t\t\t<\/div>\n\t\t<\/div>\n\t\t\t\t\t<\/div>\n\t\t<\/section>\n\t\t\t\t<section class=\"elementor-section elementor-top-section elementor-element elementor-element-29f92163 elementor-section-content-middle elementor-section-stretched elementor-section-boxed elementor-section-height-default elementor-section-height-default\" data-id=\"29f92163\" data-element_type=\"section\" data-e-type=\"section\" data-settings=\"{&quot;stretch_section&quot;:&quot;section-stretched&quot;,&quot;background_background&quot;:&quot;classic&quot;}\">\n\t\t\t\t\t\t\t<div class=\"elementor-background-overlay\"><\/div>\n\t\t\t\t\t\t\t<div class=\"elementor-container elementor-column-gap-default\">\n\t\t\t\t\t<div class=\"elementor-column elementor-col-100 elementor-top-column elementor-element elementor-element-f15c5c7\" data-id=\"f15c5c7\" data-element_type=\"column\" data-e-type=\"column\">\n\t\t\t<div class=\"elementor-widget-wrap elementor-element-populated\">\n\t\t\t\t\t\t<div class=\"elementor-element elementor-element-7c19ec21 elementor-widget elementor-widget-heading\" data-id=\"7c19ec21\" data-element_type=\"widget\" data-e-type=\"widget\" data-widget_type=\"heading.default\">\n\t\t\t\t<div class=\"elementor-widget-container\">\n\t\t\t\t\t<span class=\"elementor-heading-title elementor-size-default\">I bah\u00e1'\u00ed in Svizzera:<br>\nuna comunit\u00e0 centenaria<\/span>\t\t\t\t<\/div>\n\t\t\t\t<\/div>\n\t\t\t\t<div class=\"elementor-element elementor-element-d7da0b3 elementor-widget elementor-widget-heading\" data-id=\"d7da0b3\" data-element_type=\"widget\" data-e-type=\"widget\" data-widget_type=\"heading.default\">\n\t\t\t\t<div class=\"elementor-widget-container\">\n\t\t\t\t\t<span class=\"elementor-heading-title elementor-size-default\">La Fede bah\u00e1'\u00ed \u00e8 presente in Svizzera dall'inizio del XX secolo.<\/span>\t\t\t\t<\/div>\n\t\t\t\t<\/div>\n\t\t\t\t<div class=\"elementor-element elementor-element-92c909d elementor-align-center elementor-widget elementor-widget-button\" data-id=\"92c909d\" data-element_type=\"widget\" data-e-type=\"widget\" data-widget_type=\"button.default\">\n\t\t\t\t<div class=\"elementor-widget-container\">\n\t\t\t\t\t\t\t\t\t<div class=\"elementor-button-wrapper\">\n\t\t\t\t\t<a class=\"elementor-button elementor-button-link elementor-size-sm\" href=\"https:\/\/bahai.ch\/it\/la-fede-bahai-in-svizzera\/\">\n\t\t\t\t\t\t<span class=\"elementor-button-content-wrapper\">\n\t\t\t\t\t\t\t\t\t<span class=\"elementor-button-text\">Scopri la storia delle prime persone svizzere che sono diventate bah\u00e1'\u00ed<\/span>\n\t\t\t\t\t<\/span>\n\t\t\t\t\t<\/a>\n\t\t\t\t<\/div>\n\t\t\t\t\t\t\t\t<\/div>\n\t\t\t\t<\/div>\n\t\t\t\t\t<\/div>\n\t\t<\/div>\n\t\t\t\t\t<\/div>\n\t\t<\/section>\n\t\t\t\t<\/div>\n\t\t","protected":false},"excerpt":{"rendered":"<p>&#8220;La terre \u00e8 un solo paese e l&#8217;umanit\u00e0 i suoi cittadini.&#8221;Bah\u00e1&#8217;u&#8217;ll\u00e1h Gli insegnamenti di Bah\u00e1&#8217;u&#8217;ll\u00e1h ci ispirano a costruire un mondo migliore. Impegnati alla costruzione di comunit\u00e0 vibranti In tutta la Svizzera gli insegnamenti della Fede bah\u00e1&#8217;\u00ed ispirano individui e comunit\u00e0 a lavorare per migliorare la propria vita e contribuire all&#8217;avanzamento della societ\u00e0, al progresso [&hellip;]<\/p>\n","protected":false},"author":3,"featured_media":0,"parent":0,"menu_order":0,"comment_status":"closed","ping_status":"closed","template":"elementor_header_footer","meta":{"inline_featured_image":false,"footnotes":""},"class_list":["post-12666","page","type-page","status-publish","hentry"],"yoast_head":"<!-- This site is optimized with the Yoast SEO plugin v27.3 - https:\/\/yoast.com\/product\/yoast-seo-wordpress\/ -->\n<title>I Bah\u00e1&#039;\u00ed della Svizzera - Bah\u00e1&#039;\u00ed Svizzera<\/title>\n<meta name=\"robots\" content=\"index, follow, max-snippet:-1, max-image-preview:large, max-video-preview:-1\" \/>\n<link rel=\"canonical\" href=\"https:\/\/bahai.ch\/it\/\" \/>\n<meta property=\"og:locale\" content=\"it_IT\" \/>\n<meta property=\"og:type\" content=\"article\" \/>\n<meta property=\"og:title\" content=\"I Bah\u00e1&#039;\u00ed della Svizzera - Bah\u00e1&#039;\u00ed Svizzera\" \/>\n<meta property=\"og:description\" content=\"&#8220;La terre \u00e8 un solo paese e l&#8217;umanit\u00e0 i suoi cittadini.&#8221;Bah\u00e1&#8217;u&#8217;ll\u00e1h Gli insegnamenti di Bah\u00e1&#8217;u&#8217;ll\u00e1h ci ispirano a costruire un mondo migliore. Impegnati alla costruzione di comunit\u00e0 vibranti In tutta la Svizzera gli insegnamenti della Fede bah\u00e1&#8217;\u00ed ispirano individui e comunit\u00e0 a lavorare per migliorare la propria vita e contribuire all&#8217;avanzamento della societ\u00e0, al progresso [&hellip;]\" \/>\n<meta property=\"og:url\" content=\"https:\/\/bahai.ch\/it\/\" \/>\n<meta property=\"og:site_name\" content=\"Bah\u00e1&#039;\u00ed Svizzera\" \/>\n<meta property=\"article:modified_time\" content=\"2026-03-28T13:13:01+00:00\" \/>\n<meta property=\"og:image\" content=\"https:\/\/bahai.ch\/it\/wp-content\/uploads\/sites\/3\/2024\/11\/IMG_6353-scaled-e1732875450831.jpg\" \/>\n\t<meta property=\"og:image:width\" content=\"1966\" \/>\n\t<meta property=\"og:image:height\" content=\"1706\" \/>\n\t<meta property=\"og:image:type\" content=\"image\/jpeg\" \/>\n<meta name=\"twitter:card\" content=\"summary_large_image\" \/>\n<meta name=\"twitter:label1\" content=\"Tempo di lettura stimato\" \/>\n\t<meta name=\"twitter:data1\" content=\"2 minuti\" \/>\n<script type=\"application\/ld+json\" class=\"yoast-schema-graph\">{\"@context\":\"https:\\\/\\\/schema.org\",\"@graph\":[{\"@type\":\"WebPage\",\"@id\":\"https:\\\/\\\/bahai.ch\\\/it\\\/\",\"url\":\"https:\\\/\\\/bahai.ch\\\/it\\\/\",\"name\":\"I Bah\u00e1'\u00ed della Svizzera - Bah\u00e1&#039;\u00ed Svizzera\",\"isPartOf\":{\"@id\":\"https:\\\/\\\/bahai.ch\\\/it\\\/#website\"},\"primaryImageOfPage\":{\"@id\":\"https:\\\/\\\/bahai.ch\\\/it\\\/#primaryimage\"},\"image\":{\"@id\":\"https:\\\/\\\/bahai.ch\\\/it\\\/#primaryimage\"},\"thumbnailUrl\":\"https:\\\/\\\/bahai.ch\\\/it\\\/wp-content\\\/uploads\\\/sites\\\/3\\\/2024\\\/11\\\/IMG_6353-scaled-e1732875450831-1024x889.jpg\",\"datePublished\":\"2022-11-01T21:19:11+00:00\",\"dateModified\":\"2026-03-28T13:13:01+00:00\",\"breadcrumb\":{\"@id\":\"https:\\\/\\\/bahai.ch\\\/it\\\/#breadcrumb\"},\"inLanguage\":\"it-IT\",\"potentialAction\":[{\"@type\":\"ReadAction\",\"target\":[\"https:\\\/\\\/bahai.ch\\\/it\\\/\"]}]},{\"@type\":\"ImageObject\",\"inLanguage\":\"it-IT\",\"@id\":\"https:\\\/\\\/bahai.ch\\\/it\\\/#primaryimage\",\"url\":\"https:\\\/\\\/bahai.ch\\\/it\\\/wp-content\\\/uploads\\\/sites\\\/3\\\/2024\\\/11\\\/IMG_6353-scaled-e1732875450831.jpg\",\"contentUrl\":\"https:\\\/\\\/bahai.ch\\\/it\\\/wp-content\\\/uploads\\\/sites\\\/3\\\/2024\\\/11\\\/IMG_6353-scaled-e1732875450831.jpg\",\"width\":1966,\"height\":1706},{\"@type\":\"BreadcrumbList\",\"@id\":\"https:\\\/\\\/bahai.ch\\\/it\\\/#breadcrumb\",\"itemListElement\":[{\"@type\":\"ListItem\",\"position\":1,\"name\":\"Home\",\"item\":\"https:\\\/\\\/bahai.ch\\\/it\\\/\"},{\"@type\":\"ListItem\",\"position\":2,\"name\":\"I Bah\u00e1&#8217;\u00ed della Svizzera\"}]},{\"@type\":\"WebSite\",\"@id\":\"https:\\\/\\\/bahai.ch\\\/it\\\/#website\",\"url\":\"https:\\\/\\\/bahai.ch\\\/it\\\/\",\"name\":\"Bah\u00e1&#039;\u00ed Svizzera\",\"description\":\"SITO UFFICIALE DELLA COMUNIT\u00c0 SWISS BAHA&#039;I\",\"potentialAction\":[{\"@type\":\"SearchAction\",\"target\":{\"@type\":\"EntryPoint\",\"urlTemplate\":\"https:\\\/\\\/bahai.ch\\\/it\\\/?s={search_term_string}\"},\"query-input\":{\"@type\":\"PropertyValueSpecification\",\"valueRequired\":true,\"valueName\":\"search_term_string\"}}],\"inLanguage\":\"it-IT\"}]}<\/script>\n<!-- \/ Yoast SEO plugin. -->","yoast_head_json":{"title":"I Bah\u00e1'\u00ed della Svizzera - Bah\u00e1&#039;\u00ed Svizzera","robots":{"index":"index","follow":"follow","max-snippet":"max-snippet:-1","max-image-preview":"max-image-preview:large","max-video-preview":"max-video-preview:-1"},"canonical":"https:\/\/bahai.ch\/it\/","og_locale":"it_IT","og_type":"article","og_title":"I Bah\u00e1'\u00ed della Svizzera - Bah\u00e1&#039;\u00ed Svizzera","og_description":"&#8220;La terre \u00e8 un solo paese e l&#8217;umanit\u00e0 i suoi cittadini.&#8221;Bah\u00e1&#8217;u&#8217;ll\u00e1h Gli insegnamenti di Bah\u00e1&#8217;u&#8217;ll\u00e1h ci ispirano a costruire un mondo migliore. Impegnati alla costruzione di comunit\u00e0 vibranti In tutta la Svizzera gli insegnamenti della Fede bah\u00e1&#8217;\u00ed ispirano individui e comunit\u00e0 a lavorare per migliorare la propria vita e contribuire all&#8217;avanzamento della societ\u00e0, al progresso [&hellip;]","og_url":"https:\/\/bahai.ch\/it\/","og_site_name":"Bah\u00e1&#039;\u00ed Svizzera","article_modified_time":"2026-03-28T13:13:01+00:00","og_image":[{"width":1966,"height":1706,"url":"https:\/\/bahai.ch\/it\/wp-content\/uploads\/sites\/3\/2024\/11\/IMG_6353-scaled-e1732875450831.jpg","type":"image\/jpeg"}],"twitter_card":"summary_large_image","twitter_misc":{"Tempo di lettura stimato":"2 minuti"},"schema":{"@context":"https:\/\/schema.org","@graph":[{"@type":"WebPage","@id":"https:\/\/bahai.ch\/it\/","url":"https:\/\/bahai.ch\/it\/","name":"I Bah\u00e1'\u00ed della Svizzera - Bah\u00e1&#039;\u00ed Svizzera","isPartOf":{"@id":"https:\/\/bahai.ch\/it\/#website"},"primaryImageOfPage":{"@id":"https:\/\/bahai.ch\/it\/#primaryimage"},"image":{"@id":"https:\/\/bahai.ch\/it\/#primaryimage"},"thumbnailUrl":"https:\/\/bahai.ch\/it\/wp-content\/uploads\/sites\/3\/2024\/11\/IMG_6353-scaled-e1732875450831-1024x889.jpg","datePublished":"2022-11-01T21:19:11+00:00","dateModified":"2026-03-28T13:13:01+00:00","breadcrumb":{"@id":"https:\/\/bahai.ch\/it\/#breadcrumb"},"inLanguage":"it-IT","potentialAction":[{"@type":"ReadAction","target":["https:\/\/bahai.ch\/it\/"]}]},{"@type":"ImageObject","inLanguage":"it-IT","@id":"https:\/\/bahai.ch\/it\/#primaryimage","url":"https:\/\/bahai.ch\/it\/wp-content\/uploads\/sites\/3\/2024\/11\/IMG_6353-scaled-e1732875450831.jpg","contentUrl":"https:\/\/bahai.ch\/it\/wp-content\/uploads\/sites\/3\/2024\/11\/IMG_6353-scaled-e1732875450831.jpg","width":1966,"height":1706},{"@type":"BreadcrumbList","@id":"https:\/\/bahai.ch\/it\/#breadcrumb","itemListElement":[{"@type":"ListItem","position":1,"name":"Home","item":"https:\/\/bahai.ch\/it\/"},{"@type":"ListItem","position":2,"name":"I Bah\u00e1&#8217;\u00ed della Svizzera"}]},{"@type":"WebSite","@id":"https:\/\/bahai.ch\/it\/#website","url":"https:\/\/bahai.ch\/it\/","name":"Bah\u00e1&#039;\u00ed Svizzera","description":"SITO UFFICIALE DELLA COMUNIT\u00c0 SWISS BAHA&#039;I","potentialAction":[{"@type":"SearchAction","target":{"@type":"EntryPoint","urlTemplate":"https:\/\/bahai.ch\/it\/?s={search_term_string}"},"query-input":{"@type":"PropertyValueSpecification","valueRequired":true,"valueName":"search_term_string"}}],"inLanguage":"it-IT"}]}},"_links":{"self":[{"href":"https:\/\/bahai.ch\/it\/wp-json\/wp\/v2\/pages\/12666","targetHints":{"allow":["GET"]}}],"collection":[{"href":"https:\/\/bahai.ch\/it\/wp-json\/wp\/v2\/pages"}],"about":[{"href":"https:\/\/bahai.ch\/it\/wp-json\/wp\/v2\/types\/page"}],"author":[{"embeddable":true,"href":"https:\/\/bahai.ch\/it\/wp-json\/wp\/v2\/users\/3"}],"replies":[{"embeddable":true,"href":"https:\/\/bahai.ch\/it\/wp-json\/wp\/v2\/comments?post=12666"}],"version-history":[{"count":68,"href":"https:\/\/bahai.ch\/it\/wp-json\/wp\/v2\/pages\/12666\/revisions"}],"predecessor-version":[{"id":15470,"href":"https:\/\/bahai.ch\/it\/wp-json\/wp\/v2\/pages\/12666\/revisions\/15470"}],"wp:attachment":[{"href":"https:\/\/bahai.ch\/it\/wp-json\/wp\/v2\/media?parent=12666"}],"curies":[{"name":"wp","href":"https:\/\/api.w.org\/{rel}","templated":true}]}}