{"id":14204,"date":"2024-11-07T08:45:06","date_gmt":"2024-11-07T08:45:06","guid":{"rendered":"https:\/\/bahai.steincastle.com\/?p=14204"},"modified":"2025-05-17T17:22:49","modified_gmt":"2025-05-17T15:22:49","slug":"la-visione-di-bahaullah-per-lumanita","status":"publish","type":"page","link":"https:\/\/bahai.ch\/it\/in-che-cosa-credono-i-bahai\/la-visione-di-bahaullah-per-lumanita\/","title":{"rendered":"La visione di Bah\u00e1\u2019u\u2019ll\u00e1h per l&#8217;umanit\u00e0"},"content":{"rendered":"\t\t<div data-elementor-type=\"wp-post\" data-elementor-id=\"14204\" class=\"elementor elementor-14204\" data-elementor-post-type=\"page\">\n\t\t\t\t\t\t<section class=\"elementor-section elementor-top-section elementor-element elementor-element-3ebdc86e elementor-section-content-middle elementor-section-stretched section-spacing elementor-reverse-tablet elementor-reverse-mobile elementor-section-boxed elementor-section-height-default elementor-section-height-default\" data-id=\"3ebdc86e\" data-element_type=\"section\" data-e-type=\"section\" data-settings=\"{&quot;background_background&quot;:&quot;classic&quot;,&quot;stretch_section&quot;:&quot;section-stretched&quot;}\">\n\t\t\t\t\t\t\t<div class=\"elementor-background-overlay\"><\/div>\n\t\t\t\t\t\t\t<div class=\"elementor-container elementor-column-gap-default\">\n\t\t\t\t\t<div class=\"elementor-column elementor-col-50 elementor-top-column elementor-element elementor-element-57ca6dd0\" data-id=\"57ca6dd0\" data-element_type=\"column\" data-e-type=\"column\">\n\t\t\t<div class=\"elementor-widget-wrap elementor-element-populated\">\n\t\t\t\t\t\t<div class=\"elementor-element elementor-element-32edd9ba elementor-widget elementor-widget-image\" data-id=\"32edd9ba\" data-element_type=\"widget\" data-e-type=\"widget\" data-widget_type=\"image.default\">\n\t\t\t\t<div class=\"elementor-widget-container\">\n\t\t\t\t\t\t\t\t\t\t\t\t<figure class=\"wp-caption\">\n\t\t\t\t\t\t\t\t\t\t<img fetchpriority=\"high\" decoding=\"async\" width=\"1000\" height=\"667\" src=\"https:\/\/bahai.ch\/it\/wp-content\/uploads\/sites\/3\/2024\/11\/educators.jpg\" class=\"attachment-large size-large wp-image-14901\" alt=\"\" srcset=\"https:\/\/bahai.ch\/it\/wp-content\/uploads\/sites\/3\/2024\/11\/educators.jpg 1000w, https:\/\/bahai.ch\/it\/wp-content\/uploads\/sites\/3\/2024\/11\/educators-300x200.jpg 300w, https:\/\/bahai.ch\/it\/wp-content\/uploads\/sites\/3\/2024\/11\/educators-768x512.jpg 768w\" sizes=\"(max-width: 1000px) 100vw, 1000px\" \/>\t\t\t\t\t\t\t\t\t\t\t<figcaption class=\"widget-image-caption wp-caption-text\">Cupola della casa di adorazione di Santiago, Cile<\/figcaption>\n\t\t\t\t\t\t\t\t\t\t<\/figure>\n\t\t\t\t\t\t\t\t\t<\/div>\n\t\t\t\t<\/div>\n\t\t\t\t\t<\/div>\n\t\t<\/div>\n\t\t\t\t<div class=\"elementor-column elementor-col-50 elementor-top-column elementor-element elementor-element-1723018b\" data-id=\"1723018b\" data-element_type=\"column\" data-e-type=\"column\" data-settings=\"{&quot;background_background&quot;:&quot;classic&quot;}\">\n\t\t\t<div class=\"elementor-widget-wrap elementor-element-populated\">\n\t\t\t\t\t\t<div class=\"elementor-element elementor-element-40553ded elementor-widget elementor-widget-heading\" data-id=\"40553ded\" data-element_type=\"widget\" data-e-type=\"widget\" data-widget_type=\"heading.default\">\n\t\t\t\t<div class=\"elementor-widget-container\">\n\t\t\t\t\t<h2 class=\"elementor-heading-title elementor-size-default\">Manifestazioni di Dio: I divini Educatori<\/h2>\t\t\t\t<\/div>\n\t\t\t\t<\/div>\n\t\t\t\t<div class=\"elementor-element elementor-element-2664fe61 elementor-widget elementor-widget-text-editor\" data-id=\"2664fe61\" data-element_type=\"widget\" data-e-type=\"widget\" data-widget_type=\"text-editor.default\">\n\t\t\t\t<div class=\"elementor-widget-container\">\n\t\t\t\t\t\t\t\t\t<p>Nel corso della storia, Dio ha inviato Educatori divini &#8211; chiamati Manifestazioni di Dio &#8211; per coltivare le capacit\u00e0 spirituali, intellettuali e morali dell&#8217;umanit\u00e0. Abramo, Krishna, Zoroastro, Mos\u00e8, Buddha, Ges\u00f9 Cristo, Maometto e, in tempi pi\u00f9 recenti, il B\u00e1b e Bah\u00e1&#8217;u&#8217;ll\u00e1h sono alcuni di questi esseri. Bah\u00e1&#8217;u&#8217;ll\u00e1h, l&#8217;ultimo di questi Messaggeri, ha spiegato che le religioni del mondo provengono dalla stessa Fonte e sono in sostanza capitoli susseguenti di un&#8217;unica religione di Dio.<\/p>\t\t\t\t\t\t\t\t<\/div>\n\t\t\t\t<\/div>\n\t\t\t\t\t<\/div>\n\t\t<\/div>\n\t\t\t\t\t<\/div>\n\t\t<\/section>\n\t\t\t\t<section class=\"elementor-section elementor-top-section elementor-element elementor-element-25c25e36 elementor-section-content-middle elementor-section-stretched section-spacing elementor-section-boxed elementor-section-height-default elementor-section-height-default\" data-id=\"25c25e36\" data-element_type=\"section\" data-e-type=\"section\" data-settings=\"{&quot;background_background&quot;:&quot;classic&quot;,&quot;stretch_section&quot;:&quot;section-stretched&quot;}\">\n\t\t\t\t\t\t\t<div class=\"elementor-background-overlay\"><\/div>\n\t\t\t\t\t\t\t<div class=\"elementor-container elementor-column-gap-default\">\n\t\t\t\t\t<div class=\"elementor-column elementor-col-50 elementor-top-column elementor-element elementor-element-2e07c3ec\" data-id=\"2e07c3ec\" data-element_type=\"column\" data-e-type=\"column\">\n\t\t\t<div class=\"elementor-widget-wrap elementor-element-populated\">\n\t\t\t\t\t\t<div class=\"elementor-element elementor-element-1ee03bff elementor-widget elementor-widget-heading\" data-id=\"1ee03bff\" data-element_type=\"widget\" data-e-type=\"widget\" data-widget_type=\"heading.default\">\n\t\t\t\t<div class=\"elementor-widget-container\">\n\t\t\t\t\t<h2 class=\"elementor-heading-title elementor-size-default\">La visione di Bah\u00e1\u2019u\u2019ll\u00e1h<\/h2>\t\t\t\t<\/div>\n\t\t\t\t<\/div>\n\t\t\t\t<div class=\"elementor-element elementor-element-361463d8 elementor-widget elementor-widget-text-editor\" data-id=\"361463d8\" data-element_type=\"widget\" data-e-type=\"widget\" data-widget_type=\"text-editor.default\">\n\t\t\t\t<div class=\"elementor-widget-container\">\n\t\t\t\t\t\t\t\t\t<p>I bah\u00e1&#8217;\u00ed credono che l&#8217;umanit\u00e0 si trovi di fronte a una duplice necessit\u00e0: trovare una visione unificante per il futuro della societ\u00e0 e comprendere la natura e lo scopo della vita. Questa visione si dispiega negli scritti di Bah\u00e1&#8217;u&#8217;ll\u00e1h, immergendosi nelle radici della motivazione umana. Gli insegnamenti di Bah\u00e1&#8217;u&#8217;ll\u00e1h risvegliano nuove capacit\u00e0 negli individui, permettendo loro di contribuire al miglioramento del mondo come mai prima d&#8217;ora.<\/p>\t\t\t\t\t\t\t\t<\/div>\n\t\t\t\t<\/div>\n\t\t\t\t\t<\/div>\n\t\t<\/div>\n\t\t\t\t<div class=\"elementor-column elementor-col-50 elementor-top-column elementor-element elementor-element-396d95ba\" data-id=\"396d95ba\" data-element_type=\"column\" data-e-type=\"column\" data-settings=\"{&quot;background_background&quot;:&quot;classic&quot;}\">\n\t\t\t<div class=\"elementor-widget-wrap elementor-element-populated\">\n\t\t\t\t\t\t<div class=\"elementor-element elementor-element-5e13aff6 elementor-widget elementor-widget-image\" data-id=\"5e13aff6\" data-element_type=\"widget\" data-e-type=\"widget\" data-widget_type=\"image.default\">\n\t\t\t\t<div class=\"elementor-widget-container\">\n\t\t\t\t\t\t\t\t\t\t\t\t<figure class=\"wp-caption\">\n\t\t\t\t\t\t\t\t\t\t<img decoding=\"async\" width=\"485\" height=\"310\" src=\"https:\/\/bahai.ch\/it\/wp-content\/uploads\/sites\/3\/2024\/11\/local-spiritual-assemblies.jpg\" class=\"attachment-large size-large wp-image-13973\" alt=\"\" srcset=\"https:\/\/bahai.ch\/it\/wp-content\/uploads\/sites\/3\/2024\/11\/local-spiritual-assemblies.jpg 485w, https:\/\/bahai.ch\/it\/wp-content\/uploads\/sites\/3\/2024\/11\/local-spiritual-assemblies-300x192.jpg 300w\" sizes=\"(max-width: 485px) 100vw, 485px\" \/>\t\t\t\t\t\t\t\t\t\t\t<figcaption class=\"widget-image-caption wp-caption-text\">Una stella a nove punte creata da un gruppo di giovanissimi<\/figcaption>\n\t\t\t\t\t\t\t\t\t\t<\/figure>\n\t\t\t\t\t\t\t\t\t<\/div>\n\t\t\t\t<\/div>\n\t\t\t\t\t<\/div>\n\t\t<\/div>\n\t\t\t\t\t<\/div>\n\t\t<\/section>\n\t\t\t\t<section class=\"elementor-section elementor-top-section elementor-element elementor-element-642fd9c9 elementor-section-content-middle elementor-section-stretched section-spacing elementor-reverse-tablet elementor-reverse-mobile elementor-section-boxed elementor-section-height-default elementor-section-height-default\" data-id=\"642fd9c9\" data-element_type=\"section\" data-e-type=\"section\" data-settings=\"{&quot;background_background&quot;:&quot;classic&quot;,&quot;stretch_section&quot;:&quot;section-stretched&quot;}\">\n\t\t\t\t\t\t\t<div class=\"elementor-background-overlay\"><\/div>\n\t\t\t\t\t\t\t<div class=\"elementor-container elementor-column-gap-default\">\n\t\t\t\t\t<div class=\"elementor-column elementor-col-50 elementor-top-column elementor-element elementor-element-1474e2a\" data-id=\"1474e2a\" data-element_type=\"column\" data-e-type=\"column\">\n\t\t\t<div class=\"elementor-widget-wrap elementor-element-populated\">\n\t\t\t\t\t\t<div class=\"elementor-element elementor-element-10ed0c02 elementor-widget elementor-widget-image\" data-id=\"10ed0c02\" data-element_type=\"widget\" data-e-type=\"widget\" data-widget_type=\"image.default\">\n\t\t\t\t<div class=\"elementor-widget-container\">\n\t\t\t\t\t\t\t\t\t\t\t\t\t\t\t<img decoding=\"async\" width=\"513\" height=\"646\" src=\"https:\/\/bahai.ch\/it\/wp-content\/uploads\/sites\/3\/2024\/11\/universal-peace-one-of-the-teachings-of-baha-u-llah.jpg\" class=\"attachment-large size-large wp-image-13987\" alt=\"\" srcset=\"https:\/\/bahai.ch\/it\/wp-content\/uploads\/sites\/3\/2024\/11\/universal-peace-one-of-the-teachings-of-baha-u-llah.jpg 513w, https:\/\/bahai.ch\/it\/wp-content\/uploads\/sites\/3\/2024\/11\/universal-peace-one-of-the-teachings-of-baha-u-llah-238x300.jpg 238w\" sizes=\"(max-width: 513px) 100vw, 513px\" \/>\t\t\t\t\t\t\t\t\t\t\t\t\t\t\t<\/div>\n\t\t\t\t<\/div>\n\t\t\t\t\t<\/div>\n\t\t<\/div>\n\t\t\t\t<div class=\"elementor-column elementor-col-50 elementor-top-column elementor-element elementor-element-54fea2fb\" data-id=\"54fea2fb\" data-element_type=\"column\" data-e-type=\"column\" data-settings=\"{&quot;background_background&quot;:&quot;classic&quot;}\">\n\t\t\t<div class=\"elementor-widget-wrap elementor-element-populated\">\n\t\t\t\t\t\t<div class=\"elementor-element elementor-element-2021f8bf elementor-widget elementor-widget-heading\" data-id=\"2021f8bf\" data-element_type=\"widget\" data-e-type=\"widget\" data-widget_type=\"heading.default\">\n\t\t\t\t<div class=\"elementor-widget-container\">\n\t\t\t\t\t<h2 class=\"elementor-heading-title elementor-size-default\">La pace universale: uno degli insegnamenti di Bah\u00e1\u2019u\u2019ll\u00e1h<\/h2>\t\t\t\t<\/div>\n\t\t\t\t<\/div>\n\t\t\t\t<div class=\"elementor-element elementor-element-7a378944 elementor-widget elementor-widget-text-editor\" data-id=\"7a378944\" data-element_type=\"widget\" data-e-type=\"widget\" data-widget_type=\"text-editor.default\">\n\t\t\t\t<div class=\"elementor-widget-container\">\n\t\t\t\t\t\t\t\t\t<p>Gli insegnamenti di Bah\u00e1&#8217;u&#8217;ll\u00e1h sono vasti nella loro portata ed esplorano temi come la natura e lo scopo della Rivelazione divina, la nobilt\u00e0 intrinseca dell&#8217;essere umano, lo sviluppo delle qualit\u00e0 spirituali e le interazioni dell&#8217;umanit\u00e0 con il mondo naturale. Gli scritti bah\u00e1&#8217;\u00ed sono anche ricchi di riferimenti alla pace universale \u2013 &#8220;l\u2019obiettivo supremo di tutta l&#8217;umanit\u00e0&#8221; \u2013 cos\u00ec come di spiegazioni sui principi sociali a cui questa pace \u00e8 associata.<\/p><p>Tra questi principi vi sono la libera e indipendente ricerca della verit\u00e0; l&#8217;unit\u00e0 dell&#8217;intero genere umano, che \u00e8 il principio cardine della Fede bah\u00e1&#8217;\u00ed; l&#8217;abolizione di ogni forma di pregiudizio; l&#8217;armonia che deve esistere tra religione e scienza; l&#8217;uguaglianza tra uomo e donna; l&#8217;introduzione dell&#8217;istruzione obbligatoria; l&#8217;adozione di una lingua ausiliaria universale; l&#8217;abolizione degli estremi di ricchezza e povert\u00e0; l&#8217;istituzione di un tribunale mondiale per risolvere le controversie tra le nazioni; e l\u2019affermazione della giustizia come principio dominante negli affari umani.<\/p><p>I bah\u00e1&#8217;\u00ed considerano questi principi come questioni di immediata e pratica rilevanza per gli individui, le comunit\u00e0 e le istituzioni.<\/p>\t\t\t\t\t\t\t\t<\/div>\n\t\t\t\t<\/div>\n\t\t\t\t\t<\/div>\n\t\t<\/div>\n\t\t\t\t\t<\/div>\n\t\t<\/section>\n\t\t\t\t<section class=\"elementor-section elementor-top-section elementor-element elementor-element-da116c8 elementor-section-content-middle elementor-section-stretched elementor-section-boxed elementor-section-height-default elementor-section-height-default\" data-id=\"da116c8\" data-element_type=\"section\" data-e-type=\"section\" data-settings=\"{&quot;stretch_section&quot;:&quot;section-stretched&quot;,&quot;background_background&quot;:&quot;classic&quot;}\">\n\t\t\t\t\t\t\t<div class=\"elementor-background-overlay\"><\/div>\n\t\t\t\t\t\t\t<div class=\"elementor-container elementor-column-gap-default\">\n\t\t\t\t\t<div class=\"elementor-column elementor-col-100 elementor-top-column elementor-element elementor-element-e6658ab\" data-id=\"e6658ab\" data-element_type=\"column\" data-e-type=\"column\">\n\t\t\t<div class=\"elementor-widget-wrap elementor-element-populated\">\n\t\t\t\t\t\t<div class=\"elementor-element elementor-element-a73fbb3 elementor-widget elementor-widget-heading\" data-id=\"a73fbb3\" data-element_type=\"widget\" data-e-type=\"widget\" data-widget_type=\"heading.default\">\n\t\t\t\t<div class=\"elementor-widget-container\">\n\t\t\t\t\t<span class=\"elementor-heading-title elementor-size-default\">\"Abbi un cuore puro, gentile e radioso\"<\/span>\t\t\t\t<\/div>\n\t\t\t\t<\/div>\n\t\t\t\t<div class=\"elementor-element elementor-element-91e55da elementor-widget elementor-widget-heading\" data-id=\"91e55da\" data-element_type=\"widget\" data-e-type=\"widget\" data-widget_type=\"heading.default\">\n\t\t\t\t<div class=\"elementor-widget-container\">\n\t\t\t\t\t<span class=\"elementor-heading-title elementor-size-default\">Bah\u00e1'u'll\u00e1h<\/span>\t\t\t\t<\/div>\n\t\t\t\t<\/div>\n\t\t\t\t\t<\/div>\n\t\t<\/div>\n\t\t\t\t\t<\/div>\n\t\t<\/section>\n\t\t\t\t<\/div>\n\t\t","protected":false},"excerpt":{"rendered":"<p>Cupola della casa di adorazione di Santiago, Cile Manifestazioni di Dio: I divini Educatori Nel corso della storia, Dio ha inviato Educatori divini &#8211; chiamati Manifestazioni di Dio &#8211; per coltivare le capacit\u00e0 spirituali, intellettuali e morali dell&#8217;umanit\u00e0. Abramo, Krishna, Zoroastro, Mos\u00e8, Buddha, Ges\u00f9 Cristo, Maometto e, in tempi pi\u00f9 recenti, il B\u00e1b e Bah\u00e1&#8217;u&#8217;ll\u00e1h [&hellip;]<\/p>\n","protected":false},"author":3,"featured_media":14900,"parent":14505,"menu_order":0,"comment_status":"open","ping_status":"closed","template":"","meta":{"inline_featured_image":false,"footnotes":""},"class_list":["post-14204","page","type-page","status-publish","has-post-thumbnail","hentry"],"yoast_head":"<!-- This site is optimized with the Yoast SEO plugin v27.3 - https:\/\/yoast.com\/product\/yoast-seo-wordpress\/ -->\n<title>La visione di Bah\u00e1\u2019u\u2019ll\u00e1h per l&#039;umanit\u00e0 - Bah\u00e1&#039;\u00ed Svizzera<\/title>\n<meta name=\"robots\" content=\"index, follow, max-snippet:-1, max-image-preview:large, max-video-preview:-1\" \/>\n<link rel=\"canonical\" href=\"https:\/\/bahai.ch\/it\/in-che-cosa-credono-i-bahai\/la-visione-di-bahaullah-per-lumanita\/\" \/>\n<meta property=\"og:locale\" content=\"it_IT\" \/>\n<meta property=\"og:type\" content=\"article\" \/>\n<meta property=\"og:title\" content=\"La visione di Bah\u00e1\u2019u\u2019ll\u00e1h per l&#039;umanit\u00e0 - Bah\u00e1&#039;\u00ed Svizzera\" \/>\n<meta property=\"og:description\" content=\"Cupola della casa di adorazione di Santiago, Cile Manifestazioni di Dio: I divini Educatori Nel corso della storia, Dio ha inviato Educatori divini &#8211; chiamati Manifestazioni di Dio &#8211; per coltivare le capacit\u00e0 spirituali, intellettuali e morali dell&#8217;umanit\u00e0. Abramo, Krishna, Zoroastro, Mos\u00e8, Buddha, Ges\u00f9 Cristo, Maometto e, in tempi pi\u00f9 recenti, il B\u00e1b e Bah\u00e1&#8217;u&#8217;ll\u00e1h [&hellip;]\" \/>\n<meta property=\"og:url\" content=\"https:\/\/bahai.ch\/it\/in-che-cosa-credono-i-bahai\/la-visione-di-bahaullah-per-lumanita\/\" \/>\n<meta property=\"og:site_name\" content=\"Bah\u00e1&#039;\u00ed Svizzera\" \/>\n<meta property=\"article:modified_time\" content=\"2025-05-17T15:22:49+00:00\" \/>\n<meta property=\"og:image\" content=\"https:\/\/bahai.ch\/it\/wp-content\/uploads\/sites\/3\/2024\/11\/vision-e1732881045847.jpg\" \/>\n\t<meta property=\"og:image:width\" content=\"1767\" \/>\n\t<meta property=\"og:image:height\" content=\"599\" \/>\n\t<meta property=\"og:image:type\" content=\"image\/jpeg\" \/>\n<meta name=\"twitter:card\" content=\"summary_large_image\" \/>\n<meta name=\"twitter:label1\" content=\"Tempo di lettura stimato\" \/>\n\t<meta name=\"twitter:data1\" content=\"2 minuti\" \/>\n<script type=\"application\/ld+json\" class=\"yoast-schema-graph\">{\"@context\":\"https:\\\/\\\/schema.org\",\"@graph\":[{\"@type\":\"WebPage\",\"@id\":\"https:\\\/\\\/bahai.ch\\\/it\\\/in-che-cosa-credono-i-bahai\\\/la-visione-di-bahaullah-per-lumanita\\\/\",\"url\":\"https:\\\/\\\/bahai.ch\\\/it\\\/in-che-cosa-credono-i-bahai\\\/la-visione-di-bahaullah-per-lumanita\\\/\",\"name\":\"La visione di Bah\u00e1\u2019u\u2019ll\u00e1h per l'umanit\u00e0 - Bah\u00e1&#039;\u00ed Svizzera\",\"isPartOf\":{\"@id\":\"https:\\\/\\\/bahai.ch\\\/it\\\/#website\"},\"primaryImageOfPage\":{\"@id\":\"https:\\\/\\\/bahai.ch\\\/it\\\/in-che-cosa-credono-i-bahai\\\/la-visione-di-bahaullah-per-lumanita\\\/#primaryimage\"},\"image\":{\"@id\":\"https:\\\/\\\/bahai.ch\\\/it\\\/in-che-cosa-credono-i-bahai\\\/la-visione-di-bahaullah-per-lumanita\\\/#primaryimage\"},\"thumbnailUrl\":\"https:\\\/\\\/bahai.ch\\\/it\\\/wp-content\\\/uploads\\\/sites\\\/3\\\/2024\\\/11\\\/vision-e1732881045847.jpg\",\"datePublished\":\"2024-11-07T08:45:06+00:00\",\"dateModified\":\"2025-05-17T15:22:49+00:00\",\"breadcrumb\":{\"@id\":\"https:\\\/\\\/bahai.ch\\\/it\\\/in-che-cosa-credono-i-bahai\\\/la-visione-di-bahaullah-per-lumanita\\\/#breadcrumb\"},\"inLanguage\":\"it-IT\",\"potentialAction\":[{\"@type\":\"ReadAction\",\"target\":[\"https:\\\/\\\/bahai.ch\\\/it\\\/in-che-cosa-credono-i-bahai\\\/la-visione-di-bahaullah-per-lumanita\\\/\"]}]},{\"@type\":\"ImageObject\",\"inLanguage\":\"it-IT\",\"@id\":\"https:\\\/\\\/bahai.ch\\\/it\\\/in-che-cosa-credono-i-bahai\\\/la-visione-di-bahaullah-per-lumanita\\\/#primaryimage\",\"url\":\"https:\\\/\\\/bahai.ch\\\/it\\\/wp-content\\\/uploads\\\/sites\\\/3\\\/2024\\\/11\\\/vision-e1732881045847.jpg\",\"contentUrl\":\"https:\\\/\\\/bahai.ch\\\/it\\\/wp-content\\\/uploads\\\/sites\\\/3\\\/2024\\\/11\\\/vision-e1732881045847.jpg\",\"width\":1767,\"height\":599},{\"@type\":\"BreadcrumbList\",\"@id\":\"https:\\\/\\\/bahai.ch\\\/it\\\/in-che-cosa-credono-i-bahai\\\/la-visione-di-bahaullah-per-lumanita\\\/#breadcrumb\",\"itemListElement\":[{\"@type\":\"ListItem\",\"position\":1,\"name\":\"Home\",\"item\":\"https:\\\/\\\/bahai.ch\\\/it\\\/\"},{\"@type\":\"ListItem\",\"position\":2,\"name\":\"In che cosa credono i bah\u00e1\u2019\u00ed\",\"item\":\"https:\\\/\\\/bahai.ch\\\/it\\\/in-che-cosa-credono-i-bahai\\\/\"},{\"@type\":\"ListItem\",\"position\":3,\"name\":\"La visione di Bah\u00e1\u2019u\u2019ll\u00e1h per l&#8217;umanit\u00e0\"}]},{\"@type\":\"WebSite\",\"@id\":\"https:\\\/\\\/bahai.ch\\\/it\\\/#website\",\"url\":\"https:\\\/\\\/bahai.ch\\\/it\\\/\",\"name\":\"Bah\u00e1&#039;\u00ed Svizzera\",\"description\":\"SITO UFFICIALE DELLA COMUNIT\u00c0 SWISS BAHA&#039;I\",\"potentialAction\":[{\"@type\":\"SearchAction\",\"target\":{\"@type\":\"EntryPoint\",\"urlTemplate\":\"https:\\\/\\\/bahai.ch\\\/it\\\/?s={search_term_string}\"},\"query-input\":{\"@type\":\"PropertyValueSpecification\",\"valueRequired\":true,\"valueName\":\"search_term_string\"}}],\"inLanguage\":\"it-IT\"}]}<\/script>\n<!-- \/ Yoast SEO plugin. -->","yoast_head_json":{"title":"La visione di Bah\u00e1\u2019u\u2019ll\u00e1h per l'umanit\u00e0 - Bah\u00e1&#039;\u00ed Svizzera","robots":{"index":"index","follow":"follow","max-snippet":"max-snippet:-1","max-image-preview":"max-image-preview:large","max-video-preview":"max-video-preview:-1"},"canonical":"https:\/\/bahai.ch\/it\/in-che-cosa-credono-i-bahai\/la-visione-di-bahaullah-per-lumanita\/","og_locale":"it_IT","og_type":"article","og_title":"La visione di Bah\u00e1\u2019u\u2019ll\u00e1h per l'umanit\u00e0 - Bah\u00e1&#039;\u00ed Svizzera","og_description":"Cupola della casa di adorazione di Santiago, Cile Manifestazioni di Dio: I divini Educatori Nel corso della storia, Dio ha inviato Educatori divini &#8211; chiamati Manifestazioni di Dio &#8211; per coltivare le capacit\u00e0 spirituali, intellettuali e morali dell&#8217;umanit\u00e0. Abramo, Krishna, Zoroastro, Mos\u00e8, Buddha, Ges\u00f9 Cristo, Maometto e, in tempi pi\u00f9 recenti, il B\u00e1b e Bah\u00e1&#8217;u&#8217;ll\u00e1h [&hellip;]","og_url":"https:\/\/bahai.ch\/it\/in-che-cosa-credono-i-bahai\/la-visione-di-bahaullah-per-lumanita\/","og_site_name":"Bah\u00e1&#039;\u00ed Svizzera","article_modified_time":"2025-05-17T15:22:49+00:00","og_image":[{"width":1767,"height":599,"url":"https:\/\/bahai.ch\/it\/wp-content\/uploads\/sites\/3\/2024\/11\/vision-e1732881045847.jpg","type":"image\/jpeg"}],"twitter_card":"summary_large_image","twitter_misc":{"Tempo di lettura stimato":"2 minuti"},"schema":{"@context":"https:\/\/schema.org","@graph":[{"@type":"WebPage","@id":"https:\/\/bahai.ch\/it\/in-che-cosa-credono-i-bahai\/la-visione-di-bahaullah-per-lumanita\/","url":"https:\/\/bahai.ch\/it\/in-che-cosa-credono-i-bahai\/la-visione-di-bahaullah-per-lumanita\/","name":"La visione di Bah\u00e1\u2019u\u2019ll\u00e1h per l'umanit\u00e0 - Bah\u00e1&#039;\u00ed Svizzera","isPartOf":{"@id":"https:\/\/bahai.ch\/it\/#website"},"primaryImageOfPage":{"@id":"https:\/\/bahai.ch\/it\/in-che-cosa-credono-i-bahai\/la-visione-di-bahaullah-per-lumanita\/#primaryimage"},"image":{"@id":"https:\/\/bahai.ch\/it\/in-che-cosa-credono-i-bahai\/la-visione-di-bahaullah-per-lumanita\/#primaryimage"},"thumbnailUrl":"https:\/\/bahai.ch\/it\/wp-content\/uploads\/sites\/3\/2024\/11\/vision-e1732881045847.jpg","datePublished":"2024-11-07T08:45:06+00:00","dateModified":"2025-05-17T15:22:49+00:00","breadcrumb":{"@id":"https:\/\/bahai.ch\/it\/in-che-cosa-credono-i-bahai\/la-visione-di-bahaullah-per-lumanita\/#breadcrumb"},"inLanguage":"it-IT","potentialAction":[{"@type":"ReadAction","target":["https:\/\/bahai.ch\/it\/in-che-cosa-credono-i-bahai\/la-visione-di-bahaullah-per-lumanita\/"]}]},{"@type":"ImageObject","inLanguage":"it-IT","@id":"https:\/\/bahai.ch\/it\/in-che-cosa-credono-i-bahai\/la-visione-di-bahaullah-per-lumanita\/#primaryimage","url":"https:\/\/bahai.ch\/it\/wp-content\/uploads\/sites\/3\/2024\/11\/vision-e1732881045847.jpg","contentUrl":"https:\/\/bahai.ch\/it\/wp-content\/uploads\/sites\/3\/2024\/11\/vision-e1732881045847.jpg","width":1767,"height":599},{"@type":"BreadcrumbList","@id":"https:\/\/bahai.ch\/it\/in-che-cosa-credono-i-bahai\/la-visione-di-bahaullah-per-lumanita\/#breadcrumb","itemListElement":[{"@type":"ListItem","position":1,"name":"Home","item":"https:\/\/bahai.ch\/it\/"},{"@type":"ListItem","position":2,"name":"In che cosa credono i bah\u00e1\u2019\u00ed","item":"https:\/\/bahai.ch\/it\/in-che-cosa-credono-i-bahai\/"},{"@type":"ListItem","position":3,"name":"La visione di Bah\u00e1\u2019u\u2019ll\u00e1h per l&#8217;umanit\u00e0"}]},{"@type":"WebSite","@id":"https:\/\/bahai.ch\/it\/#website","url":"https:\/\/bahai.ch\/it\/","name":"Bah\u00e1&#039;\u00ed Svizzera","description":"SITO UFFICIALE DELLA COMUNIT\u00c0 SWISS BAHA&#039;I","potentialAction":[{"@type":"SearchAction","target":{"@type":"EntryPoint","urlTemplate":"https:\/\/bahai.ch\/it\/?s={search_term_string}"},"query-input":{"@type":"PropertyValueSpecification","valueRequired":true,"valueName":"search_term_string"}}],"inLanguage":"it-IT"}]}},"_links":{"self":[{"href":"https:\/\/bahai.ch\/it\/wp-json\/wp\/v2\/pages\/14204","targetHints":{"allow":["GET"]}}],"collection":[{"href":"https:\/\/bahai.ch\/it\/wp-json\/wp\/v2\/pages"}],"about":[{"href":"https:\/\/bahai.ch\/it\/wp-json\/wp\/v2\/types\/page"}],"author":[{"embeddable":true,"href":"https:\/\/bahai.ch\/it\/wp-json\/wp\/v2\/users\/3"}],"replies":[{"embeddable":true,"href":"https:\/\/bahai.ch\/it\/wp-json\/wp\/v2\/comments?post=14204"}],"version-history":[{"count":75,"href":"https:\/\/bahai.ch\/it\/wp-json\/wp\/v2\/pages\/14204\/revisions"}],"predecessor-version":[{"id":15386,"href":"https:\/\/bahai.ch\/it\/wp-json\/wp\/v2\/pages\/14204\/revisions\/15386"}],"up":[{"embeddable":true,"href":"https:\/\/bahai.ch\/it\/wp-json\/wp\/v2\/pages\/14505"}],"wp:featuredmedia":[{"embeddable":true,"href":"https:\/\/bahai.ch\/it\/wp-json\/wp\/v2\/media\/14900"}],"wp:attachment":[{"href":"https:\/\/bahai.ch\/it\/wp-json\/wp\/v2\/media?parent=14204"}],"curies":[{"name":"wp","href":"https:\/\/api.w.org\/{rel}","templated":true}]}}