{"id":14206,"date":"2024-11-07T08:46:13","date_gmt":"2024-11-07T08:46:13","guid":{"rendered":"https:\/\/bahai.steincastle.com\/?p=14206"},"modified":"2025-05-17T17:46:45","modified_gmt":"2025-05-17T15:46:45","slug":"istituzioni-e-organizzazione","status":"publish","type":"page","link":"https:\/\/bahai.ch\/it\/in-che-cosa-credono-i-bahai\/istituzioni-e-organizzazione\/","title":{"rendered":"Istituzioni e organizzazione"},"content":{"rendered":"\t\t<div data-elementor-type=\"wp-post\" data-elementor-id=\"14206\" class=\"elementor elementor-14206\" data-elementor-post-type=\"page\">\n\t\t\t\t\t\t<section class=\"elementor-section elementor-top-section elementor-element elementor-element-5b81539d elementor-section-content-middle elementor-section-stretched section-spacing elementor-section-boxed elementor-section-height-default elementor-section-height-default\" data-id=\"5b81539d\" data-element_type=\"section\" data-e-type=\"section\" data-settings=\"{&quot;background_background&quot;:&quot;classic&quot;,&quot;stretch_section&quot;:&quot;section-stretched&quot;}\">\n\t\t\t\t\t\t\t<div class=\"elementor-background-overlay\"><\/div>\n\t\t\t\t\t\t\t<div class=\"elementor-container elementor-column-gap-default\">\n\t\t\t\t\t<div class=\"elementor-column elementor-col-50 elementor-top-column elementor-element elementor-element-3fe0370d\" data-id=\"3fe0370d\" data-element_type=\"column\" data-e-type=\"column\">\n\t\t\t<div class=\"elementor-widget-wrap elementor-element-populated\">\n\t\t\t\t\t\t<div class=\"elementor-element elementor-element-5fcb291c elementor-widget elementor-widget-heading\" data-id=\"5fcb291c\" data-element_type=\"widget\" data-e-type=\"widget\" data-widget_type=\"heading.default\">\n\t\t\t\t<div class=\"elementor-widget-container\">\n\t\t\t\t\t<h2 class=\"elementor-heading-title elementor-size-default\">L\u2019ordine amministrativo bah\u00e1\u2019\u00ed, stabilito da Bah\u00e1\u2019u\u2019ll\u00e1h<\/h2>\t\t\t\t<\/div>\n\t\t\t\t<\/div>\n\t\t\t\t<div class=\"elementor-element elementor-element-63d8e78a elementor-widget elementor-widget-text-editor\" data-id=\"63d8e78a\" data-element_type=\"widget\" data-e-type=\"widget\" data-widget_type=\"text-editor.default\">\n\t\t\t\t<div class=\"elementor-widget-container\">\n\t\t\t\t\t\t\t\t\t<p>Gli affari della comunit\u00e0 bah\u00e1&#8217;\u00ed sono amministrati attraverso un sistema di istituzioni, ognuna con una sfera d&#8217;azione definita. Le origini di questo sistema si trovano negli scritti di Bah\u00e1&#8217;u&#8217;ll\u00e1h Stesso ed \u00e8 noto come ordine amministrativo bah\u00e1&#8217;\u00ed.<\/p><p>Oggi <a href=\"https:\/\/www.bahai.it\/pages\/casa-universale-di-giustizia\">la Casa Universale di Giustizia<\/a> \u00e8 l&#8217;organo centrale di governo dell&#8217;ordine amministrativo. Sotto la sua guida, gli organi eletti, noti come Assemblee spirituali locali e Assemblee spirituali nazionali, si occupano degli affari della comunit\u00e0 bah\u00e1&#8217;\u00ed ai rispettivi livelli.<\/p>\t\t\t\t\t\t\t\t<\/div>\n\t\t\t\t<\/div>\n\t\t\t\t\t<\/div>\n\t\t<\/div>\n\t\t\t\t<div class=\"elementor-column elementor-col-50 elementor-top-column elementor-element elementor-element-1f08d44f\" data-id=\"1f08d44f\" data-element_type=\"column\" data-e-type=\"column\" data-settings=\"{&quot;background_background&quot;:&quot;classic&quot;}\">\n\t\t\t<div class=\"elementor-widget-wrap elementor-element-populated\">\n\t\t\t\t\t\t<div class=\"elementor-element elementor-element-572b486b elementor-widget elementor-widget-image\" data-id=\"572b486b\" data-element_type=\"widget\" data-e-type=\"widget\" data-widget_type=\"image.default\">\n\t\t\t\t<div class=\"elementor-widget-container\">\n\t\t\t\t\t\t\t\t\t\t\t\t<figure class=\"wp-caption\">\n\t\t\t\t\t\t\t\t\t\t<img fetchpriority=\"high\" decoding=\"async\" width=\"1024\" height=\"683\" src=\"https:\/\/bahai.ch\/it\/wp-content\/uploads\/sites\/3\/2025\/01\/DSC03125-1024x683.jpg\" class=\"attachment-large size-large wp-image-15116\" alt=\"\" srcset=\"https:\/\/bahai.ch\/it\/wp-content\/uploads\/sites\/3\/2025\/01\/DSC03125-1024x683.jpg 1024w, https:\/\/bahai.ch\/it\/wp-content\/uploads\/sites\/3\/2025\/01\/DSC03125-300x200.jpg 300w, https:\/\/bahai.ch\/it\/wp-content\/uploads\/sites\/3\/2025\/01\/DSC03125-768x512.jpg 768w, https:\/\/bahai.ch\/it\/wp-content\/uploads\/sites\/3\/2025\/01\/DSC03125.jpg 1500w\" sizes=\"(max-width: 1024px) 100vw, 1024px\" \/>\t\t\t\t\t\t\t\t\t\t\t<figcaption class=\"widget-image-caption wp-caption-text\">Gli Archivi Internazionali al Centro mondiale bah\u00e1'\u00ed, Haifa, Israele<\/figcaption>\n\t\t\t\t\t\t\t\t\t\t<\/figure>\n\t\t\t\t\t\t\t\t\t<\/div>\n\t\t\t\t<\/div>\n\t\t\t\t\t<\/div>\n\t\t<\/div>\n\t\t\t\t\t<\/div>\n\t\t<\/section>\n\t\t\t\t<section class=\"elementor-section elementor-top-section elementor-element elementor-element-1a228977 elementor-section-content-middle elementor-section-stretched elementor-reverse-tablet elementor-reverse-mobile section-spacing elementor-section-boxed elementor-section-height-default elementor-section-height-default\" data-id=\"1a228977\" data-element_type=\"section\" data-e-type=\"section\" data-settings=\"{&quot;background_background&quot;:&quot;classic&quot;,&quot;stretch_section&quot;:&quot;section-stretched&quot;}\">\n\t\t\t\t\t\t\t<div class=\"elementor-background-overlay\"><\/div>\n\t\t\t\t\t\t\t<div class=\"elementor-container elementor-column-gap-default\">\n\t\t\t\t\t<div class=\"elementor-column elementor-col-50 elementor-top-column elementor-element elementor-element-5501a592\" data-id=\"5501a592\" data-element_type=\"column\" data-e-type=\"column\">\n\t\t\t<div class=\"elementor-widget-wrap elementor-element-populated\">\n\t\t\t\t\t\t<div class=\"elementor-element elementor-element-77dcde74 elementor-widget elementor-widget-image\" data-id=\"77dcde74\" data-element_type=\"widget\" data-e-type=\"widget\" data-widget_type=\"image.default\">\n\t\t\t\t<div class=\"elementor-widget-container\">\n\t\t\t\t\t\t\t\t\t\t\t\t<figure class=\"wp-caption\">\n\t\t\t\t\t\t\t\t\t\t<img decoding=\"async\" width=\"1024\" height=\"698\" src=\"https:\/\/bahai.ch\/it\/wp-content\/uploads\/sites\/3\/2025\/03\/LSA_Luzern-1024x698.jpeg\" class=\"attachment-large size-large wp-image-15238\" alt=\"\" srcset=\"https:\/\/bahai.ch\/it\/wp-content\/uploads\/sites\/3\/2025\/03\/LSA_Luzern-1024x698.jpeg 1024w, https:\/\/bahai.ch\/it\/wp-content\/uploads\/sites\/3\/2025\/03\/LSA_Luzern-300x204.jpeg 300w, https:\/\/bahai.ch\/it\/wp-content\/uploads\/sites\/3\/2025\/03\/LSA_Luzern-768x523.jpeg 768w, https:\/\/bahai.ch\/it\/wp-content\/uploads\/sites\/3\/2025\/03\/LSA_Luzern-1536x1046.jpeg 1536w, https:\/\/bahai.ch\/it\/wp-content\/uploads\/sites\/3\/2025\/03\/LSA_Luzern.jpeg 1600w\" sizes=\"(max-width: 1024px) 100vw, 1024px\" \/>\t\t\t\t\t\t\t\t\t\t\t<figcaption class=\"widget-image-caption wp-caption-text\">La prima Assemblea Spirituale Locale di Lucerna, 1962<\/figcaption>\n\t\t\t\t\t\t\t\t\t\t<\/figure>\n\t\t\t\t\t\t\t\t\t<\/div>\n\t\t\t\t<\/div>\n\t\t\t\t\t<\/div>\n\t\t<\/div>\n\t\t\t\t<div class=\"elementor-column elementor-col-50 elementor-top-column elementor-element elementor-element-4be6556d\" data-id=\"4be6556d\" data-element_type=\"column\" data-e-type=\"column\" data-settings=\"{&quot;background_background&quot;:&quot;classic&quot;}\">\n\t\t\t<div class=\"elementor-widget-wrap elementor-element-populated\">\n\t\t\t\t\t\t<div class=\"elementor-element elementor-element-73e22f01 elementor-widget elementor-widget-heading\" data-id=\"73e22f01\" data-element_type=\"widget\" data-e-type=\"widget\" data-widget_type=\"heading.default\">\n\t\t\t\t<div class=\"elementor-widget-container\">\n\t\t\t\t\t<h2 class=\"elementor-heading-title elementor-size-default\">Assemblee spirituali locali<\/h2>\t\t\t\t<\/div>\n\t\t\t\t<\/div>\n\t\t\t\t<div class=\"elementor-element elementor-element-7260bf02 elementor-widget elementor-widget-text-editor\" data-id=\"7260bf02\" data-element_type=\"widget\" data-e-type=\"widget\" data-widget_type=\"text-editor.default\">\n\t\t\t\t<div class=\"elementor-widget-container\">\n\t\t\t\t\t\t\t\t\t<p>A livello locale, gli affari della comunit\u00e0 bah\u00e1&#8217;\u00ed sono amministrati dall&#8217;Assemblea spirituale locale. Ogni Assemblea locale \u00e8 composta da nove membri che vengono eletti annualmente.<\/p>\t\t\t\t\t\t\t\t<\/div>\n\t\t\t\t<\/div>\n\t\t\t\t<div class=\"elementor-element elementor-element-d70af8e elementor-tablet-align-center elementor-widget elementor-widget-button\" data-id=\"d70af8e\" data-element_type=\"widget\" data-e-type=\"widget\" data-widget_type=\"button.default\">\n\t\t\t\t<div class=\"elementor-widget-container\">\n\t\t\t\t\t\t\t\t\t<div class=\"elementor-button-wrapper\">\n\t\t\t\t\t<a class=\"elementor-button elementor-button-link elementor-size-sm\" href=\"#contatto\">\n\t\t\t\t\t\t<span class=\"elementor-button-content-wrapper\">\n\t\t\t\t\t\t\t\t\t<span class=\"elementor-button-text\">Consulta i nostri recapiti per entrare in contatto con i bah\u00e1'\u00ed della tua localit\u00e0<\/span>\n\t\t\t\t\t<\/span>\n\t\t\t\t\t<\/a>\n\t\t\t\t<\/div>\n\t\t\t\t\t\t\t\t<\/div>\n\t\t\t\t<\/div>\n\t\t\t\t\t<\/div>\n\t\t<\/div>\n\t\t\t\t\t<\/div>\n\t\t<\/section>\n\t\t\t\t<section class=\"elementor-section elementor-top-section elementor-element elementor-element-34eb2dde elementor-section-content-middle elementor-section-stretched section-spacing elementor-section-boxed elementor-section-height-default elementor-section-height-default\" data-id=\"34eb2dde\" data-element_type=\"section\" data-e-type=\"section\" data-settings=\"{&quot;background_background&quot;:&quot;classic&quot;,&quot;stretch_section&quot;:&quot;section-stretched&quot;}\">\n\t\t\t\t\t\t\t<div class=\"elementor-background-overlay\"><\/div>\n\t\t\t\t\t\t\t<div class=\"elementor-container elementor-column-gap-default\">\n\t\t\t\t\t<div class=\"elementor-column elementor-col-50 elementor-top-column elementor-element elementor-element-6c2d520c\" data-id=\"6c2d520c\" data-element_type=\"column\" data-e-type=\"column\">\n\t\t\t<div class=\"elementor-widget-wrap elementor-element-populated\">\n\t\t\t\t\t\t<div class=\"elementor-element elementor-element-906e88e elementor-widget elementor-widget-heading\" data-id=\"906e88e\" data-element_type=\"widget\" data-e-type=\"widget\" data-widget_type=\"heading.default\">\n\t\t\t\t<div class=\"elementor-widget-container\">\n\t\t\t\t\t<h2 class=\"elementor-heading-title elementor-size-default\">Assemblea spirituale nazionale<\/h2>\t\t\t\t<\/div>\n\t\t\t\t<\/div>\n\t\t\t\t<div class=\"elementor-element elementor-element-16c17a27 elementor-widget elementor-widget-text-editor\" data-id=\"16c17a27\" data-element_type=\"widget\" data-e-type=\"widget\" data-widget_type=\"text-editor.default\">\n\t\t\t\t<div class=\"elementor-widget-container\">\n\t\t\t\t\t\t\t\t\t<p>A livello nazionale, gli affari della comunit\u00e0 bah\u00e1&#8217;\u00ed sono amministrati dall&#8217;Assemblea spirituale nazionale, un consiglio di nove membri eletti annualmente.<\/p><p>Il suo mandato generale \u00e8 quello di guidare, coordinare e stimolare le attivit\u00e0 delle Assemblee spirituali locali e dei singoli membri della comunit\u00e0 bah\u00e1&#8217;\u00ed in un dato paese. L&#8217;Assemblea nazionale gestisce anche i rapporti con il governo e si occupa di convogliare le risorse finanziarie della comunit\u00e0.<\/p><p>Ogni diciannove giorni, i bah\u00e1&#8217;\u00ed si riuniscono localmente per la Festa del Diciannovesimo Giorno. \u00c8 un&#8217;occasione gioiosa in cui le comunit\u00e0 locali si incontrano per pregare, leggere gli Scritti baha&#8217;i e consultarsi sugli affari della comunit\u00e0 locale.Oltre alle Feste del diciannovesimo giorno vengono organizzati altri spazi a livello locale e regionale per riflettere sulle attivit\u00e0 volte a costruire delle comunit\u00e0 vibranti.<\/p>\t\t\t\t\t\t\t\t<\/div>\n\t\t\t\t<\/div>\n\t\t\t\t\t<\/div>\n\t\t<\/div>\n\t\t\t\t<div class=\"elementor-column elementor-col-50 elementor-top-column elementor-element elementor-element-3042e0a3\" data-id=\"3042e0a3\" data-element_type=\"column\" data-e-type=\"column\" data-settings=\"{&quot;background_background&quot;:&quot;classic&quot;}\">\n\t\t\t<div class=\"elementor-widget-wrap elementor-element-populated\">\n\t\t\t\t\t\t<div class=\"elementor-element elementor-element-b118fd0 elementor-widget elementor-widget-image\" data-id=\"b118fd0\" data-element_type=\"widget\" data-e-type=\"widget\" data-widget_type=\"image.default\">\n\t\t\t\t<div class=\"elementor-widget-container\">\n\t\t\t\t\t\t\t\t\t\t\t\t<figure class=\"wp-caption\">\n\t\t\t\t\t\t\t\t\t\t<img decoding=\"async\" width=\"1024\" height=\"768\" src=\"https:\/\/bahai.ch\/it\/wp-content\/uploads\/sites\/3\/2025\/01\/1704036318-1502366-master-1024x768.jpg\" class=\"attachment-large size-large wp-image-15102\" alt=\"\" srcset=\"https:\/\/bahai.ch\/it\/wp-content\/uploads\/sites\/3\/2025\/01\/1704036318-1502366-master-1024x768.jpg 1024w, https:\/\/bahai.ch\/it\/wp-content\/uploads\/sites\/3\/2025\/01\/1704036318-1502366-master-300x225.jpg 300w, https:\/\/bahai.ch\/it\/wp-content\/uploads\/sites\/3\/2025\/01\/1704036318-1502366-master-768x576.jpg 768w, https:\/\/bahai.ch\/it\/wp-content\/uploads\/sites\/3\/2025\/01\/1704036318-1502366-master.jpg 1440w\" sizes=\"(max-width: 1024px) 100vw, 1024px\" \/>\t\t\t\t\t\t\t\t\t\t\t<figcaption class=\"widget-image-caption wp-caption-text\">Assemblea Spirituale Nazionale dei Bah\u00e1'\u00ed della Svizzera, 2007<\/figcaption>\n\t\t\t\t\t\t\t\t\t\t<\/figure>\n\t\t\t\t\t\t\t\t\t<\/div>\n\t\t\t\t<\/div>\n\t\t\t\t\t<\/div>\n\t\t<\/div>\n\t\t\t\t\t<\/div>\n\t\t<\/section>\n\t\t\t\t<section class=\"elementor-section elementor-top-section elementor-element elementor-element-61405daa elementor-section-content-middle elementor-section-stretched elementor-section-boxed elementor-section-height-default elementor-section-height-default\" data-id=\"61405daa\" data-element_type=\"section\" data-e-type=\"section\" data-settings=\"{&quot;stretch_section&quot;:&quot;section-stretched&quot;,&quot;background_background&quot;:&quot;classic&quot;}\">\n\t\t\t\t\t\t\t<div class=\"elementor-background-overlay\"><\/div>\n\t\t\t\t\t\t\t<div class=\"elementor-container elementor-column-gap-default\">\n\t\t\t\t\t<div class=\"elementor-column elementor-col-100 elementor-top-column elementor-element elementor-element-39a1147d\" data-id=\"39a1147d\" data-element_type=\"column\" data-e-type=\"column\">\n\t\t\t<div class=\"elementor-widget-wrap elementor-element-populated\">\n\t\t\t\t\t\t<div class=\"elementor-element elementor-element-164c59c7 elementor-widget elementor-widget-heading\" data-id=\"164c59c7\" data-element_type=\"widget\" data-e-type=\"widget\" data-widget_type=\"heading.default\">\n\t\t\t\t<div class=\"elementor-widget-container\">\n\t\t\t\t\t<span class=\"elementor-heading-title elementor-size-default\">\"Opere e non parole siano il vostro ornamento.\"<\/span>\t\t\t\t<\/div>\n\t\t\t\t<\/div>\n\t\t\t\t<div class=\"elementor-element elementor-element-626750c elementor-widget elementor-widget-heading\" data-id=\"626750c\" data-element_type=\"widget\" data-e-type=\"widget\" data-widget_type=\"heading.default\">\n\t\t\t\t<div class=\"elementor-widget-container\">\n\t\t\t\t\t<span class=\"elementor-heading-title elementor-size-default\">Bah\u00e1'u'll\u00e1h<\/span>\t\t\t\t<\/div>\n\t\t\t\t<\/div>\n\t\t\t\t\t<\/div>\n\t\t<\/div>\n\t\t\t\t\t<\/div>\n\t\t<\/section>\n\t\t\t\t<\/div>\n\t\t","protected":false},"excerpt":{"rendered":"<p>L\u2019ordine amministrativo bah\u00e1\u2019\u00ed, stabilito da Bah\u00e1\u2019u\u2019ll\u00e1h Gli affari della comunit\u00e0 bah\u00e1&#8217;\u00ed sono amministrati attraverso un sistema di istituzioni, ognuna con una sfera d&#8217;azione definita. Le origini di questo sistema si trovano negli scritti di Bah\u00e1&#8217;u&#8217;ll\u00e1h Stesso ed \u00e8 noto come ordine amministrativo bah\u00e1&#8217;\u00ed. Oggi la Casa Universale di Giustizia \u00e8 l&#8217;organo centrale di governo dell&#8217;ordine [&hellip;]<\/p>\n","protected":false},"author":3,"featured_media":15087,"parent":14505,"menu_order":0,"comment_status":"open","ping_status":"closed","template":"","meta":{"inline_featured_image":false,"footnotes":""},"class_list":["post-14206","page","type-page","status-publish","has-post-thumbnail","hentry"],"yoast_head":"<!-- This site is optimized with the Yoast SEO plugin v27.3 - https:\/\/yoast.com\/product\/yoast-seo-wordpress\/ -->\n<title>Istituzioni e organizzazione - Bah\u00e1&#039;\u00ed Svizzera<\/title>\n<meta name=\"robots\" content=\"index, follow, max-snippet:-1, max-image-preview:large, max-video-preview:-1\" \/>\n<link rel=\"canonical\" href=\"https:\/\/bahai.ch\/it\/in-che-cosa-credono-i-bahai\/istituzioni-e-organizzazione\/\" \/>\n<meta property=\"og:locale\" content=\"it_IT\" \/>\n<meta property=\"og:type\" content=\"article\" \/>\n<meta property=\"og:title\" content=\"Istituzioni e organizzazione - Bah\u00e1&#039;\u00ed Svizzera\" \/>\n<meta property=\"og:description\" content=\"L\u2019ordine amministrativo bah\u00e1\u2019\u00ed, stabilito da Bah\u00e1\u2019u\u2019ll\u00e1h Gli affari della comunit\u00e0 bah\u00e1&#8217;\u00ed sono amministrati attraverso un sistema di istituzioni, ognuna con una sfera d&#8217;azione definita. Le origini di questo sistema si trovano negli scritti di Bah\u00e1&#8217;u&#8217;ll\u00e1h Stesso ed \u00e8 noto come ordine amministrativo bah\u00e1&#8217;\u00ed. Oggi la Casa Universale di Giustizia \u00e8 l&#8217;organo centrale di governo dell&#8217;ordine [&hellip;]\" \/>\n<meta property=\"og:url\" content=\"https:\/\/bahai.ch\/it\/in-che-cosa-credono-i-bahai\/istituzioni-e-organizzazione\/\" \/>\n<meta property=\"og:site_name\" content=\"Bah\u00e1&#039;\u00ed Svizzera\" \/>\n<meta property=\"article:modified_time\" content=\"2025-05-17T15:46:45+00:00\" \/>\n<meta property=\"og:image\" content=\"https:\/\/bahai.ch\/it\/wp-content\/uploads\/sites\/3\/2025\/01\/administration-scaled-e1736433275787.jpg\" \/>\n\t<meta property=\"og:image:width\" content=\"2560\" \/>\n\t<meta property=\"og:image:height\" content=\"1177\" \/>\n\t<meta property=\"og:image:type\" content=\"image\/jpeg\" \/>\n<meta name=\"twitter:card\" content=\"summary_large_image\" \/>\n<meta name=\"twitter:label1\" content=\"Tempo di lettura stimato\" \/>\n\t<meta name=\"twitter:data1\" content=\"2 minuti\" \/>\n<script type=\"application\/ld+json\" class=\"yoast-schema-graph\">{\"@context\":\"https:\\\/\\\/schema.org\",\"@graph\":[{\"@type\":\"WebPage\",\"@id\":\"https:\\\/\\\/bahai.ch\\\/it\\\/in-che-cosa-credono-i-bahai\\\/istituzioni-e-organizzazione\\\/\",\"url\":\"https:\\\/\\\/bahai.ch\\\/it\\\/in-che-cosa-credono-i-bahai\\\/istituzioni-e-organizzazione\\\/\",\"name\":\"Istituzioni e organizzazione - Bah\u00e1&#039;\u00ed Svizzera\",\"isPartOf\":{\"@id\":\"https:\\\/\\\/bahai.ch\\\/it\\\/#website\"},\"primaryImageOfPage\":{\"@id\":\"https:\\\/\\\/bahai.ch\\\/it\\\/in-che-cosa-credono-i-bahai\\\/istituzioni-e-organizzazione\\\/#primaryimage\"},\"image\":{\"@id\":\"https:\\\/\\\/bahai.ch\\\/it\\\/in-che-cosa-credono-i-bahai\\\/istituzioni-e-organizzazione\\\/#primaryimage\"},\"thumbnailUrl\":\"https:\\\/\\\/bahai.ch\\\/it\\\/wp-content\\\/uploads\\\/sites\\\/3\\\/2025\\\/01\\\/administration-scaled-e1736433275787.jpg\",\"datePublished\":\"2024-11-07T08:46:13+00:00\",\"dateModified\":\"2025-05-17T15:46:45+00:00\",\"breadcrumb\":{\"@id\":\"https:\\\/\\\/bahai.ch\\\/it\\\/in-che-cosa-credono-i-bahai\\\/istituzioni-e-organizzazione\\\/#breadcrumb\"},\"inLanguage\":\"it-IT\",\"potentialAction\":[{\"@type\":\"ReadAction\",\"target\":[\"https:\\\/\\\/bahai.ch\\\/it\\\/in-che-cosa-credono-i-bahai\\\/istituzioni-e-organizzazione\\\/\"]}]},{\"@type\":\"ImageObject\",\"inLanguage\":\"it-IT\",\"@id\":\"https:\\\/\\\/bahai.ch\\\/it\\\/in-che-cosa-credono-i-bahai\\\/istituzioni-e-organizzazione\\\/#primaryimage\",\"url\":\"https:\\\/\\\/bahai.ch\\\/it\\\/wp-content\\\/uploads\\\/sites\\\/3\\\/2025\\\/01\\\/administration-scaled-e1736433275787.jpg\",\"contentUrl\":\"https:\\\/\\\/bahai.ch\\\/it\\\/wp-content\\\/uploads\\\/sites\\\/3\\\/2025\\\/01\\\/administration-scaled-e1736433275787.jpg\",\"width\":2560,\"height\":1177},{\"@type\":\"BreadcrumbList\",\"@id\":\"https:\\\/\\\/bahai.ch\\\/it\\\/in-che-cosa-credono-i-bahai\\\/istituzioni-e-organizzazione\\\/#breadcrumb\",\"itemListElement\":[{\"@type\":\"ListItem\",\"position\":1,\"name\":\"Home\",\"item\":\"https:\\\/\\\/bahai.ch\\\/it\\\/\"},{\"@type\":\"ListItem\",\"position\":2,\"name\":\"In che cosa credono i bah\u00e1\u2019\u00ed\",\"item\":\"https:\\\/\\\/bahai.ch\\\/it\\\/in-che-cosa-credono-i-bahai\\\/\"},{\"@type\":\"ListItem\",\"position\":3,\"name\":\"Istituzioni e organizzazione\"}]},{\"@type\":\"WebSite\",\"@id\":\"https:\\\/\\\/bahai.ch\\\/it\\\/#website\",\"url\":\"https:\\\/\\\/bahai.ch\\\/it\\\/\",\"name\":\"Bah\u00e1&#039;\u00ed Svizzera\",\"description\":\"SITO UFFICIALE DELLA COMUNIT\u00c0 SWISS BAHA&#039;I\",\"potentialAction\":[{\"@type\":\"SearchAction\",\"target\":{\"@type\":\"EntryPoint\",\"urlTemplate\":\"https:\\\/\\\/bahai.ch\\\/it\\\/?s={search_term_string}\"},\"query-input\":{\"@type\":\"PropertyValueSpecification\",\"valueRequired\":true,\"valueName\":\"search_term_string\"}}],\"inLanguage\":\"it-IT\"}]}<\/script>\n<!-- \/ Yoast SEO plugin. -->","yoast_head_json":{"title":"Istituzioni e organizzazione - Bah\u00e1&#039;\u00ed Svizzera","robots":{"index":"index","follow":"follow","max-snippet":"max-snippet:-1","max-image-preview":"max-image-preview:large","max-video-preview":"max-video-preview:-1"},"canonical":"https:\/\/bahai.ch\/it\/in-che-cosa-credono-i-bahai\/istituzioni-e-organizzazione\/","og_locale":"it_IT","og_type":"article","og_title":"Istituzioni e organizzazione - Bah\u00e1&#039;\u00ed Svizzera","og_description":"L\u2019ordine amministrativo bah\u00e1\u2019\u00ed, stabilito da Bah\u00e1\u2019u\u2019ll\u00e1h Gli affari della comunit\u00e0 bah\u00e1&#8217;\u00ed sono amministrati attraverso un sistema di istituzioni, ognuna con una sfera d&#8217;azione definita. Le origini di questo sistema si trovano negli scritti di Bah\u00e1&#8217;u&#8217;ll\u00e1h Stesso ed \u00e8 noto come ordine amministrativo bah\u00e1&#8217;\u00ed. Oggi la Casa Universale di Giustizia \u00e8 l&#8217;organo centrale di governo dell&#8217;ordine [&hellip;]","og_url":"https:\/\/bahai.ch\/it\/in-che-cosa-credono-i-bahai\/istituzioni-e-organizzazione\/","og_site_name":"Bah\u00e1&#039;\u00ed Svizzera","article_modified_time":"2025-05-17T15:46:45+00:00","og_image":[{"width":2560,"height":1177,"url":"https:\/\/bahai.ch\/it\/wp-content\/uploads\/sites\/3\/2025\/01\/administration-scaled-e1736433275787.jpg","type":"image\/jpeg"}],"twitter_card":"summary_large_image","twitter_misc":{"Tempo di lettura stimato":"2 minuti"},"schema":{"@context":"https:\/\/schema.org","@graph":[{"@type":"WebPage","@id":"https:\/\/bahai.ch\/it\/in-che-cosa-credono-i-bahai\/istituzioni-e-organizzazione\/","url":"https:\/\/bahai.ch\/it\/in-che-cosa-credono-i-bahai\/istituzioni-e-organizzazione\/","name":"Istituzioni e organizzazione - Bah\u00e1&#039;\u00ed Svizzera","isPartOf":{"@id":"https:\/\/bahai.ch\/it\/#website"},"primaryImageOfPage":{"@id":"https:\/\/bahai.ch\/it\/in-che-cosa-credono-i-bahai\/istituzioni-e-organizzazione\/#primaryimage"},"image":{"@id":"https:\/\/bahai.ch\/it\/in-che-cosa-credono-i-bahai\/istituzioni-e-organizzazione\/#primaryimage"},"thumbnailUrl":"https:\/\/bahai.ch\/it\/wp-content\/uploads\/sites\/3\/2025\/01\/administration-scaled-e1736433275787.jpg","datePublished":"2024-11-07T08:46:13+00:00","dateModified":"2025-05-17T15:46:45+00:00","breadcrumb":{"@id":"https:\/\/bahai.ch\/it\/in-che-cosa-credono-i-bahai\/istituzioni-e-organizzazione\/#breadcrumb"},"inLanguage":"it-IT","potentialAction":[{"@type":"ReadAction","target":["https:\/\/bahai.ch\/it\/in-che-cosa-credono-i-bahai\/istituzioni-e-organizzazione\/"]}]},{"@type":"ImageObject","inLanguage":"it-IT","@id":"https:\/\/bahai.ch\/it\/in-che-cosa-credono-i-bahai\/istituzioni-e-organizzazione\/#primaryimage","url":"https:\/\/bahai.ch\/it\/wp-content\/uploads\/sites\/3\/2025\/01\/administration-scaled-e1736433275787.jpg","contentUrl":"https:\/\/bahai.ch\/it\/wp-content\/uploads\/sites\/3\/2025\/01\/administration-scaled-e1736433275787.jpg","width":2560,"height":1177},{"@type":"BreadcrumbList","@id":"https:\/\/bahai.ch\/it\/in-che-cosa-credono-i-bahai\/istituzioni-e-organizzazione\/#breadcrumb","itemListElement":[{"@type":"ListItem","position":1,"name":"Home","item":"https:\/\/bahai.ch\/it\/"},{"@type":"ListItem","position":2,"name":"In che cosa credono i bah\u00e1\u2019\u00ed","item":"https:\/\/bahai.ch\/it\/in-che-cosa-credono-i-bahai\/"},{"@type":"ListItem","position":3,"name":"Istituzioni e organizzazione"}]},{"@type":"WebSite","@id":"https:\/\/bahai.ch\/it\/#website","url":"https:\/\/bahai.ch\/it\/","name":"Bah\u00e1&#039;\u00ed Svizzera","description":"SITO UFFICIALE DELLA COMUNIT\u00c0 SWISS BAHA&#039;I","potentialAction":[{"@type":"SearchAction","target":{"@type":"EntryPoint","urlTemplate":"https:\/\/bahai.ch\/it\/?s={search_term_string}"},"query-input":{"@type":"PropertyValueSpecification","valueRequired":true,"valueName":"search_term_string"}}],"inLanguage":"it-IT"}]}},"_links":{"self":[{"href":"https:\/\/bahai.ch\/it\/wp-json\/wp\/v2\/pages\/14206","targetHints":{"allow":["GET"]}}],"collection":[{"href":"https:\/\/bahai.ch\/it\/wp-json\/wp\/v2\/pages"}],"about":[{"href":"https:\/\/bahai.ch\/it\/wp-json\/wp\/v2\/types\/page"}],"author":[{"embeddable":true,"href":"https:\/\/bahai.ch\/it\/wp-json\/wp\/v2\/users\/3"}],"replies":[{"embeddable":true,"href":"https:\/\/bahai.ch\/it\/wp-json\/wp\/v2\/comments?post=14206"}],"version-history":[{"count":67,"href":"https:\/\/bahai.ch\/it\/wp-json\/wp\/v2\/pages\/14206\/revisions"}],"predecessor-version":[{"id":15413,"href":"https:\/\/bahai.ch\/it\/wp-json\/wp\/v2\/pages\/14206\/revisions\/15413"}],"up":[{"embeddable":true,"href":"https:\/\/bahai.ch\/it\/wp-json\/wp\/v2\/pages\/14505"}],"wp:featuredmedia":[{"embeddable":true,"href":"https:\/\/bahai.ch\/it\/wp-json\/wp\/v2\/media\/15087"}],"wp:attachment":[{"href":"https:\/\/bahai.ch\/it\/wp-json\/wp\/v2\/media?parent=14206"}],"curies":[{"name":"wp","href":"https:\/\/api.w.org\/{rel}","templated":true}]}}