{"id":14210,"date":"2024-11-07T08:47:28","date_gmt":"2024-11-07T08:47:28","guid":{"rendered":"https:\/\/bahai.steincastle.com\/?p=14210"},"modified":"2025-05-17T17:28:51","modified_gmt":"2025-05-17T15:28:51","slug":"la-fede-bahai-in-svizzera","status":"publish","type":"page","link":"https:\/\/bahai.ch\/it\/la-fede-bahai-in-svizzera\/","title":{"rendered":"La Fede bah\u00e1&#8217;\u00ed in Svizzera"},"content":{"rendered":"\t\t<div data-elementor-type=\"wp-post\" data-elementor-id=\"14210\" class=\"elementor elementor-14210\" data-elementor-post-type=\"page\">\n\t\t\t\t\t\t<section class=\"elementor-section elementor-top-section elementor-element elementor-element-549570dc elementor-section-content-middle elementor-section-stretched section-spacing elementor-section-boxed elementor-section-height-default elementor-section-height-default\" data-id=\"549570dc\" data-element_type=\"section\" data-e-type=\"section\" data-settings=\"{&quot;background_background&quot;:&quot;classic&quot;,&quot;stretch_section&quot;:&quot;section-stretched&quot;}\">\n\t\t\t\t\t\t\t<div class=\"elementor-background-overlay\"><\/div>\n\t\t\t\t\t\t\t<div class=\"elementor-container elementor-column-gap-default\">\n\t\t\t\t\t<div class=\"elementor-column elementor-col-50 elementor-top-column elementor-element elementor-element-5013b7f0\" data-id=\"5013b7f0\" data-element_type=\"column\" data-e-type=\"column\">\n\t\t\t<div class=\"elementor-widget-wrap elementor-element-populated\">\n\t\t\t\t\t\t<div class=\"elementor-element elementor-element-21ae1cf1 elementor-widget elementor-widget-image\" data-id=\"21ae1cf1\" data-element_type=\"widget\" data-e-type=\"widget\" data-widget_type=\"image.default\">\n\t\t\t\t<div class=\"elementor-widget-container\">\n\t\t\t\t\t\t\t\t\t\t\t\t\t\t\t<img fetchpriority=\"high\" decoding=\"async\" width=\"1024\" height=\"683\" src=\"https:\/\/bahai.ch\/it\/wp-content\/uploads\/sites\/3\/2025\/01\/switzerland-centuryoldcommunity-1024x683.jpg\" class=\"attachment-large size-large wp-image-15209\" alt=\"\" srcset=\"https:\/\/bahai.ch\/it\/wp-content\/uploads\/sites\/3\/2025\/01\/switzerland-centuryoldcommunity-1024x683.jpg 1024w, https:\/\/bahai.ch\/it\/wp-content\/uploads\/sites\/3\/2025\/01\/switzerland-centuryoldcommunity-300x200.jpg 300w, https:\/\/bahai.ch\/it\/wp-content\/uploads\/sites\/3\/2025\/01\/switzerland-centuryoldcommunity-768x513.jpg 768w, https:\/\/bahai.ch\/it\/wp-content\/uploads\/sites\/3\/2025\/01\/switzerland-centuryoldcommunity.jpg 1500w\" sizes=\"(max-width: 1024px) 100vw, 1024px\" \/>\t\t\t\t\t\t\t\t\t\t\t\t\t\t\t<\/div>\n\t\t\t\t<\/div>\n\t\t\t\t\t<\/div>\n\t\t<\/div>\n\t\t\t\t<div class=\"elementor-column elementor-col-50 elementor-top-column elementor-element elementor-element-1d1e293e\" data-id=\"1d1e293e\" data-element_type=\"column\" data-e-type=\"column\" data-settings=\"{&quot;background_background&quot;:&quot;classic&quot;}\">\n\t\t\t<div class=\"elementor-widget-wrap elementor-element-populated\">\n\t\t\t\t\t\t<div class=\"elementor-element elementor-element-778de73c elementor-widget elementor-widget-heading\" data-id=\"778de73c\" data-element_type=\"widget\" data-e-type=\"widget\" data-widget_type=\"heading.default\">\n\t\t\t\t<div class=\"elementor-widget-container\">\n\t\t\t\t\t<h2 class=\"elementor-heading-title elementor-size-default\">Una comunit\u00e0 centenaria<\/h2>\t\t\t\t<\/div>\n\t\t\t\t<\/div>\n\t\t\t\t<div class=\"elementor-element elementor-element-1b929384 elementor-widget elementor-widget-text-editor\" data-id=\"1b929384\" data-element_type=\"widget\" data-e-type=\"widget\" data-widget_type=\"text-editor.default\">\n\t\t\t\t<div class=\"elementor-widget-container\">\n\t\t\t\t\t\t\t\t\t<p>La fede bah\u00e1&#8217;\u00ed \u00e8 presente in Svizzera da ben oltre 100 anni. I primi svizzeri ad abbracciare questo nuovo messaggio furono Edith e Joseph de Bons. Vivevano a Sion (VS).<\/p><p>Nel corso dei decenni le persone che hanno promosso e praticato gli ideali portati dal messaggio di Bah\u00e1&#8217;u&#8217;ll\u00e1h si sono diffusi in tutto il paese.<\/p>\t\t\t\t\t\t\t\t<\/div>\n\t\t\t\t<\/div>\n\t\t\t\t\t<\/div>\n\t\t<\/div>\n\t\t\t\t\t<\/div>\n\t\t<\/section>\n\t\t\t\t<section class=\"elementor-section elementor-top-section elementor-element elementor-element-4eaac54 elementor-section-content-middle elementor-section-stretched elementor-reverse-tablet elementor-reverse-mobile section-spacing elementor-section-boxed elementor-section-height-default elementor-section-height-default\" data-id=\"4eaac54\" data-element_type=\"section\" data-e-type=\"section\" data-settings=\"{&quot;background_background&quot;:&quot;classic&quot;,&quot;stretch_section&quot;:&quot;section-stretched&quot;}\">\n\t\t\t\t\t\t\t<div class=\"elementor-background-overlay\"><\/div>\n\t\t\t\t\t\t\t<div class=\"elementor-container elementor-column-gap-default\">\n\t\t\t\t\t<div class=\"elementor-column elementor-col-50 elementor-top-column elementor-element elementor-element-40e825e3\" data-id=\"40e825e3\" data-element_type=\"column\" data-e-type=\"column\">\n\t\t\t<div class=\"elementor-widget-wrap elementor-element-populated\">\n\t\t\t\t\t\t<div class=\"elementor-element elementor-element-3f8a4f03 elementor-widget elementor-widget-heading\" data-id=\"3f8a4f03\" data-element_type=\"widget\" data-e-type=\"widget\" data-widget_type=\"heading.default\">\n\t\t\t\t<div class=\"elementor-widget-container\">\n\t\t\t\t\t<h2 class=\"elementor-heading-title elementor-size-default\">Una comunit\u00e0 molto variegata<\/h2>\t\t\t\t<\/div>\n\t\t\t\t<\/div>\n\t\t\t\t<div class=\"elementor-element elementor-element-d2db1a6 elementor-widget elementor-widget-text-editor\" data-id=\"d2db1a6\" data-element_type=\"widget\" data-e-type=\"widget\" data-widget_type=\"text-editor.default\">\n\t\t\t\t<div class=\"elementor-widget-container\">\n\t\t\t\t\t\t\t\t\t<p>I bah\u00e1&#8217;\u00ed sono presenti in circa 300 localit\u00e0 in tutta la Svizzera e nel Liechtenstein.<\/p><p>La diversit\u00e0 della comunit\u00e0 si riflette in questa diffusione geografica. Persone provenienti da oltre 60 paesi e territori del pianeta rappresentano la comunit\u00e0 bah\u00e1&#8217;\u00ed svizzera.<\/p><p>I bah\u00e1&#8217;\u00ed si sforzano di comprendere meglio e di tradurre in azione gli insegnamenti di Bah\u00e1&#8217;u&#8217;ll\u00e1h sia nella loro vita individuale che collettiva.<\/p><p>In questi sforzi, i bah\u00e1&#8217;\u00ed della Svizzera sono ispirati dalle parole di Bah\u00e1&#8217;u&#8217;ll\u00e1h di \u201cas\u00adsociarsi a tutte le genti e le trib\u00f9 della terra con gioia ed esultanza\u201d e di \u201cinteressatevi premurosamente delle necessit\u00e0 dell\u2019epoca in cui vivete e accentrate le vostre deliberazioni sulle sue esigenze e necessit\u00e0\u201d.<\/p><p>I bah\u00e1&#8217;\u00ed continuano i loro sforzi e sono impegnati in <a href=\"https:\/\/bahai.ch\/it\/cosa-fanno-i-bahai-in-svizzera\/\">attivit\u00e0 per costruire comunit\u00e0 vibranti in Svizzera.<\/a><\/p>\t\t\t\t\t\t\t\t<\/div>\n\t\t\t\t<\/div>\n\t\t\t\t\t<\/div>\n\t\t<\/div>\n\t\t\t\t<div class=\"elementor-column elementor-col-50 elementor-top-column elementor-element elementor-element-2fb573c1\" data-id=\"2fb573c1\" data-element_type=\"column\" data-e-type=\"column\" data-settings=\"{&quot;background_background&quot;:&quot;classic&quot;}\">\n\t\t\t<div class=\"elementor-widget-wrap elementor-element-populated\">\n\t\t\t\t\t\t<div class=\"elementor-element elementor-element-3a84279 elementor-widget elementor-widget-image\" data-id=\"3a84279\" data-element_type=\"widget\" data-e-type=\"widget\" data-widget_type=\"image.default\">\n\t\t\t\t<div class=\"elementor-widget-container\">\n\t\t\t\t\t\t\t\t\t\t\t\t\t\t\t<img decoding=\"async\" width=\"513\" height=\"584\" src=\"https:\/\/bahai.ch\/it\/wp-content\/uploads\/sites\/3\/2024\/11\/a-very-diverse-community.jpg\" class=\"attachment-large size-large wp-image-13958\" alt=\"\" srcset=\"https:\/\/bahai.ch\/it\/wp-content\/uploads\/sites\/3\/2024\/11\/a-very-diverse-community.jpg 513w, https:\/\/bahai.ch\/it\/wp-content\/uploads\/sites\/3\/2024\/11\/a-very-diverse-community-264x300.jpg 264w\" sizes=\"(max-width: 513px) 100vw, 513px\" \/>\t\t\t\t\t\t\t\t\t\t\t\t\t\t\t<\/div>\n\t\t\t\t<\/div>\n\t\t\t\t\t<\/div>\n\t\t<\/div>\n\t\t\t\t\t<\/div>\n\t\t<\/section>\n\t\t\t\t<section class=\"elementor-section elementor-top-section elementor-element elementor-element-6389d33c elementor-section-content-middle elementor-section-stretched elementor-section-boxed elementor-section-height-default elementor-section-height-default\" data-id=\"6389d33c\" data-element_type=\"section\" data-e-type=\"section\" data-settings=\"{&quot;background_background&quot;:&quot;classic&quot;,&quot;stretch_section&quot;:&quot;section-stretched&quot;}\">\n\t\t\t\t\t\t\t<div class=\"elementor-background-overlay\"><\/div>\n\t\t\t\t\t\t\t<div class=\"elementor-container elementor-column-gap-default\">\n\t\t\t\t\t<div class=\"elementor-column elementor-col-33 elementor-top-column elementor-element elementor-element-4243657b\" data-id=\"4243657b\" data-element_type=\"column\" data-e-type=\"column\">\n\t\t\t<div class=\"elementor-widget-wrap elementor-element-populated\">\n\t\t\t\t\t\t<div class=\"elementor-element elementor-element-83f4f54 elementor-widget__width-initial elementor-widget-mobile__width-initial elementor-widget elementor-widget-heading\" data-id=\"83f4f54\" data-element_type=\"widget\" data-e-type=\"widget\" data-widget_type=\"heading.default\">\n\t\t\t\t<div class=\"elementor-widget-container\">\n\t\t\t\t\t<span class=\"elementor-heading-title elementor-size-default\">Per contattare i Bah\u00e1'\u00ed nella tua localit\u00e0 scrivi a:<\/span>\t\t\t\t<\/div>\n\t\t\t\t<\/div>\n\t\t\t\t\t<\/div>\n\t\t<\/div>\n\t\t\t\t<div class=\"elementor-column elementor-col-33 elementor-top-column elementor-element elementor-element-1e274cdd\" data-id=\"1e274cdd\" data-element_type=\"column\" data-e-type=\"column\">\n\t\t\t<div class=\"elementor-widget-wrap elementor-element-populated\">\n\t\t\t\t\t\t<div class=\"elementor-element elementor-element-403f894a elementor-widget elementor-widget-image\" data-id=\"403f894a\" data-element_type=\"widget\" data-e-type=\"widget\" data-widget_type=\"image.default\">\n\t\t\t\t<div class=\"elementor-widget-container\">\n\t\t\t\t\t\t\t\t\t\t\t\t\t\t\t<img decoding=\"async\" width=\"82\" height=\"80\" src=\"https:\/\/bahai.ch\/it\/wp-content\/uploads\/sites\/3\/2024\/11\/9-pointed-star.png\" class=\"attachment-large size-large wp-image-14391\" alt=\"\" \/>\t\t\t\t\t\t\t\t\t\t\t\t\t\t\t<\/div>\n\t\t\t\t<\/div>\n\t\t\t\t\t<\/div>\n\t\t<\/div>\n\t\t\t\t<div class=\"elementor-column elementor-col-33 elementor-top-column elementor-element elementor-element-455a0995\" data-id=\"455a0995\" data-element_type=\"column\" data-e-type=\"column\">\n\t\t\t<div class=\"elementor-widget-wrap elementor-element-populated\">\n\t\t\t\t\t\t<div class=\"elementor-element elementor-element-44cd5caf elementor-widget__width-initial elementor-widget-mobile__width-initial elementor-widget elementor-widget-text-editor\" data-id=\"44cd5caf\" data-element_type=\"widget\" data-e-type=\"widget\" data-widget_type=\"text-editor.default\">\n\t\t\t\t<div class=\"elementor-widget-container\">\n\t\t\t\t\t\t\t\t\t<p><strong><a href=\"mailto:INFO@BAHAI.CH\">INFO@BAHAI.CH<\/a><br \/><\/strong><\/p>\t\t\t\t\t\t\t\t<\/div>\n\t\t\t\t<\/div>\n\t\t\t\t\t<\/div>\n\t\t<\/div>\n\t\t\t\t\t<\/div>\n\t\t<\/section>\n\t\t\t\t<section class=\"elementor-section elementor-top-section elementor-element elementor-element-35d046bd elementor-section-content-middle elementor-section-stretched section-spacing elementor-section-boxed elementor-section-height-default elementor-section-height-default\" data-id=\"35d046bd\" data-element_type=\"section\" data-e-type=\"section\" data-settings=\"{&quot;background_background&quot;:&quot;classic&quot;,&quot;stretch_section&quot;:&quot;section-stretched&quot;}\">\n\t\t\t\t\t\t\t<div class=\"elementor-background-overlay\"><\/div>\n\t\t\t\t\t\t\t<div class=\"elementor-container elementor-column-gap-default\">\n\t\t\t\t\t<div class=\"elementor-column elementor-col-50 elementor-top-column elementor-element elementor-element-57459417\" data-id=\"57459417\" data-element_type=\"column\" data-e-type=\"column\">\n\t\t\t<div class=\"elementor-widget-wrap elementor-element-populated\">\n\t\t\t\t\t\t<div class=\"elementor-element elementor-element-6d5c714c elementor-widget elementor-widget-heading\" data-id=\"6d5c714c\" data-element_type=\"widget\" data-e-type=\"widget\" data-widget_type=\"heading.default\">\n\t\t\t\t<div class=\"elementor-widget-container\">\n\t\t\t\t\t<h2 class=\"elementor-heading-title elementor-size-default\">Il contributo dei bah\u00e1'\u00ed della Svizzera<\/h2>\t\t\t\t<\/div>\n\t\t\t\t<\/div>\n\t\t\t\t<div class=\"elementor-element elementor-element-51d0b41d elementor-widget elementor-widget-text-editor\" data-id=\"51d0b41d\" data-element_type=\"widget\" data-e-type=\"widget\" data-widget_type=\"text-editor.default\">\n\t\t\t\t<div class=\"elementor-widget-container\">\n\t\t\t\t\t\t\t\t\t<p>Nel corso della loro ricca storia, i bah\u00e1&#8217;\u00ed della Svizzera sono stati in grado di raggiungere risultati notevoli. Hanno lavorato sia all&#8217;interno della loro comunit\u00e0 che a contribuire ai dialoghi nella societ\u00e0 su questioni di vitale importanza.<\/p><p>La comunit\u00e0 bah\u00e1&#8217;\u00ed svizzera ha adottato un approccio in cui l&#8217;azione \u00e8 seguita dalla riflessione e dalla consultazione sui passi successivi. La comunit\u00e0 \u00e8 stata attiva nei seguenti ambiti:<\/p><h3>Partecipazione al dialogo interreligioso<\/h3><p>I bah\u00e1&#8217;\u00ed della Svizzera hanno svolto un ruolo attivo nel promuovere il dialogo interreligioso su varie piattaforme in tutto il paese e a livello nazionale.<\/p><h3>Educazione spirituale per bambini<\/h3><p>L&#8217;educazione dei bambini \u00e8 stata una parte importante della vita della comunit\u00e0 fin dall&#8217;inizio.<\/p><p>La comunit\u00e0 bah\u00e1&#8217;\u00ed svizzera si \u00e8 sforzata di sostenere lo sviluppo spirituale dei bambini e dei giovani attraverso un programma che incoraggia un apprezzamento per l&#8217;unit\u00e0 della famiglia umana e l&#8217;unit\u00e0 essenziale delle tradizioni religiose del mondo. Queste classi si concentrano anche sulla coltivazione di qualit\u00e0 spirituali e morali.<\/p><p>Queste classi di quartiere sono offerte liberamente dai bah\u00e1&#8217;\u00ed e dai loro amici per tutti i bambini, creando spazi dove possono imparare e crescere insieme.<\/p><p>I bah\u00e1&#8217;\u00ed hanno offerto una prospettiva e un umile esempio su questioni urgenti come la pace nel mondo, il futuro della Svizzera, la discriminazione razziale, i pregiudizi religiosi, l&#8217;integrazione e l&#8217;uguaglianza di donne e uomini.<\/p><p>Gi\u00e0 dagli inizi si \u00e8 riuscito a creare un ambiente in cui le donne nella comunit\u00e0 condividono la piena responsabilit\u00e0 con gli uomini. Il sistema di elezioni annuali avviene a scrutinio segreto, privo di qualsiasi forma di nomina, campagna elettorale, propaganda o quote.<\/p>\t\t\t\t\t\t\t\t<\/div>\n\t\t\t\t<\/div>\n\t\t\t\t\t<\/div>\n\t\t<\/div>\n\t\t\t\t<div class=\"elementor-column elementor-col-50 elementor-top-column elementor-element elementor-element-6b051f97\" data-id=\"6b051f97\" data-element_type=\"column\" data-e-type=\"column\" data-settings=\"{&quot;background_background&quot;:&quot;classic&quot;}\">\n\t\t\t<div class=\"elementor-widget-wrap elementor-element-populated\">\n\t\t\t\t\t\t<div class=\"elementor-element elementor-element-70503ca9 elementor-widget elementor-widget-image\" data-id=\"70503ca9\" data-element_type=\"widget\" data-e-type=\"widget\" data-widget_type=\"image.default\">\n\t\t\t\t<div class=\"elementor-widget-container\">\n\t\t\t\t\t\t\t\t\t\t\t\t<figure class=\"wp-caption\">\n\t\t\t\t\t\t\t\t\t\t<img loading=\"lazy\" decoding=\"async\" width=\"562\" height=\"1000\" src=\"https:\/\/bahai.ch\/it\/wp-content\/uploads\/sites\/3\/2025\/02\/switzerland-verydiversecommunity.jpg\" class=\"attachment-large size-large wp-image-15218\" alt=\"\" srcset=\"https:\/\/bahai.ch\/it\/wp-content\/uploads\/sites\/3\/2025\/02\/switzerland-verydiversecommunity.jpg 562w, https:\/\/bahai.ch\/it\/wp-content\/uploads\/sites\/3\/2025\/02\/switzerland-verydiversecommunity-169x300.jpg 169w\" sizes=\"(max-width: 562px) 100vw, 562px\" \/>\t\t\t\t\t\t\t\t\t\t\t<figcaption class=\"widget-image-caption wp-caption-text\">Varie attivit\u00e0 di costruzione di comunit\u00e0 e progetti di servizio<\/figcaption>\n\t\t\t\t\t\t\t\t\t\t<\/figure>\n\t\t\t\t\t\t\t\t\t<\/div>\n\t\t\t\t<\/div>\n\t\t\t\t\t<\/div>\n\t\t<\/div>\n\t\t\t\t\t<\/div>\n\t\t<\/section>\n\t\t\t\t<section class=\"elementor-section elementor-top-section elementor-element elementor-element-7b1005 elementor-section-content-middle elementor-section-stretched elementor-section-boxed elementor-section-height-default elementor-section-height-default\" data-id=\"7b1005\" data-element_type=\"section\" data-e-type=\"section\" data-settings=\"{&quot;stretch_section&quot;:&quot;section-stretched&quot;,&quot;background_background&quot;:&quot;classic&quot;}\">\n\t\t\t\t\t\t\t<div class=\"elementor-background-overlay\"><\/div>\n\t\t\t\t\t\t\t<div class=\"elementor-container elementor-column-gap-default\">\n\t\t\t\t\t<div class=\"elementor-column elementor-col-100 elementor-top-column elementor-element elementor-element-7cc3eba1\" data-id=\"7cc3eba1\" data-element_type=\"column\" data-e-type=\"column\">\n\t\t\t<div class=\"elementor-widget-wrap elementor-element-populated\">\n\t\t\t\t\t\t<div class=\"elementor-element elementor-element-42ceafce elementor-widget elementor-widget-heading\" data-id=\"42ceafce\" data-element_type=\"widget\" data-e-type=\"widget\" data-widget_type=\"heading.default\">\n\t\t\t\t<div class=\"elementor-widget-container\">\n\t\t\t\t\t<span class=\"elementor-heading-title elementor-size-default\">\"Guardate coi vostri\nocchi e non con quelli degli altri\"<\/span>\t\t\t\t<\/div>\n\t\t\t\t<\/div>\n\t\t\t\t<div class=\"elementor-element elementor-element-26370a4b elementor-widget elementor-widget-heading\" data-id=\"26370a4b\" data-element_type=\"widget\" data-e-type=\"widget\" data-widget_type=\"heading.default\">\n\t\t\t\t<div class=\"elementor-widget-container\">\n\t\t\t\t\t<span class=\"elementor-heading-title elementor-size-default\">'Abdu'l-Bah\u00e1<\/span>\t\t\t\t<\/div>\n\t\t\t\t<\/div>\n\t\t\t\t\t<\/div>\n\t\t<\/div>\n\t\t\t\t\t<\/div>\n\t\t<\/section>\n\t\t\t\t<\/div>\n\t\t","protected":false},"excerpt":{"rendered":"<p>Una comunit\u00e0 centenaria La fede bah\u00e1&#8217;\u00ed \u00e8 presente in Svizzera da ben oltre 100 anni. I primi svizzeri ad abbracciare questo nuovo messaggio furono Edith e Joseph de Bons. Vivevano a Sion (VS). Nel corso dei decenni le persone che hanno promosso e praticato gli ideali portati dal messaggio di Bah\u00e1&#8217;u&#8217;ll\u00e1h si sono diffusi in [&hellip;]<\/p>\n","protected":false},"author":3,"featured_media":15112,"parent":0,"menu_order":0,"comment_status":"open","ping_status":"closed","template":"","meta":{"inline_featured_image":false,"footnotes":""},"class_list":["post-14210","page","type-page","status-publish","has-post-thumbnail","hentry"],"yoast_head":"<!-- This site is optimized with the Yoast SEO plugin v27.3 - https:\/\/yoast.com\/product\/yoast-seo-wordpress\/ -->\n<title>La Fede bah\u00e1&#039;\u00ed in Svizzera - Bah\u00e1&#039;\u00ed Svizzera<\/title>\n<meta name=\"robots\" content=\"index, follow, max-snippet:-1, max-image-preview:large, max-video-preview:-1\" \/>\n<link rel=\"canonical\" href=\"https:\/\/bahai.ch\/it\/la-fede-bahai-in-svizzera\/\" \/>\n<meta property=\"og:locale\" content=\"it_IT\" \/>\n<meta property=\"og:type\" content=\"article\" \/>\n<meta property=\"og:title\" content=\"La Fede bah\u00e1&#039;\u00ed in Svizzera - Bah\u00e1&#039;\u00ed Svizzera\" \/>\n<meta property=\"og:description\" content=\"Una comunit\u00e0 centenaria La fede bah\u00e1&#8217;\u00ed \u00e8 presente in Svizzera da ben oltre 100 anni. I primi svizzeri ad abbracciare questo nuovo messaggio furono Edith e Joseph de Bons. Vivevano a Sion (VS). Nel corso dei decenni le persone che hanno promosso e praticato gli ideali portati dal messaggio di Bah\u00e1&#8217;u&#8217;ll\u00e1h si sono diffusi in [&hellip;]\" \/>\n<meta property=\"og:url\" content=\"https:\/\/bahai.ch\/it\/la-fede-bahai-in-svizzera\/\" \/>\n<meta property=\"og:site_name\" content=\"Bah\u00e1&#039;\u00ed Svizzera\" \/>\n<meta property=\"article:modified_time\" content=\"2025-05-17T15:28:51+00:00\" \/>\n<meta property=\"og:image\" content=\"https:\/\/bahai.ch\/it\/wp-content\/uploads\/sites\/3\/2025\/01\/iStock-6730274482.jpg\" \/>\n\t<meta property=\"og:image:width\" content=\"1500\" \/>\n\t<meta property=\"og:image:height\" content=\"1477\" \/>\n\t<meta property=\"og:image:type\" content=\"image\/jpeg\" \/>\n<meta name=\"twitter:card\" content=\"summary_large_image\" \/>\n<meta name=\"twitter:label1\" content=\"Tempo di lettura stimato\" \/>\n\t<meta name=\"twitter:data1\" content=\"3 minuti\" \/>\n<script type=\"application\/ld+json\" class=\"yoast-schema-graph\">{\"@context\":\"https:\\\/\\\/schema.org\",\"@graph\":[{\"@type\":\"WebPage\",\"@id\":\"https:\\\/\\\/bahai.ch\\\/it\\\/la-fede-bahai-in-svizzera\\\/\",\"url\":\"https:\\\/\\\/bahai.ch\\\/it\\\/la-fede-bahai-in-svizzera\\\/\",\"name\":\"La Fede bah\u00e1'\u00ed in Svizzera - Bah\u00e1&#039;\u00ed Svizzera\",\"isPartOf\":{\"@id\":\"https:\\\/\\\/bahai.ch\\\/it\\\/#website\"},\"primaryImageOfPage\":{\"@id\":\"https:\\\/\\\/bahai.ch\\\/it\\\/la-fede-bahai-in-svizzera\\\/#primaryimage\"},\"image\":{\"@id\":\"https:\\\/\\\/bahai.ch\\\/it\\\/la-fede-bahai-in-svizzera\\\/#primaryimage\"},\"thumbnailUrl\":\"https:\\\/\\\/bahai.ch\\\/it\\\/wp-content\\\/uploads\\\/sites\\\/3\\\/2025\\\/01\\\/iStock-6730274482.jpg\",\"datePublished\":\"2024-11-07T08:47:28+00:00\",\"dateModified\":\"2025-05-17T15:28:51+00:00\",\"breadcrumb\":{\"@id\":\"https:\\\/\\\/bahai.ch\\\/it\\\/la-fede-bahai-in-svizzera\\\/#breadcrumb\"},\"inLanguage\":\"it-IT\",\"potentialAction\":[{\"@type\":\"ReadAction\",\"target\":[\"https:\\\/\\\/bahai.ch\\\/it\\\/la-fede-bahai-in-svizzera\\\/\"]}]},{\"@type\":\"ImageObject\",\"inLanguage\":\"it-IT\",\"@id\":\"https:\\\/\\\/bahai.ch\\\/it\\\/la-fede-bahai-in-svizzera\\\/#primaryimage\",\"url\":\"https:\\\/\\\/bahai.ch\\\/it\\\/wp-content\\\/uploads\\\/sites\\\/3\\\/2025\\\/01\\\/iStock-6730274482.jpg\",\"contentUrl\":\"https:\\\/\\\/bahai.ch\\\/it\\\/wp-content\\\/uploads\\\/sites\\\/3\\\/2025\\\/01\\\/iStock-6730274482.jpg\",\"width\":1500,\"height\":1477},{\"@type\":\"BreadcrumbList\",\"@id\":\"https:\\\/\\\/bahai.ch\\\/it\\\/la-fede-bahai-in-svizzera\\\/#breadcrumb\",\"itemListElement\":[{\"@type\":\"ListItem\",\"position\":1,\"name\":\"Home\",\"item\":\"https:\\\/\\\/bahai.ch\\\/it\\\/\"},{\"@type\":\"ListItem\",\"position\":2,\"name\":\"La Fede bah\u00e1&#8217;\u00ed in Svizzera\"}]},{\"@type\":\"WebSite\",\"@id\":\"https:\\\/\\\/bahai.ch\\\/it\\\/#website\",\"url\":\"https:\\\/\\\/bahai.ch\\\/it\\\/\",\"name\":\"Bah\u00e1&#039;\u00ed Svizzera\",\"description\":\"SITO UFFICIALE DELLA COMUNIT\u00c0 SWISS BAHA&#039;I\",\"potentialAction\":[{\"@type\":\"SearchAction\",\"target\":{\"@type\":\"EntryPoint\",\"urlTemplate\":\"https:\\\/\\\/bahai.ch\\\/it\\\/?s={search_term_string}\"},\"query-input\":{\"@type\":\"PropertyValueSpecification\",\"valueRequired\":true,\"valueName\":\"search_term_string\"}}],\"inLanguage\":\"it-IT\"}]}<\/script>\n<!-- \/ Yoast SEO plugin. -->","yoast_head_json":{"title":"La Fede bah\u00e1'\u00ed in Svizzera - Bah\u00e1&#039;\u00ed Svizzera","robots":{"index":"index","follow":"follow","max-snippet":"max-snippet:-1","max-image-preview":"max-image-preview:large","max-video-preview":"max-video-preview:-1"},"canonical":"https:\/\/bahai.ch\/it\/la-fede-bahai-in-svizzera\/","og_locale":"it_IT","og_type":"article","og_title":"La Fede bah\u00e1'\u00ed in Svizzera - Bah\u00e1&#039;\u00ed Svizzera","og_description":"Una comunit\u00e0 centenaria La fede bah\u00e1&#8217;\u00ed \u00e8 presente in Svizzera da ben oltre 100 anni. I primi svizzeri ad abbracciare questo nuovo messaggio furono Edith e Joseph de Bons. Vivevano a Sion (VS). Nel corso dei decenni le persone che hanno promosso e praticato gli ideali portati dal messaggio di Bah\u00e1&#8217;u&#8217;ll\u00e1h si sono diffusi in [&hellip;]","og_url":"https:\/\/bahai.ch\/it\/la-fede-bahai-in-svizzera\/","og_site_name":"Bah\u00e1&#039;\u00ed Svizzera","article_modified_time":"2025-05-17T15:28:51+00:00","og_image":[{"width":1500,"height":1477,"url":"https:\/\/bahai.ch\/it\/wp-content\/uploads\/sites\/3\/2025\/01\/iStock-6730274482.jpg","type":"image\/jpeg"}],"twitter_card":"summary_large_image","twitter_misc":{"Tempo di lettura stimato":"3 minuti"},"schema":{"@context":"https:\/\/schema.org","@graph":[{"@type":"WebPage","@id":"https:\/\/bahai.ch\/it\/la-fede-bahai-in-svizzera\/","url":"https:\/\/bahai.ch\/it\/la-fede-bahai-in-svizzera\/","name":"La Fede bah\u00e1'\u00ed in Svizzera - Bah\u00e1&#039;\u00ed Svizzera","isPartOf":{"@id":"https:\/\/bahai.ch\/it\/#website"},"primaryImageOfPage":{"@id":"https:\/\/bahai.ch\/it\/la-fede-bahai-in-svizzera\/#primaryimage"},"image":{"@id":"https:\/\/bahai.ch\/it\/la-fede-bahai-in-svizzera\/#primaryimage"},"thumbnailUrl":"https:\/\/bahai.ch\/it\/wp-content\/uploads\/sites\/3\/2025\/01\/iStock-6730274482.jpg","datePublished":"2024-11-07T08:47:28+00:00","dateModified":"2025-05-17T15:28:51+00:00","breadcrumb":{"@id":"https:\/\/bahai.ch\/it\/la-fede-bahai-in-svizzera\/#breadcrumb"},"inLanguage":"it-IT","potentialAction":[{"@type":"ReadAction","target":["https:\/\/bahai.ch\/it\/la-fede-bahai-in-svizzera\/"]}]},{"@type":"ImageObject","inLanguage":"it-IT","@id":"https:\/\/bahai.ch\/it\/la-fede-bahai-in-svizzera\/#primaryimage","url":"https:\/\/bahai.ch\/it\/wp-content\/uploads\/sites\/3\/2025\/01\/iStock-6730274482.jpg","contentUrl":"https:\/\/bahai.ch\/it\/wp-content\/uploads\/sites\/3\/2025\/01\/iStock-6730274482.jpg","width":1500,"height":1477},{"@type":"BreadcrumbList","@id":"https:\/\/bahai.ch\/it\/la-fede-bahai-in-svizzera\/#breadcrumb","itemListElement":[{"@type":"ListItem","position":1,"name":"Home","item":"https:\/\/bahai.ch\/it\/"},{"@type":"ListItem","position":2,"name":"La Fede bah\u00e1&#8217;\u00ed in Svizzera"}]},{"@type":"WebSite","@id":"https:\/\/bahai.ch\/it\/#website","url":"https:\/\/bahai.ch\/it\/","name":"Bah\u00e1&#039;\u00ed Svizzera","description":"SITO UFFICIALE DELLA COMUNIT\u00c0 SWISS BAHA&#039;I","potentialAction":[{"@type":"SearchAction","target":{"@type":"EntryPoint","urlTemplate":"https:\/\/bahai.ch\/it\/?s={search_term_string}"},"query-input":{"@type":"PropertyValueSpecification","valueRequired":true,"valueName":"search_term_string"}}],"inLanguage":"it-IT"}]}},"_links":{"self":[{"href":"https:\/\/bahai.ch\/it\/wp-json\/wp\/v2\/pages\/14210","targetHints":{"allow":["GET"]}}],"collection":[{"href":"https:\/\/bahai.ch\/it\/wp-json\/wp\/v2\/pages"}],"about":[{"href":"https:\/\/bahai.ch\/it\/wp-json\/wp\/v2\/types\/page"}],"author":[{"embeddable":true,"href":"https:\/\/bahai.ch\/it\/wp-json\/wp\/v2\/users\/3"}],"replies":[{"embeddable":true,"href":"https:\/\/bahai.ch\/it\/wp-json\/wp\/v2\/comments?post=14210"}],"version-history":[{"count":66,"href":"https:\/\/bahai.ch\/it\/wp-json\/wp\/v2\/pages\/14210\/revisions"}],"predecessor-version":[{"id":15395,"href":"https:\/\/bahai.ch\/it\/wp-json\/wp\/v2\/pages\/14210\/revisions\/15395"}],"wp:featuredmedia":[{"embeddable":true,"href":"https:\/\/bahai.ch\/it\/wp-json\/wp\/v2\/media\/15112"}],"wp:attachment":[{"href":"https:\/\/bahai.ch\/it\/wp-json\/wp\/v2\/media?parent=14210"}],"curies":[{"name":"wp","href":"https:\/\/api.w.org\/{rel}","templated":true}]}}