{"id":15194,"date":"2025-01-28T15:05:31","date_gmt":"2025-01-28T15:05:31","guid":{"rendered":"https:\/\/bahai.steincastle.com\/?page_id=15194"},"modified":"2025-05-27T13:48:18","modified_gmt":"2025-05-27T11:48:18","slug":"indicazioni-sul-contenuto","status":"publish","type":"page","link":"https:\/\/bahai.ch\/it\/indicazioni-sul-contenuto\/","title":{"rendered":"Indicazioni sul contenuto"},"content":{"rendered":"\t\t<div data-elementor-type=\"wp-page\" data-elementor-id=\"15194\" class=\"elementor elementor-15194\" data-elementor-post-type=\"page\">\n\t\t\t\t<div class=\"elementor-element elementor-element-c3188ad e-flex e-con-boxed e-con e-parent\" data-id=\"c3188ad\" data-element_type=\"container\" data-e-type=\"container\">\n\t\t\t\t\t<div class=\"e-con-inner\">\n\t\t\t\t<div class=\"elementor-element elementor-element-01c11dd elementor-widget elementor-widget-text-editor\" data-id=\"01c11dd\" data-element_type=\"widget\" data-e-type=\"widget\" data-widget_type=\"text-editor.default\">\n\t\t\t\t<div class=\"elementor-widget-container\">\n\t\t\t\t\t\t\t\t\t<h3><strong>RESPONSABILE DEL CONTENUTO<\/strong><\/h3><p>Assemblea Spirituale Nazionale dei Bah\u00e1\u2019\u00ed della Svizzera<br \/>Dufourstrasse 13<br \/>CH-3005 Bern<br \/>Svizzera<\/p><p>info@bahai.ch<br \/><img decoding=\"async\" src=\"chrome-extension:\/\/fajmnddnafkmfdeekbkjcpohhoodhgjj\/images\/logo20.png\" alt=\"Zoiper Click2Dial\" width=\"20\" height=\"20\" \/><a href=\"zoiper:+41313521020\">+41 31 352 10 20<\/a><\/p><h3><strong>RESPONSABILIT\u00c0 PER CONTENUTI<\/strong><\/h3><p>I contenuti di queste pagine sono creati con grande cura. Per correttezza,<br \/>tuttavia, nessuna responsabilit\u00e0 pu\u00f2 essere assunta per la completezza e l\u2019attualit\u00e0 di questo contenuto.<\/p><h3><strong>CREDITI FOTOGRAFICI E COPYRIGHT<\/strong><\/h3><p>L\u2019Assemblea Spirituale Nazionale dei Bah\u00e1\u2019\u00ed della Svizzera e tutti i marchi, il logo di\u00a0<em>baha\u2019i svizzera<\/em>, tutti gli elementi di design, le immagini e i testi presenti sul sito web sono protetti da copyright.\u00a0<em>Immagini utilizzate:<\/em>\u00a0Assemblea Spirituale Nazionale dei Bah\u00e1\u2019\u00ed della Svizzera, Mediateca Bah\u00e1\u2019\u00ed (Bah\u00e1\u2019\u00ed Media Library), SteinCastle GmbH, Depositphotos, Envato Marketplace.<\/p><h3><strong>CREDITI FOTOGRAFICI E COPYRIGHT<\/strong><\/h3><p><a href=\"https:\/\/www.leacortes.ch\/\" target=\"_blank\" rel=\"noopener\">Lea Cort\u00e9s<\/a><\/p><h3><strong>AMMINISTRAZIONE TECNICA<\/strong><\/h3><p><a href=\"https:\/\/tagsystems.com\/\" target=\"_blank\" rel=\"noopener\">TAG Systems AG<\/a><\/p>\t\t\t\t\t\t\t\t<\/div>\n\t\t\t\t<\/div>\n\t\t\t\t\t<\/div>\n\t\t\t\t<\/div>\n\t\t\t\t<\/div>\n\t\t","protected":false},"excerpt":{"rendered":"<p>RESPONSABILE DEL CONTENUTO Assemblea Spirituale Nazionale dei Bah\u00e1\u2019\u00ed della SvizzeraDufourstrasse 13CH-3005 BernSvizzera info@bahai.ch+41 31 352 10 20 RESPONSABILIT\u00c0 PER CONTENUTI I contenuti di queste pagine sono creati con grande cura. Per correttezza,tuttavia, nessuna responsabilit\u00e0 pu\u00f2 essere assunta per la completezza e l\u2019attualit\u00e0 di questo contenuto. CREDITI FOTOGRAFICI E COPYRIGHT L\u2019Assemblea Spirituale Nazionale dei Bah\u00e1\u2019\u00ed della [&hellip;]<\/p>\n","protected":false},"author":3,"featured_media":15208,"parent":0,"menu_order":0,"comment_status":"closed","ping_status":"closed","template":"","meta":{"inline_featured_image":false,"footnotes":""},"class_list":["post-15194","page","type-page","status-publish","has-post-thumbnail","hentry"],"yoast_head":"<!-- This site is optimized with the Yoast SEO plugin v27.3 - https:\/\/yoast.com\/product\/yoast-seo-wordpress\/ -->\n<title>Indicazioni sul contenuto - Bah\u00e1&#039;\u00ed Svizzera<\/title>\n<meta name=\"robots\" content=\"index, follow, max-snippet:-1, max-image-preview:large, max-video-preview:-1\" \/>\n<link rel=\"canonical\" href=\"https:\/\/bahai.ch\/it\/indicazioni-sul-contenuto\/\" \/>\n<meta property=\"og:locale\" content=\"it_IT\" \/>\n<meta property=\"og:type\" content=\"article\" \/>\n<meta property=\"og:title\" content=\"Indicazioni sul contenuto - Bah\u00e1&#039;\u00ed Svizzera\" \/>\n<meta property=\"og:description\" content=\"RESPONSABILE DEL CONTENUTO Assemblea Spirituale Nazionale dei Bah\u00e1\u2019\u00ed della SvizzeraDufourstrasse 13CH-3005 BernSvizzera info@bahai.ch+41 31 352 10 20 RESPONSABILIT\u00c0 PER CONTENUTI I contenuti di queste pagine sono creati con grande cura. Per correttezza,tuttavia, nessuna responsabilit\u00e0 pu\u00f2 essere assunta per la completezza e l\u2019attualit\u00e0 di questo contenuto. CREDITI FOTOGRAFICI E COPYRIGHT L\u2019Assemblea Spirituale Nazionale dei Bah\u00e1\u2019\u00ed della [&hellip;]\" \/>\n<meta property=\"og:url\" content=\"https:\/\/bahai.ch\/it\/indicazioni-sul-contenuto\/\" \/>\n<meta property=\"og:site_name\" content=\"Bah\u00e1&#039;\u00ed Svizzera\" \/>\n<meta property=\"article:modified_time\" content=\"2025-05-27T11:48:18+00:00\" \/>\n<meta property=\"og:image\" content=\"https:\/\/bahai.ch\/it\/wp-content\/uploads\/sites\/3\/2025\/01\/imprint.jpg\" \/>\n\t<meta property=\"og:image:width\" content=\"1500\" \/>\n\t<meta property=\"og:image:height\" content=\"1000\" \/>\n\t<meta property=\"og:image:type\" content=\"image\/jpeg\" \/>\n<meta name=\"twitter:card\" content=\"summary_large_image\" \/>\n<meta name=\"twitter:label1\" content=\"Tempo di lettura stimato\" \/>\n\t<meta name=\"twitter:data1\" content=\"1 minuto\" \/>\n<script type=\"application\/ld+json\" class=\"yoast-schema-graph\">{\"@context\":\"https:\\\/\\\/schema.org\",\"@graph\":[{\"@type\":\"WebPage\",\"@id\":\"https:\\\/\\\/bahai.ch\\\/it\\\/indicazioni-sul-contenuto\\\/\",\"url\":\"https:\\\/\\\/bahai.ch\\\/it\\\/indicazioni-sul-contenuto\\\/\",\"name\":\"Indicazioni sul contenuto - Bah\u00e1&#039;\u00ed Svizzera\",\"isPartOf\":{\"@id\":\"https:\\\/\\\/bahai.ch\\\/it\\\/#website\"},\"primaryImageOfPage\":{\"@id\":\"https:\\\/\\\/bahai.ch\\\/it\\\/indicazioni-sul-contenuto\\\/#primaryimage\"},\"image\":{\"@id\":\"https:\\\/\\\/bahai.ch\\\/it\\\/indicazioni-sul-contenuto\\\/#primaryimage\"},\"thumbnailUrl\":\"https:\\\/\\\/bahai.ch\\\/it\\\/wp-content\\\/uploads\\\/sites\\\/3\\\/2025\\\/01\\\/imprint.jpg\",\"datePublished\":\"2025-01-28T15:05:31+00:00\",\"dateModified\":\"2025-05-27T11:48:18+00:00\",\"breadcrumb\":{\"@id\":\"https:\\\/\\\/bahai.ch\\\/it\\\/indicazioni-sul-contenuto\\\/#breadcrumb\"},\"inLanguage\":\"it-IT\",\"potentialAction\":[{\"@type\":\"ReadAction\",\"target\":[\"https:\\\/\\\/bahai.ch\\\/it\\\/indicazioni-sul-contenuto\\\/\"]}]},{\"@type\":\"ImageObject\",\"inLanguage\":\"it-IT\",\"@id\":\"https:\\\/\\\/bahai.ch\\\/it\\\/indicazioni-sul-contenuto\\\/#primaryimage\",\"url\":\"https:\\\/\\\/bahai.ch\\\/it\\\/wp-content\\\/uploads\\\/sites\\\/3\\\/2025\\\/01\\\/imprint.jpg\",\"contentUrl\":\"https:\\\/\\\/bahai.ch\\\/it\\\/wp-content\\\/uploads\\\/sites\\\/3\\\/2025\\\/01\\\/imprint.jpg\",\"width\":1500,\"height\":1000},{\"@type\":\"BreadcrumbList\",\"@id\":\"https:\\\/\\\/bahai.ch\\\/it\\\/indicazioni-sul-contenuto\\\/#breadcrumb\",\"itemListElement\":[{\"@type\":\"ListItem\",\"position\":1,\"name\":\"Home\",\"item\":\"https:\\\/\\\/bahai.ch\\\/it\\\/\"},{\"@type\":\"ListItem\",\"position\":2,\"name\":\"Indicazioni sul contenuto\"}]},{\"@type\":\"WebSite\",\"@id\":\"https:\\\/\\\/bahai.ch\\\/it\\\/#website\",\"url\":\"https:\\\/\\\/bahai.ch\\\/it\\\/\",\"name\":\"Bah\u00e1&#039;\u00ed Svizzera\",\"description\":\"SITO UFFICIALE DELLA COMUNIT\u00c0 SWISS BAHA&#039;I\",\"potentialAction\":[{\"@type\":\"SearchAction\",\"target\":{\"@type\":\"EntryPoint\",\"urlTemplate\":\"https:\\\/\\\/bahai.ch\\\/it\\\/?s={search_term_string}\"},\"query-input\":{\"@type\":\"PropertyValueSpecification\",\"valueRequired\":true,\"valueName\":\"search_term_string\"}}],\"inLanguage\":\"it-IT\"}]}<\/script>\n<!-- \/ Yoast SEO plugin. -->","yoast_head_json":{"title":"Indicazioni sul contenuto - Bah\u00e1&#039;\u00ed Svizzera","robots":{"index":"index","follow":"follow","max-snippet":"max-snippet:-1","max-image-preview":"max-image-preview:large","max-video-preview":"max-video-preview:-1"},"canonical":"https:\/\/bahai.ch\/it\/indicazioni-sul-contenuto\/","og_locale":"it_IT","og_type":"article","og_title":"Indicazioni sul contenuto - Bah\u00e1&#039;\u00ed Svizzera","og_description":"RESPONSABILE DEL CONTENUTO Assemblea Spirituale Nazionale dei Bah\u00e1\u2019\u00ed della SvizzeraDufourstrasse 13CH-3005 BernSvizzera info@bahai.ch+41 31 352 10 20 RESPONSABILIT\u00c0 PER CONTENUTI I contenuti di queste pagine sono creati con grande cura. Per correttezza,tuttavia, nessuna responsabilit\u00e0 pu\u00f2 essere assunta per la completezza e l\u2019attualit\u00e0 di questo contenuto. CREDITI FOTOGRAFICI E COPYRIGHT L\u2019Assemblea Spirituale Nazionale dei Bah\u00e1\u2019\u00ed della [&hellip;]","og_url":"https:\/\/bahai.ch\/it\/indicazioni-sul-contenuto\/","og_site_name":"Bah\u00e1&#039;\u00ed Svizzera","article_modified_time":"2025-05-27T11:48:18+00:00","og_image":[{"width":1500,"height":1000,"url":"https:\/\/bahai.ch\/it\/wp-content\/uploads\/sites\/3\/2025\/01\/imprint.jpg","type":"image\/jpeg"}],"twitter_card":"summary_large_image","twitter_misc":{"Tempo di lettura stimato":"1 minuto"},"schema":{"@context":"https:\/\/schema.org","@graph":[{"@type":"WebPage","@id":"https:\/\/bahai.ch\/it\/indicazioni-sul-contenuto\/","url":"https:\/\/bahai.ch\/it\/indicazioni-sul-contenuto\/","name":"Indicazioni sul contenuto - Bah\u00e1&#039;\u00ed Svizzera","isPartOf":{"@id":"https:\/\/bahai.ch\/it\/#website"},"primaryImageOfPage":{"@id":"https:\/\/bahai.ch\/it\/indicazioni-sul-contenuto\/#primaryimage"},"image":{"@id":"https:\/\/bahai.ch\/it\/indicazioni-sul-contenuto\/#primaryimage"},"thumbnailUrl":"https:\/\/bahai.ch\/it\/wp-content\/uploads\/sites\/3\/2025\/01\/imprint.jpg","datePublished":"2025-01-28T15:05:31+00:00","dateModified":"2025-05-27T11:48:18+00:00","breadcrumb":{"@id":"https:\/\/bahai.ch\/it\/indicazioni-sul-contenuto\/#breadcrumb"},"inLanguage":"it-IT","potentialAction":[{"@type":"ReadAction","target":["https:\/\/bahai.ch\/it\/indicazioni-sul-contenuto\/"]}]},{"@type":"ImageObject","inLanguage":"it-IT","@id":"https:\/\/bahai.ch\/it\/indicazioni-sul-contenuto\/#primaryimage","url":"https:\/\/bahai.ch\/it\/wp-content\/uploads\/sites\/3\/2025\/01\/imprint.jpg","contentUrl":"https:\/\/bahai.ch\/it\/wp-content\/uploads\/sites\/3\/2025\/01\/imprint.jpg","width":1500,"height":1000},{"@type":"BreadcrumbList","@id":"https:\/\/bahai.ch\/it\/indicazioni-sul-contenuto\/#breadcrumb","itemListElement":[{"@type":"ListItem","position":1,"name":"Home","item":"https:\/\/bahai.ch\/it\/"},{"@type":"ListItem","position":2,"name":"Indicazioni sul contenuto"}]},{"@type":"WebSite","@id":"https:\/\/bahai.ch\/it\/#website","url":"https:\/\/bahai.ch\/it\/","name":"Bah\u00e1&#039;\u00ed Svizzera","description":"SITO UFFICIALE DELLA COMUNIT\u00c0 SWISS BAHA&#039;I","potentialAction":[{"@type":"SearchAction","target":{"@type":"EntryPoint","urlTemplate":"https:\/\/bahai.ch\/it\/?s={search_term_string}"},"query-input":{"@type":"PropertyValueSpecification","valueRequired":true,"valueName":"search_term_string"}}],"inLanguage":"it-IT"}]}},"_links":{"self":[{"href":"https:\/\/bahai.ch\/it\/wp-json\/wp\/v2\/pages\/15194","targetHints":{"allow":["GET"]}}],"collection":[{"href":"https:\/\/bahai.ch\/it\/wp-json\/wp\/v2\/pages"}],"about":[{"href":"https:\/\/bahai.ch\/it\/wp-json\/wp\/v2\/types\/page"}],"author":[{"embeddable":true,"href":"https:\/\/bahai.ch\/it\/wp-json\/wp\/v2\/users\/3"}],"replies":[{"embeddable":true,"href":"https:\/\/bahai.ch\/it\/wp-json\/wp\/v2\/comments?post=15194"}],"version-history":[{"count":15,"href":"https:\/\/bahai.ch\/it\/wp-json\/wp\/v2\/pages\/15194\/revisions"}],"predecessor-version":[{"id":15427,"href":"https:\/\/bahai.ch\/it\/wp-json\/wp\/v2\/pages\/15194\/revisions\/15427"}],"wp:featuredmedia":[{"embeddable":true,"href":"https:\/\/bahai.ch\/it\/wp-json\/wp\/v2\/media\/15208"}],"wp:attachment":[{"href":"https:\/\/bahai.ch\/it\/wp-json\/wp\/v2\/media?parent=15194"}],"curies":[{"name":"wp","href":"https:\/\/api.w.org\/{rel}","templated":true}]}}