{"id":15428,"date":"2025-05-27T17:20:16","date_gmt":"2025-05-27T15:20:16","guid":{"rendered":"https:\/\/bahai.ch\/it\/cookie-policy-eu\/"},"modified":"2025-05-27T17:24:07","modified_gmt":"2025-05-27T15:24:07","slug":"informativa-sui-cookie-ue","status":"publish","type":"page","link":"https:\/\/bahai.ch\/it\/informativa-sui-cookie-ue\/","title":{"rendered":"Informativa sui cookie (UE)"},"content":{"rendered":"\t\t<div data-elementor-type=\"wp-page\" data-elementor-id=\"15428\" class=\"elementor elementor-15428\" data-elementor-post-type=\"page\">\n\t\t\t\t<div class=\"elementor-element elementor-element-7d1a291e e-flex e-con-boxed e-con e-parent\" data-id=\"7d1a291e\" data-element_type=\"container\" data-e-type=\"container\">\n\t\t\t\t\t<div class=\"e-con-inner\">\n\t\t\t\t<div class=\"elementor-element elementor-element-54de3e5d elementor-widget elementor-widget-shortcode\" data-id=\"54de3e5d\" data-element_type=\"widget\" data-e-type=\"widget\" data-widget_type=\"shortcode.default\">\n\t\t\t\t<div class=\"elementor-widget-container\">\n\t\t\t\t\t\t\t<div class=\"elementor-shortcode\">[cmplz-document type=\"cookie-statement\" region=\"eu\"]<\/div>\n\t\t\t\t\t\t<\/div>\n\t\t\t\t<\/div>\n\t\t\t\t\t<\/div>\n\t\t\t\t<\/div>\n\t\t\t\t<\/div>\n\t\t","protected":false},"excerpt":{"rendered":"<p>[cmplz-document type=&#8221;cookie-statement&#8221; region=&#8221;eu&#8221;]<\/p>\n","protected":false},"author":1,"featured_media":15212,"parent":0,"menu_order":0,"comment_status":"closed","ping_status":"closed","template":"","meta":{"inline_featured_image":false,"footnotes":""},"class_list":["post-15428","page","type-page","status-publish","has-post-thumbnail","hentry"],"yoast_head":"<!-- This site is optimized with the Yoast SEO plugin v27.3 - https:\/\/yoast.com\/product\/yoast-seo-wordpress\/ -->\n<title>Informativa sui cookie (UE) - Bah\u00e1&#039;\u00ed Svizzera<\/title>\n<meta name=\"robots\" content=\"index, follow, max-snippet:-1, max-image-preview:large, max-video-preview:-1\" \/>\n<link rel=\"canonical\" href=\"https:\/\/bahai.ch\/it\/informativa-sui-cookie-ue\/\" \/>\n<meta property=\"og:locale\" content=\"it_IT\" \/>\n<meta property=\"og:type\" content=\"article\" \/>\n<meta property=\"og:title\" content=\"Informativa sui cookie (UE) - Bah\u00e1&#039;\u00ed Svizzera\" \/>\n<meta property=\"og:description\" content=\"[cmplz-document type=&#8221;cookie-statement&#8221; region=&#8221;eu&#8221;]\" \/>\n<meta property=\"og:url\" content=\"https:\/\/bahai.ch\/it\/informativa-sui-cookie-ue\/\" \/>\n<meta property=\"og:site_name\" content=\"Bah\u00e1&#039;\u00ed Svizzera\" \/>\n<meta property=\"article:modified_time\" content=\"2025-05-27T15:24:07+00:00\" \/>\n<meta property=\"og:image\" content=\"https:\/\/bahai.ch\/it\/wp-content\/uploads\/sites\/3\/2025\/02\/2022_02_Switzerland-flag.width-800.format-webp.webp\" \/>\n\t<meta property=\"og:image:width\" content=\"800\" \/>\n\t<meta property=\"og:image:height\" content=\"450\" \/>\n\t<meta property=\"og:image:type\" content=\"image\/webp\" \/>\n<meta name=\"twitter:card\" content=\"summary_large_image\" \/>\n<script type=\"application\/ld+json\" class=\"yoast-schema-graph\">{\"@context\":\"https:\\\/\\\/schema.org\",\"@graph\":[{\"@type\":\"WebPage\",\"@id\":\"https:\\\/\\\/bahai.ch\\\/it\\\/informativa-sui-cookie-ue\\\/\",\"url\":\"https:\\\/\\\/bahai.ch\\\/it\\\/informativa-sui-cookie-ue\\\/\",\"name\":\"Informativa sui cookie (UE) - Bah\u00e1&#039;\u00ed Svizzera\",\"isPartOf\":{\"@id\":\"https:\\\/\\\/bahai.ch\\\/it\\\/#website\"},\"primaryImageOfPage\":{\"@id\":\"https:\\\/\\\/bahai.ch\\\/it\\\/informativa-sui-cookie-ue\\\/#primaryimage\"},\"image\":{\"@id\":\"https:\\\/\\\/bahai.ch\\\/it\\\/informativa-sui-cookie-ue\\\/#primaryimage\"},\"thumbnailUrl\":\"https:\\\/\\\/bahai.ch\\\/it\\\/wp-content\\\/uploads\\\/sites\\\/3\\\/2025\\\/02\\\/2022_02_Switzerland-flag.width-800.format-webp.webp\",\"datePublished\":\"2025-05-27T15:20:16+00:00\",\"dateModified\":\"2025-05-27T15:24:07+00:00\",\"breadcrumb\":{\"@id\":\"https:\\\/\\\/bahai.ch\\\/it\\\/informativa-sui-cookie-ue\\\/#breadcrumb\"},\"inLanguage\":\"it-IT\",\"potentialAction\":[{\"@type\":\"ReadAction\",\"target\":[\"https:\\\/\\\/bahai.ch\\\/it\\\/informativa-sui-cookie-ue\\\/\"]}]},{\"@type\":\"ImageObject\",\"inLanguage\":\"it-IT\",\"@id\":\"https:\\\/\\\/bahai.ch\\\/it\\\/informativa-sui-cookie-ue\\\/#primaryimage\",\"url\":\"https:\\\/\\\/bahai.ch\\\/it\\\/wp-content\\\/uploads\\\/sites\\\/3\\\/2025\\\/02\\\/2022_02_Switzerland-flag.width-800.format-webp.webp\",\"contentUrl\":\"https:\\\/\\\/bahai.ch\\\/it\\\/wp-content\\\/uploads\\\/sites\\\/3\\\/2025\\\/02\\\/2022_02_Switzerland-flag.width-800.format-webp.webp\",\"width\":800,\"height\":450},{\"@type\":\"BreadcrumbList\",\"@id\":\"https:\\\/\\\/bahai.ch\\\/it\\\/informativa-sui-cookie-ue\\\/#breadcrumb\",\"itemListElement\":[{\"@type\":\"ListItem\",\"position\":1,\"name\":\"Home\",\"item\":\"https:\\\/\\\/bahai.ch\\\/it\\\/\"},{\"@type\":\"ListItem\",\"position\":2,\"name\":\"Informativa sui cookie (UE)\"}]},{\"@type\":\"WebSite\",\"@id\":\"https:\\\/\\\/bahai.ch\\\/it\\\/#website\",\"url\":\"https:\\\/\\\/bahai.ch\\\/it\\\/\",\"name\":\"Bah\u00e1&#039;\u00ed Svizzera\",\"description\":\"SITO UFFICIALE DELLA COMUNIT\u00c0 SWISS BAHA&#039;I\",\"potentialAction\":[{\"@type\":\"SearchAction\",\"target\":{\"@type\":\"EntryPoint\",\"urlTemplate\":\"https:\\\/\\\/bahai.ch\\\/it\\\/?s={search_term_string}\"},\"query-input\":{\"@type\":\"PropertyValueSpecification\",\"valueRequired\":true,\"valueName\":\"search_term_string\"}}],\"inLanguage\":\"it-IT\"}]}<\/script>\n<!-- \/ Yoast SEO plugin. -->","yoast_head_json":{"title":"Informativa sui cookie (UE) - Bah\u00e1&#039;\u00ed Svizzera","robots":{"index":"index","follow":"follow","max-snippet":"max-snippet:-1","max-image-preview":"max-image-preview:large","max-video-preview":"max-video-preview:-1"},"canonical":"https:\/\/bahai.ch\/it\/informativa-sui-cookie-ue\/","og_locale":"it_IT","og_type":"article","og_title":"Informativa sui cookie (UE) - Bah\u00e1&#039;\u00ed Svizzera","og_description":"[cmplz-document type=&#8221;cookie-statement&#8221; region=&#8221;eu&#8221;]","og_url":"https:\/\/bahai.ch\/it\/informativa-sui-cookie-ue\/","og_site_name":"Bah\u00e1&#039;\u00ed Svizzera","article_modified_time":"2025-05-27T15:24:07+00:00","og_image":[{"width":800,"height":450,"url":"https:\/\/bahai.ch\/it\/wp-content\/uploads\/sites\/3\/2025\/02\/2022_02_Switzerland-flag.width-800.format-webp.webp","type":"image\/webp"}],"twitter_card":"summary_large_image","schema":{"@context":"https:\/\/schema.org","@graph":[{"@type":"WebPage","@id":"https:\/\/bahai.ch\/it\/informativa-sui-cookie-ue\/","url":"https:\/\/bahai.ch\/it\/informativa-sui-cookie-ue\/","name":"Informativa sui cookie (UE) - Bah\u00e1&#039;\u00ed Svizzera","isPartOf":{"@id":"https:\/\/bahai.ch\/it\/#website"},"primaryImageOfPage":{"@id":"https:\/\/bahai.ch\/it\/informativa-sui-cookie-ue\/#primaryimage"},"image":{"@id":"https:\/\/bahai.ch\/it\/informativa-sui-cookie-ue\/#primaryimage"},"thumbnailUrl":"https:\/\/bahai.ch\/it\/wp-content\/uploads\/sites\/3\/2025\/02\/2022_02_Switzerland-flag.width-800.format-webp.webp","datePublished":"2025-05-27T15:20:16+00:00","dateModified":"2025-05-27T15:24:07+00:00","breadcrumb":{"@id":"https:\/\/bahai.ch\/it\/informativa-sui-cookie-ue\/#breadcrumb"},"inLanguage":"it-IT","potentialAction":[{"@type":"ReadAction","target":["https:\/\/bahai.ch\/it\/informativa-sui-cookie-ue\/"]}]},{"@type":"ImageObject","inLanguage":"it-IT","@id":"https:\/\/bahai.ch\/it\/informativa-sui-cookie-ue\/#primaryimage","url":"https:\/\/bahai.ch\/it\/wp-content\/uploads\/sites\/3\/2025\/02\/2022_02_Switzerland-flag.width-800.format-webp.webp","contentUrl":"https:\/\/bahai.ch\/it\/wp-content\/uploads\/sites\/3\/2025\/02\/2022_02_Switzerland-flag.width-800.format-webp.webp","width":800,"height":450},{"@type":"BreadcrumbList","@id":"https:\/\/bahai.ch\/it\/informativa-sui-cookie-ue\/#breadcrumb","itemListElement":[{"@type":"ListItem","position":1,"name":"Home","item":"https:\/\/bahai.ch\/it\/"},{"@type":"ListItem","position":2,"name":"Informativa sui cookie (UE)"}]},{"@type":"WebSite","@id":"https:\/\/bahai.ch\/it\/#website","url":"https:\/\/bahai.ch\/it\/","name":"Bah\u00e1&#039;\u00ed Svizzera","description":"SITO UFFICIALE DELLA COMUNIT\u00c0 SWISS BAHA&#039;I","potentialAction":[{"@type":"SearchAction","target":{"@type":"EntryPoint","urlTemplate":"https:\/\/bahai.ch\/it\/?s={search_term_string}"},"query-input":{"@type":"PropertyValueSpecification","valueRequired":true,"valueName":"search_term_string"}}],"inLanguage":"it-IT"}]}},"_links":{"self":[{"href":"https:\/\/bahai.ch\/it\/wp-json\/wp\/v2\/pages\/15428","targetHints":{"allow":["GET"]}}],"collection":[{"href":"https:\/\/bahai.ch\/it\/wp-json\/wp\/v2\/pages"}],"about":[{"href":"https:\/\/bahai.ch\/it\/wp-json\/wp\/v2\/types\/page"}],"author":[{"embeddable":true,"href":"https:\/\/bahai.ch\/it\/wp-json\/wp\/v2\/users\/1"}],"replies":[{"embeddable":true,"href":"https:\/\/bahai.ch\/it\/wp-json\/wp\/v2\/comments?post=15428"}],"version-history":[{"count":4,"href":"https:\/\/bahai.ch\/it\/wp-json\/wp\/v2\/pages\/15428\/revisions"}],"predecessor-version":[{"id":15434,"href":"https:\/\/bahai.ch\/it\/wp-json\/wp\/v2\/pages\/15428\/revisions\/15434"}],"wp:featuredmedia":[{"embeddable":true,"href":"https:\/\/bahai.ch\/it\/wp-json\/wp\/v2\/media\/15212"}],"wp:attachment":[{"href":"https:\/\/bahai.ch\/it\/wp-json\/wp\/v2\/media?parent=15428"}],"curies":[{"name":"wp","href":"https:\/\/api.w.org\/{rel}","templated":true}]}}